{"id":11376,"date":"2025-03-07T16:27:53","date_gmt":"2025-03-07T08:27:53","guid":{"rendered":"https:\/\/www.leili-motor.net\/moteur-pas-a-pas-a-aimant-permanent-35by46\/"},"modified":"2025-03-07T16:27:53","modified_gmt":"2025-03-07T08:27:53","slug":"moteur-pas-a-pas-a-aimant-permanent-35by46","status":"publish","type":"product","link":"https:\/\/www.leili-motor.net\/fr\/moteur-pas-a-pas-a-aimant-permanent-35by46.html","title":{"rendered":"Moteur pas \u00e0 pas \u00e0 aimant permanent 35BY46"},"content":{"rendered":"<h2>Param\u00e8tres du produit<\/h2>\n<table>\n<tbody>\n<tr>\n<td>Mod\u00e8le<\/td>\n<td>Tension (VCC)<\/td>\n<td>R\u00e9sistance (\u03a9\/Phase \u00e0 25\u00b0C)<\/td>\n<td>Inductance (mH)<\/td>\n<td>Courant \/ Phase (mA)<\/td>\n<td>Phase<\/td>\n<td>Angle de pas<\/td>\n<td>Mode d&rsquo;excitation<\/td>\n<td>Force d&rsquo;auto-verrouillage (Sans excitation) (N)<\/td>\n<td>Charge axiale (N)<\/td>\n<td>Force radiale (N)<\/td>\n<td>Course (mm)<\/td>\n<td>Niveau sonore dB(A)<\/td>\n<\/tr>\n<tr>\n<td>35BY46-323<\/td>\n<td>12<\/td>\n<td>8<\/td>\n<td>12<\/td>\n<td>500mA<\/td>\n<td>4<\/td>\n<td>15\u00b0 \u00b1 1\u00b0<\/td>\n<td>2-2<\/td>\n<td>&gt;80<\/td>\n<td>0\u201315<\/td>\n<td>\u2264 5<\/td>\n<td>7\u201312<\/td>\n<td>Aucun bruit anormal \/ &lt; 45 dB(A)<\/td>\n<\/tr>\n<\/tbody>\n<\/table>\n<h2>Dimensions m\u00e9caniques : mm<\/h2>\n<p><img fetchpriority=\"high\" decoding=\"async\" class=\"size-full wp-image-1306 aligncenter\" src=\"https:\/\/www.leili-motor.net\/wp-content\/uploads\/2025\/03\/35BY46-PM-Stepper-Motor-Dimensions.webp\" alt=\"Dimensions du moteur pas \u00e0 pas \u00e0 aimant permanent 35BY46\" width=\"759\" height=\"664\" srcset=\"https:\/\/www.leili-motor.net\/wp-content\/uploads\/2025\/03\/35BY46-PM-Stepper-Motor-Dimensions.webp 759w, https:\/\/www.leili-motor.net\/wp-content\/uploads\/2025\/03\/35BY46-PM-Stepper-Motor-Dimensions-300x262.webp 300w, https:\/\/www.leili-motor.net\/wp-content\/uploads\/2025\/03\/35BY46-PM-Stepper-Motor-Dimensions-600x525.webp 600w\" sizes=\"(max-width: 759px) 100vw, 759px\" \/><\/p>\n","protected":false},"excerpt":{"rendered":"<h3>Pr\u00e9sentation du produit<\/h3>\n<ul>\n<li>Moteur pas \u00e0 pas pour direction de lampe automobile<\/li>\n<li>Le moteur 35BY46-323 dispose d&rsquo;un angle de pas de 15\u00b0, de 12 V CC et d&rsquo;un courant de 450 mA.<\/li>\n<li>Il offre une course lin\u00e9aire maximale de 300 mm, une vitesse axiale de 0,033 mm\/pas et une isolation de classe E.<\/li>\n<\/ul>\n<h3>Application du produit<\/h3>\n<ul>\n<li>Les phares de la voiture s&rsquo;allument<\/li>\n<\/ul>\n","protected":false},"featured_media":11377,"comment_status":"open","ping_status":"closed","template":"","meta":{"site-sidebar-layout":"default","site-content-layout":"","ast-site-content-layout":"default","site-content-style":"default","site-sidebar-style":"default","ast-global-header-display":"","ast-banner-title-visibility":"","ast-main-header-display":"","ast-hfb-above-header-display":"","ast-hfb-below-header-display":"","ast-hfb-mobile-header-display":"","site-post-title":"","ast-breadcrumbs-content":"","ast-featured-img":"","footer-sml-layout":"","theme-transparent-header-meta":"default","adv-header-id-meta":"","stick-header-meta":"","header-above-stick-meta":"","header-main-stick-meta":"","header-below-stick-meta":"","astra-migrate-meta-layouts":"default","ast-page-background-enabled":"default","ast-page-background-meta":{"desktop":{"background-color":"var(--ast-global-color-5)","background-image":"","background-repeat":"repeat","background-position":"center center","background-size":"auto","background-attachment":"scroll","background-type":"","background-media":"","overlay-type":"","overlay-color":"","overlay-opacity":"","overlay-gradient":""},"tablet":{"background-color":"","background-image":"","background-repeat":"repeat","background-position":"center center","background-size":"auto","background-attachment":"scroll","background-type":"","background-media":"","overlay-type":"","overlay-color":"","overlay-opacity":"","overlay-gradient":""},"mobile":{"background-color":"","background-image":"","background-repeat":"repeat","background-position":"center center","background-size":"auto","background-attachment":"scroll","background-type":"","background-media":"","overlay-type":"","overlay-color":"","overlay-opacity":"","overlay-gradient":""}},"ast-content-background-meta":{"desktop":{"background-color":"var(--ast-global-color-4)","background-image":"","background-repeat":"repeat","background-position":"center center","background-size":"auto","background-attachment":"scroll","background-type":"","background-media":"","overlay-type":"","overlay-color":"","overlay-opacity":"","overlay-gradient":""},"tablet":{"background-color":"var(--ast-global-color-4)","background-image":"","background-repeat":"repeat","background-position":"center center","background-size":"auto","background-attachment":"scroll","background-type":"","background-media":"","overlay-type":"","overlay-color":"","overlay-opacity":"","overlay-gradient":""},"mobile":{"background-color":"var(--ast-global-color-4)","background-image":"","background-repeat":"repeat","background-position":"center center","background-size":"auto","background-attachment":"scroll","background-type":"","background-media":"","overlay-type":"","overlay-color":"","overlay-opacity":"","overlay-gradient":""}}},"product_brand":[],"product_cat":[1210,1278],"product_tag":[1254],"class_list":{"0":"post-11376","1":"product","2":"type-product","3":"status-publish","4":"has-post-thumbnail","6":"product_cat-moteur-pas-a-pas","7":"product_cat-moteur-a-courant-continu-a-aimant-permanent","8":"product_tag-controle-du-corps-direction-legere","9":"pa_application-pieces-detachees-automobiles","10":"desktop-align-left","11":"tablet-align-left","12":"mobile-align-left","14":"first","15":"instock","16":"shipping-taxable","17":"product-type-simple"},"yoast_head":"<!-- This site is optimized with the Yoast SEO plugin v27.2 - https:\/\/yoast.com\/product\/yoast-seo-wordpress\/ -->\n<title>Moteur pas \u00e0 pas \u00e0 aimant permanent 35BY46 &#8211; Leili Motor<\/title>\n<meta name=\"description\" content=\"Le moteur pas \u00e0 pas \u00e0 aimant permanent 35BY46-323 pr\u00e9sente un angle de pas de 15\u00b0, 12 V, 450 mA, une r\u00e9sistance de bobine de 7,5 \u03a9 et une fr\u00e9quence de fonctionnement de 300 PPS avec une force axiale de 30 N.\" \/>\n<meta name=\"robots\" content=\"index, follow, max-snippet:-1, max-image-preview:large, max-video-preview:-1\" \/>\n<link rel=\"canonical\" href=\"https:\/\/www.leili-motor.net\/fr\/moteur-pas-a-pas-a-aimant-permanent-35by46.html\" \/>\n<script type=\"application\/ld+json\" class=\"yoast-schema-graph\">{\"@context\":\"https:\/\/schema.org\",\"@graph\":[{\"@type\":\"WebPage\",\"@id\":\"https:\/\/www.leili-motor.net\/fr\/moteur-pas-a-pas-a-aimant-permanent-35by46.html\",\"url\":\"https:\/\/www.leili-motor.net\/fr\/moteur-pas-a-pas-a-aimant-permanent-35by46.html\",\"name\":\"Moteur pas \u00e0 pas \u00e0 aimant permanent 35BY46 &#8211; Leili Motor\",\"isPartOf\":{\"@id\":\"https:\/\/www.leili-motor.net\/fr\/#website\"},\"primaryImageOfPage\":{\"@id\":\"https:\/\/www.leili-motor.net\/fr\/moteur-pas-a-pas-a-aimant-permanent-35by46.html#primaryimage\"},\"image\":{\"@id\":\"https:\/\/www.leili-motor.net\/fr\/moteur-pas-a-pas-a-aimant-permanent-35by46.html#primaryimage\"},\"thumbnailUrl\":\"https:\/\/www.leili-motor.net\/wp-content\/uploads\/2025\/03\/Stepper-Motor-35BY46.webp\",\"datePublished\":\"2025-03-07T08:27:53+00:00\",\"description\":\"Le moteur pas \u00e0 pas \u00e0 aimant permanent 35BY46-323 pr\u00e9sente un angle de pas de 15\u00b0, 12 V, 450 mA, une r\u00e9sistance de bobine de 7,5 \u03a9 et une fr\u00e9quence de fonctionnement de 300 PPS avec une force axiale de 30 N.\",\"breadcrumb\":{\"@id\":\"https:\/\/www.leili-motor.net\/fr\/moteur-pas-a-pas-a-aimant-permanent-35by46.html#breadcrumb\"},\"inLanguage\":\"fr-FR\",\"potentialAction\":[{\"@type\":\"ReadAction\",\"target\":[\"https:\/\/www.leili-motor.net\/fr\/moteur-pas-a-pas-a-aimant-permanent-35by46.html\"]}]},{\"@type\":\"ImageObject\",\"inLanguage\":\"fr-FR\",\"@id\":\"https:\/\/www.leili-motor.net\/fr\/moteur-pas-a-pas-a-aimant-permanent-35by46.html#primaryimage\",\"url\":\"https:\/\/www.leili-motor.net\/wp-content\/uploads\/2025\/03\/Stepper-Motor-35BY46.webp\",\"contentUrl\":\"https:\/\/www.leili-motor.net\/wp-content\/uploads\/2025\/03\/Stepper-Motor-35BY46.webp\",\"width\":454,\"height\":310,\"caption\":\"Moteur pas \u00e0 pas 35BY46\"},{\"@type\":\"BreadcrumbList\",\"@id\":\"https:\/\/www.leili-motor.net\/fr\/moteur-pas-a-pas-a-aimant-permanent-35by46.html#breadcrumb\",\"itemListElement\":[{\"@type\":\"ListItem\",\"position\":1,\"name\":\"Home\",\"item\":\"https:\/\/www.leili-motor.net\/fr\/\"},{\"@type\":\"ListItem\",\"position\":2,\"name\":\"Produits\",\"item\":\"https:\/\/www.leili-motor.net\/fr\/produits\/\"},{\"@type\":\"ListItem\",\"position\":3,\"name\":\"Moteur pas \u00e0 pas \u00e0 aimant permanent 35BY46\"}]},{\"@type\":\"WebSite\",\"@id\":\"https:\/\/www.leili-motor.net\/fr\/#website\",\"url\":\"https:\/\/www.leili-motor.net\/fr\/\",\"name\":\"Leili Motor\",\"description\":\"\",\"publisher\":{\"@id\":\"https:\/\/www.leili-motor.net\/fr\/#organization\"},\"potentialAction\":[{\"@type\":\"SearchAction\",\"target\":{\"@type\":\"EntryPoint\",\"urlTemplate\":\"https:\/\/www.leili-motor.net\/fr\/?s={search_term_string}\"},\"query-input\":{\"@type\":\"PropertyValueSpecification\",\"valueRequired\":true,\"valueName\":\"search_term_string\"}}],\"inLanguage\":\"fr-FR\"},{\"@type\":\"Organization\",\"@id\":\"https:\/\/www.leili-motor.net\/fr\/#organization\",\"name\":\"Leili Motor\",\"url\":\"https:\/\/www.leili-motor.net\/fr\/\",\"logo\":{\"@type\":\"ImageObject\",\"inLanguage\":\"fr-FR\",\"@id\":\"https:\/\/www.leili-motor.net\/fr\/#\/schema\/logo\/image\/\",\"url\":\"https:\/\/www.leili-motor.net\/wp-content\/uploads\/2025\/03\/Leili-Motor.png\",\"contentUrl\":\"https:\/\/www.leili-motor.net\/wp-content\/uploads\/2025\/03\/Leili-Motor.png\",\"width\":600,\"height\":156,\"caption\":\"Leili Motor\"},\"image\":{\"@id\":\"https:\/\/www.leili-motor.net\/fr\/#\/schema\/logo\/image\/\"}}]}<\/script>\n<!-- \/ Yoast SEO plugin. -->","yoast_head_json":{"title":"Moteur pas \u00e0 pas \u00e0 aimant permanent 35BY46 &#8211; Leili Motor","description":"Le moteur pas \u00e0 pas \u00e0 aimant permanent 35BY46-323 pr\u00e9sente un angle de pas de 15\u00b0, 12 V, 450 mA, une r\u00e9sistance de bobine de 7,5 \u03a9 et une fr\u00e9quence de fonctionnement de 300 PPS avec une force axiale de 30 N.","robots":{"index":"index","follow":"follow","max-snippet":"max-snippet:-1","max-image-preview":"max-image-preview:large","max-video-preview":"max-video-preview:-1"},"canonical":"https:\/\/www.leili-motor.net\/fr\/moteur-pas-a-pas-a-aimant-permanent-35by46.html","schema":{"@context":"https:\/\/schema.org","@graph":[{"@type":"WebPage","@id":"https:\/\/www.leili-motor.net\/fr\/moteur-pas-a-pas-a-aimant-permanent-35by46.html","url":"https:\/\/www.leili-motor.net\/fr\/moteur-pas-a-pas-a-aimant-permanent-35by46.html","name":"Moteur pas \u00e0 pas \u00e0 aimant permanent 35BY46 &#8211; Leili Motor","isPartOf":{"@id":"https:\/\/www.leili-motor.net\/fr\/#website"},"primaryImageOfPage":{"@id":"https:\/\/www.leili-motor.net\/fr\/moteur-pas-a-pas-a-aimant-permanent-35by46.html#primaryimage"},"image":{"@id":"https:\/\/www.leili-motor.net\/fr\/moteur-pas-a-pas-a-aimant-permanent-35by46.html#primaryimage"},"thumbnailUrl":"https:\/\/www.leili-motor.net\/wp-content\/uploads\/2025\/03\/Stepper-Motor-35BY46.webp","datePublished":"2025-03-07T08:27:53+00:00","description":"Le moteur pas \u00e0 pas \u00e0 aimant permanent 35BY46-323 pr\u00e9sente un angle de pas de 15\u00b0, 12 V, 450 mA, une r\u00e9sistance de bobine de 7,5 \u03a9 et une fr\u00e9quence de fonctionnement de 300 PPS avec une force axiale de 30 N.","breadcrumb":{"@id":"https:\/\/www.leili-motor.net\/fr\/moteur-pas-a-pas-a-aimant-permanent-35by46.html#breadcrumb"},"inLanguage":"fr-FR","potentialAction":[{"@type":"ReadAction","target":["https:\/\/www.leili-motor.net\/fr\/moteur-pas-a-pas-a-aimant-permanent-35by46.html"]}]},{"@type":"ImageObject","inLanguage":"fr-FR","@id":"https:\/\/www.leili-motor.net\/fr\/moteur-pas-a-pas-a-aimant-permanent-35by46.html#primaryimage","url":"https:\/\/www.leili-motor.net\/wp-content\/uploads\/2025\/03\/Stepper-Motor-35BY46.webp","contentUrl":"https:\/\/www.leili-motor.net\/wp-content\/uploads\/2025\/03\/Stepper-Motor-35BY46.webp","width":454,"height":310,"caption":"Moteur pas \u00e0 pas 35BY46"},{"@type":"BreadcrumbList","@id":"https:\/\/www.leili-motor.net\/fr\/moteur-pas-a-pas-a-aimant-permanent-35by46.html#breadcrumb","itemListElement":[{"@type":"ListItem","position":1,"name":"Home","item":"https:\/\/www.leili-motor.net\/fr\/"},{"@type":"ListItem","position":2,"name":"Produits","item":"https:\/\/www.leili-motor.net\/fr\/produits\/"},{"@type":"ListItem","position":3,"name":"Moteur pas \u00e0 pas \u00e0 aimant permanent 35BY46"}]},{"@type":"WebSite","@id":"https:\/\/www.leili-motor.net\/fr\/#website","url":"https:\/\/www.leili-motor.net\/fr\/","name":"Leili Motor","description":"","publisher":{"@id":"https:\/\/www.leili-motor.net\/fr\/#organization"},"potentialAction":[{"@type":"SearchAction","target":{"@type":"EntryPoint","urlTemplate":"https:\/\/www.leili-motor.net\/fr\/?s={search_term_string}"},"query-input":{"@type":"PropertyValueSpecification","valueRequired":true,"valueName":"search_term_string"}}],"inLanguage":"fr-FR"},{"@type":"Organization","@id":"https:\/\/www.leili-motor.net\/fr\/#organization","name":"Leili Motor","url":"https:\/\/www.leili-motor.net\/fr\/","logo":{"@type":"ImageObject","inLanguage":"fr-FR","@id":"https:\/\/www.leili-motor.net\/fr\/#\/schema\/logo\/image\/","url":"https:\/\/www.leili-motor.net\/wp-content\/uploads\/2025\/03\/Leili-Motor.png","contentUrl":"https:\/\/www.leili-motor.net\/wp-content\/uploads\/2025\/03\/Leili-Motor.png","width":600,"height":156,"caption":"Leili Motor"},"image":{"@id":"https:\/\/www.leili-motor.net\/fr\/#\/schema\/logo\/image\/"}}]}},"_links":{"self":[{"href":"https:\/\/www.leili-motor.net\/fr\/wp-json\/wp\/v2\/product\/11376","targetHints":{"allow":["GET"]}}],"collection":[{"href":"https:\/\/www.leili-motor.net\/fr\/wp-json\/wp\/v2\/product"}],"about":[{"href":"https:\/\/www.leili-motor.net\/fr\/wp-json\/wp\/v2\/types\/product"}],"replies":[{"embeddable":true,"href":"https:\/\/www.leili-motor.net\/fr\/wp-json\/wp\/v2\/comments?post=11376"}],"wp:featuredmedia":[{"embeddable":true,"href":"https:\/\/www.leili-motor.net\/fr\/wp-json\/wp\/v2\/media\/11377"}],"wp:attachment":[{"href":"https:\/\/www.leili-motor.net\/fr\/wp-json\/wp\/v2\/media?parent=11376"}],"wp:term":[{"taxonomy":"product_brand","embeddable":true,"href":"https:\/\/www.leili-motor.net\/fr\/wp-json\/wp\/v2\/product_brand?post=11376"},{"taxonomy":"product_cat","embeddable":true,"href":"https:\/\/www.leili-motor.net\/fr\/wp-json\/wp\/v2\/product_cat?post=11376"},{"taxonomy":"product_tag","embeddable":true,"href":"https:\/\/www.leili-motor.net\/fr\/wp-json\/wp\/v2\/product_tag?post=11376"}],"curies":[{"name":"wp","href":"https:\/\/api.w.org\/{rel}","templated":true}]}}