{"id":11398,"date":"2025-03-07T15:59:24","date_gmt":"2025-03-07T07:59:24","guid":{"rendered":"https:\/\/www.leili-motor.net\/moteur-pas-a-pas-a-aimant-permanent-15by45\/"},"modified":"2025-03-07T15:59:24","modified_gmt":"2025-03-07T07:59:24","slug":"moteur-pas-a-pas-a-aimant-permanent-15by45","status":"publish","type":"product","link":"https:\/\/www.leili-motor.net\/fr\/moteur-pas-a-pas-a-aimant-permanent-15by45.html","title":{"rendered":"Moteur pas \u00e0 pas \u00e0 aimant permanent 15BY45"},"content":{"rendered":"<h2>Param\u00e8tres du produit<\/h2>\n<table>\n<tbody>\n<tr>\n<td>Mod\u00e8le de moteur<\/td>\n<td>Angle de pas<\/td>\n<td>M\u00e9thode d&rsquo;excitation<\/td>\n<td>Mode d&rsquo;entra\u00eenement<\/td>\n<td>Tension<\/td>\n<td>Courant\/phase<\/td>\n<td>R\u00e9sistance de bobine\/phase<\/td>\n<td>Couple d&rsquo;auto-positionnement<\/td>\n<td>Couple de maintien<\/td>\n<td>Tension de tenue<\/td>\n<td>Bruit<\/td>\n<td>Temp\u00e9rature de fonctionnement<\/td>\n<td>\u00c9paisseur du moteur<\/td>\n<\/tr>\n<tr>\n<td><\/td>\n<td>(\u00b0)<\/td>\n<td><\/td>\n<td><\/td>\n<td>(VDC)<\/td>\n<td>(mA)<\/td>\n<td>(\u03a9)<\/td>\n<td>(mN.m)<\/td>\n<td>(mN\u00b7m)<\/td>\n<td>(\u03a9)<\/td>\n<td>(A)<\/td>\n<td>(\u2103)<\/td>\n<td>(mm)<\/td>\n<\/tr>\n<tr>\n<td rowspan=\"2\">15BY45<\/td>\n<td rowspan=\"2\">18<\/td>\n<td>2-2<\/td>\n<td rowspan=\"2\">Bipolaire<\/td>\n<td rowspan=\"2\">5<\/td>\n<td rowspan=\"2\">&#8211;<\/td>\n<td rowspan=\"2\">10<\/td>\n<td rowspan=\"2\">0.69<\/td>\n<td rowspan=\"2\">\u2265 3.53<\/td>\n<td>CA 500 (V)<\/td>\n<td>\u2264 50<\/td>\n<td rowspan=\"4\">-10 \uff5e 50<\/td>\n<td rowspan=\"2\">11<\/td>\n<\/tr>\n<tr>\n<td>Phase<\/td>\n<td>1 (min)<\/td>\n<td>(Pas de bruit \u00e9trange)<\/td>\n<\/tr>\n<tr>\n<td>15BY45<\/td>\n<td rowspan=\"2\">18<\/td>\n<td>2-2<\/td>\n<td rowspan=\"2\">Bipolaire<\/td>\n<td rowspan=\"2\">24<\/td>\n<td rowspan=\"2\">350<\/td>\n<td rowspan=\"2\">26<\/td>\n<td rowspan=\"2\">1<\/td>\n<td rowspan=\"2\">\u2265 7,1<\/td>\n<td><\/td>\n<td><\/td>\n<td rowspan=\"2\">20.4<\/td>\n<\/tr>\n<tr>\n<td>(Double)<\/td>\n<td>Phase<\/td>\n<td><\/td>\n<td><\/td>\n<\/tr>\n<\/tbody>\n<\/table>\n<h2>Dimensions m\u00e9caniques : mm<\/h2>\n<p><img fetchpriority=\"high\" decoding=\"async\" class=\"size-full wp-image-1287 aligncenter\" src=\"https:\/\/www.leili-motor.net\/wp-content\/uploads\/2025\/03\/PM-Stepping-Motor-15BY45-Dimensions.webp\" alt=\"Dimensions du moteur pas \u00e0 pas PM 15BY45\" width=\"759\" height=\"627\" srcset=\"https:\/\/www.leili-motor.net\/wp-content\/uploads\/2025\/03\/PM-Stepping-Motor-15BY45-Dimensions.webp 759w, https:\/\/www.leili-motor.net\/wp-content\/uploads\/2025\/03\/PM-Stepping-Motor-15BY45-Dimensions-300x248.webp 300w, https:\/\/www.leili-motor.net\/wp-content\/uploads\/2025\/03\/PM-Stepping-Motor-15BY45-Dimensions-600x496.webp 600w\" sizes=\"(max-width: 759px) 100vw, 759px\" \/><\/p>\n","protected":false},"excerpt":{"rendered":"<h3>Pr\u00e9sentation du produit<\/h3>\n<ul>\n<li>Mod\u00e8le : 15BY45<\/li>\n<li>Le moteur 15BY45 pr\u00e9sente un angle de pas de 18\u00b0, 5 V et un couple de maintien \u2265 3,53 mN\u00b7m.<\/li>\n<li>Il fonctionne \u00e0 24 V avec un couple \u2265 7,1 mN\u00b7m, un courant de 350 mA et une \u00e9paisseur de 20,4 mm.<\/li>\n<\/ul>\n<h3>Application du produit<\/h3>\n<ul>\n<li>Appareil \u00e9lectrom\u00e9nager : Projecteur<\/li>\n<li>Contr\u00f4le industriel : imprimantes, surveillance de s\u00e9curit\u00e9<\/li>\n<\/ul>\n","protected":false},"featured_media":11399,"comment_status":"open","ping_status":"closed","template":"","meta":{"site-sidebar-layout":"default","site-content-layout":"","ast-site-content-layout":"default","site-content-style":"default","site-sidebar-style":"default","ast-global-header-display":"","ast-banner-title-visibility":"","ast-main-header-display":"","ast-hfb-above-header-display":"","ast-hfb-below-header-display":"","ast-hfb-mobile-header-display":"","site-post-title":"","ast-breadcrumbs-content":"","ast-featured-img":"","footer-sml-layout":"","theme-transparent-header-meta":"default","adv-header-id-meta":"","stick-header-meta":"","header-above-stick-meta":"","header-main-stick-meta":"","header-below-stick-meta":"","astra-migrate-meta-layouts":"default","ast-page-background-enabled":"default","ast-page-background-meta":{"desktop":{"background-color":"var(--ast-global-color-5)","background-image":"","background-repeat":"repeat","background-position":"center center","background-size":"auto","background-attachment":"scroll","background-type":"","background-media":"","overlay-type":"","overlay-color":"","overlay-opacity":"","overlay-gradient":""},"tablet":{"background-color":"","background-image":"","background-repeat":"repeat","background-position":"center center","background-size":"auto","background-attachment":"scroll","background-type":"","background-media":"","overlay-type":"","overlay-color":"","overlay-opacity":"","overlay-gradient":""},"mobile":{"background-color":"","background-image":"","background-repeat":"repeat","background-position":"center center","background-size":"auto","background-attachment":"scroll","background-type":"","background-media":"","overlay-type":"","overlay-color":"","overlay-opacity":"","overlay-gradient":""}},"ast-content-background-meta":{"desktop":{"background-color":"var(--ast-global-color-4)","background-image":"","background-repeat":"repeat","background-position":"center center","background-size":"auto","background-attachment":"scroll","background-type":"","background-media":"","overlay-type":"","overlay-color":"","overlay-opacity":"","overlay-gradient":""},"tablet":{"background-color":"var(--ast-global-color-4)","background-image":"","background-repeat":"repeat","background-position":"center center","background-size":"auto","background-attachment":"scroll","background-type":"","background-media":"","overlay-type":"","overlay-color":"","overlay-opacity":"","overlay-gradient":""},"mobile":{"background-color":"var(--ast-global-color-4)","background-image":"","background-repeat":"repeat","background-position":"center center","background-size":"auto","background-attachment":"scroll","background-type":"","background-media":"","overlay-type":"","overlay-color":"","overlay-opacity":"","overlay-gradient":""}}},"product_brand":[],"product_cat":[1210,1278],"product_tag":[1296,1231],"class_list":{"0":"post-11398","1":"product","2":"type-product","3":"status-publish","4":"has-post-thumbnail","6":"product_cat-moteur-pas-a-pas","7":"product_cat-moteur-a-courant-continu-a-aimant-permanent","8":"product_tag-oa-finance-moteur-pas-a-pas-pm","9":"product_tag-surveillance-de-securite-moteur-pas-a-pas","10":"pa_application-industrie-fr","11":"desktop-align-left","12":"tablet-align-left","13":"mobile-align-left","15":"first","16":"instock","17":"shipping-taxable","18":"product-type-simple"},"yoast_head":"<!-- This site is optimized with the Yoast SEO plugin v27.2 - https:\/\/yoast.com\/product\/yoast-seo-wordpress\/ -->\n<title>Moteur pas \u00e0 pas \u00e0 aimant permanent 15BY45 &#8211; Leili Motor<\/title>\n<meta name=\"description\" content=\"Le moteur pas \u00e0 pas \u00e0 aimant permanent 15BY45 offre un angle de pas de 18\u00b0, une tension de 5 V \u00e0 24 V, un couple de maintien \u2265 7,1 mN\u00b7m, une isolation 500 V CA et fonctionne de -10 \u00b0C \u00e0 50 \u00b0C.\" \/>\n<meta name=\"robots\" content=\"index, follow, max-snippet:-1, max-image-preview:large, max-video-preview:-1\" \/>\n<link rel=\"canonical\" href=\"https:\/\/www.leili-motor.net\/fr\/moteur-pas-a-pas-a-aimant-permanent-15by45.html\" \/>\n<script type=\"application\/ld+json\" class=\"yoast-schema-graph\">{\"@context\":\"https:\/\/schema.org\",\"@graph\":[{\"@type\":\"WebPage\",\"@id\":\"https:\/\/www.leili-motor.net\/fr\/moteur-pas-a-pas-a-aimant-permanent-15by45.html\",\"url\":\"https:\/\/www.leili-motor.net\/fr\/moteur-pas-a-pas-a-aimant-permanent-15by45.html\",\"name\":\"Moteur pas \u00e0 pas \u00e0 aimant permanent 15BY45 &#8211; Leili Motor\",\"isPartOf\":{\"@id\":\"https:\/\/www.leili-motor.net\/fr\/#website\"},\"primaryImageOfPage\":{\"@id\":\"https:\/\/www.leili-motor.net\/fr\/moteur-pas-a-pas-a-aimant-permanent-15by45.html#primaryimage\"},\"image\":{\"@id\":\"https:\/\/www.leili-motor.net\/fr\/moteur-pas-a-pas-a-aimant-permanent-15by45.html#primaryimage\"},\"thumbnailUrl\":\"https:\/\/www.leili-motor.net\/wp-content\/uploads\/2025\/03\/PM-Stepping-Motor-15BY45.webp\",\"datePublished\":\"2025-03-07T07:59:24+00:00\",\"description\":\"Le moteur pas \u00e0 pas \u00e0 aimant permanent 15BY45 offre un angle de pas de 18\u00b0, une tension de 5 V \u00e0 24 V, un couple de maintien \u2265 7,1 mN\u00b7m, une isolation 500 V CA et fonctionne de -10 \u00b0C \u00e0 50 \u00b0C.\",\"breadcrumb\":{\"@id\":\"https:\/\/www.leili-motor.net\/fr\/moteur-pas-a-pas-a-aimant-permanent-15by45.html#breadcrumb\"},\"inLanguage\":\"fr-FR\",\"potentialAction\":[{\"@type\":\"ReadAction\",\"target\":[\"https:\/\/www.leili-motor.net\/fr\/moteur-pas-a-pas-a-aimant-permanent-15by45.html\"]}]},{\"@type\":\"ImageObject\",\"inLanguage\":\"fr-FR\",\"@id\":\"https:\/\/www.leili-motor.net\/fr\/moteur-pas-a-pas-a-aimant-permanent-15by45.html#primaryimage\",\"url\":\"https:\/\/www.leili-motor.net\/wp-content\/uploads\/2025\/03\/PM-Stepping-Motor-15BY45.webp\",\"contentUrl\":\"https:\/\/www.leili-motor.net\/wp-content\/uploads\/2025\/03\/PM-Stepping-Motor-15BY45.webp\",\"width\":454,\"height\":310,\"caption\":\"Moteur pas \u00e0 pas PM 15BY45\"},{\"@type\":\"BreadcrumbList\",\"@id\":\"https:\/\/www.leili-motor.net\/fr\/moteur-pas-a-pas-a-aimant-permanent-15by45.html#breadcrumb\",\"itemListElement\":[{\"@type\":\"ListItem\",\"position\":1,\"name\":\"Home\",\"item\":\"https:\/\/www.leili-motor.net\/fr\/\"},{\"@type\":\"ListItem\",\"position\":2,\"name\":\"Produits\",\"item\":\"https:\/\/www.leili-motor.net\/fr\/produits\/\"},{\"@type\":\"ListItem\",\"position\":3,\"name\":\"Moteur pas \u00e0 pas \u00e0 aimant permanent 15BY45\"}]},{\"@type\":\"WebSite\",\"@id\":\"https:\/\/www.leili-motor.net\/fr\/#website\",\"url\":\"https:\/\/www.leili-motor.net\/fr\/\",\"name\":\"Leili Motor\",\"description\":\"\",\"publisher\":{\"@id\":\"https:\/\/www.leili-motor.net\/fr\/#organization\"},\"potentialAction\":[{\"@type\":\"SearchAction\",\"target\":{\"@type\":\"EntryPoint\",\"urlTemplate\":\"https:\/\/www.leili-motor.net\/fr\/?s={search_term_string}\"},\"query-input\":{\"@type\":\"PropertyValueSpecification\",\"valueRequired\":true,\"valueName\":\"search_term_string\"}}],\"inLanguage\":\"fr-FR\"},{\"@type\":\"Organization\",\"@id\":\"https:\/\/www.leili-motor.net\/fr\/#organization\",\"name\":\"Leili Motor\",\"url\":\"https:\/\/www.leili-motor.net\/fr\/\",\"logo\":{\"@type\":\"ImageObject\",\"inLanguage\":\"fr-FR\",\"@id\":\"https:\/\/www.leili-motor.net\/fr\/#\/schema\/logo\/image\/\",\"url\":\"https:\/\/www.leili-motor.net\/wp-content\/uploads\/2025\/03\/Leili-Motor.png\",\"contentUrl\":\"https:\/\/www.leili-motor.net\/wp-content\/uploads\/2025\/03\/Leili-Motor.png\",\"width\":600,\"height\":156,\"caption\":\"Leili Motor\"},\"image\":{\"@id\":\"https:\/\/www.leili-motor.net\/fr\/#\/schema\/logo\/image\/\"}}]}<\/script>\n<!-- \/ Yoast SEO plugin. -->","yoast_head_json":{"title":"Moteur pas \u00e0 pas \u00e0 aimant permanent 15BY45 &#8211; Leili Motor","description":"Le moteur pas \u00e0 pas \u00e0 aimant permanent 15BY45 offre un angle de pas de 18\u00b0, une tension de 5 V \u00e0 24 V, un couple de maintien \u2265 7,1 mN\u00b7m, une isolation 500 V CA et fonctionne de -10 \u00b0C \u00e0 50 \u00b0C.","robots":{"index":"index","follow":"follow","max-snippet":"max-snippet:-1","max-image-preview":"max-image-preview:large","max-video-preview":"max-video-preview:-1"},"canonical":"https:\/\/www.leili-motor.net\/fr\/moteur-pas-a-pas-a-aimant-permanent-15by45.html","schema":{"@context":"https:\/\/schema.org","@graph":[{"@type":"WebPage","@id":"https:\/\/www.leili-motor.net\/fr\/moteur-pas-a-pas-a-aimant-permanent-15by45.html","url":"https:\/\/www.leili-motor.net\/fr\/moteur-pas-a-pas-a-aimant-permanent-15by45.html","name":"Moteur pas \u00e0 pas \u00e0 aimant permanent 15BY45 &#8211; Leili Motor","isPartOf":{"@id":"https:\/\/www.leili-motor.net\/fr\/#website"},"primaryImageOfPage":{"@id":"https:\/\/www.leili-motor.net\/fr\/moteur-pas-a-pas-a-aimant-permanent-15by45.html#primaryimage"},"image":{"@id":"https:\/\/www.leili-motor.net\/fr\/moteur-pas-a-pas-a-aimant-permanent-15by45.html#primaryimage"},"thumbnailUrl":"https:\/\/www.leili-motor.net\/wp-content\/uploads\/2025\/03\/PM-Stepping-Motor-15BY45.webp","datePublished":"2025-03-07T07:59:24+00:00","description":"Le moteur pas \u00e0 pas \u00e0 aimant permanent 15BY45 offre un angle de pas de 18\u00b0, une tension de 5 V \u00e0 24 V, un couple de maintien \u2265 7,1 mN\u00b7m, une isolation 500 V CA et fonctionne de -10 \u00b0C \u00e0 50 \u00b0C.","breadcrumb":{"@id":"https:\/\/www.leili-motor.net\/fr\/moteur-pas-a-pas-a-aimant-permanent-15by45.html#breadcrumb"},"inLanguage":"fr-FR","potentialAction":[{"@type":"ReadAction","target":["https:\/\/www.leili-motor.net\/fr\/moteur-pas-a-pas-a-aimant-permanent-15by45.html"]}]},{"@type":"ImageObject","inLanguage":"fr-FR","@id":"https:\/\/www.leili-motor.net\/fr\/moteur-pas-a-pas-a-aimant-permanent-15by45.html#primaryimage","url":"https:\/\/www.leili-motor.net\/wp-content\/uploads\/2025\/03\/PM-Stepping-Motor-15BY45.webp","contentUrl":"https:\/\/www.leili-motor.net\/wp-content\/uploads\/2025\/03\/PM-Stepping-Motor-15BY45.webp","width":454,"height":310,"caption":"Moteur pas \u00e0 pas PM 15BY45"},{"@type":"BreadcrumbList","@id":"https:\/\/www.leili-motor.net\/fr\/moteur-pas-a-pas-a-aimant-permanent-15by45.html#breadcrumb","itemListElement":[{"@type":"ListItem","position":1,"name":"Home","item":"https:\/\/www.leili-motor.net\/fr\/"},{"@type":"ListItem","position":2,"name":"Produits","item":"https:\/\/www.leili-motor.net\/fr\/produits\/"},{"@type":"ListItem","position":3,"name":"Moteur pas \u00e0 pas \u00e0 aimant permanent 15BY45"}]},{"@type":"WebSite","@id":"https:\/\/www.leili-motor.net\/fr\/#website","url":"https:\/\/www.leili-motor.net\/fr\/","name":"Leili Motor","description":"","publisher":{"@id":"https:\/\/www.leili-motor.net\/fr\/#organization"},"potentialAction":[{"@type":"SearchAction","target":{"@type":"EntryPoint","urlTemplate":"https:\/\/www.leili-motor.net\/fr\/?s={search_term_string}"},"query-input":{"@type":"PropertyValueSpecification","valueRequired":true,"valueName":"search_term_string"}}],"inLanguage":"fr-FR"},{"@type":"Organization","@id":"https:\/\/www.leili-motor.net\/fr\/#organization","name":"Leili Motor","url":"https:\/\/www.leili-motor.net\/fr\/","logo":{"@type":"ImageObject","inLanguage":"fr-FR","@id":"https:\/\/www.leili-motor.net\/fr\/#\/schema\/logo\/image\/","url":"https:\/\/www.leili-motor.net\/wp-content\/uploads\/2025\/03\/Leili-Motor.png","contentUrl":"https:\/\/www.leili-motor.net\/wp-content\/uploads\/2025\/03\/Leili-Motor.png","width":600,"height":156,"caption":"Leili Motor"},"image":{"@id":"https:\/\/www.leili-motor.net\/fr\/#\/schema\/logo\/image\/"}}]}},"_links":{"self":[{"href":"https:\/\/www.leili-motor.net\/fr\/wp-json\/wp\/v2\/product\/11398","targetHints":{"allow":["GET"]}}],"collection":[{"href":"https:\/\/www.leili-motor.net\/fr\/wp-json\/wp\/v2\/product"}],"about":[{"href":"https:\/\/www.leili-motor.net\/fr\/wp-json\/wp\/v2\/types\/product"}],"replies":[{"embeddable":true,"href":"https:\/\/www.leili-motor.net\/fr\/wp-json\/wp\/v2\/comments?post=11398"}],"wp:featuredmedia":[{"embeddable":true,"href":"https:\/\/www.leili-motor.net\/fr\/wp-json\/wp\/v2\/media\/11399"}],"wp:attachment":[{"href":"https:\/\/www.leili-motor.net\/fr\/wp-json\/wp\/v2\/media?parent=11398"}],"wp:term":[{"taxonomy":"product_brand","embeddable":true,"href":"https:\/\/www.leili-motor.net\/fr\/wp-json\/wp\/v2\/product_brand?post=11398"},{"taxonomy":"product_cat","embeddable":true,"href":"https:\/\/www.leili-motor.net\/fr\/wp-json\/wp\/v2\/product_cat?post=11398"},{"taxonomy":"product_tag","embeddable":true,"href":"https:\/\/www.leili-motor.net\/fr\/wp-json\/wp\/v2\/product_tag?post=11398"}],"curies":[{"name":"wp","href":"https:\/\/api.w.org\/{rel}","templated":true}]}}