{"id":11418,"date":"2025-06-03T16:03:38","date_gmt":"2025-06-03T08:03:38","guid":{"rendered":"https:\/\/www.leili-motor.net\/moteur-a-flux-axial-75-kw\/"},"modified":"2025-06-03T16:03:38","modified_gmt":"2025-06-03T08:03:38","slug":"moteur-a-flux-axial-75-kw","status":"publish","type":"product","link":"https:\/\/www.leili-motor.net\/fr\/moteur-a-flux-axial-75-kw.html","title":{"rendered":"Moteur \u00e0 Flux Axial 75 kW"},"content":{"rendered":"<h2>Param\u00e8tres de performance<\/h2>\n<table>\n<tbody>\n<tr>\n<td>Mod\u00e8le<\/td>\n<td>Hauteur<br \/>\ndu centre<br \/>\n(mm)<\/td>\n<td>Puissance<br \/>\n nominale<br \/>\n( kW)<\/td>\n<td>Vitesse<br \/>\nnominale<br \/>\n(tr\/min)<\/td>\n<td>Courant<br \/>\nnominal<br \/>\n(A)<\/td>\n<td>Rendement<br \/>\n(100%)<\/td>\n<td>Facteur<br \/>\nde puissance<br \/>\n(Cos\u03c6)<\/td>\n<td>Fr\u00e9quence<br \/>\n(Hz)<\/td>\n<td>Couple<br \/>\nnominal<br \/>\n(N.m)<\/td>\n<td>Poids<br \/>\n(Kg)<\/td>\n<td>Mode de refroidissement<\/td>\n<\/tr>\n<tr>\n<td>TYPD460QXF<\/td>\n<td>280<\/td>\n<td>75<\/td>\n<td>750<\/td>\n<td>131<\/td>\n<td>95.6<\/td>\n<td>0.96<\/td>\n<td>100<\/td>\n<td>955<\/td>\n<td>265<\/td>\n<td>Refroidissement par air<\/td>\n<\/tr>\n<tr>\n<td>TYP500QXF<\/td>\n<td>280<\/td>\n<td>75<\/td>\n<td>1000<\/td>\n<td>130<\/td>\n<td>96.4<\/td>\n<td>0.96<\/td>\n<td>133.33<\/td>\n<td>716<\/td>\n<td>170<\/td>\n<td>Refroidissement par air<\/td>\n<\/tr>\n<tr>\n<td>TYP460QXF<\/td>\n<td>280<\/td>\n<td>75<\/td>\n<td>1500<\/td>\n<td>130<\/td>\n<td>96.8<\/td>\n<td>0.96<\/td>\n<td>200<\/td>\n<td>478<\/td>\n<td>140<\/td>\n<td>Refroidissement par air<\/td>\n<\/tr>\n<tr>\n<td>TYP345QXF<\/td>\n<td>200<\/td>\n<td>75<\/td>\n<td>3000<\/td>\n<td>78<\/td>\n<td>96.5<\/td>\n<td>0.96<\/td>\n<td>400<\/td>\n<td>143.3<\/td>\n<td>46<\/td>\n<td>Refroidissement par air<\/td>\n<\/tr>\n<tr>\n<td>TYP380QXF<\/td>\n<td>225<\/td>\n<td>75<\/td>\n<td>3000<\/td>\n<td>130<\/td>\n<td>96.6<\/td>\n<td>0.96<\/td>\n<td>400<\/td>\n<td>238.8<\/td>\n<td>85<\/td>\n<td>Refroidissement par air<\/td>\n<\/tr>\n<tr>\n<td>TYP538XS<\/td>\n<td>315<\/td>\n<td>75<\/td>\n<td>750<\/td>\n<td>131<\/td>\n<td>95.4<\/td>\n<td>0.96<\/td>\n<td>100<\/td>\n<td>955<\/td>\n<td>200<\/td>\n<td>Water cooling<\/td>\n<\/tr>\n<tr>\n<td>TYP500XS<\/td>\n<td>280<\/td>\n<td>75<\/td>\n<td>1000<\/td>\n<td>130<\/td>\n<td>96.4<\/td>\n<td>0.96<\/td>\n<td>133.33<\/td>\n<td>716<\/td>\n<td>175<\/td>\n<td>Water cooling<\/td>\n<\/tr>\n<tr>\n<td>TYP435XS<\/td>\n<td>250<\/td>\n<td>75<\/td>\n<td>1500<\/td>\n<td>130<\/td>\n<td>96.8<\/td>\n<td>0.96<\/td>\n<td>200<\/td>\n<td>478<\/td>\n<td>125<\/td>\n<td>Water cooling<\/td>\n<\/tr>\n<\/tbody>\n<\/table>\n<h2>Dimensions m\u00e9caniques : mm<\/h2>\n<table>\n<tbody>\n<tr>\n<td width=\"124\">Plateforme<\/td>\n<td width=\"99\">TYP345QXF<br \/>\nAvec capot de ventilateur<\/td>\n<td width=\"103\">TYP345QXF<br \/>\nSans capot de ventilateur<\/td>\n<td width=\"96\">TYP380QXF<br \/>\nAvec capot de ventilateur<\/td>\n<td width=\"103\">TYP380QXF<br \/>\nSans capot de ventilateur<\/td>\n<\/tr>\n<tr>\n<td width=\"124\">Photo<\/td>\n<td width=\"99\"><img decoding=\"async\" class=\"alignnone size-full wp-image-10398\" src=\"https:\/\/www.leili-motor.net\/wp-content\/uploads\/2025\/06\/75KW-Axial-Flux-Motor-TYP345QXF.png\" alt=\"\" width=\"124\" height=\"136\"><\/td>\n<td width=\"103\"><img decoding=\"async\" class=\"alignnone size-full wp-image-10401\" src=\"https:\/\/www.leili-motor.net\/wp-content\/uploads\/2025\/06\/75KW-Axial-Flux-Motor-TYP345QXF-1.png\" alt=\"\" width=\"108\" height=\"136\"><\/td>\n<td width=\"96\"><img decoding=\"async\" class=\"alignnone size-full wp-image-10404\" src=\"https:\/\/www.leili-motor.net\/wp-content\/uploads\/2025\/06\/75KW-Axial-Flux-Motor-TYP380-1QXF.png\" alt=\"\" width=\"123\" height=\"136\"><\/td>\n<td width=\"103\"><img loading=\"lazy\" decoding=\"async\" class=\"alignnone size-full wp-image-10407\" src=\"https:\/\/www.leili-motor.net\/wp-content\/uploads\/2025\/06\/75KW-Axial-Flux-Motor-TYP380QXF.png\" alt=\"\" width=\"123\" height=\"136\"><\/td>\n<\/tr>\n<tr>\n<td width=\"124\">Dimensions L*l*H (mm)<\/td>\n<td width=\"99\">410*162*435<\/td>\n<td width=\"103\">330*162*435<\/td>\n<td width=\"96\">250*195*510<\/td>\n<td width=\"103\">190*195*510<\/td>\n<\/tr>\n<\/tbody>\n<\/table>\n<table>\n<tbody>\n<tr>\n<td>Plateforme<\/td>\n<td>TYP460QXF<br \/>\nAvec capot de ventilateur<\/td>\n<td>TYP460QXF<br \/>\nSans capot de ventilateur<\/td>\n<td>TYP500QXF<br \/>\nAvec capot de ventilateur<\/td>\n<td>TYP500QXF<br \/>\nSans capot de ventilateur<\/td>\n<\/tr>\n<tr>\n<td>Photo<\/td>\n<td><img loading=\"lazy\" decoding=\"async\" class=\"alignnone size-full wp-image-10410\" src=\"https:\/\/www.leili-motor.net\/wp-content\/uploads\/2025\/06\/75KW-Axial-Flux-Motor-TYP460QXF.png\" alt=\"\" width=\"101\" height=\"130\"><\/td>\n<td><img loading=\"lazy\" decoding=\"async\" class=\"alignnone size-full wp-image-10413\" src=\"https:\/\/www.leili-motor.net\/wp-content\/uploads\/2025\/06\/75KW-Axial-Flux-Motor-TYP460QXF-1.png\" alt=\"\" width=\"101\" height=\"130\"><\/td>\n<td><img loading=\"lazy\" decoding=\"async\" class=\"alignnone size-full wp-image-10416\" src=\"https:\/\/www.leili-motor.net\/wp-content\/uploads\/2025\/06\/75KW-Axial-Flux-Motor-TYP500QXF.png\" alt=\"\" width=\"124\" height=\"136\"><\/td>\n<td><img loading=\"lazy\" decoding=\"async\" class=\"alignnone size-full wp-image-10419\" src=\"https:\/\/www.leili-motor.net\/wp-content\/uploads\/2025\/06\/75KW-Axial-Flux-Motor-TYP500QXF-1.png\" alt=\"\" width=\"124\" height=\"136\"><\/td>\n<\/tr>\n<tr>\n<td>Dimensions L*l*H (mm)<\/td>\n<td>560*212*627<\/td>\n<td>482*212*627<\/td>\n<td>598*212*677<\/td>\n<td>520*212*677<\/td>\n<\/tr>\n<\/tbody>\n<\/table>\n<table>\n<tbody>\n<tr>\n<td>Plateforme<\/td>\n<td>TYPD460QXF<br \/>\nAvec capot de ventilateur<\/td>\n<td>TYPD460QXF<br \/>\nSans capot de ventilateur<\/td>\n<td>TYP435XS<\/td>\n<td>TYP500XS<\/td>\n<td>TYP538XS<\/td>\n<\/tr>\n<tr>\n<td>Photo<\/td>\n<td><img loading=\"lazy\" decoding=\"async\" class=\"alignnone size-full wp-image-10431\" src=\"https:\/\/www.leili-motor.net\/wp-content\/uploads\/2025\/06\/75KW-Axial-Flux-Motor-TYPD460QXF-1.png\" alt=\"\" width=\"150\" height=\"130\"><\/td>\n<td><img loading=\"lazy\" decoding=\"async\" class=\"alignnone size-full wp-image-10434\" src=\"https:\/\/www.leili-motor.net\/wp-content\/uploads\/2025\/06\/75KW-Axial-Flux-Motor-TYPD460QXF-2.png\" alt=\"\" width=\"150\" height=\"130\"><\/td>\n<td><img loading=\"lazy\" decoding=\"async\" class=\"alignnone size-full wp-image-10422\" src=\"https:\/\/www.leili-motor.net\/wp-content\/uploads\/2025\/06\/75KW-Axial-Flux-Motor-TYP435XS.png\" alt=\"\" width=\"114\" height=\"130\"><\/td>\n<td><img loading=\"lazy\" decoding=\"async\" class=\"alignnone size-full wp-image-10425\" src=\"https:\/\/www.leili-motor.net\/wp-content\/uploads\/2025\/06\/75KW-Axial-Flux-Motor-TYP500XS.png\" alt=\"\" width=\"110\" height=\"128\"><\/td>\n<td><img loading=\"lazy\" decoding=\"async\" class=\"alignnone size-full wp-image-10428\" src=\"https:\/\/www.leili-motor.net\/wp-content\/uploads\/2025\/06\/75KW-Axial-Flux-Motor-TYP538XS.png\" alt=\"\" width=\"110\" height=\"128\"><\/td>\n<\/tr>\n<tr>\n<td>Dimensions (L x l x H) (mm)<\/td>\n<td>560*412*627<\/td>\n<td>482*412*627<\/td>\n<td>470*160*535<\/td>\n<td>520*205*600<\/td>\n<td>556*205*630<\/td>\n<\/tr>\n<\/tbody>\n<\/table>\n","protected":false},"excerpt":{"rendered":"<h3>Pr\u00e9sentation du produit<\/h3>\n<ul>\n<li>Puissance nominale 75 kW, rendement jusqu&rsquo;\u00e0 96,8 %, plage de couple de 143 \u00e0 955 N\u00b7m.<\/li>\n<li>Fonctionne de 750 \u00e0 3 000 tr\/min, convient \u00e0 diverses applications industrielles et de mobilit\u00e9.<\/li>\n<li>Disponible avec refroidissement par air ou par eau, avec un poids de 46 kg \u00e0 265 kg selon le mod\u00e8le.<\/li>\n<\/ul>\n<h3>Application du produit<\/h3>\n<ul>\n<li>\u00c9quipement industriel<\/li>\n<li>Pompe \u00e0 eau industrielle<\/li>\n<li>Ventilateur industriel<\/li>\n<\/ul>\n","protected":false},"featured_media":11419,"comment_status":"closed","ping_status":"closed","template":"","meta":{"site-sidebar-layout":"default","site-content-layout":"","ast-site-content-layout":"default","site-content-style":"default","site-sidebar-style":"default","ast-global-header-display":"","ast-banner-title-visibility":"","ast-main-header-display":"","ast-hfb-above-header-display":"","ast-hfb-below-header-display":"","ast-hfb-mobile-header-display":"","site-post-title":"","ast-breadcrumbs-content":"","ast-featured-img":"","footer-sml-layout":"","theme-transparent-header-meta":"default","adv-header-id-meta":"","stick-header-meta":"","header-above-stick-meta":"","header-main-stick-meta":"","header-below-stick-meta":"","astra-migrate-meta-layouts":"default","ast-page-background-enabled":"default","ast-page-background-meta":{"desktop":{"background-color":"var(--ast-global-color-5)","background-image":"","background-repeat":"repeat","background-position":"center center","background-size":"auto","background-attachment":"scroll","background-type":"","background-media":"","overlay-type":"","overlay-color":"","overlay-opacity":"","overlay-gradient":""},"tablet":{"background-color":"","background-image":"","background-repeat":"repeat","background-position":"center center","background-size":"auto","background-attachment":"scroll","background-type":"","background-media":"","overlay-type":"","overlay-color":"","overlay-opacity":"","overlay-gradient":""},"mobile":{"background-color":"","background-image":"","background-repeat":"repeat","background-position":"center center","background-size":"auto","background-attachment":"scroll","background-type":"","background-media":"","overlay-type":"","overlay-color":"","overlay-opacity":"","overlay-gradient":""}},"ast-content-background-meta":{"desktop":{"background-color":"var(--ast-global-color-4)","background-image":"","background-repeat":"repeat","background-position":"center center","background-size":"auto","background-attachment":"scroll","background-type":"","background-media":"","overlay-type":"","overlay-color":"","overlay-opacity":"","overlay-gradient":""},"tablet":{"background-color":"var(--ast-global-color-4)","background-image":"","background-repeat":"repeat","background-position":"center center","background-size":"auto","background-attachment":"scroll","background-type":"","background-media":"","overlay-type":"","overlay-color":"","overlay-opacity":"","overlay-gradient":""},"mobile":{"background-color":"var(--ast-global-color-4)","background-image":"","background-repeat":"repeat","background-position":"center center","background-size":"auto","background-attachment":"scroll","background-type":"","background-media":"","overlay-type":"","overlay-color":"","overlay-opacity":"","overlay-gradient":""}}},"product_brand":[],"product_cat":[1271,1272],"product_tag":[],"class_list":{"0":"post-11418","1":"product","2":"type-product","3":"status-publish","4":"has-post-thumbnail","6":"product_cat-moteur-a-haut-rendement","7":"product_cat-moteur-a-flux-axial","8":"desktop-align-left","9":"tablet-align-left","10":"mobile-align-left","12":"first","13":"instock","14":"shipping-taxable","15":"product-type-simple"},"yoast_head":"<!-- This site is optimized with the Yoast SEO plugin v27.2 - https:\/\/yoast.com\/product\/yoast-seo-wordpress\/ -->\n<title>Moteur \u00e0 Flux Axial 75 kW &#8211; Leili Motor<\/title>\n<meta name=\"description\" content=\"Moteur \u00e0 flux axial 75 kW \u00e0 haut rendement, couple nominal jusqu&#039;\u00e0 955 Nm et plage de vitesse de rotation de 750 \u00e0 3 000 tr\/min, avec refroidissement par air ou par eau.\" \/>\n<meta name=\"robots\" content=\"index, follow, max-snippet:-1, max-image-preview:large, max-video-preview:-1\" \/>\n<link rel=\"canonical\" href=\"https:\/\/www.leili-motor.net\/fr\/moteur-a-flux-axial-75-kw.html\" \/>\n<meta name=\"twitter:label1\" content=\"Dur\u00e9e de lecture estim\u00e9e\" \/>\n\t<meta name=\"twitter:data1\" content=\"1 minute\" \/>\n<script type=\"application\/ld+json\" class=\"yoast-schema-graph\">{\"@context\":\"https:\/\/schema.org\",\"@graph\":[{\"@type\":\"WebPage\",\"@id\":\"https:\/\/www.leili-motor.net\/fr\/moteur-a-flux-axial-75-kw.html\",\"url\":\"https:\/\/www.leili-motor.net\/fr\/moteur-a-flux-axial-75-kw.html\",\"name\":\"Moteur \u00e0 Flux Axial 75 kW &#8211; Leili Motor\",\"isPartOf\":{\"@id\":\"https:\/\/www.leili-motor.net\/fr\/#website\"},\"primaryImageOfPage\":{\"@id\":\"https:\/\/www.leili-motor.net\/fr\/moteur-a-flux-axial-75-kw.html#primaryimage\"},\"image\":{\"@id\":\"https:\/\/www.leili-motor.net\/fr\/moteur-a-flux-axial-75-kw.html#primaryimage\"},\"thumbnailUrl\":\"https:\/\/www.leili-motor.net\/wp-content\/uploads\/2025\/06\/75KW-Axial-Flux-Motors.jpg\",\"datePublished\":\"2025-06-03T08:03:38+00:00\",\"description\":\"Moteur \u00e0 flux axial 75 kW \u00e0 haut rendement, couple nominal jusqu'\u00e0 955 Nm et plage de vitesse de rotation de 750 \u00e0 3 000 tr\/min, avec refroidissement par air ou par eau.\",\"breadcrumb\":{\"@id\":\"https:\/\/www.leili-motor.net\/fr\/moteur-a-flux-axial-75-kw.html#breadcrumb\"},\"inLanguage\":\"fr-FR\",\"potentialAction\":[{\"@type\":\"ReadAction\",\"target\":[\"https:\/\/www.leili-motor.net\/fr\/moteur-a-flux-axial-75-kw.html\"]}]},{\"@type\":\"ImageObject\",\"inLanguage\":\"fr-FR\",\"@id\":\"https:\/\/www.leili-motor.net\/fr\/moteur-a-flux-axial-75-kw.html#primaryimage\",\"url\":\"https:\/\/www.leili-motor.net\/wp-content\/uploads\/2025\/06\/75KW-Axial-Flux-Motors.jpg\",\"contentUrl\":\"https:\/\/www.leili-motor.net\/wp-content\/uploads\/2025\/06\/75KW-Axial-Flux-Motors.jpg\",\"width\":454,\"height\":310},{\"@type\":\"BreadcrumbList\",\"@id\":\"https:\/\/www.leili-motor.net\/fr\/moteur-a-flux-axial-75-kw.html#breadcrumb\",\"itemListElement\":[{\"@type\":\"ListItem\",\"position\":1,\"name\":\"Home\",\"item\":\"https:\/\/www.leili-motor.net\/fr\/\"},{\"@type\":\"ListItem\",\"position\":2,\"name\":\"Produits\",\"item\":\"https:\/\/www.leili-motor.net\/fr\/produits\/\"},{\"@type\":\"ListItem\",\"position\":3,\"name\":\"Moteur \u00e0 Flux Axial 75 kW\"}]},{\"@type\":\"WebSite\",\"@id\":\"https:\/\/www.leili-motor.net\/fr\/#website\",\"url\":\"https:\/\/www.leili-motor.net\/fr\/\",\"name\":\"Leili Motor\",\"description\":\"\",\"publisher\":{\"@id\":\"https:\/\/www.leili-motor.net\/fr\/#organization\"},\"potentialAction\":[{\"@type\":\"SearchAction\",\"target\":{\"@type\":\"EntryPoint\",\"urlTemplate\":\"https:\/\/www.leili-motor.net\/fr\/?s={search_term_string}\"},\"query-input\":{\"@type\":\"PropertyValueSpecification\",\"valueRequired\":true,\"valueName\":\"search_term_string\"}}],\"inLanguage\":\"fr-FR\"},{\"@type\":\"Organization\",\"@id\":\"https:\/\/www.leili-motor.net\/fr\/#organization\",\"name\":\"Leili Motor\",\"url\":\"https:\/\/www.leili-motor.net\/fr\/\",\"logo\":{\"@type\":\"ImageObject\",\"inLanguage\":\"fr-FR\",\"@id\":\"https:\/\/www.leili-motor.net\/fr\/#\/schema\/logo\/image\/\",\"url\":\"https:\/\/www.leili-motor.net\/wp-content\/uploads\/2025\/03\/Leili-Motor.png\",\"contentUrl\":\"https:\/\/www.leili-motor.net\/wp-content\/uploads\/2025\/03\/Leili-Motor.png\",\"width\":600,\"height\":156,\"caption\":\"Leili Motor\"},\"image\":{\"@id\":\"https:\/\/www.leili-motor.net\/fr\/#\/schema\/logo\/image\/\"}}]}<\/script>\n<!-- \/ Yoast SEO plugin. -->","yoast_head_json":{"title":"Moteur \u00e0 Flux Axial 75 kW &#8211; Leili Motor","description":"Moteur \u00e0 flux axial 75 kW \u00e0 haut rendement, couple nominal jusqu'\u00e0 955 Nm et plage de vitesse de rotation de 750 \u00e0 3 000 tr\/min, avec refroidissement par air ou par eau.","robots":{"index":"index","follow":"follow","max-snippet":"max-snippet:-1","max-image-preview":"max-image-preview:large","max-video-preview":"max-video-preview:-1"},"canonical":"https:\/\/www.leili-motor.net\/fr\/moteur-a-flux-axial-75-kw.html","twitter_misc":{"Dur\u00e9e de lecture estim\u00e9e":"1 minute"},"schema":{"@context":"https:\/\/schema.org","@graph":[{"@type":"WebPage","@id":"https:\/\/www.leili-motor.net\/fr\/moteur-a-flux-axial-75-kw.html","url":"https:\/\/www.leili-motor.net\/fr\/moteur-a-flux-axial-75-kw.html","name":"Moteur \u00e0 Flux Axial 75 kW &#8211; Leili Motor","isPartOf":{"@id":"https:\/\/www.leili-motor.net\/fr\/#website"},"primaryImageOfPage":{"@id":"https:\/\/www.leili-motor.net\/fr\/moteur-a-flux-axial-75-kw.html#primaryimage"},"image":{"@id":"https:\/\/www.leili-motor.net\/fr\/moteur-a-flux-axial-75-kw.html#primaryimage"},"thumbnailUrl":"https:\/\/www.leili-motor.net\/wp-content\/uploads\/2025\/06\/75KW-Axial-Flux-Motors.jpg","datePublished":"2025-06-03T08:03:38+00:00","description":"Moteur \u00e0 flux axial 75 kW \u00e0 haut rendement, couple nominal jusqu'\u00e0 955 Nm et plage de vitesse de rotation de 750 \u00e0 3 000 tr\/min, avec refroidissement par air ou par eau.","breadcrumb":{"@id":"https:\/\/www.leili-motor.net\/fr\/moteur-a-flux-axial-75-kw.html#breadcrumb"},"inLanguage":"fr-FR","potentialAction":[{"@type":"ReadAction","target":["https:\/\/www.leili-motor.net\/fr\/moteur-a-flux-axial-75-kw.html"]}]},{"@type":"ImageObject","inLanguage":"fr-FR","@id":"https:\/\/www.leili-motor.net\/fr\/moteur-a-flux-axial-75-kw.html#primaryimage","url":"https:\/\/www.leili-motor.net\/wp-content\/uploads\/2025\/06\/75KW-Axial-Flux-Motors.jpg","contentUrl":"https:\/\/www.leili-motor.net\/wp-content\/uploads\/2025\/06\/75KW-Axial-Flux-Motors.jpg","width":454,"height":310},{"@type":"BreadcrumbList","@id":"https:\/\/www.leili-motor.net\/fr\/moteur-a-flux-axial-75-kw.html#breadcrumb","itemListElement":[{"@type":"ListItem","position":1,"name":"Home","item":"https:\/\/www.leili-motor.net\/fr\/"},{"@type":"ListItem","position":2,"name":"Produits","item":"https:\/\/www.leili-motor.net\/fr\/produits\/"},{"@type":"ListItem","position":3,"name":"Moteur \u00e0 Flux Axial 75 kW"}]},{"@type":"WebSite","@id":"https:\/\/www.leili-motor.net\/fr\/#website","url":"https:\/\/www.leili-motor.net\/fr\/","name":"Leili Motor","description":"","publisher":{"@id":"https:\/\/www.leili-motor.net\/fr\/#organization"},"potentialAction":[{"@type":"SearchAction","target":{"@type":"EntryPoint","urlTemplate":"https:\/\/www.leili-motor.net\/fr\/?s={search_term_string}"},"query-input":{"@type":"PropertyValueSpecification","valueRequired":true,"valueName":"search_term_string"}}],"inLanguage":"fr-FR"},{"@type":"Organization","@id":"https:\/\/www.leili-motor.net\/fr\/#organization","name":"Leili Motor","url":"https:\/\/www.leili-motor.net\/fr\/","logo":{"@type":"ImageObject","inLanguage":"fr-FR","@id":"https:\/\/www.leili-motor.net\/fr\/#\/schema\/logo\/image\/","url":"https:\/\/www.leili-motor.net\/wp-content\/uploads\/2025\/03\/Leili-Motor.png","contentUrl":"https:\/\/www.leili-motor.net\/wp-content\/uploads\/2025\/03\/Leili-Motor.png","width":600,"height":156,"caption":"Leili Motor"},"image":{"@id":"https:\/\/www.leili-motor.net\/fr\/#\/schema\/logo\/image\/"}}]}},"_links":{"self":[{"href":"https:\/\/www.leili-motor.net\/fr\/wp-json\/wp\/v2\/product\/11418","targetHints":{"allow":["GET"]}}],"collection":[{"href":"https:\/\/www.leili-motor.net\/fr\/wp-json\/wp\/v2\/product"}],"about":[{"href":"https:\/\/www.leili-motor.net\/fr\/wp-json\/wp\/v2\/types\/product"}],"replies":[{"embeddable":true,"href":"https:\/\/www.leili-motor.net\/fr\/wp-json\/wp\/v2\/comments?post=11418"}],"wp:featuredmedia":[{"embeddable":true,"href":"https:\/\/www.leili-motor.net\/fr\/wp-json\/wp\/v2\/media\/11419"}],"wp:attachment":[{"href":"https:\/\/www.leili-motor.net\/fr\/wp-json\/wp\/v2\/media?parent=11418"}],"wp:term":[{"taxonomy":"product_brand","embeddable":true,"href":"https:\/\/www.leili-motor.net\/fr\/wp-json\/wp\/v2\/product_brand?post=11418"},{"taxonomy":"product_cat","embeddable":true,"href":"https:\/\/www.leili-motor.net\/fr\/wp-json\/wp\/v2\/product_cat?post=11418"},{"taxonomy":"product_tag","embeddable":true,"href":"https:\/\/www.leili-motor.net\/fr\/wp-json\/wp\/v2\/product_tag?post=11418"}],"curies":[{"name":"wp","href":"https:\/\/api.w.org\/{rel}","templated":true}]}}