{"id":11774,"date":"2025-05-30T14:54:17","date_gmt":"2025-05-30T06:54:17","guid":{"rendered":"https:\/\/www.leili-motor.net\/ventilateur-centrifuge-a-inertie-inversee-%cf%86250-a-commutation-electronique\/"},"modified":"2025-05-30T14:54:17","modified_gmt":"2025-05-30T06:54:17","slug":"ventilateur-centrifuge-a-inertie-inversee-%cf%86250-a-commutation-electronique","status":"publish","type":"product","link":"https:\/\/www.leili-motor.net\/fr\/ventilateur-centrifuge-a-inertie-inversee-%CF%86250-a-commutation-electroniquehtmlv\/","title":{"rendered":"Ventilateur centrifuge \u00e0 inertie invers\u00e9e \u03a6250 \u00e0 commutation \u00e9lectronique"},"content":{"rendered":"<h2>Param\u00e8tres de performance<\/h2>\n<table>\n<tbody>\n<tr>\n<td>Type<\/td>\n<td>Tension<br \/>\nnominale<br \/>\n(VCA)<\/td>\n<td>Fr\u00e9quence<br \/>\n(Hz)<\/td>\n<td>Vitesse<br \/>\n(tr\/min)<\/td>\n<td>Puissance<br \/>\nd&rsquo;entr\u00e9e<br \/>\nmaximale (W)<\/td>\n<td>Niveau<br \/>\nde pression<br \/>\nacoustique<br \/>\ndu bruit (@1m) (dB(A))<\/td>\n<td>Temp\u00e9rature<br \/>\nambiante (\u2103)<\/td>\n<td>M\u00e9thode<br \/>\nde c\u00e2blage<\/td>\n<\/tr>\n<tr>\n<td>BF250A-WE072C-2A15-02<\/td>\n<td>230<\/td>\n<td>50\/60<\/td>\n<td>2100<\/td>\n<td>95<\/td>\n<td>75<\/td>\n<td>-25\uff5e+60<\/td>\n<td>W1<\/td>\n<\/tr>\n<\/tbody>\n<\/table>\n<h2>Dimensions m\u00e9caniques : mm<\/h2>\n<p><img fetchpriority=\"high\" decoding=\"async\" class=\"size-full wp-image-10140 aligncenter\" src=\"https:\/\/www.leili-motor.net\/wp-content\/uploads\/2025\/05\/%CE%A6250-EC-Backward-curved-Centrifugal-Fan.png\" alt=\"Ventilateur centrifuge \u00e0 inertie invers\u00e9e \u03a6250 EC\" width=\"674\" height=\"397\"><\/p>\n<h2>Courbe de performance du ventilateur<\/h2>\n<p><img decoding=\"async\" class=\"size-full wp-image-10143 aligncenter\" src=\"https:\/\/www.leili-motor.net\/wp-content\/uploads\/2025\/05\/%CE%A6250-EC-Backward-curved-Centrifugal-Fan-Curve.png\" alt=\"Ventilador centr\u00edfugo de curvatura inversa \u03a6250 EC\" width=\"853\" height=\"300\"><\/p>\n","protected":false},"excerpt":{"rendered":"<h3>Pr\u00e9sentation du produit<\/h3>\n<ul>\n<li>230 V CA, entr\u00e9e 50\/60 Hz, vitesse de rotation de 2 100 tr\/min, puissance de 95 W, niveau sonore de 75 dB(A).<\/li>\n<li>Protection IP54, isolation de classe B, protection thermique et rotor, limitation de courant moteur.<\/li>\n<li>Entr\u00e9e 0-10 V CC\/PWM, turbine PP, roulements \u00e0 billes, certifications CCC et CE.<\/li>\n<\/ul>\n","protected":false},"featured_media":11530,"comment_status":"closed","ping_status":"closed","template":"","meta":{"site-sidebar-layout":"default","site-content-layout":"","ast-site-content-layout":"default","site-content-style":"default","site-sidebar-style":"default","ast-global-header-display":"","ast-banner-title-visibility":"","ast-main-header-display":"","ast-hfb-above-header-display":"","ast-hfb-below-header-display":"","ast-hfb-mobile-header-display":"","site-post-title":"","ast-breadcrumbs-content":"","ast-featured-img":"","footer-sml-layout":"","theme-transparent-header-meta":"default","adv-header-id-meta":"","stick-header-meta":"","header-above-stick-meta":"","header-main-stick-meta":"","header-below-stick-meta":"","astra-migrate-meta-layouts":"default","ast-page-background-enabled":"default","ast-page-background-meta":{"desktop":{"background-color":"var(--ast-global-color-5)","background-image":"","background-repeat":"repeat","background-position":"center center","background-size":"auto","background-attachment":"scroll","background-type":"","background-media":"","overlay-type":"","overlay-color":"","overlay-opacity":"","overlay-gradient":""},"tablet":{"background-color":"","background-image":"","background-repeat":"repeat","background-position":"center center","background-size":"auto","background-attachment":"scroll","background-type":"","background-media":"","overlay-type":"","overlay-color":"","overlay-opacity":"","overlay-gradient":""},"mobile":{"background-color":"","background-image":"","background-repeat":"repeat","background-position":"center center","background-size":"auto","background-attachment":"scroll","background-type":"","background-media":"","overlay-type":"","overlay-color":"","overlay-opacity":"","overlay-gradient":""}},"ast-content-background-meta":{"desktop":{"background-color":"var(--ast-global-color-4)","background-image":"","background-repeat":"repeat","background-position":"center center","background-size":"auto","background-attachment":"scroll","background-type":"","background-media":"","overlay-type":"","overlay-color":"","overlay-opacity":"","overlay-gradient":""},"tablet":{"background-color":"var(--ast-global-color-4)","background-image":"","background-repeat":"repeat","background-position":"center center","background-size":"auto","background-attachment":"scroll","background-type":"","background-media":"","overlay-type":"","overlay-color":"","overlay-opacity":"","overlay-gradient":""},"mobile":{"background-color":"var(--ast-global-color-4)","background-image":"","background-repeat":"repeat","background-position":"center center","background-size":"auto","background-attachment":"scroll","background-type":"","background-media":"","overlay-type":"","overlay-color":"","overlay-opacity":"","overlay-gradient":""}}},"product_brand":[],"product_cat":[1271,1287],"product_tag":[],"class_list":{"0":"post-11774","1":"product","2":"type-product","3":"status-publish","4":"has-post-thumbnail","6":"product_cat-moteur-a-haut-rendement","7":"product_cat-ventilateur-centrifuge","8":"desktop-align-left","9":"tablet-align-left","10":"mobile-align-left","12":"first","13":"instock","14":"shipping-taxable","15":"product-type-simple"},"yoast_head":"<!-- This site is optimized with the Yoast SEO plugin v27.2 - https:\/\/yoast.com\/product\/yoast-seo-wordpress\/ -->\n<title>Ventilateur centrifuge \u00e0 inertie invers\u00e9e \u03a6250 \u00e0 commutation \u00e9lectronique \u03a6250 &#8211; Leili Motor<\/title>\n<meta name=\"description\" content=\"Ventilateur centrifuge \u00e0 inertie invers\u00e9e \u03a6250 EC avec protection IP54, commande 0-10 V\/PWM, fonctionnement silencieux et moteur isol\u00e9 de classe B.\" \/>\n<meta name=\"robots\" content=\"index, follow, max-snippet:-1, max-image-preview:large, max-video-preview:-1\" \/>\n<link rel=\"canonical\" href=\"https:\/\/www.leili-motor.net\/fr\/ventilateur-centrifuge-a-inertie-inversee-%CF%86250-a-commutation-electroniquehtmlv\/\" \/>\n<script type=\"application\/ld+json\" class=\"yoast-schema-graph\">{\"@context\":\"https:\/\/schema.org\",\"@graph\":[{\"@type\":\"WebPage\",\"@id\":\"https:\/\/www.leili-motor.net\/fr\/ventilateur-centrifuge-a-inertie-inversee-%CF%86250-a-commutation-electroniquehtmlv\/\",\"url\":\"https:\/\/www.leili-motor.net\/fr\/ventilateur-centrifuge-a-inertie-inversee-%CF%86250-a-commutation-electroniquehtmlv\/\",\"name\":\"Ventilateur centrifuge \u00e0 inertie invers\u00e9e \u03a6250 \u00e0 commutation \u00e9lectronique \u03a6250 &#8211; Leili Motor\",\"isPartOf\":{\"@id\":\"https:\/\/www.leili-motor.net\/fr\/#website\"},\"primaryImageOfPage\":{\"@id\":\"https:\/\/www.leili-motor.net\/fr\/ventilateur-centrifuge-a-inertie-inversee-%CF%86250-a-commutation-electroniquehtmlv\/#primaryimage\"},\"image\":{\"@id\":\"https:\/\/www.leili-motor.net\/fr\/ventilateur-centrifuge-a-inertie-inversee-%CF%86250-a-commutation-electroniquehtmlv\/#primaryimage\"},\"thumbnailUrl\":\"https:\/\/www.leili-motor.net\/wp-content\/uploads\/2025\/05\/\u03a6250-EC-Backward-curved-Centrifugal-Fan.jpg\",\"datePublished\":\"2025-05-30T06:54:17+00:00\",\"description\":\"Ventilateur centrifuge \u00e0 inertie invers\u00e9e \u03a6250 EC avec protection IP54, commande 0-10 V\/PWM, fonctionnement silencieux et moteur isol\u00e9 de classe B.\",\"breadcrumb\":{\"@id\":\"https:\/\/www.leili-motor.net\/fr\/ventilateur-centrifuge-a-inertie-inversee-%CF%86250-a-commutation-electroniquehtmlv\/#breadcrumb\"},\"inLanguage\":\"fr-FR\",\"potentialAction\":[{\"@type\":\"ReadAction\",\"target\":[\"https:\/\/www.leili-motor.net\/fr\/ventilateur-centrifuge-a-inertie-inversee-%CF%86250-a-commutation-electroniquehtmlv\/\"]}]},{\"@type\":\"ImageObject\",\"inLanguage\":\"fr-FR\",\"@id\":\"https:\/\/www.leili-motor.net\/fr\/ventilateur-centrifuge-a-inertie-inversee-%CF%86250-a-commutation-electroniquehtmlv\/#primaryimage\",\"url\":\"https:\/\/www.leili-motor.net\/wp-content\/uploads\/2025\/05\/\u03a6250-EC-Backward-curved-Centrifugal-Fan.jpg\",\"contentUrl\":\"https:\/\/www.leili-motor.net\/wp-content\/uploads\/2025\/05\/\u03a6250-EC-Backward-curved-Centrifugal-Fan.jpg\",\"width\":454,\"height\":310,\"caption\":\"Dimensions du ventilateur centrifuge \u00e0 inertie arri\u00e8re \u03a6250 EC-2\"},{\"@type\":\"BreadcrumbList\",\"@id\":\"https:\/\/www.leili-motor.net\/fr\/ventilateur-centrifuge-a-inertie-inversee-%CF%86250-a-commutation-electroniquehtmlv\/#breadcrumb\",\"itemListElement\":[{\"@type\":\"ListItem\",\"position\":1,\"name\":\"Home\",\"item\":\"https:\/\/www.leili-motor.net\/fr\/\"},{\"@type\":\"ListItem\",\"position\":2,\"name\":\"Produits\",\"item\":\"https:\/\/www.leili-motor.net\/fr\/produits\/\"},{\"@type\":\"ListItem\",\"position\":3,\"name\":\"Ventilateur centrifuge \u00e0 inertie invers\u00e9e \u03a6250 \u00e0 commutation \u00e9lectronique\"}]},{\"@type\":\"WebSite\",\"@id\":\"https:\/\/www.leili-motor.net\/fr\/#website\",\"url\":\"https:\/\/www.leili-motor.net\/fr\/\",\"name\":\"Leili Motor\",\"description\":\"\",\"publisher\":{\"@id\":\"https:\/\/www.leili-motor.net\/fr\/#organization\"},\"potentialAction\":[{\"@type\":\"SearchAction\",\"target\":{\"@type\":\"EntryPoint\",\"urlTemplate\":\"https:\/\/www.leili-motor.net\/fr\/?s={search_term_string}\"},\"query-input\":{\"@type\":\"PropertyValueSpecification\",\"valueRequired\":true,\"valueName\":\"search_term_string\"}}],\"inLanguage\":\"fr-FR\"},{\"@type\":\"Organization\",\"@id\":\"https:\/\/www.leili-motor.net\/fr\/#organization\",\"name\":\"Leili Motor\",\"url\":\"https:\/\/www.leili-motor.net\/fr\/\",\"logo\":{\"@type\":\"ImageObject\",\"inLanguage\":\"fr-FR\",\"@id\":\"https:\/\/www.leili-motor.net\/fr\/#\/schema\/logo\/image\/\",\"url\":\"https:\/\/www.leili-motor.net\/wp-content\/uploads\/2025\/03\/Leili-Motor.png\",\"contentUrl\":\"https:\/\/www.leili-motor.net\/wp-content\/uploads\/2025\/03\/Leili-Motor.png\",\"width\":600,\"height\":156,\"caption\":\"Leili Motor\"},\"image\":{\"@id\":\"https:\/\/www.leili-motor.net\/fr\/#\/schema\/logo\/image\/\"}}]}<\/script>\n<!-- \/ Yoast SEO plugin. -->","yoast_head_json":{"title":"Ventilateur centrifuge \u00e0 inertie invers\u00e9e \u03a6250 \u00e0 commutation \u00e9lectronique \u03a6250 &#8211; Leili Motor","description":"Ventilateur centrifuge \u00e0 inertie invers\u00e9e \u03a6250 EC avec protection IP54, commande 0-10 V\/PWM, fonctionnement silencieux et moteur isol\u00e9 de classe B.","robots":{"index":"index","follow":"follow","max-snippet":"max-snippet:-1","max-image-preview":"max-image-preview:large","max-video-preview":"max-video-preview:-1"},"canonical":"https:\/\/www.leili-motor.net\/fr\/ventilateur-centrifuge-a-inertie-inversee-%CF%86250-a-commutation-electroniquehtmlv\/","schema":{"@context":"https:\/\/schema.org","@graph":[{"@type":"WebPage","@id":"https:\/\/www.leili-motor.net\/fr\/ventilateur-centrifuge-a-inertie-inversee-%CF%86250-a-commutation-electroniquehtmlv\/","url":"https:\/\/www.leili-motor.net\/fr\/ventilateur-centrifuge-a-inertie-inversee-%CF%86250-a-commutation-electroniquehtmlv\/","name":"Ventilateur centrifuge \u00e0 inertie invers\u00e9e \u03a6250 \u00e0 commutation \u00e9lectronique \u03a6250 &#8211; Leili Motor","isPartOf":{"@id":"https:\/\/www.leili-motor.net\/fr\/#website"},"primaryImageOfPage":{"@id":"https:\/\/www.leili-motor.net\/fr\/ventilateur-centrifuge-a-inertie-inversee-%CF%86250-a-commutation-electroniquehtmlv\/#primaryimage"},"image":{"@id":"https:\/\/www.leili-motor.net\/fr\/ventilateur-centrifuge-a-inertie-inversee-%CF%86250-a-commutation-electroniquehtmlv\/#primaryimage"},"thumbnailUrl":"https:\/\/www.leili-motor.net\/wp-content\/uploads\/2025\/05\/\u03a6250-EC-Backward-curved-Centrifugal-Fan.jpg","datePublished":"2025-05-30T06:54:17+00:00","description":"Ventilateur centrifuge \u00e0 inertie invers\u00e9e \u03a6250 EC avec protection IP54, commande 0-10 V\/PWM, fonctionnement silencieux et moteur isol\u00e9 de classe B.","breadcrumb":{"@id":"https:\/\/www.leili-motor.net\/fr\/ventilateur-centrifuge-a-inertie-inversee-%CF%86250-a-commutation-electroniquehtmlv\/#breadcrumb"},"inLanguage":"fr-FR","potentialAction":[{"@type":"ReadAction","target":["https:\/\/www.leili-motor.net\/fr\/ventilateur-centrifuge-a-inertie-inversee-%CF%86250-a-commutation-electroniquehtmlv\/"]}]},{"@type":"ImageObject","inLanguage":"fr-FR","@id":"https:\/\/www.leili-motor.net\/fr\/ventilateur-centrifuge-a-inertie-inversee-%CF%86250-a-commutation-electroniquehtmlv\/#primaryimage","url":"https:\/\/www.leili-motor.net\/wp-content\/uploads\/2025\/05\/\u03a6250-EC-Backward-curved-Centrifugal-Fan.jpg","contentUrl":"https:\/\/www.leili-motor.net\/wp-content\/uploads\/2025\/05\/\u03a6250-EC-Backward-curved-Centrifugal-Fan.jpg","width":454,"height":310,"caption":"Dimensions du ventilateur centrifuge \u00e0 inertie arri\u00e8re \u03a6250 EC-2"},{"@type":"BreadcrumbList","@id":"https:\/\/www.leili-motor.net\/fr\/ventilateur-centrifuge-a-inertie-inversee-%CF%86250-a-commutation-electroniquehtmlv\/#breadcrumb","itemListElement":[{"@type":"ListItem","position":1,"name":"Home","item":"https:\/\/www.leili-motor.net\/fr\/"},{"@type":"ListItem","position":2,"name":"Produits","item":"https:\/\/www.leili-motor.net\/fr\/produits\/"},{"@type":"ListItem","position":3,"name":"Ventilateur centrifuge \u00e0 inertie invers\u00e9e \u03a6250 \u00e0 commutation \u00e9lectronique"}]},{"@type":"WebSite","@id":"https:\/\/www.leili-motor.net\/fr\/#website","url":"https:\/\/www.leili-motor.net\/fr\/","name":"Leili Motor","description":"","publisher":{"@id":"https:\/\/www.leili-motor.net\/fr\/#organization"},"potentialAction":[{"@type":"SearchAction","target":{"@type":"EntryPoint","urlTemplate":"https:\/\/www.leili-motor.net\/fr\/?s={search_term_string}"},"query-input":{"@type":"PropertyValueSpecification","valueRequired":true,"valueName":"search_term_string"}}],"inLanguage":"fr-FR"},{"@type":"Organization","@id":"https:\/\/www.leili-motor.net\/fr\/#organization","name":"Leili Motor","url":"https:\/\/www.leili-motor.net\/fr\/","logo":{"@type":"ImageObject","inLanguage":"fr-FR","@id":"https:\/\/www.leili-motor.net\/fr\/#\/schema\/logo\/image\/","url":"https:\/\/www.leili-motor.net\/wp-content\/uploads\/2025\/03\/Leili-Motor.png","contentUrl":"https:\/\/www.leili-motor.net\/wp-content\/uploads\/2025\/03\/Leili-Motor.png","width":600,"height":156,"caption":"Leili Motor"},"image":{"@id":"https:\/\/www.leili-motor.net\/fr\/#\/schema\/logo\/image\/"}}]}},"_links":{"self":[{"href":"https:\/\/www.leili-motor.net\/fr\/wp-json\/wp\/v2\/product\/11774","targetHints":{"allow":["GET"]}}],"collection":[{"href":"https:\/\/www.leili-motor.net\/fr\/wp-json\/wp\/v2\/product"}],"about":[{"href":"https:\/\/www.leili-motor.net\/fr\/wp-json\/wp\/v2\/types\/product"}],"replies":[{"embeddable":true,"href":"https:\/\/www.leili-motor.net\/fr\/wp-json\/wp\/v2\/comments?post=11774"}],"wp:featuredmedia":[{"embeddable":true,"href":"https:\/\/www.leili-motor.net\/fr\/wp-json\/wp\/v2\/media\/11530"}],"wp:attachment":[{"href":"https:\/\/www.leili-motor.net\/fr\/wp-json\/wp\/v2\/media?parent=11774"}],"wp:term":[{"taxonomy":"product_brand","embeddable":true,"href":"https:\/\/www.leili-motor.net\/fr\/wp-json\/wp\/v2\/product_brand?post=11774"},{"taxonomy":"product_cat","embeddable":true,"href":"https:\/\/www.leili-motor.net\/fr\/wp-json\/wp\/v2\/product_cat?post=11774"},{"taxonomy":"product_tag","embeddable":true,"href":"https:\/\/www.leili-motor.net\/fr\/wp-json\/wp\/v2\/product_tag?post=11774"}],"curies":[{"name":"wp","href":"https:\/\/api.w.org\/{rel}","templated":true}]}}