{"id":11824,"date":"2025-05-29T16:03:12","date_gmt":"2025-05-29T08:03:12","guid":{"rendered":"https:\/\/www.leili-motor.net\/%cf%86133-commutation-electronique-backward-curved-centrifugal-fan\/"},"modified":"2025-05-29T16:03:12","modified_gmt":"2025-05-29T08:03:12","slug":"%cf%86133-commutation-electronique-backward-curved-centrifugal-fan","status":"publish","type":"product","link":"https:\/\/www.leili-motor.net\/fr\/%CF%86133-commutation-electronique-backward-curved-centrifugal-fan.html","title":{"rendered":"\u03a6133 commutation \u00e9lectronique Backward-curved Centrifugal Fan"},"content":{"rendered":"<h2>Param\u00e8tres de performance<\/h2>\n<table>\n<tbody>\n<tr>\n<td>Type<\/td>\n<td>Tension<br \/>\nnominale<br \/>\n(VCA)<\/td>\n<td>Fr\u00e9quence<br \/>\n(Hz)<\/td>\n<td>Vitesse<br \/>\n(tr\/min)<\/td>\n<td>Puissance<br \/>\nd&rsquo;entr\u00e9e<br \/>\nmaximale (W)<\/td>\n<td>Niveau<br \/>\n de pression acoustique<br \/>\n(\u00e0 1 m) (dB(A))<\/td>\n<td>Temp\u00e9rature<br \/>\nambiante (\u2103)<\/td>\n<td>M\u00e9thode<br \/>\nde c\u00e2blage<\/td>\n<\/tr>\n<tr>\n<td>BF133A-WE072C-1A06-01<\/td>\n<td>230<\/td>\n<td>50\/60<\/td>\n<td>3540<\/td>\n<td>32<\/td>\n<td>67<\/td>\n<td>-25\uff5e+60<\/td>\n<td>W1<\/td>\n<\/tr>\n<\/tbody>\n<\/table>\n<h2>Dimensions m\u00e9caniques : mm<\/h2>\n<p><img fetchpriority=\"high\" decoding=\"async\" class=\"size-full wp-image-9932 aligncenter\" src=\"https:\/\/www.leili-motor.net\/wp-content\/uploads\/2025\/05\/%CE%A6133-EC-Backward-curved-Centrifugal-Fan-Dimensions.png\" alt=\"Dimensions du ventilateur centrifuge \u00e0 inertie invers\u00e9e \u03a6133 EC\" width=\"873\" height=\"405\"><\/p>\n<h2>Courbe de performance du ventilateur<\/h2>\n<p><img decoding=\"async\" class=\"size-full wp-image-9935 aligncenter\" src=\"https:\/\/www.leili-motor.net\/wp-content\/uploads\/2025\/05\/%CE%A6133-EC-Backward-curved-Centrifugal-Fan-Curve.png\" alt=\"Courbe du ventilateur centrifuge \u00e0 inertie invers\u00e9e \u03a6133 EC\" width=\"946\" height=\"302\"><\/p>\n","protected":false},"excerpt":{"rendered":"<h3>Pr\u00e9sentation du produit<\/h3>\n<ul>\n<li>Mat\u00e9riau de la turbine : PP<\/li>\n<li>Entr\u00e9e de commande : 0-10 VDC\/PWM<\/li>\n<li>Indice de protection : IP54<\/li>\n<li>Classe d\u2019isolation : Classe B<\/li>\n<li>Homologations : CCC CE<\/li>\n<li>Roulement : Roulements \u00e0 billes sans entretien<\/li>\n<li>Protection : Limitation du courant moteur, protection du rotor, d\u00e9marrage progressif, protection thermique avec d\u00e9tection de d\u00e9faut de phase<\/li>\n<\/ul>\n","protected":false},"featured_media":11596,"comment_status":"closed","ping_status":"closed","template":"","meta":{"site-sidebar-layout":"default","site-content-layout":"","ast-site-content-layout":"default","site-content-style":"default","site-sidebar-style":"default","ast-global-header-display":"","ast-banner-title-visibility":"","ast-main-header-display":"","ast-hfb-above-header-display":"","ast-hfb-below-header-display":"","ast-hfb-mobile-header-display":"","site-post-title":"","ast-breadcrumbs-content":"","ast-featured-img":"","footer-sml-layout":"","theme-transparent-header-meta":"default","adv-header-id-meta":"","stick-header-meta":"","header-above-stick-meta":"","header-main-stick-meta":"","header-below-stick-meta":"","astra-migrate-meta-layouts":"default","ast-page-background-enabled":"default","ast-page-background-meta":{"desktop":{"background-color":"var(--ast-global-color-5)","background-image":"","background-repeat":"repeat","background-position":"center center","background-size":"auto","background-attachment":"scroll","background-type":"","background-media":"","overlay-type":"","overlay-color":"","overlay-opacity":"","overlay-gradient":""},"tablet":{"background-color":"","background-image":"","background-repeat":"repeat","background-position":"center center","background-size":"auto","background-attachment":"scroll","background-type":"","background-media":"","overlay-type":"","overlay-color":"","overlay-opacity":"","overlay-gradient":""},"mobile":{"background-color":"","background-image":"","background-repeat":"repeat","background-position":"center center","background-size":"auto","background-attachment":"scroll","background-type":"","background-media":"","overlay-type":"","overlay-color":"","overlay-opacity":"","overlay-gradient":""}},"ast-content-background-meta":{"desktop":{"background-color":"var(--ast-global-color-4)","background-image":"","background-repeat":"repeat","background-position":"center center","background-size":"auto","background-attachment":"scroll","background-type":"","background-media":"","overlay-type":"","overlay-color":"","overlay-opacity":"","overlay-gradient":""},"tablet":{"background-color":"var(--ast-global-color-4)","background-image":"","background-repeat":"repeat","background-position":"center center","background-size":"auto","background-attachment":"scroll","background-type":"","background-media":"","overlay-type":"","overlay-color":"","overlay-opacity":"","overlay-gradient":""},"mobile":{"background-color":"var(--ast-global-color-4)","background-image":"","background-repeat":"repeat","background-position":"center center","background-size":"auto","background-attachment":"scroll","background-type":"","background-media":"","overlay-type":"","overlay-color":"","overlay-opacity":"","overlay-gradient":""}}},"product_brand":[],"product_cat":[1271,1287],"product_tag":[],"class_list":{"0":"post-11824","1":"product","2":"type-product","3":"status-publish","4":"has-post-thumbnail","6":"product_cat-moteur-a-haut-rendement","7":"product_cat-ventilateur-centrifuge","8":"desktop-align-left","9":"tablet-align-left","10":"mobile-align-left","12":"first","13":"instock","14":"shipping-taxable","15":"product-type-simple"},"yoast_head":"<!-- This site is optimized with the Yoast SEO plugin v27.2 - https:\/\/yoast.com\/product\/yoast-seo-wordpress\/ -->\n<title>\u03a6133 commutation \u00e9lectronique Backward-curved Centrifugal Fan &#8211; Leili Motor<\/title>\n<meta name=\"description\" content=\"Le ventilateur centrifuge \u00e0 inertie inverse \u03a6133 EC est dot\u00e9 d&#039;un moteur de 230 V, d&#039;une puissance de 32 W, d&#039;une vitesse de rotation de 3 540 tr\/min, d&#039;un niveau sonore de 67 dB et d&#039;une plage de temp\u00e9rature de -25 \u00b0C \u00e0 60 \u00b0C.\" \/>\n<meta name=\"robots\" content=\"index, follow, max-snippet:-1, max-image-preview:large, max-video-preview:-1\" \/>\n<link rel=\"canonical\" href=\"https:\/\/www.leili-motor.net\/fr\/%CF%86133-commutation-electronique-backward-curved-centrifugal-fan.html\" \/>\n<script type=\"application\/ld+json\" class=\"yoast-schema-graph\">{\"@context\":\"https:\/\/schema.org\",\"@graph\":[{\"@type\":\"WebPage\",\"@id\":\"https:\/\/www.leili-motor.net\/fr\/%CF%86133-commutation-electronique-backward-curved-centrifugal-fan.html\",\"url\":\"https:\/\/www.leili-motor.net\/fr\/%CF%86133-commutation-electronique-backward-curved-centrifugal-fan.html\",\"name\":\"\u03a6133 commutation \u00e9lectronique Backward-curved Centrifugal Fan &#8211; Leili Motor\",\"isPartOf\":{\"@id\":\"https:\/\/www.leili-motor.net\/fr\/#website\"},\"primaryImageOfPage\":{\"@id\":\"https:\/\/www.leili-motor.net\/fr\/%CF%86133-commutation-electronique-backward-curved-centrifugal-fan.html#primaryimage\"},\"image\":{\"@id\":\"https:\/\/www.leili-motor.net\/fr\/%CF%86133-commutation-electronique-backward-curved-centrifugal-fan.html#primaryimage\"},\"thumbnailUrl\":\"https:\/\/www.leili-motor.net\/wp-content\/uploads\/2025\/05\/\u03a6133-EC-backward-curved-centrifugal-fan.jpg\",\"datePublished\":\"2025-05-29T08:03:12+00:00\",\"description\":\"Le ventilateur centrifuge \u00e0 inertie inverse \u03a6133 EC est dot\u00e9 d'un moteur de 230 V, d'une puissance de 32 W, d'une vitesse de rotation de 3 540 tr\/min, d'un niveau sonore de 67 dB et d'une plage de temp\u00e9rature de -25 \u00b0C \u00e0 60 \u00b0C.\",\"breadcrumb\":{\"@id\":\"https:\/\/www.leili-motor.net\/fr\/%CF%86133-commutation-electronique-backward-curved-centrifugal-fan.html#breadcrumb\"},\"inLanguage\":\"fr-FR\",\"potentialAction\":[{\"@type\":\"ReadAction\",\"target\":[\"https:\/\/www.leili-motor.net\/fr\/%CF%86133-commutation-electronique-backward-curved-centrifugal-fan.html\"]}]},{\"@type\":\"ImageObject\",\"inLanguage\":\"fr-FR\",\"@id\":\"https:\/\/www.leili-motor.net\/fr\/%CF%86133-commutation-electronique-backward-curved-centrifugal-fan.html#primaryimage\",\"url\":\"https:\/\/www.leili-motor.net\/wp-content\/uploads\/2025\/05\/\u03a6133-EC-backward-curved-centrifugal-fan.jpg\",\"contentUrl\":\"https:\/\/www.leili-motor.net\/wp-content\/uploads\/2025\/05\/\u03a6133-EC-backward-curved-centrifugal-fan.jpg\",\"width\":454,\"height\":310,\"caption\":\"Ventilateur centrifuge \u00e0 h\u00e9lice invers\u00e9e \u03a6133 EC\"},{\"@type\":\"BreadcrumbList\",\"@id\":\"https:\/\/www.leili-motor.net\/fr\/%CF%86133-commutation-electronique-backward-curved-centrifugal-fan.html#breadcrumb\",\"itemListElement\":[{\"@type\":\"ListItem\",\"position\":1,\"name\":\"Home\",\"item\":\"https:\/\/www.leili-motor.net\/fr\/\"},{\"@type\":\"ListItem\",\"position\":2,\"name\":\"Produits\",\"item\":\"https:\/\/www.leili-motor.net\/fr\/produits\/\"},{\"@type\":\"ListItem\",\"position\":3,\"name\":\"\u03a6133 commutation \u00e9lectronique Backward-curved Centrifugal Fan\"}]},{\"@type\":\"WebSite\",\"@id\":\"https:\/\/www.leili-motor.net\/fr\/#website\",\"url\":\"https:\/\/www.leili-motor.net\/fr\/\",\"name\":\"Leili Motor\",\"description\":\"\",\"publisher\":{\"@id\":\"https:\/\/www.leili-motor.net\/fr\/#organization\"},\"potentialAction\":[{\"@type\":\"SearchAction\",\"target\":{\"@type\":\"EntryPoint\",\"urlTemplate\":\"https:\/\/www.leili-motor.net\/fr\/?s={search_term_string}\"},\"query-input\":{\"@type\":\"PropertyValueSpecification\",\"valueRequired\":true,\"valueName\":\"search_term_string\"}}],\"inLanguage\":\"fr-FR\"},{\"@type\":\"Organization\",\"@id\":\"https:\/\/www.leili-motor.net\/fr\/#organization\",\"name\":\"Leili Motor\",\"url\":\"https:\/\/www.leili-motor.net\/fr\/\",\"logo\":{\"@type\":\"ImageObject\",\"inLanguage\":\"fr-FR\",\"@id\":\"https:\/\/www.leili-motor.net\/fr\/#\/schema\/logo\/image\/\",\"url\":\"https:\/\/www.leili-motor.net\/wp-content\/uploads\/2025\/03\/Leili-Motor.png\",\"contentUrl\":\"https:\/\/www.leili-motor.net\/wp-content\/uploads\/2025\/03\/Leili-Motor.png\",\"width\":600,\"height\":156,\"caption\":\"Leili Motor\"},\"image\":{\"@id\":\"https:\/\/www.leili-motor.net\/fr\/#\/schema\/logo\/image\/\"}}]}<\/script>\n<!-- \/ Yoast SEO plugin. -->","yoast_head_json":{"title":"\u03a6133 commutation \u00e9lectronique Backward-curved Centrifugal Fan &#8211; Leili Motor","description":"Le ventilateur centrifuge \u00e0 inertie inverse \u03a6133 EC est dot\u00e9 d'un moteur de 230 V, d'une puissance de 32 W, d'une vitesse de rotation de 3 540 tr\/min, d'un niveau sonore de 67 dB et d'une plage de temp\u00e9rature de -25 \u00b0C \u00e0 60 \u00b0C.","robots":{"index":"index","follow":"follow","max-snippet":"max-snippet:-1","max-image-preview":"max-image-preview:large","max-video-preview":"max-video-preview:-1"},"canonical":"https:\/\/www.leili-motor.net\/fr\/%CF%86133-commutation-electronique-backward-curved-centrifugal-fan.html","schema":{"@context":"https:\/\/schema.org","@graph":[{"@type":"WebPage","@id":"https:\/\/www.leili-motor.net\/fr\/%CF%86133-commutation-electronique-backward-curved-centrifugal-fan.html","url":"https:\/\/www.leili-motor.net\/fr\/%CF%86133-commutation-electronique-backward-curved-centrifugal-fan.html","name":"\u03a6133 commutation \u00e9lectronique Backward-curved Centrifugal Fan &#8211; Leili Motor","isPartOf":{"@id":"https:\/\/www.leili-motor.net\/fr\/#website"},"primaryImageOfPage":{"@id":"https:\/\/www.leili-motor.net\/fr\/%CF%86133-commutation-electronique-backward-curved-centrifugal-fan.html#primaryimage"},"image":{"@id":"https:\/\/www.leili-motor.net\/fr\/%CF%86133-commutation-electronique-backward-curved-centrifugal-fan.html#primaryimage"},"thumbnailUrl":"https:\/\/www.leili-motor.net\/wp-content\/uploads\/2025\/05\/\u03a6133-EC-backward-curved-centrifugal-fan.jpg","datePublished":"2025-05-29T08:03:12+00:00","description":"Le ventilateur centrifuge \u00e0 inertie inverse \u03a6133 EC est dot\u00e9 d'un moteur de 230 V, d'une puissance de 32 W, d'une vitesse de rotation de 3 540 tr\/min, d'un niveau sonore de 67 dB et d'une plage de temp\u00e9rature de -25 \u00b0C \u00e0 60 \u00b0C.","breadcrumb":{"@id":"https:\/\/www.leili-motor.net\/fr\/%CF%86133-commutation-electronique-backward-curved-centrifugal-fan.html#breadcrumb"},"inLanguage":"fr-FR","potentialAction":[{"@type":"ReadAction","target":["https:\/\/www.leili-motor.net\/fr\/%CF%86133-commutation-electronique-backward-curved-centrifugal-fan.html"]}]},{"@type":"ImageObject","inLanguage":"fr-FR","@id":"https:\/\/www.leili-motor.net\/fr\/%CF%86133-commutation-electronique-backward-curved-centrifugal-fan.html#primaryimage","url":"https:\/\/www.leili-motor.net\/wp-content\/uploads\/2025\/05\/\u03a6133-EC-backward-curved-centrifugal-fan.jpg","contentUrl":"https:\/\/www.leili-motor.net\/wp-content\/uploads\/2025\/05\/\u03a6133-EC-backward-curved-centrifugal-fan.jpg","width":454,"height":310,"caption":"Ventilateur centrifuge \u00e0 h\u00e9lice invers\u00e9e \u03a6133 EC"},{"@type":"BreadcrumbList","@id":"https:\/\/www.leili-motor.net\/fr\/%CF%86133-commutation-electronique-backward-curved-centrifugal-fan.html#breadcrumb","itemListElement":[{"@type":"ListItem","position":1,"name":"Home","item":"https:\/\/www.leili-motor.net\/fr\/"},{"@type":"ListItem","position":2,"name":"Produits","item":"https:\/\/www.leili-motor.net\/fr\/produits\/"},{"@type":"ListItem","position":3,"name":"\u03a6133 commutation \u00e9lectronique Backward-curved Centrifugal Fan"}]},{"@type":"WebSite","@id":"https:\/\/www.leili-motor.net\/fr\/#website","url":"https:\/\/www.leili-motor.net\/fr\/","name":"Leili Motor","description":"","publisher":{"@id":"https:\/\/www.leili-motor.net\/fr\/#organization"},"potentialAction":[{"@type":"SearchAction","target":{"@type":"EntryPoint","urlTemplate":"https:\/\/www.leili-motor.net\/fr\/?s={search_term_string}"},"query-input":{"@type":"PropertyValueSpecification","valueRequired":true,"valueName":"search_term_string"}}],"inLanguage":"fr-FR"},{"@type":"Organization","@id":"https:\/\/www.leili-motor.net\/fr\/#organization","name":"Leili Motor","url":"https:\/\/www.leili-motor.net\/fr\/","logo":{"@type":"ImageObject","inLanguage":"fr-FR","@id":"https:\/\/www.leili-motor.net\/fr\/#\/schema\/logo\/image\/","url":"https:\/\/www.leili-motor.net\/wp-content\/uploads\/2025\/03\/Leili-Motor.png","contentUrl":"https:\/\/www.leili-motor.net\/wp-content\/uploads\/2025\/03\/Leili-Motor.png","width":600,"height":156,"caption":"Leili Motor"},"image":{"@id":"https:\/\/www.leili-motor.net\/fr\/#\/schema\/logo\/image\/"}}]}},"_links":{"self":[{"href":"https:\/\/www.leili-motor.net\/fr\/wp-json\/wp\/v2\/product\/11824","targetHints":{"allow":["GET"]}}],"collection":[{"href":"https:\/\/www.leili-motor.net\/fr\/wp-json\/wp\/v2\/product"}],"about":[{"href":"https:\/\/www.leili-motor.net\/fr\/wp-json\/wp\/v2\/types\/product"}],"replies":[{"embeddable":true,"href":"https:\/\/www.leili-motor.net\/fr\/wp-json\/wp\/v2\/comments?post=11824"}],"wp:featuredmedia":[{"embeddable":true,"href":"https:\/\/www.leili-motor.net\/fr\/wp-json\/wp\/v2\/media\/11596"}],"wp:attachment":[{"href":"https:\/\/www.leili-motor.net\/fr\/wp-json\/wp\/v2\/media?parent=11824"}],"wp:term":[{"taxonomy":"product_brand","embeddable":true,"href":"https:\/\/www.leili-motor.net\/fr\/wp-json\/wp\/v2\/product_brand?post=11824"},{"taxonomy":"product_cat","embeddable":true,"href":"https:\/\/www.leili-motor.net\/fr\/wp-json\/wp\/v2\/product_cat?post=11824"},{"taxonomy":"product_tag","embeddable":true,"href":"https:\/\/www.leili-motor.net\/fr\/wp-json\/wp\/v2\/product_tag?post=11824"}],"curies":[{"name":"wp","href":"https:\/\/api.w.org\/{rel}","templated":true}]}}