{"id":11843,"date":"2025-06-03T13:56:11","date_gmt":"2025-06-03T05:56:11","guid":{"rendered":"https:\/\/www.leili-motor.net\/moteur-a-flux-axial-de-55-kw\/"},"modified":"2025-06-03T13:56:11","modified_gmt":"2025-06-03T05:56:11","slug":"moteur-a-flux-axial-de-55-kw","status":"publish","type":"product","link":"https:\/\/www.leili-motor.net\/fr\/moteur-a-flux-axial-de-55-kw.html","title":{"rendered":"Moteur \u00e0 Flux Axial de 5,5 kW"},"content":{"rendered":"<h2>Param\u00e8tres de performance<\/h2>\n<table>\n<tbody>\n<tr>\n<td>Mod\u00e8le<\/td>\n<td>Hauteur<br \/>\ndu centre<br \/>\n(mm)<\/td>\n<td>Puissance<br \/>\nnominale<br \/>\n(kW)<\/td>\n<td>Vitesse<br \/>\nnominale<br \/>\n(tr\/min)<\/td>\n<td>Courant<br \/>\nnominal<br \/>\n(A)<\/td>\n<td>Rendement<br \/>\n(100%)<\/td>\n<td>Facteur<br \/>\nde puissance<br \/>\n(Cos\u03c6)<\/td>\n<td>Fr\u00e9quence<br \/>\n(Hz)<\/td>\n<td>Couple<br \/>\nnominal<br \/>\n(N.m)<\/td>\n<td>Poids<br \/>\n(Kg)<\/td>\n<td>Mode de refroidissement<\/td>\n<\/tr>\n<tr>\n<td>TYP255QXF<\/td>\n<td>160<\/td>\n<td>5.5<\/td>\n<td>1500<\/td>\n<td>9.93<\/td>\n<td>93.5<\/td>\n<td>0.96<\/td>\n<td>200<\/td>\n<td>35<\/td>\n<td>25<\/td>\n<td>Refroidissement par air<\/td>\n<\/tr>\n<tr>\n<td>TYP275QXF<\/td>\n<td>160<\/td>\n<td>5.5<\/td>\n<td>1000<\/td>\n<td>9.84<\/td>\n<td>93.4<\/td>\n<td>0.96<\/td>\n<td>133.33<\/td>\n<td>52.5<\/td>\n<td>30<\/td>\n<td>Refroidissement par air<\/td>\n<\/tr>\n<tr>\n<td>TYP275XS<\/td>\n<td>160<\/td>\n<td>5.5<\/td>\n<td>750<\/td>\n<td>10.1<\/td>\n<td>91.5<\/td>\n<td>0.96<\/td>\n<td>100<\/td>\n<td>70<\/td>\n<td>30<\/td>\n<td>Water cooling<\/td>\n<\/tr>\n<\/tbody>\n<\/table>\n<h2>Dimensions m\u00e9caniques : mm<\/h2>\n<table>\n<tbody>\n<tr>\n<td width=\"94\">Plateforme<\/td>\n<td width=\"95\">TYP255QXF<\/p>\n<p>Avec capot de ventilateur<\/td>\n<td width=\"95\">TYP255QXF<\/p>\n<p>Avec capot de ventilateur<\/td>\n<td width=\"95\">TYP275QXF<\/p>\n<p>Avec capot de ventilateur<\/td>\n<td width=\"95\">TYP275QXF<\/p>\n<p>Avec capot de ventilateur<\/td>\n<\/tr>\n<tr>\n<td width=\"94\">Photo<\/td>\n<td width=\"95\"><img loading=\"lazy\" decoding=\"async\" loading=\"lazy\" class=\"alignnone size-full wp-image-9882\" src=\"https:\/\/www.leili-motor.net\/wp-content\/uploads\/2025\/05\/Axial-Flux-Motors-TYP225QXF-3.png\" alt=\"\" width=\"138\" height=\"166\"><\/td>\n<td width=\"95\"><img loading=\"lazy\" decoding=\"async\" loading=\"lazy\" class=\"alignnone size-full wp-image-9885\" src=\"https:\/\/www.leili-motor.net\/wp-content\/uploads\/2025\/05\/Axial-Flux-Motors-TYP225QXF-4.png\" alt=\"\" width=\"139\" height=\"166\"><\/td>\n<td width=\"95\"><img loading=\"lazy\" decoding=\"async\" loading=\"lazy\" class=\"alignnone size-full wp-image-9905\" src=\"https:\/\/www.leili-motor.net\/wp-content\/uploads\/2025\/05\/Axial-Flux-Motors-TYP275QXF-3.png\" alt=\"\" width=\"155\" height=\"166\"><\/td>\n<td width=\"95\"><img loading=\"lazy\" decoding=\"async\" loading=\"lazy\" class=\"alignnone size-full wp-image-9908\" src=\"https:\/\/www.leili-motor.net\/wp-content\/uploads\/2025\/05\/Axial-Flux-Motors-TYP275QXF-4.png\" alt=\"\" width=\"148\" height=\"172\"><\/td>\n<\/tr>\n<tr>\n<td width=\"94\">Dimensions hors tout L*l*H(mm)<\/td>\n<td width=\"95\">310*130*340<\/td>\n<td width=\"95\">270*130*340<\/td>\n<td width=\"95\">345*130*350<\/td>\n<td width=\"95\">300*130*350<\/td>\n<\/tr>\n<\/tbody>\n<\/table>\n<table>\n<tbody>\n<tr>\n<td width=\"94\">Plateforme<\/td>\n<td width=\"95\">TYP275XS<\/td>\n<\/tr>\n<tr>\n<td width=\"94\">Photo<\/td>\n<td width=\"95\"><img loading=\"lazy\" decoding=\"async\" loading=\"lazy\" class=\"alignnone size-full wp-image-9911\" src=\"https:\/\/www.leili-motor.net\/wp-content\/uploads\/2025\/05\/Axial-Flux-Motors-TYP275XS.png\" alt=\"\" width=\"144\" height=\"172\"><\/td>\n<\/tr>\n<tr>\n<td width=\"94\">Dimensions hors tout L*l*H(mm)<\/td>\n<td width=\"95\">390*166*385<\/td>\n<\/tr>\n<\/tbody>\n<\/table>\n","protected":false},"excerpt":{"rendered":"<h3>Pr\u00e9sentation du produit<\/h3>\n<ul>\n<li>Fournit une puissance de 5,5 kW avec un rendement allant jusqu&rsquo;\u00e0 93,5 % et un facteur de puissance de 0,96.<\/li>\n<li>Disponible en 750, 1 000 et 1 500 tr\/min pour r\u00e9pondre \u00e0 diff\u00e9rents besoins de couple.<\/li>\n<li>Permet le refroidissement par air et par eau ; conception compacte pour un poids de 25 \u00e0 30 kg.<\/li>\n<\/ul>\n<h3>Application du produit<\/h3>\n<ul>\n<li>\u00c9quipement industriel<\/li>\n<li>Pompe \u00e0 eau industrielle<\/li>\n<li>Ventilateur industriel<\/li>\n<\/ul>\n","protected":false},"featured_media":11594,"comment_status":"closed","ping_status":"closed","template":"","meta":{"site-sidebar-layout":"default","site-content-layout":"","ast-site-content-layout":"default","site-content-style":"default","site-sidebar-style":"default","ast-global-header-display":"","ast-banner-title-visibility":"","ast-main-header-display":"","ast-hfb-above-header-display":"","ast-hfb-below-header-display":"","ast-hfb-mobile-header-display":"","site-post-title":"","ast-breadcrumbs-content":"","ast-featured-img":"","footer-sml-layout":"","theme-transparent-header-meta":"default","adv-header-id-meta":"","stick-header-meta":"","header-above-stick-meta":"","header-main-stick-meta":"","header-below-stick-meta":"","astra-migrate-meta-layouts":"default","ast-page-background-enabled":"default","ast-page-background-meta":{"desktop":{"background-color":"var(--ast-global-color-5)","background-image":"","background-repeat":"repeat","background-position":"center center","background-size":"auto","background-attachment":"scroll","background-type":"","background-media":"","overlay-type":"","overlay-color":"","overlay-opacity":"","overlay-gradient":""},"tablet":{"background-color":"","background-image":"","background-repeat":"repeat","background-position":"center center","background-size":"auto","background-attachment":"scroll","background-type":"","background-media":"","overlay-type":"","overlay-color":"","overlay-opacity":"","overlay-gradient":""},"mobile":{"background-color":"","background-image":"","background-repeat":"repeat","background-position":"center center","background-size":"auto","background-attachment":"scroll","background-type":"","background-media":"","overlay-type":"","overlay-color":"","overlay-opacity":"","overlay-gradient":""}},"ast-content-background-meta":{"desktop":{"background-color":"var(--ast-global-color-4)","background-image":"","background-repeat":"repeat","background-position":"center center","background-size":"auto","background-attachment":"scroll","background-type":"","background-media":"","overlay-type":"","overlay-color":"","overlay-opacity":"","overlay-gradient":""},"tablet":{"background-color":"var(--ast-global-color-4)","background-image":"","background-repeat":"repeat","background-position":"center center","background-size":"auto","background-attachment":"scroll","background-type":"","background-media":"","overlay-type":"","overlay-color":"","overlay-opacity":"","overlay-gradient":""},"mobile":{"background-color":"var(--ast-global-color-4)","background-image":"","background-repeat":"repeat","background-position":"center center","background-size":"auto","background-attachment":"scroll","background-type":"","background-media":"","overlay-type":"","overlay-color":"","overlay-opacity":"","overlay-gradient":""}}},"product_brand":[],"product_cat":[1271,1272],"product_tag":[],"class_list":{"0":"post-11843","1":"product","2":"type-product","3":"status-publish","4":"has-post-thumbnail","6":"product_cat-moteur-a-haut-rendement","7":"product_cat-moteur-a-flux-axial","8":"desktop-align-left","9":"tablet-align-left","10":"mobile-align-left","12":"first","13":"instock","14":"shipping-taxable","15":"product-type-simple"},"yoast_head":"<!-- This site is optimized with the Yoast SEO plugin v27.2 - https:\/\/yoast.com\/product\/yoast-seo-wordpress\/ -->\n<title>Moteur \u00e0 Flux Axial de 5,5 kW &#8211; Leili Motor<\/title>\n<meta name=\"description\" content=\"Ce moteur compact \u00e0 flux axial de 5,5 kW offre un rendement de 93,5 %, une vitesse de rotation de 1 500 tr\/min et un couple de 35 Nm, avec un refroidissement efficace par air ou par eau.\" \/>\n<meta name=\"robots\" content=\"index, follow, max-snippet:-1, max-image-preview:large, max-video-preview:-1\" \/>\n<link rel=\"canonical\" href=\"https:\/\/www.leili-motor.net\/fr\/moteur-a-flux-axial-de-55-kw.html\" \/>\n<script type=\"application\/ld+json\" class=\"yoast-schema-graph\">{\"@context\":\"https:\/\/schema.org\",\"@graph\":[{\"@type\":\"WebPage\",\"@id\":\"https:\/\/www.leili-motor.net\/fr\/moteur-a-flux-axial-de-55-kw.html\",\"url\":\"https:\/\/www.leili-motor.net\/fr\/moteur-a-flux-axial-de-55-kw.html\",\"name\":\"Moteur \u00e0 Flux Axial de 5,5 kW &#8211; Leili Motor\",\"isPartOf\":{\"@id\":\"https:\/\/www.leili-motor.net\/fr\/#website\"},\"primaryImageOfPage\":{\"@id\":\"https:\/\/www.leili-motor.net\/fr\/moteur-a-flux-axial-de-55-kw.html#primaryimage\"},\"image\":{\"@id\":\"https:\/\/www.leili-motor.net\/fr\/moteur-a-flux-axial-de-55-kw.html#primaryimage\"},\"thumbnailUrl\":\"https:\/\/www.leili-motor.net\/wp-content\/uploads\/2025\/05\/7.5KW-Axial-Flux-Motors.jpg\",\"datePublished\":\"2025-06-03T05:56:11+00:00\",\"description\":\"Ce moteur compact \u00e0 flux axial de 5,5 kW offre un rendement de 93,5 %, une vitesse de rotation de 1 500 tr\/min et un couple de 35 Nm, avec un refroidissement efficace par air ou par eau.\",\"breadcrumb\":{\"@id\":\"https:\/\/www.leili-motor.net\/fr\/moteur-a-flux-axial-de-55-kw.html#breadcrumb\"},\"inLanguage\":\"fr-FR\",\"potentialAction\":[{\"@type\":\"ReadAction\",\"target\":[\"https:\/\/www.leili-motor.net\/fr\/moteur-a-flux-axial-de-55-kw.html\"]}]},{\"@type\":\"ImageObject\",\"inLanguage\":\"fr-FR\",\"@id\":\"https:\/\/www.leili-motor.net\/fr\/moteur-a-flux-axial-de-55-kw.html#primaryimage\",\"url\":\"https:\/\/www.leili-motor.net\/wp-content\/uploads\/2025\/05\/7.5KW-Axial-Flux-Motors.jpg\",\"contentUrl\":\"https:\/\/www.leili-motor.net\/wp-content\/uploads\/2025\/05\/7.5KW-Axial-Flux-Motors.jpg\",\"width\":454,\"height\":310,\"caption\":\"Dimensions du ventilateur centrifuge \u00e0 inertie arri\u00e8re \u03a6175 EC\"},{\"@type\":\"BreadcrumbList\",\"@id\":\"https:\/\/www.leili-motor.net\/fr\/moteur-a-flux-axial-de-55-kw.html#breadcrumb\",\"itemListElement\":[{\"@type\":\"ListItem\",\"position\":1,\"name\":\"Home\",\"item\":\"https:\/\/www.leili-motor.net\/fr\/\"},{\"@type\":\"ListItem\",\"position\":2,\"name\":\"Produits\",\"item\":\"https:\/\/www.leili-motor.net\/fr\/produits\/\"},{\"@type\":\"ListItem\",\"position\":3,\"name\":\"Moteur \u00e0 Flux Axial de 5,5 kW\"}]},{\"@type\":\"WebSite\",\"@id\":\"https:\/\/www.leili-motor.net\/fr\/#website\",\"url\":\"https:\/\/www.leili-motor.net\/fr\/\",\"name\":\"Leili Motor\",\"description\":\"\",\"publisher\":{\"@id\":\"https:\/\/www.leili-motor.net\/fr\/#organization\"},\"potentialAction\":[{\"@type\":\"SearchAction\",\"target\":{\"@type\":\"EntryPoint\",\"urlTemplate\":\"https:\/\/www.leili-motor.net\/fr\/?s={search_term_string}\"},\"query-input\":{\"@type\":\"PropertyValueSpecification\",\"valueRequired\":true,\"valueName\":\"search_term_string\"}}],\"inLanguage\":\"fr-FR\"},{\"@type\":\"Organization\",\"@id\":\"https:\/\/www.leili-motor.net\/fr\/#organization\",\"name\":\"Leili Motor\",\"url\":\"https:\/\/www.leili-motor.net\/fr\/\",\"logo\":{\"@type\":\"ImageObject\",\"inLanguage\":\"fr-FR\",\"@id\":\"https:\/\/www.leili-motor.net\/fr\/#\/schema\/logo\/image\/\",\"url\":\"https:\/\/www.leili-motor.net\/wp-content\/uploads\/2025\/03\/Leili-Motor.png\",\"contentUrl\":\"https:\/\/www.leili-motor.net\/wp-content\/uploads\/2025\/03\/Leili-Motor.png\",\"width\":600,\"height\":156,\"caption\":\"Leili Motor\"},\"image\":{\"@id\":\"https:\/\/www.leili-motor.net\/fr\/#\/schema\/logo\/image\/\"}}]}<\/script>\n<!-- \/ Yoast SEO plugin. -->","yoast_head_json":{"title":"Moteur \u00e0 Flux Axial de 5,5 kW &#8211; Leili Motor","description":"Ce moteur compact \u00e0 flux axial de 5,5 kW offre un rendement de 93,5 %, une vitesse de rotation de 1 500 tr\/min et un couple de 35 Nm, avec un refroidissement efficace par air ou par eau.","robots":{"index":"index","follow":"follow","max-snippet":"max-snippet:-1","max-image-preview":"max-image-preview:large","max-video-preview":"max-video-preview:-1"},"canonical":"https:\/\/www.leili-motor.net\/fr\/moteur-a-flux-axial-de-55-kw.html","schema":{"@context":"https:\/\/schema.org","@graph":[{"@type":"WebPage","@id":"https:\/\/www.leili-motor.net\/fr\/moteur-a-flux-axial-de-55-kw.html","url":"https:\/\/www.leili-motor.net\/fr\/moteur-a-flux-axial-de-55-kw.html","name":"Moteur \u00e0 Flux Axial de 5,5 kW &#8211; Leili Motor","isPartOf":{"@id":"https:\/\/www.leili-motor.net\/fr\/#website"},"primaryImageOfPage":{"@id":"https:\/\/www.leili-motor.net\/fr\/moteur-a-flux-axial-de-55-kw.html#primaryimage"},"image":{"@id":"https:\/\/www.leili-motor.net\/fr\/moteur-a-flux-axial-de-55-kw.html#primaryimage"},"thumbnailUrl":"https:\/\/www.leili-motor.net\/wp-content\/uploads\/2025\/05\/7.5KW-Axial-Flux-Motors.jpg","datePublished":"2025-06-03T05:56:11+00:00","description":"Ce moteur compact \u00e0 flux axial de 5,5 kW offre un rendement de 93,5 %, une vitesse de rotation de 1 500 tr\/min et un couple de 35 Nm, avec un refroidissement efficace par air ou par eau.","breadcrumb":{"@id":"https:\/\/www.leili-motor.net\/fr\/moteur-a-flux-axial-de-55-kw.html#breadcrumb"},"inLanguage":"fr-FR","potentialAction":[{"@type":"ReadAction","target":["https:\/\/www.leili-motor.net\/fr\/moteur-a-flux-axial-de-55-kw.html"]}]},{"@type":"ImageObject","inLanguage":"fr-FR","@id":"https:\/\/www.leili-motor.net\/fr\/moteur-a-flux-axial-de-55-kw.html#primaryimage","url":"https:\/\/www.leili-motor.net\/wp-content\/uploads\/2025\/05\/7.5KW-Axial-Flux-Motors.jpg","contentUrl":"https:\/\/www.leili-motor.net\/wp-content\/uploads\/2025\/05\/7.5KW-Axial-Flux-Motors.jpg","width":454,"height":310,"caption":"Dimensions du ventilateur centrifuge \u00e0 inertie arri\u00e8re \u03a6175 EC"},{"@type":"BreadcrumbList","@id":"https:\/\/www.leili-motor.net\/fr\/moteur-a-flux-axial-de-55-kw.html#breadcrumb","itemListElement":[{"@type":"ListItem","position":1,"name":"Home","item":"https:\/\/www.leili-motor.net\/fr\/"},{"@type":"ListItem","position":2,"name":"Produits","item":"https:\/\/www.leili-motor.net\/fr\/produits\/"},{"@type":"ListItem","position":3,"name":"Moteur \u00e0 Flux Axial de 5,5 kW"}]},{"@type":"WebSite","@id":"https:\/\/www.leili-motor.net\/fr\/#website","url":"https:\/\/www.leili-motor.net\/fr\/","name":"Leili Motor","description":"","publisher":{"@id":"https:\/\/www.leili-motor.net\/fr\/#organization"},"potentialAction":[{"@type":"SearchAction","target":{"@type":"EntryPoint","urlTemplate":"https:\/\/www.leili-motor.net\/fr\/?s={search_term_string}"},"query-input":{"@type":"PropertyValueSpecification","valueRequired":true,"valueName":"search_term_string"}}],"inLanguage":"fr-FR"},{"@type":"Organization","@id":"https:\/\/www.leili-motor.net\/fr\/#organization","name":"Leili Motor","url":"https:\/\/www.leili-motor.net\/fr\/","logo":{"@type":"ImageObject","inLanguage":"fr-FR","@id":"https:\/\/www.leili-motor.net\/fr\/#\/schema\/logo\/image\/","url":"https:\/\/www.leili-motor.net\/wp-content\/uploads\/2025\/03\/Leili-Motor.png","contentUrl":"https:\/\/www.leili-motor.net\/wp-content\/uploads\/2025\/03\/Leili-Motor.png","width":600,"height":156,"caption":"Leili Motor"},"image":{"@id":"https:\/\/www.leili-motor.net\/fr\/#\/schema\/logo\/image\/"}}]}},"_links":{"self":[{"href":"https:\/\/www.leili-motor.net\/fr\/wp-json\/wp\/v2\/product\/11843","targetHints":{"allow":["GET"]}}],"collection":[{"href":"https:\/\/www.leili-motor.net\/fr\/wp-json\/wp\/v2\/product"}],"about":[{"href":"https:\/\/www.leili-motor.net\/fr\/wp-json\/wp\/v2\/types\/product"}],"replies":[{"embeddable":true,"href":"https:\/\/www.leili-motor.net\/fr\/wp-json\/wp\/v2\/comments?post=11843"}],"wp:featuredmedia":[{"embeddable":true,"href":"https:\/\/www.leili-motor.net\/fr\/wp-json\/wp\/v2\/media\/11594"}],"wp:attachment":[{"href":"https:\/\/www.leili-motor.net\/fr\/wp-json\/wp\/v2\/media?parent=11843"}],"wp:term":[{"taxonomy":"product_brand","embeddable":true,"href":"https:\/\/www.leili-motor.net\/fr\/wp-json\/wp\/v2\/product_brand?post=11843"},{"taxonomy":"product_cat","embeddable":true,"href":"https:\/\/www.leili-motor.net\/fr\/wp-json\/wp\/v2\/product_cat?post=11843"},{"taxonomy":"product_tag","embeddable":true,"href":"https:\/\/www.leili-motor.net\/fr\/wp-json\/wp\/v2\/product_tag?post=11843"}],"curies":[{"name":"wp","href":"https:\/\/api.w.org\/{rel}","templated":true}]}}