{"id":11850,"date":"2025-03-07T11:11:39","date_gmt":"2025-03-07T03:11:39","guid":{"rendered":"https:\/\/www.leili-motor.net\/moteur-de-phare-de-voiture-35by412\/"},"modified":"2025-03-07T11:11:39","modified_gmt":"2025-03-07T03:11:39","slug":"moteur-de-phare-de-voiture-35by412","status":"publish","type":"product","link":"https:\/\/www.leili-motor.net\/fr\/moteur-de-phare-de-voiture-35by412.html","title":{"rendered":"Moteur de phare de voiture 35BY412"},"content":{"rendered":"<h2>Param\u00e8tres du produit<\/h2>\n<table>\n<tbody>\n<tr>\n<td>Mod\u00e8le de moteur<\/td>\n<td>Angle de pas<\/td>\n<td>M\u00e9thode d&rsquo;excitation<\/td>\n<td>Mode d&rsquo;entra\u00eenement<\/td>\n<td>Tension<\/td>\n<td>Courant \/ phase<\/td>\n<td>R\u00e9sistance de bobine\/phase<\/td>\n<td>Couple d&rsquo;auto-positionnement<\/td>\n<td>Couple d&rsquo;auto-positionnement<\/td>\n<td>Couple de maintien<\/td>\n<td>Bruit<\/td>\n<td>Temp\u00e9rature de fonctionnement<\/td>\n<td>\u00c9paisseur du moteur<\/td>\n<\/tr>\n<tr>\n<td><\/td>\n<td>(\u00b0)<\/td>\n<td><\/td>\n<td><\/td>\n<td>(VDC)<\/td>\n<td>(mA)<\/td>\n<td>(\u03a9)<\/td>\n<td>(mN.m)<\/td>\n<td>(mN\u00b7m)<\/td>\n<td>(\u03a9)<\/td>\n<td>(A)<\/td>\n<td>(\u2103)<\/td>\n<td>(mm)<\/td>\n<\/tr>\n<tr>\n<td>35BY412M-260<\/td>\n<td rowspan=\"2\">7.5<\/td>\n<td>2-2<\/td>\n<td rowspan=\"2\">Bipolaire<\/td>\n<td>12<\/td>\n<td>0.5<\/td>\n<td>9.5<\/td>\n<td>\u2265 2.744<\/td>\n<td>\u2265 34.3<\/td>\n<td>CA 500 [V]<\/td>\n<td>\u2264 50<\/td>\n<td rowspan=\"2\">-10 \uff5e 50<\/td>\n<td>15<\/td>\n<\/tr>\n<tr>\n<td>35BY412S-264<\/td>\n<td>Phase<\/td>\n<td>14<\/td>\n<td>0.216<\/td>\n<td>18.2<\/td>\n<td>2,94 (R\u00c9F)<\/td>\n<td>\u2265 10.8<\/td>\n<td>1 [min]<\/td>\n<td>(Absence de bruit anormal)<\/td>\n<td>8<\/td>\n<\/tr>\n<\/tbody>\n<\/table>\n<h2>Dimensions m\u00e9caniques : mm<\/h2>\n<p><img fetchpriority=\"high\" decoding=\"async\" class=\"size-full wp-image-1203 aligncenter\" src=\"https:\/\/www.leili-motor.net\/wp-content\/uploads\/2025\/03\/Car-headlight-motor-35BY412-dimensions.webp\" alt=\"Dimensions du moteur de phare automobile 35BY412\" width=\"759\" height=\"627\" srcset=\"https:\/\/www.leili-motor.net\/wp-content\/uploads\/2025\/03\/Car-headlight-motor-35BY412-dimensions.webp 759w, https:\/\/www.leili-motor.net\/wp-content\/uploads\/2025\/03\/Car-headlight-motor-35BY412-dimensions-300x248.webp 300w, https:\/\/www.leili-motor.net\/wp-content\/uploads\/2025\/03\/Car-headlight-motor-35BY412-dimensions-600x496.webp 600w\" sizes=\"(max-width: 759px) 100vw, 759px\" \/><\/p>\n","protected":false},"excerpt":{"rendered":"<h3>Pr\u00e9sentation du produit<\/h3>\n<ul>\n<li>Mod\u00e8le : 35BY412<\/li>\n<li>Offre un angle de pas de 7,5\u00b0, un couple de maintien \u2265 34,3 mN\u00b7m et un fonctionnement sous 12 V CC.<\/li>\n<li>Conception compacte avec une \u00e9paisseur de moteur de 15 mm et une temp\u00e9rature de fonctionnement de -10 \u00b0C \u00e0 50 \u00b0C.<\/li>\n<\/ul>\n<h3>Application du produit<\/h3>\n<ul>\n<li>Voiture : Feux de voiture<\/li>\n<\/ul>\n","protected":false},"featured_media":11851,"comment_status":"open","ping_status":"closed","template":"","meta":{"site-sidebar-layout":"default","site-content-layout":"","ast-site-content-layout":"default","site-content-style":"default","site-sidebar-style":"default","ast-global-header-display":"","ast-banner-title-visibility":"","ast-main-header-display":"","ast-hfb-above-header-display":"","ast-hfb-below-header-display":"","ast-hfb-mobile-header-display":"","site-post-title":"","ast-breadcrumbs-content":"","ast-featured-img":"","footer-sml-layout":"","theme-transparent-header-meta":"default","adv-header-id-meta":"","stick-header-meta":"","header-above-stick-meta":"","header-main-stick-meta":"","header-below-stick-meta":"","astra-migrate-meta-layouts":"default","ast-page-background-enabled":"default","ast-page-background-meta":{"desktop":{"background-color":"var(--ast-global-color-5)","background-image":"","background-repeat":"repeat","background-position":"center center","background-size":"auto","background-attachment":"scroll","background-type":"","background-media":"","overlay-type":"","overlay-color":"","overlay-opacity":"","overlay-gradient":""},"tablet":{"background-color":"","background-image":"","background-repeat":"repeat","background-position":"center center","background-size":"auto","background-attachment":"scroll","background-type":"","background-media":"","overlay-type":"","overlay-color":"","overlay-opacity":"","overlay-gradient":""},"mobile":{"background-color":"","background-image":"","background-repeat":"repeat","background-position":"center center","background-size":"auto","background-attachment":"scroll","background-type":"","background-media":"","overlay-type":"","overlay-color":"","overlay-opacity":"","overlay-gradient":""}},"ast-content-background-meta":{"desktop":{"background-color":"var(--ast-global-color-4)","background-image":"","background-repeat":"repeat","background-position":"center center","background-size":"auto","background-attachment":"scroll","background-type":"","background-media":"","overlay-type":"","overlay-color":"","overlay-opacity":"","overlay-gradient":""},"tablet":{"background-color":"var(--ast-global-color-4)","background-image":"","background-repeat":"repeat","background-position":"center center","background-size":"auto","background-attachment":"scroll","background-type":"","background-media":"","overlay-type":"","overlay-color":"","overlay-opacity":"","overlay-gradient":""},"mobile":{"background-color":"var(--ast-global-color-4)","background-image":"","background-repeat":"repeat","background-position":"center center","background-size":"auto","background-attachment":"scroll","background-type":"","background-media":"","overlay-type":"","overlay-color":"","overlay-opacity":"","overlay-gradient":""}}},"product_brand":[],"product_cat":[1210,1278],"product_tag":[1254],"class_list":{"0":"post-11850","1":"product","2":"type-product","3":"status-publish","4":"has-post-thumbnail","6":"product_cat-moteur-pas-a-pas","7":"product_cat-moteur-a-courant-continu-a-aimant-permanent","8":"product_tag-controle-du-corps-direction-legere","9":"pa_application-pieces-detachees-automobiles","10":"desktop-align-left","11":"tablet-align-left","12":"mobile-align-left","14":"first","15":"instock","16":"shipping-taxable","17":"product-type-simple"},"yoast_head":"<!-- This site is optimized with the Yoast SEO plugin v27.2 - https:\/\/yoast.com\/product\/yoast-seo-wordpress\/ -->\n<title>Moteur pas \u00e0 pas \u00e0 aimant permanent 35BY412 pour phares de voiture &#8211; Leili Motor<\/title>\n<meta name=\"description\" content=\"Le moteur pas \u00e0 pas \u00e0 aimant permanent 35BY412 pr\u00e9sente un angle de pas de 7,5\u00b0, une tension de 12 V, un couple de maintien \u2265 34,3 mN\u00b7m et une \u00e9paisseur de 15 mm.\" \/>\n<meta name=\"robots\" content=\"index, follow, max-snippet:-1, max-image-preview:large, max-video-preview:-1\" \/>\n<link rel=\"canonical\" href=\"https:\/\/www.leili-motor.net\/fr\/moteur-de-phare-de-voiture-35by412.html\" \/>\n<script type=\"application\/ld+json\" class=\"yoast-schema-graph\">{\"@context\":\"https:\/\/schema.org\",\"@graph\":[{\"@type\":\"WebPage\",\"@id\":\"https:\/\/www.leili-motor.net\/fr\/moteur-de-phare-de-voiture-35by412.html\",\"url\":\"https:\/\/www.leili-motor.net\/fr\/moteur-de-phare-de-voiture-35by412.html\",\"name\":\"Moteur pas \u00e0 pas \u00e0 aimant permanent 35BY412 pour phares de voiture &#8211; Leili Motor\",\"isPartOf\":{\"@id\":\"https:\/\/www.leili-motor.net\/fr\/#website\"},\"primaryImageOfPage\":{\"@id\":\"https:\/\/www.leili-motor.net\/fr\/moteur-de-phare-de-voiture-35by412.html#primaryimage\"},\"image\":{\"@id\":\"https:\/\/www.leili-motor.net\/fr\/moteur-de-phare-de-voiture-35by412.html#primaryimage\"},\"thumbnailUrl\":\"https:\/\/www.leili-motor.net\/wp-content\/uploads\/2025\/03\/Car-headlight-motor-35BY412.webp\",\"datePublished\":\"2025-03-07T03:11:39+00:00\",\"description\":\"Le moteur pas \u00e0 pas \u00e0 aimant permanent 35BY412 pr\u00e9sente un angle de pas de 7,5\u00b0, une tension de 12 V, un couple de maintien \u2265 34,3 mN\u00b7m et une \u00e9paisseur de 15 mm.\",\"breadcrumb\":{\"@id\":\"https:\/\/www.leili-motor.net\/fr\/moteur-de-phare-de-voiture-35by412.html#breadcrumb\"},\"inLanguage\":\"fr-FR\",\"potentialAction\":[{\"@type\":\"ReadAction\",\"target\":[\"https:\/\/www.leili-motor.net\/fr\/moteur-de-phare-de-voiture-35by412.html\"]}]},{\"@type\":\"ImageObject\",\"inLanguage\":\"fr-FR\",\"@id\":\"https:\/\/www.leili-motor.net\/fr\/moteur-de-phare-de-voiture-35by412.html#primaryimage\",\"url\":\"https:\/\/www.leili-motor.net\/wp-content\/uploads\/2025\/03\/Car-headlight-motor-35BY412.webp\",\"contentUrl\":\"https:\/\/www.leili-motor.net\/wp-content\/uploads\/2025\/03\/Car-headlight-motor-35BY412.webp\",\"width\":454,\"height\":310,\"caption\":\"Moteur de phare de voiture 35BY412\"},{\"@type\":\"BreadcrumbList\",\"@id\":\"https:\/\/www.leili-motor.net\/fr\/moteur-de-phare-de-voiture-35by412.html#breadcrumb\",\"itemListElement\":[{\"@type\":\"ListItem\",\"position\":1,\"name\":\"Home\",\"item\":\"https:\/\/www.leili-motor.net\/fr\/\"},{\"@type\":\"ListItem\",\"position\":2,\"name\":\"Produits\",\"item\":\"https:\/\/www.leili-motor.net\/fr\/produits\/\"},{\"@type\":\"ListItem\",\"position\":3,\"name\":\"Moteur de phare de voiture 35BY412\"}]},{\"@type\":\"WebSite\",\"@id\":\"https:\/\/www.leili-motor.net\/fr\/#website\",\"url\":\"https:\/\/www.leili-motor.net\/fr\/\",\"name\":\"Leili Motor\",\"description\":\"\",\"publisher\":{\"@id\":\"https:\/\/www.leili-motor.net\/fr\/#organization\"},\"potentialAction\":[{\"@type\":\"SearchAction\",\"target\":{\"@type\":\"EntryPoint\",\"urlTemplate\":\"https:\/\/www.leili-motor.net\/fr\/?s={search_term_string}\"},\"query-input\":{\"@type\":\"PropertyValueSpecification\",\"valueRequired\":true,\"valueName\":\"search_term_string\"}}],\"inLanguage\":\"fr-FR\"},{\"@type\":\"Organization\",\"@id\":\"https:\/\/www.leili-motor.net\/fr\/#organization\",\"name\":\"Leili Motor\",\"url\":\"https:\/\/www.leili-motor.net\/fr\/\",\"logo\":{\"@type\":\"ImageObject\",\"inLanguage\":\"fr-FR\",\"@id\":\"https:\/\/www.leili-motor.net\/fr\/#\/schema\/logo\/image\/\",\"url\":\"https:\/\/www.leili-motor.net\/wp-content\/uploads\/2025\/03\/Leili-Motor.png\",\"contentUrl\":\"https:\/\/www.leili-motor.net\/wp-content\/uploads\/2025\/03\/Leili-Motor.png\",\"width\":600,\"height\":156,\"caption\":\"Leili Motor\"},\"image\":{\"@id\":\"https:\/\/www.leili-motor.net\/fr\/#\/schema\/logo\/image\/\"}}]}<\/script>\n<!-- \/ Yoast SEO plugin. -->","yoast_head_json":{"title":"Moteur pas \u00e0 pas \u00e0 aimant permanent 35BY412 pour phares de voiture &#8211; Leili Motor","description":"Le moteur pas \u00e0 pas \u00e0 aimant permanent 35BY412 pr\u00e9sente un angle de pas de 7,5\u00b0, une tension de 12 V, un couple de maintien \u2265 34,3 mN\u00b7m et une \u00e9paisseur de 15 mm.","robots":{"index":"index","follow":"follow","max-snippet":"max-snippet:-1","max-image-preview":"max-image-preview:large","max-video-preview":"max-video-preview:-1"},"canonical":"https:\/\/www.leili-motor.net\/fr\/moteur-de-phare-de-voiture-35by412.html","schema":{"@context":"https:\/\/schema.org","@graph":[{"@type":"WebPage","@id":"https:\/\/www.leili-motor.net\/fr\/moteur-de-phare-de-voiture-35by412.html","url":"https:\/\/www.leili-motor.net\/fr\/moteur-de-phare-de-voiture-35by412.html","name":"Moteur pas \u00e0 pas \u00e0 aimant permanent 35BY412 pour phares de voiture &#8211; Leili Motor","isPartOf":{"@id":"https:\/\/www.leili-motor.net\/fr\/#website"},"primaryImageOfPage":{"@id":"https:\/\/www.leili-motor.net\/fr\/moteur-de-phare-de-voiture-35by412.html#primaryimage"},"image":{"@id":"https:\/\/www.leili-motor.net\/fr\/moteur-de-phare-de-voiture-35by412.html#primaryimage"},"thumbnailUrl":"https:\/\/www.leili-motor.net\/wp-content\/uploads\/2025\/03\/Car-headlight-motor-35BY412.webp","datePublished":"2025-03-07T03:11:39+00:00","description":"Le moteur pas \u00e0 pas \u00e0 aimant permanent 35BY412 pr\u00e9sente un angle de pas de 7,5\u00b0, une tension de 12 V, un couple de maintien \u2265 34,3 mN\u00b7m et une \u00e9paisseur de 15 mm.","breadcrumb":{"@id":"https:\/\/www.leili-motor.net\/fr\/moteur-de-phare-de-voiture-35by412.html#breadcrumb"},"inLanguage":"fr-FR","potentialAction":[{"@type":"ReadAction","target":["https:\/\/www.leili-motor.net\/fr\/moteur-de-phare-de-voiture-35by412.html"]}]},{"@type":"ImageObject","inLanguage":"fr-FR","@id":"https:\/\/www.leili-motor.net\/fr\/moteur-de-phare-de-voiture-35by412.html#primaryimage","url":"https:\/\/www.leili-motor.net\/wp-content\/uploads\/2025\/03\/Car-headlight-motor-35BY412.webp","contentUrl":"https:\/\/www.leili-motor.net\/wp-content\/uploads\/2025\/03\/Car-headlight-motor-35BY412.webp","width":454,"height":310,"caption":"Moteur de phare de voiture 35BY412"},{"@type":"BreadcrumbList","@id":"https:\/\/www.leili-motor.net\/fr\/moteur-de-phare-de-voiture-35by412.html#breadcrumb","itemListElement":[{"@type":"ListItem","position":1,"name":"Home","item":"https:\/\/www.leili-motor.net\/fr\/"},{"@type":"ListItem","position":2,"name":"Produits","item":"https:\/\/www.leili-motor.net\/fr\/produits\/"},{"@type":"ListItem","position":3,"name":"Moteur de phare de voiture 35BY412"}]},{"@type":"WebSite","@id":"https:\/\/www.leili-motor.net\/fr\/#website","url":"https:\/\/www.leili-motor.net\/fr\/","name":"Leili Motor","description":"","publisher":{"@id":"https:\/\/www.leili-motor.net\/fr\/#organization"},"potentialAction":[{"@type":"SearchAction","target":{"@type":"EntryPoint","urlTemplate":"https:\/\/www.leili-motor.net\/fr\/?s={search_term_string}"},"query-input":{"@type":"PropertyValueSpecification","valueRequired":true,"valueName":"search_term_string"}}],"inLanguage":"fr-FR"},{"@type":"Organization","@id":"https:\/\/www.leili-motor.net\/fr\/#organization","name":"Leili Motor","url":"https:\/\/www.leili-motor.net\/fr\/","logo":{"@type":"ImageObject","inLanguage":"fr-FR","@id":"https:\/\/www.leili-motor.net\/fr\/#\/schema\/logo\/image\/","url":"https:\/\/www.leili-motor.net\/wp-content\/uploads\/2025\/03\/Leili-Motor.png","contentUrl":"https:\/\/www.leili-motor.net\/wp-content\/uploads\/2025\/03\/Leili-Motor.png","width":600,"height":156,"caption":"Leili Motor"},"image":{"@id":"https:\/\/www.leili-motor.net\/fr\/#\/schema\/logo\/image\/"}}]}},"_links":{"self":[{"href":"https:\/\/www.leili-motor.net\/fr\/wp-json\/wp\/v2\/product\/11850","targetHints":{"allow":["GET"]}}],"collection":[{"href":"https:\/\/www.leili-motor.net\/fr\/wp-json\/wp\/v2\/product"}],"about":[{"href":"https:\/\/www.leili-motor.net\/fr\/wp-json\/wp\/v2\/types\/product"}],"replies":[{"embeddable":true,"href":"https:\/\/www.leili-motor.net\/fr\/wp-json\/wp\/v2\/comments?post=11850"}],"wp:featuredmedia":[{"embeddable":true,"href":"https:\/\/www.leili-motor.net\/fr\/wp-json\/wp\/v2\/media\/11851"}],"wp:attachment":[{"href":"https:\/\/www.leili-motor.net\/fr\/wp-json\/wp\/v2\/media?parent=11850"}],"wp:term":[{"taxonomy":"product_brand","embeddable":true,"href":"https:\/\/www.leili-motor.net\/fr\/wp-json\/wp\/v2\/product_brand?post=11850"},{"taxonomy":"product_cat","embeddable":true,"href":"https:\/\/www.leili-motor.net\/fr\/wp-json\/wp\/v2\/product_cat?post=11850"},{"taxonomy":"product_tag","embeddable":true,"href":"https:\/\/www.leili-motor.net\/fr\/wp-json\/wp\/v2\/product_tag?post=11850"}],"curies":[{"name":"wp","href":"https:\/\/api.w.org\/{rel}","templated":true}]}}