{"id":12009,"date":"2025-03-13T10:49:46","date_gmt":"2025-03-13T02:49:46","guid":{"rendered":"https:\/\/www.leili-motor.net\/moteur-a-courant-continu-a-aimant-permanent-50sm25-2\/"},"modified":"2025-06-09T15:50:45","modified_gmt":"2025-06-09T07:50:45","slug":"moteur-a-courant-continu-a-aimant-permanent-50sm25-2","status":"publish","type":"product","link":"https:\/\/www.leili-motor.net\/fr\/moteur-a-courant-continu-a-aimant-permanent-50sm25-2.html","title":{"rendered":"Moteur Synchrone Aimant Permanent 50SM25-2"},"content":{"rendered":"<h2>Param\u00e8tres du produit<\/h2>\n<table>\n<tbody>\n<tr>\n<td>Mod\u00e8le<\/td>\n<td>Tension nominale<\/td>\n<td>Fr\u00e9quence<\/td>\n<td>RPM<\/td>\n<td>Actuel<\/td>\n<td>Puissance<\/td>\n<td>Couple de sortie<\/td>\n<td>Tension de d\u00e9marrage<\/td>\n<td>Temp\u00e9rature<\/td>\n<td>Bruit<\/td>\n<td>Niveau d&rsquo;isolation<\/td>\n<\/tr>\n<tr>\n<td><\/td>\n<td>\uff08V\uff09<\/td>\n<td>(Hz)<\/td>\n<td>(RPM)<\/td>\n<td>\uff08mA)<\/td>\n<td>(W)<\/td>\n<td>(kgf,cm)<\/td>\n<td>\uff08V\uff09<\/td>\n<td>(K)<\/td>\n<td>(A)<\/td>\n<td><\/td>\n<\/tr>\n<tr>\n<td rowspan=\"4\">50SM25-2<\/td>\n<td>115<\/td>\n<td>60<\/td>\n<td>2.656<\/td>\n<td>\u226460<\/td>\n<td>\u22643<\/td>\n<td>\u22650.30<\/td>\n<td>\u226490<\/td>\n<td>\u226460<\/td>\n<td>\u226440<\/td>\n<td rowspan=\"4\">A<\/td>\n<\/tr>\n<tr>\n<td>115<\/td>\n<td>60<\/td>\n<td>3<\/td>\n<td>\u226460<\/td>\n<td>\u22643<\/td>\n<td>\u22650.30<\/td>\n<td>\u226490<\/td>\n<td>\u226460<\/td>\n<td>\u226440<\/td>\n<\/tr>\n<tr>\n<td>115<\/td>\n<td>60<\/td>\n<td>4.5<\/td>\n<td>\u226460<\/td>\n<td>\u22643<\/td>\n<td>\u22650.30<\/td>\n<td>\u226490<\/td>\n<td>\u226460<\/td>\n<td>\u226440<\/td>\n<\/tr>\n<tr>\n<td>115<\/td>\n<td>60<\/td>\n<td>9<\/td>\n<td>\u226460<\/td>\n<td>\u22643<\/td>\n<td>\u22650.30<\/td>\n<td>\u226490<\/td>\n<td>\u226460<\/td>\n<td>\u22644<\/td>\n<\/tr>\n<\/tbody>\n<\/table>\n<h2>Dimensions m\u00e9caniques : mm<\/h2>\n<p><img fetchpriority=\"high\" decoding=\"async\" class=\"size-full wp-image-2683 aligncenter\" src=\"https:\/\/www.leili-motor.net\/wp-content\/uploads\/2025\/03\/50SM25-2-Permanent-Magnet-Synchronous-Motor-Dimensions.webp\" alt=\"Dimensions du moteur synchrone \u00e0 aimant permanent 50SM25-2\" width=\"759\" height=\"473\" srcset=\"https:\/\/www.leili-motor.net\/wp-content\/uploads\/2025\/03\/50SM25-2-Permanent-Magnet-Synchronous-Motor-Dimensions.webp 759w, https:\/\/www.leili-motor.net\/wp-content\/uploads\/2025\/03\/50SM25-2-Permanent-Magnet-Synchronous-Motor-Dimensions-300x187.webp 300w, https:\/\/www.leili-motor.net\/wp-content\/uploads\/2025\/03\/50SM25-2-Permanent-Magnet-Synchronous-Motor-Dimensions-600x374.webp 600w\" sizes=\"(max-width: 759px) 100vw, 759px\" \/><\/p>\n","protected":false},"excerpt":{"rendered":"<h3>Pr\u00e9sentation du produit<\/h3>\n<ul>\n<li>Mod\u00e8le : 50SM25-2<\/li>\n<li>Fonctionne \u00e0 115 V (60 Hz) avec une puissance \u2264 3 W et un couple \u2265 0,30 kgf\u00b7cm.<\/li>\n<li>Maintient une augmentation de temp\u00e9rature \u2264 60 K, un niveau de bruit \u2264 40 A et fonctionne \u00e0 une tension de d\u00e9marrage \u2264 90 V.<\/li>\n<\/ul>\n<h3>Application du produit<\/h3>\n<ul>\n<li>Appareils \u00e9lectrom\u00e9nagers : Climatisation<\/li>\n<li>Industrie : Contr\u00f4le de vannes, minuterie<\/li>\n<\/ul>\n","protected":false},"featured_media":12010,"comment_status":"open","ping_status":"closed","template":"","meta":{"site-sidebar-layout":"default","site-content-layout":"","ast-site-content-layout":"default","site-content-style":"default","site-sidebar-style":"default","ast-global-header-display":"","ast-banner-title-visibility":"","ast-main-header-display":"","ast-hfb-above-header-display":"","ast-hfb-below-header-display":"","ast-hfb-mobile-header-display":"","site-post-title":"","ast-breadcrumbs-content":"","ast-featured-img":"","footer-sml-layout":"","theme-transparent-header-meta":"default","adv-header-id-meta":"","stick-header-meta":"","header-above-stick-meta":"","header-main-stick-meta":"","header-below-stick-meta":"","astra-migrate-meta-layouts":"default","ast-page-background-enabled":"default","ast-page-background-meta":{"desktop":{"background-color":"var(--ast-global-color-5)","background-image":"","background-repeat":"repeat","background-position":"center center","background-size":"auto","background-attachment":"scroll","background-type":"","background-media":"","overlay-type":"","overlay-color":"","overlay-opacity":"","overlay-gradient":""},"tablet":{"background-color":"","background-image":"","background-repeat":"repeat","background-position":"center center","background-size":"auto","background-attachment":"scroll","background-type":"","background-media":"","overlay-type":"","overlay-color":"","overlay-opacity":"","overlay-gradient":""},"mobile":{"background-color":"","background-image":"","background-repeat":"repeat","background-position":"center center","background-size":"auto","background-attachment":"scroll","background-type":"","background-media":"","overlay-type":"","overlay-color":"","overlay-opacity":"","overlay-gradient":""}},"ast-content-background-meta":{"desktop":{"background-color":"var(--ast-global-color-4)","background-image":"","background-repeat":"repeat","background-position":"center center","background-size":"auto","background-attachment":"scroll","background-type":"","background-media":"","overlay-type":"","overlay-color":"","overlay-opacity":"","overlay-gradient":""},"tablet":{"background-color":"var(--ast-global-color-4)","background-image":"","background-repeat":"repeat","background-position":"center center","background-size":"auto","background-attachment":"scroll","background-type":"","background-media":"","overlay-type":"","overlay-color":"","overlay-opacity":"","overlay-gradient":""},"mobile":{"background-color":"var(--ast-global-color-4)","background-image":"","background-repeat":"repeat","background-position":"center center","background-size":"auto","background-attachment":"scroll","background-type":"","background-media":"","overlay-type":"","overlay-color":"","overlay-opacity":"","overlay-gradient":""}}},"product_brand":[],"product_cat":[1271,1306],"product_tag":[],"class_list":{"0":"post-12009","1":"product","2":"type-product","3":"status-publish","4":"has-post-thumbnail","6":"product_cat-moteur-a-haut-rendement","7":"product_cat-moteur-synchrone-aimant-permanent","8":"pa_application-appareil-electromenager","9":"pa_application-industrie-fr","10":"pa_sm-dimension-diameter-50-fr","11":"desktop-align-left","12":"tablet-align-left","13":"mobile-align-left","15":"first","16":"instock","17":"shipping-taxable","18":"product-type-simple"},"yoast_head":"<!-- This site is optimized with the Yoast SEO plugin v27.2 - https:\/\/yoast.com\/product\/yoast-seo-wordpress\/ -->\n<title>Moteur Synchrone Aimant Permanent 50SM25-2 &#8211; Leili Motor<\/title>\n<meta name=\"description\" content=\"Le moteur PMSM 50SM25-2 fonctionne \u00e0 115 V (60 Hz), d\u00e9livrant 2,656 \u00e0 4,5 tr\/min, un couple \u2265 0,30 kgf\u00b7cm, avec une puissance \u2264 3 W et une \u00e9l\u00e9vation de temp\u00e9rature \u2264 60 K.\" \/>\n<meta name=\"robots\" content=\"index, follow, max-snippet:-1, max-image-preview:large, max-video-preview:-1\" \/>\n<link rel=\"canonical\" href=\"https:\/\/www.leili-motor.net\/fr\/moteur-a-courant-continu-a-aimant-permanent-50sm25-2.html\" \/>\n<script type=\"application\/ld+json\" class=\"yoast-schema-graph\">{\"@context\":\"https:\/\/schema.org\",\"@graph\":[{\"@type\":\"WebPage\",\"@id\":\"https:\/\/www.leili-motor.net\/fr\/moteur-a-courant-continu-a-aimant-permanent-50sm25-2.html\",\"url\":\"https:\/\/www.leili-motor.net\/fr\/moteur-a-courant-continu-a-aimant-permanent-50sm25-2.html\",\"name\":\"Moteur Synchrone Aimant Permanent 50SM25-2 &#8211; Leili Motor\",\"isPartOf\":{\"@id\":\"https:\/\/www.leili-motor.net\/fr\/#website\"},\"primaryImageOfPage\":{\"@id\":\"https:\/\/www.leili-motor.net\/fr\/moteur-a-courant-continu-a-aimant-permanent-50sm25-2.html#primaryimage\"},\"image\":{\"@id\":\"https:\/\/www.leili-motor.net\/fr\/moteur-a-courant-continu-a-aimant-permanent-50sm25-2.html#primaryimage\"},\"thumbnailUrl\":\"https:\/\/www.leili-motor.net\/wp-content\/uploads\/2025\/03\/50SM25-2-Permanent-Magnet-Synchronous-Motor.webp\",\"datePublished\":\"2025-03-13T02:49:46+00:00\",\"dateModified\":\"2025-06-09T07:50:45+00:00\",\"description\":\"Le moteur PMSM 50SM25-2 fonctionne \u00e0 115 V (60 Hz), d\u00e9livrant 2,656 \u00e0 4,5 tr\/min, un couple \u2265 0,30 kgf\u00b7cm, avec une puissance \u2264 3 W et une \u00e9l\u00e9vation de temp\u00e9rature \u2264 60 K.\",\"breadcrumb\":{\"@id\":\"https:\/\/www.leili-motor.net\/fr\/moteur-a-courant-continu-a-aimant-permanent-50sm25-2.html#breadcrumb\"},\"inLanguage\":\"fr-FR\",\"potentialAction\":[{\"@type\":\"ReadAction\",\"target\":[\"https:\/\/www.leili-motor.net\/fr\/moteur-a-courant-continu-a-aimant-permanent-50sm25-2.html\"]}]},{\"@type\":\"ImageObject\",\"inLanguage\":\"fr-FR\",\"@id\":\"https:\/\/www.leili-motor.net\/fr\/moteur-a-courant-continu-a-aimant-permanent-50sm25-2.html#primaryimage\",\"url\":\"https:\/\/www.leili-motor.net\/wp-content\/uploads\/2025\/03\/50SM25-2-Permanent-Magnet-Synchronous-Motor.webp\",\"contentUrl\":\"https:\/\/www.leili-motor.net\/wp-content\/uploads\/2025\/03\/50SM25-2-Permanent-Magnet-Synchronous-Motor.webp\",\"width\":454,\"height\":310,\"caption\":\"Moteur synchrone \u00e0 aimant permanent 50SM25-2\"},{\"@type\":\"BreadcrumbList\",\"@id\":\"https:\/\/www.leili-motor.net\/fr\/moteur-a-courant-continu-a-aimant-permanent-50sm25-2.html#breadcrumb\",\"itemListElement\":[{\"@type\":\"ListItem\",\"position\":1,\"name\":\"Home\",\"item\":\"https:\/\/www.leili-motor.net\/fr\/\"},{\"@type\":\"ListItem\",\"position\":2,\"name\":\"Produits\",\"item\":\"https:\/\/www.leili-motor.net\/fr\/produits\/\"},{\"@type\":\"ListItem\",\"position\":3,\"name\":\"Moteur Synchrone Aimant Permanent 50SM25-2\"}]},{\"@type\":\"WebSite\",\"@id\":\"https:\/\/www.leili-motor.net\/fr\/#website\",\"url\":\"https:\/\/www.leili-motor.net\/fr\/\",\"name\":\"Leili Motor\",\"description\":\"\",\"publisher\":{\"@id\":\"https:\/\/www.leili-motor.net\/fr\/#organization\"},\"potentialAction\":[{\"@type\":\"SearchAction\",\"target\":{\"@type\":\"EntryPoint\",\"urlTemplate\":\"https:\/\/www.leili-motor.net\/fr\/?s={search_term_string}\"},\"query-input\":{\"@type\":\"PropertyValueSpecification\",\"valueRequired\":true,\"valueName\":\"search_term_string\"}}],\"inLanguage\":\"fr-FR\"},{\"@type\":\"Organization\",\"@id\":\"https:\/\/www.leili-motor.net\/fr\/#organization\",\"name\":\"Leili Motor\",\"url\":\"https:\/\/www.leili-motor.net\/fr\/\",\"logo\":{\"@type\":\"ImageObject\",\"inLanguage\":\"fr-FR\",\"@id\":\"https:\/\/www.leili-motor.net\/fr\/#\/schema\/logo\/image\/\",\"url\":\"https:\/\/www.leili-motor.net\/wp-content\/uploads\/2025\/03\/Leili-Motor.png\",\"contentUrl\":\"https:\/\/www.leili-motor.net\/wp-content\/uploads\/2025\/03\/Leili-Motor.png\",\"width\":600,\"height\":156,\"caption\":\"Leili Motor\"},\"image\":{\"@id\":\"https:\/\/www.leili-motor.net\/fr\/#\/schema\/logo\/image\/\"}}]}<\/script>\n<!-- \/ Yoast SEO plugin. -->","yoast_head_json":{"title":"Moteur Synchrone Aimant Permanent 50SM25-2 &#8211; Leili Motor","description":"Le moteur PMSM 50SM25-2 fonctionne \u00e0 115 V (60 Hz), d\u00e9livrant 2,656 \u00e0 4,5 tr\/min, un couple \u2265 0,30 kgf\u00b7cm, avec une puissance \u2264 3 W et une \u00e9l\u00e9vation de temp\u00e9rature \u2264 60 K.","robots":{"index":"index","follow":"follow","max-snippet":"max-snippet:-1","max-image-preview":"max-image-preview:large","max-video-preview":"max-video-preview:-1"},"canonical":"https:\/\/www.leili-motor.net\/fr\/moteur-a-courant-continu-a-aimant-permanent-50sm25-2.html","schema":{"@context":"https:\/\/schema.org","@graph":[{"@type":"WebPage","@id":"https:\/\/www.leili-motor.net\/fr\/moteur-a-courant-continu-a-aimant-permanent-50sm25-2.html","url":"https:\/\/www.leili-motor.net\/fr\/moteur-a-courant-continu-a-aimant-permanent-50sm25-2.html","name":"Moteur Synchrone Aimant Permanent 50SM25-2 &#8211; Leili Motor","isPartOf":{"@id":"https:\/\/www.leili-motor.net\/fr\/#website"},"primaryImageOfPage":{"@id":"https:\/\/www.leili-motor.net\/fr\/moteur-a-courant-continu-a-aimant-permanent-50sm25-2.html#primaryimage"},"image":{"@id":"https:\/\/www.leili-motor.net\/fr\/moteur-a-courant-continu-a-aimant-permanent-50sm25-2.html#primaryimage"},"thumbnailUrl":"https:\/\/www.leili-motor.net\/wp-content\/uploads\/2025\/03\/50SM25-2-Permanent-Magnet-Synchronous-Motor.webp","datePublished":"2025-03-13T02:49:46+00:00","dateModified":"2025-06-09T07:50:45+00:00","description":"Le moteur PMSM 50SM25-2 fonctionne \u00e0 115 V (60 Hz), d\u00e9livrant 2,656 \u00e0 4,5 tr\/min, un couple \u2265 0,30 kgf\u00b7cm, avec une puissance \u2264 3 W et une \u00e9l\u00e9vation de temp\u00e9rature \u2264 60 K.","breadcrumb":{"@id":"https:\/\/www.leili-motor.net\/fr\/moteur-a-courant-continu-a-aimant-permanent-50sm25-2.html#breadcrumb"},"inLanguage":"fr-FR","potentialAction":[{"@type":"ReadAction","target":["https:\/\/www.leili-motor.net\/fr\/moteur-a-courant-continu-a-aimant-permanent-50sm25-2.html"]}]},{"@type":"ImageObject","inLanguage":"fr-FR","@id":"https:\/\/www.leili-motor.net\/fr\/moteur-a-courant-continu-a-aimant-permanent-50sm25-2.html#primaryimage","url":"https:\/\/www.leili-motor.net\/wp-content\/uploads\/2025\/03\/50SM25-2-Permanent-Magnet-Synchronous-Motor.webp","contentUrl":"https:\/\/www.leili-motor.net\/wp-content\/uploads\/2025\/03\/50SM25-2-Permanent-Magnet-Synchronous-Motor.webp","width":454,"height":310,"caption":"Moteur synchrone \u00e0 aimant permanent 50SM25-2"},{"@type":"BreadcrumbList","@id":"https:\/\/www.leili-motor.net\/fr\/moteur-a-courant-continu-a-aimant-permanent-50sm25-2.html#breadcrumb","itemListElement":[{"@type":"ListItem","position":1,"name":"Home","item":"https:\/\/www.leili-motor.net\/fr\/"},{"@type":"ListItem","position":2,"name":"Produits","item":"https:\/\/www.leili-motor.net\/fr\/produits\/"},{"@type":"ListItem","position":3,"name":"Moteur Synchrone Aimant Permanent 50SM25-2"}]},{"@type":"WebSite","@id":"https:\/\/www.leili-motor.net\/fr\/#website","url":"https:\/\/www.leili-motor.net\/fr\/","name":"Leili Motor","description":"","publisher":{"@id":"https:\/\/www.leili-motor.net\/fr\/#organization"},"potentialAction":[{"@type":"SearchAction","target":{"@type":"EntryPoint","urlTemplate":"https:\/\/www.leili-motor.net\/fr\/?s={search_term_string}"},"query-input":{"@type":"PropertyValueSpecification","valueRequired":true,"valueName":"search_term_string"}}],"inLanguage":"fr-FR"},{"@type":"Organization","@id":"https:\/\/www.leili-motor.net\/fr\/#organization","name":"Leili Motor","url":"https:\/\/www.leili-motor.net\/fr\/","logo":{"@type":"ImageObject","inLanguage":"fr-FR","@id":"https:\/\/www.leili-motor.net\/fr\/#\/schema\/logo\/image\/","url":"https:\/\/www.leili-motor.net\/wp-content\/uploads\/2025\/03\/Leili-Motor.png","contentUrl":"https:\/\/www.leili-motor.net\/wp-content\/uploads\/2025\/03\/Leili-Motor.png","width":600,"height":156,"caption":"Leili Motor"},"image":{"@id":"https:\/\/www.leili-motor.net\/fr\/#\/schema\/logo\/image\/"}}]}},"_links":{"self":[{"href":"https:\/\/www.leili-motor.net\/fr\/wp-json\/wp\/v2\/product\/12009","targetHints":{"allow":["GET"]}}],"collection":[{"href":"https:\/\/www.leili-motor.net\/fr\/wp-json\/wp\/v2\/product"}],"about":[{"href":"https:\/\/www.leili-motor.net\/fr\/wp-json\/wp\/v2\/types\/product"}],"replies":[{"embeddable":true,"href":"https:\/\/www.leili-motor.net\/fr\/wp-json\/wp\/v2\/comments?post=12009"}],"wp:featuredmedia":[{"embeddable":true,"href":"https:\/\/www.leili-motor.net\/fr\/wp-json\/wp\/v2\/media\/12010"}],"wp:attachment":[{"href":"https:\/\/www.leili-motor.net\/fr\/wp-json\/wp\/v2\/media?parent=12009"}],"wp:term":[{"taxonomy":"product_brand","embeddable":true,"href":"https:\/\/www.leili-motor.net\/fr\/wp-json\/wp\/v2\/product_brand?post=12009"},{"taxonomy":"product_cat","embeddable":true,"href":"https:\/\/www.leili-motor.net\/fr\/wp-json\/wp\/v2\/product_cat?post=12009"},{"taxonomy":"product_tag","embeddable":true,"href":"https:\/\/www.leili-motor.net\/fr\/wp-json\/wp\/v2\/product_tag?post=12009"}],"curies":[{"name":"wp","href":"https:\/\/api.w.org\/{rel}","templated":true}]}}