{"id":12054,"date":"2025-03-11T17:28:40","date_gmt":"2025-03-11T09:28:40","guid":{"rendered":"https:\/\/www.leili-motor.net\/pompe-a-membrane-dp400w-50w\/"},"modified":"2025-03-11T17:28:40","modified_gmt":"2025-03-11T09:28:40","slug":"pompe-a-membrane-dp400w-50w","status":"publish","type":"product","link":"https:\/\/www.leili-motor.net\/fr\/pompe-a-membrane-dp400w-50w.html","title":{"rendered":"Pompe \u00e0 membrane DP400W\/50W"},"content":{"rendered":"<h2>Param\u00e8tres du produit<\/h2>\n<table>\n<tbody>\n<tr>\n<td>Mod\u00e8le<\/td>\n<td>L(mm)<\/td>\n<td>Tension<br \/>\n(VCC)<\/td>\n<td>PSI<\/td>\n<td>PSI<br \/>\n(Max)<\/td>\n<td>Courant<br \/>\n(A)<\/td>\n<td>(L\/h)<\/td>\n<td>(Max)(\u00b0C)<\/td>\n<td>PSI<\/td>\n<td>Courant de d\u00e9crochage<\/td>\n<\/tr>\n<tr>\n<td>DP400W-x<\/td>\n<td>215<\/td>\n<td>24<\/td>\n<td>30<\/td>\n<td>70<\/td>\n<td>\u2264 2.5<\/td>\n<td>\u2265 150<\/td>\n<td>55<\/td>\n<td>140\u00b110<\/td>\n<td>\u2264 3.5A<\/td>\n<\/tr>\n<tr>\n<td>DP400W-y<\/td>\n<td>215<\/td>\n<td>36<\/td>\n<td>30<\/td>\n<td>70<\/td>\n<td>\u2264 1.5<\/td>\n<td>\u2265 160<\/td>\n<td>55<\/td>\n<td>140\u00b110<\/td>\n<td>\u2264 2.5A<\/td>\n<\/tr>\n<tr>\n<td>DP50W-x<\/td>\n<td>195<\/td>\n<td>24<\/td>\n<td>30<\/td>\n<td>70<\/td>\n<td>\u2264 0.9<\/td>\n<td>\u2265 35<\/td>\n<td>55<\/td>\n<td>120\u00b110<\/td>\n<td>\u2264 1.3A<\/td>\n<\/tr>\n<tr>\n<td>DP50W-y<\/td>\n<td>195<\/td>\n<td>36<\/td>\n<td>30<\/td>\n<td>70<\/td>\n<td>\u2264 0.6<\/td>\n<td>\u2265 37<\/td>\n<td>55<\/td>\n<td>120\u00b110<\/td>\n<td>\u2264 1.0A<\/td>\n<\/tr>\n<\/tbody>\n<\/table>\n<h2>Dimension m\u00e9canique : mm<\/h2>\n<p><img fetchpriority=\"high\" decoding=\"async\" class=\"size-full wp-image-1971 aligncenter\" src=\"https:\/\/www.leili-motor.net\/wp-content\/uploads\/2025\/03\/Mechanical-Dimension-for-DP400W-Diaphragm-Pump.webp\" alt=\"Dimensions m\u00e9caniques de la pompe \u00e0 membrane DP400W\" width=\"759\" height=\"453\" srcset=\"https:\/\/www.leili-motor.net\/wp-content\/uploads\/2025\/03\/Mechanical-Dimension-for-DP400W-Diaphragm-Pump.webp 759w, https:\/\/www.leili-motor.net\/wp-content\/uploads\/2025\/03\/Mechanical-Dimension-for-DP400W-Diaphragm-Pump-300x179.webp 300w, https:\/\/www.leili-motor.net\/wp-content\/uploads\/2025\/03\/Mechanical-Dimension-for-DP400W-Diaphragm-Pump-600x358.webp 600w\" sizes=\"(max-width: 759px) 100vw, 759px\" \/><\/p>\n","protected":false},"excerpt":{"rendered":"<h3>Pr\u00e9sentation du produit<\/h3>\n<ul>\n<li>Performances haute pression : fournit jusqu&rsquo;\u00e0 70 PSI, garantissant un transfert de liquide efficace et un fonctionnement puissant.<\/li>\n<li>Conception \u00e9conome en \u00e9nergie : fonctionne sur 24 V CC ou 36 V CC, avec un courant de d\u00e9crochage maximal de 3,5 A.<\/li>\n<li>D\u00e9bits polyvalents : fournit \u2265 150-160 LPH (DP400W) et \u2265 35-37 LPH (DP50W) pour diverses applications.<\/li>\n<\/ul>\n<h3>Application du produit<\/h3>\n<ul>\n<li>Appareils \u00e9lectrom\u00e9nagers : pompe de surpression pour purificateur d&rsquo;eau<\/li>\n<\/ul>\n","protected":false},"featured_media":12055,"comment_status":"open","ping_status":"closed","template":"","meta":{"site-sidebar-layout":"default","site-content-layout":"","ast-site-content-layout":"default","site-content-style":"default","site-sidebar-style":"default","ast-global-header-display":"","ast-banner-title-visibility":"","ast-main-header-display":"","ast-hfb-above-header-display":"","ast-hfb-below-header-display":"","ast-hfb-mobile-header-display":"","site-post-title":"","ast-breadcrumbs-content":"","ast-featured-img":"","footer-sml-layout":"","theme-transparent-header-meta":"default","adv-header-id-meta":"","stick-header-meta":"","header-above-stick-meta":"","header-main-stick-meta":"","header-below-stick-meta":"","astra-migrate-meta-layouts":"default","ast-page-background-enabled":"default","ast-page-background-meta":{"desktop":{"background-color":"var(--ast-global-color-5)","background-image":"","background-repeat":"repeat","background-position":"center center","background-size":"auto","background-attachment":"scroll","background-type":"","background-media":"","overlay-type":"","overlay-color":"","overlay-opacity":"","overlay-gradient":""},"tablet":{"background-color":"","background-image":"","background-repeat":"repeat","background-position":"center center","background-size":"auto","background-attachment":"scroll","background-type":"","background-media":"","overlay-type":"","overlay-color":"","overlay-opacity":"","overlay-gradient":""},"mobile":{"background-color":"","background-image":"","background-repeat":"repeat","background-position":"center center","background-size":"auto","background-attachment":"scroll","background-type":"","background-media":"","overlay-type":"","overlay-color":"","overlay-opacity":"","overlay-gradient":""}},"ast-content-background-meta":{"desktop":{"background-color":"var(--ast-global-color-4)","background-image":"","background-repeat":"repeat","background-position":"center center","background-size":"auto","background-attachment":"scroll","background-type":"","background-media":"","overlay-type":"","overlay-color":"","overlay-opacity":"","overlay-gradient":""},"tablet":{"background-color":"var(--ast-global-color-4)","background-image":"","background-repeat":"repeat","background-position":"center center","background-size":"auto","background-attachment":"scroll","background-type":"","background-media":"","overlay-type":"","overlay-color":"","overlay-opacity":"","overlay-gradient":""},"mobile":{"background-color":"var(--ast-global-color-4)","background-image":"","background-repeat":"repeat","background-position":"center center","background-size":"auto","background-attachment":"scroll","background-type":"","background-media":"","overlay-type":"","overlay-color":"","overlay-opacity":"","overlay-gradient":""}}},"product_brand":[],"product_cat":[1317,1318],"product_tag":[1324],"class_list":{"0":"post-12054","1":"product","2":"type-product","3":"status-publish","4":"has-post-thumbnail","6":"product_cat-pompe-a-soupape","7":"product_cat-pompe-a-membrane","8":"product_tag-appareils-electromenagers-autres-pompe","9":"pa_application-appareil-electromenager","10":"desktop-align-left","11":"tablet-align-left","12":"mobile-align-left","14":"first","15":"instock","16":"shipping-taxable","17":"product-type-simple"},"yoast_head":"<!-- This site is optimized with the Yoast SEO plugin v27.2 - https:\/\/yoast.com\/product\/yoast-seo-wordpress\/ -->\n<title>Pompe \u00e9lectromagn\u00e9tique, Pompe \u00e9lectromagn\u00e9tique appareils \u00e9lectrom\u00e9nagers &#8211; Leili Motor<\/title>\n<meta name=\"description\" content=\"Notre pompe \u00e0 membrane DP400W\/50W d\u00e9livre jusqu&#039;\u00e0 70 PSI, 150-160 LPH (DP400W), 35-37 LPH (DP50W), fonctionnant \u00e0 24VDC\/36VDC, garantissant des performances de purification d&#039;eau efficaces.\" \/>\n<meta name=\"robots\" content=\"index, follow, max-snippet:-1, max-image-preview:large, max-video-preview:-1\" \/>\n<link rel=\"canonical\" href=\"https:\/\/www.leili-motor.net\/fr\/pompe-a-membrane-dp400w-50w.html\" \/>\n<script type=\"application\/ld+json\" class=\"yoast-schema-graph\">{\"@context\":\"https:\/\/schema.org\",\"@graph\":[{\"@type\":\"WebPage\",\"@id\":\"https:\/\/www.leili-motor.net\/fr\/pompe-a-membrane-dp400w-50w.html\",\"url\":\"https:\/\/www.leili-motor.net\/fr\/pompe-a-membrane-dp400w-50w.html\",\"name\":\"Pompe \u00e9lectromagn\u00e9tique, Pompe \u00e9lectromagn\u00e9tique appareils \u00e9lectrom\u00e9nagers &#8211; Leili Motor\",\"isPartOf\":{\"@id\":\"https:\/\/www.leili-motor.net\/fr\/#website\"},\"primaryImageOfPage\":{\"@id\":\"https:\/\/www.leili-motor.net\/fr\/pompe-a-membrane-dp400w-50w.html#primaryimage\"},\"image\":{\"@id\":\"https:\/\/www.leili-motor.net\/fr\/pompe-a-membrane-dp400w-50w.html#primaryimage\"},\"thumbnailUrl\":\"https:\/\/www.leili-motor.net\/wp-content\/uploads\/2025\/03\/DP400W-Diaphragm-Pump.webp\",\"datePublished\":\"2025-03-11T09:28:40+00:00\",\"description\":\"Notre pompe \u00e0 membrane DP400W\/50W d\u00e9livre jusqu'\u00e0 70 PSI, 150-160 LPH (DP400W), 35-37 LPH (DP50W), fonctionnant \u00e0 24VDC\/36VDC, garantissant des performances de purification d'eau efficaces.\",\"breadcrumb\":{\"@id\":\"https:\/\/www.leili-motor.net\/fr\/pompe-a-membrane-dp400w-50w.html#breadcrumb\"},\"inLanguage\":\"fr-FR\",\"potentialAction\":[{\"@type\":\"ReadAction\",\"target\":[\"https:\/\/www.leili-motor.net\/fr\/pompe-a-membrane-dp400w-50w.html\"]}]},{\"@type\":\"ImageObject\",\"inLanguage\":\"fr-FR\",\"@id\":\"https:\/\/www.leili-motor.net\/fr\/pompe-a-membrane-dp400w-50w.html#primaryimage\",\"url\":\"https:\/\/www.leili-motor.net\/wp-content\/uploads\/2025\/03\/DP400W-Diaphragm-Pump.webp\",\"contentUrl\":\"https:\/\/www.leili-motor.net\/wp-content\/uploads\/2025\/03\/DP400W-Diaphragm-Pump.webp\",\"width\":454,\"height\":310,\"caption\":\"Pompe \u00e0 membrane DP400W\"},{\"@type\":\"BreadcrumbList\",\"@id\":\"https:\/\/www.leili-motor.net\/fr\/pompe-a-membrane-dp400w-50w.html#breadcrumb\",\"itemListElement\":[{\"@type\":\"ListItem\",\"position\":1,\"name\":\"Home\",\"item\":\"https:\/\/www.leili-motor.net\/fr\/\"},{\"@type\":\"ListItem\",\"position\":2,\"name\":\"Produits\",\"item\":\"https:\/\/www.leili-motor.net\/fr\/produits\/\"},{\"@type\":\"ListItem\",\"position\":3,\"name\":\"Pompe \u00e0 membrane DP400W\/50W\"}]},{\"@type\":\"WebSite\",\"@id\":\"https:\/\/www.leili-motor.net\/fr\/#website\",\"url\":\"https:\/\/www.leili-motor.net\/fr\/\",\"name\":\"Leili Motor\",\"description\":\"\",\"publisher\":{\"@id\":\"https:\/\/www.leili-motor.net\/fr\/#organization\"},\"potentialAction\":[{\"@type\":\"SearchAction\",\"target\":{\"@type\":\"EntryPoint\",\"urlTemplate\":\"https:\/\/www.leili-motor.net\/fr\/?s={search_term_string}\"},\"query-input\":{\"@type\":\"PropertyValueSpecification\",\"valueRequired\":true,\"valueName\":\"search_term_string\"}}],\"inLanguage\":\"fr-FR\"},{\"@type\":\"Organization\",\"@id\":\"https:\/\/www.leili-motor.net\/fr\/#organization\",\"name\":\"Leili Motor\",\"url\":\"https:\/\/www.leili-motor.net\/fr\/\",\"logo\":{\"@type\":\"ImageObject\",\"inLanguage\":\"fr-FR\",\"@id\":\"https:\/\/www.leili-motor.net\/fr\/#\/schema\/logo\/image\/\",\"url\":\"https:\/\/www.leili-motor.net\/wp-content\/uploads\/2025\/03\/Leili-Motor.png\",\"contentUrl\":\"https:\/\/www.leili-motor.net\/wp-content\/uploads\/2025\/03\/Leili-Motor.png\",\"width\":600,\"height\":156,\"caption\":\"Leili Motor\"},\"image\":{\"@id\":\"https:\/\/www.leili-motor.net\/fr\/#\/schema\/logo\/image\/\"}}]}<\/script>\n<!-- \/ Yoast SEO plugin. -->","yoast_head_json":{"title":"Pompe \u00e9lectromagn\u00e9tique, Pompe \u00e9lectromagn\u00e9tique appareils \u00e9lectrom\u00e9nagers &#8211; Leili Motor","description":"Notre pompe \u00e0 membrane DP400W\/50W d\u00e9livre jusqu'\u00e0 70 PSI, 150-160 LPH (DP400W), 35-37 LPH (DP50W), fonctionnant \u00e0 24VDC\/36VDC, garantissant des performances de purification d'eau efficaces.","robots":{"index":"index","follow":"follow","max-snippet":"max-snippet:-1","max-image-preview":"max-image-preview:large","max-video-preview":"max-video-preview:-1"},"canonical":"https:\/\/www.leili-motor.net\/fr\/pompe-a-membrane-dp400w-50w.html","schema":{"@context":"https:\/\/schema.org","@graph":[{"@type":"WebPage","@id":"https:\/\/www.leili-motor.net\/fr\/pompe-a-membrane-dp400w-50w.html","url":"https:\/\/www.leili-motor.net\/fr\/pompe-a-membrane-dp400w-50w.html","name":"Pompe \u00e9lectromagn\u00e9tique, Pompe \u00e9lectromagn\u00e9tique appareils \u00e9lectrom\u00e9nagers &#8211; Leili Motor","isPartOf":{"@id":"https:\/\/www.leili-motor.net\/fr\/#website"},"primaryImageOfPage":{"@id":"https:\/\/www.leili-motor.net\/fr\/pompe-a-membrane-dp400w-50w.html#primaryimage"},"image":{"@id":"https:\/\/www.leili-motor.net\/fr\/pompe-a-membrane-dp400w-50w.html#primaryimage"},"thumbnailUrl":"https:\/\/www.leili-motor.net\/wp-content\/uploads\/2025\/03\/DP400W-Diaphragm-Pump.webp","datePublished":"2025-03-11T09:28:40+00:00","description":"Notre pompe \u00e0 membrane DP400W\/50W d\u00e9livre jusqu'\u00e0 70 PSI, 150-160 LPH (DP400W), 35-37 LPH (DP50W), fonctionnant \u00e0 24VDC\/36VDC, garantissant des performances de purification d'eau efficaces.","breadcrumb":{"@id":"https:\/\/www.leili-motor.net\/fr\/pompe-a-membrane-dp400w-50w.html#breadcrumb"},"inLanguage":"fr-FR","potentialAction":[{"@type":"ReadAction","target":["https:\/\/www.leili-motor.net\/fr\/pompe-a-membrane-dp400w-50w.html"]}]},{"@type":"ImageObject","inLanguage":"fr-FR","@id":"https:\/\/www.leili-motor.net\/fr\/pompe-a-membrane-dp400w-50w.html#primaryimage","url":"https:\/\/www.leili-motor.net\/wp-content\/uploads\/2025\/03\/DP400W-Diaphragm-Pump.webp","contentUrl":"https:\/\/www.leili-motor.net\/wp-content\/uploads\/2025\/03\/DP400W-Diaphragm-Pump.webp","width":454,"height":310,"caption":"Pompe \u00e0 membrane DP400W"},{"@type":"BreadcrumbList","@id":"https:\/\/www.leili-motor.net\/fr\/pompe-a-membrane-dp400w-50w.html#breadcrumb","itemListElement":[{"@type":"ListItem","position":1,"name":"Home","item":"https:\/\/www.leili-motor.net\/fr\/"},{"@type":"ListItem","position":2,"name":"Produits","item":"https:\/\/www.leili-motor.net\/fr\/produits\/"},{"@type":"ListItem","position":3,"name":"Pompe \u00e0 membrane DP400W\/50W"}]},{"@type":"WebSite","@id":"https:\/\/www.leili-motor.net\/fr\/#website","url":"https:\/\/www.leili-motor.net\/fr\/","name":"Leili Motor","description":"","publisher":{"@id":"https:\/\/www.leili-motor.net\/fr\/#organization"},"potentialAction":[{"@type":"SearchAction","target":{"@type":"EntryPoint","urlTemplate":"https:\/\/www.leili-motor.net\/fr\/?s={search_term_string}"},"query-input":{"@type":"PropertyValueSpecification","valueRequired":true,"valueName":"search_term_string"}}],"inLanguage":"fr-FR"},{"@type":"Organization","@id":"https:\/\/www.leili-motor.net\/fr\/#organization","name":"Leili Motor","url":"https:\/\/www.leili-motor.net\/fr\/","logo":{"@type":"ImageObject","inLanguage":"fr-FR","@id":"https:\/\/www.leili-motor.net\/fr\/#\/schema\/logo\/image\/","url":"https:\/\/www.leili-motor.net\/wp-content\/uploads\/2025\/03\/Leili-Motor.png","contentUrl":"https:\/\/www.leili-motor.net\/wp-content\/uploads\/2025\/03\/Leili-Motor.png","width":600,"height":156,"caption":"Leili Motor"},"image":{"@id":"https:\/\/www.leili-motor.net\/fr\/#\/schema\/logo\/image\/"}}]}},"_links":{"self":[{"href":"https:\/\/www.leili-motor.net\/fr\/wp-json\/wp\/v2\/product\/12054","targetHints":{"allow":["GET"]}}],"collection":[{"href":"https:\/\/www.leili-motor.net\/fr\/wp-json\/wp\/v2\/product"}],"about":[{"href":"https:\/\/www.leili-motor.net\/fr\/wp-json\/wp\/v2\/types\/product"}],"replies":[{"embeddable":true,"href":"https:\/\/www.leili-motor.net\/fr\/wp-json\/wp\/v2\/comments?post=12054"}],"wp:featuredmedia":[{"embeddable":true,"href":"https:\/\/www.leili-motor.net\/fr\/wp-json\/wp\/v2\/media\/12055"}],"wp:attachment":[{"href":"https:\/\/www.leili-motor.net\/fr\/wp-json\/wp\/v2\/media?parent=12054"}],"wp:term":[{"taxonomy":"product_brand","embeddable":true,"href":"https:\/\/www.leili-motor.net\/fr\/wp-json\/wp\/v2\/product_brand?post=12054"},{"taxonomy":"product_cat","embeddable":true,"href":"https:\/\/www.leili-motor.net\/fr\/wp-json\/wp\/v2\/product_cat?post=12054"},{"taxonomy":"product_tag","embeddable":true,"href":"https:\/\/www.leili-motor.net\/fr\/wp-json\/wp\/v2\/product_tag?post=12054"}],"curies":[{"name":"wp","href":"https:\/\/api.w.org\/{rel}","templated":true}]}}