{"id":12057,"date":"2025-03-12T17:01:01","date_gmt":"2025-03-12T09:01:01","guid":{"rendered":"https:\/\/www.leili-motor.net\/moteur-synchrone-aimant-permanent-45sm25\/"},"modified":"2025-03-12T17:01:01","modified_gmt":"2025-03-12T09:01:01","slug":"moteur-synchrone-aimant-permanent-45sm25","status":"publish","type":"product","link":"https:\/\/www.leili-motor.net\/fr\/moteur-synchrone-aimant-permanent-45sm25.html","title":{"rendered":"Moteur Synchrone Aimant Permanent 45SM25"},"content":{"rendered":"<h2>Param\u00e8tres du produit<\/h2>\n<table>\n<tbody>\n<tr>\n<td>Mod\u00e8le<\/td>\n<td>Tension nominale<br \/>\n\uff08V\uff09<\/td>\n<td>Fr\u00e9quence<br \/>\n(Hz)<\/td>\n<td>Vitesse de rotation<br \/>\n(tr\/min)<\/td>\n<td>Intensit\u00e9<br \/>\n(mA)<\/td>\n<td>Puissance<br \/>\n(W)<\/td>\n<td>Couple de sortie<br \/>\n(kgf, cm)<\/td>\n<td>Tension de d\u00e9marrage<br \/>\n(V)<\/td>\n<td>Temp\u00e9rature<br \/>\n(K)<\/td>\n<td>Bruit<br \/>\n(A)<\/td>\n<td>Niveau d&rsquo;isolation<\/td>\n<\/tr>\n<tr>\n<td>45SM25<\/td>\n<td>120<\/td>\n<td>60<\/td>\n<td>1<\/td>\n<td>\u226425<\/td>\n<td>\u22645<\/td>\n<td>\u22650.45<\/td>\n<td>\u226490<\/td>\n<td>\u226460<\/td>\n<td>\u226440<\/td>\n<td>A<\/td>\n<\/tr>\n<\/tbody>\n<\/table>\n<h2>Dimensions m\u00e9caniques : mm<\/h2>\n<p><img fetchpriority=\"high\" decoding=\"async\" class=\"size-full wp-image-2571 aligncenter\" src=\"https:\/\/www.leili-motor.net\/wp-content\/uploads\/2025\/03\/45SM25-Permanent-Magnet-Synchronous-Motor-Dimensions.webp\" alt=\"Dimensions du moteur synchrone \u00e0 aimant permanent 45SM25\" width=\"795\" height=\"491\" srcset=\"https:\/\/www.leili-motor.net\/wp-content\/uploads\/2025\/03\/45SM25-Permanent-Magnet-Synchronous-Motor-Dimensions.webp 795w, https:\/\/www.leili-motor.net\/wp-content\/uploads\/2025\/03\/45SM25-Permanent-Magnet-Synchronous-Motor-Dimensions-300x185.webp 300w, https:\/\/www.leili-motor.net\/wp-content\/uploads\/2025\/03\/45SM25-Permanent-Magnet-Synchronous-Motor-Dimensions-768x474.webp 768w, https:\/\/www.leili-motor.net\/wp-content\/uploads\/2025\/03\/45SM25-Permanent-Magnet-Synchronous-Motor-Dimensions-600x371.webp 600w\" sizes=\"(max-width: 795px) 100vw, 795px\" \/><\/p>\n","protected":false},"excerpt":{"rendered":"<h3>Pr\u00e9sentation du produit<\/h3>\n<ul>\n<li>Mod\u00e8le : 45SM25<\/li>\n<li>Fonctionnement \u00e9conome en \u00e9nergie \u00e0 120 V, 60 Hz, 1 tr\/min avec une consommation \u00e9lectrique \u2264 5 W et un couple \u2265 0,45 kgf\u00b7cm.<\/li>\n<li>Un fonctionnement fiable garantit une augmentation de temp\u00e9rature \u2264 60 k, un faible bruit \u2264 40 a et une classe d&rsquo;isolation A pour la durabilit\u00e9.<\/li>\n<\/ul>\n<h3>Application du produit<\/h3>\n<ul>\n<li>Industrie : contr\u00f4le de vannes, minuterie<\/li>\n<\/ul>\n","protected":false},"featured_media":12058,"comment_status":"open","ping_status":"closed","template":"","meta":{"site-sidebar-layout":"default","site-content-layout":"","ast-site-content-layout":"default","site-content-style":"default","site-sidebar-style":"default","ast-global-header-display":"","ast-banner-title-visibility":"","ast-main-header-display":"","ast-hfb-above-header-display":"","ast-hfb-below-header-display":"","ast-hfb-mobile-header-display":"","site-post-title":"","ast-breadcrumbs-content":"","ast-featured-img":"","footer-sml-layout":"","theme-transparent-header-meta":"default","adv-header-id-meta":"","stick-header-meta":"","header-above-stick-meta":"","header-main-stick-meta":"","header-below-stick-meta":"","astra-migrate-meta-layouts":"default","ast-page-background-enabled":"default","ast-page-background-meta":{"desktop":{"background-color":"var(--ast-global-color-5)","background-image":"","background-repeat":"repeat","background-position":"center center","background-size":"auto","background-attachment":"scroll","background-type":"","background-media":"","overlay-type":"","overlay-color":"","overlay-opacity":"","overlay-gradient":""},"tablet":{"background-color":"","background-image":"","background-repeat":"repeat","background-position":"center center","background-size":"auto","background-attachment":"scroll","background-type":"","background-media":"","overlay-type":"","overlay-color":"","overlay-opacity":"","overlay-gradient":""},"mobile":{"background-color":"","background-image":"","background-repeat":"repeat","background-position":"center center","background-size":"auto","background-attachment":"scroll","background-type":"","background-media":"","overlay-type":"","overlay-color":"","overlay-opacity":"","overlay-gradient":""}},"ast-content-background-meta":{"desktop":{"background-color":"var(--ast-global-color-4)","background-image":"","background-repeat":"repeat","background-position":"center center","background-size":"auto","background-attachment":"scroll","background-type":"","background-media":"","overlay-type":"","overlay-color":"","overlay-opacity":"","overlay-gradient":""},"tablet":{"background-color":"var(--ast-global-color-4)","background-image":"","background-repeat":"repeat","background-position":"center center","background-size":"auto","background-attachment":"scroll","background-type":"","background-media":"","overlay-type":"","overlay-color":"","overlay-opacity":"","overlay-gradient":""},"mobile":{"background-color":"var(--ast-global-color-4)","background-image":"","background-repeat":"repeat","background-position":"center center","background-size":"auto","background-attachment":"scroll","background-type":"","background-media":"","overlay-type":"","overlay-color":"","overlay-opacity":"","overlay-gradient":""}}},"product_brand":[],"product_cat":[1271,1306],"product_tag":[1307],"class_list":{"0":"post-12057","1":"product","2":"type-product","3":"status-publish","4":"has-post-thumbnail","6":"product_cat-moteur-a-haut-rendement","7":"product_cat-moteur-synchrone-aimant-permanent","8":"product_tag-controle-de-soupape-moteur-synchrone","9":"pa_application-industrie-fr","10":"pa_sm-dimension-diameter-45-fr","11":"desktop-align-left","12":"tablet-align-left","13":"mobile-align-left","15":"first","16":"instock","17":"shipping-taxable","18":"product-type-simple"},"yoast_head":"<!-- This site is optimized with the Yoast SEO plugin v27.2 - https:\/\/yoast.com\/product\/yoast-seo-wordpress\/ -->\n<title>Moteur Synchrone Aimant Permanent 45SM25 &#8211; Leili Motor<\/title>\n<meta name=\"description\" content=\"Le moteur PMSM 45SM25 fonctionne \u00e0 120 V, 60 Hz, 1 tr\/min, consomme \u2264 5 W de puissance, d\u00e9livre un couple \u2265 0,45 kgf\u00b7cm et maintient une augmentation de temp\u00e9rature \u2264 60 K.\" \/>\n<meta name=\"robots\" content=\"index, follow, max-snippet:-1, max-image-preview:large, max-video-preview:-1\" \/>\n<link rel=\"canonical\" href=\"https:\/\/www.leili-motor.net\/fr\/moteur-synchrone-aimant-permanent-45sm25.html\" \/>\n<script type=\"application\/ld+json\" class=\"yoast-schema-graph\">{\"@context\":\"https:\/\/schema.org\",\"@graph\":[{\"@type\":\"WebPage\",\"@id\":\"https:\/\/www.leili-motor.net\/fr\/moteur-synchrone-aimant-permanent-45sm25.html\",\"url\":\"https:\/\/www.leili-motor.net\/fr\/moteur-synchrone-aimant-permanent-45sm25.html\",\"name\":\"Moteur Synchrone Aimant Permanent 45SM25 &#8211; Leili Motor\",\"isPartOf\":{\"@id\":\"https:\/\/www.leili-motor.net\/fr\/#website\"},\"primaryImageOfPage\":{\"@id\":\"https:\/\/www.leili-motor.net\/fr\/moteur-synchrone-aimant-permanent-45sm25.html#primaryimage\"},\"image\":{\"@id\":\"https:\/\/www.leili-motor.net\/fr\/moteur-synchrone-aimant-permanent-45sm25.html#primaryimage\"},\"thumbnailUrl\":\"https:\/\/www.leili-motor.net\/wp-content\/uploads\/2025\/03\/45SM25-Permanent-Magnet-Synchronous-Motor.webp\",\"datePublished\":\"2025-03-12T09:01:01+00:00\",\"description\":\"Le moteur PMSM 45SM25 fonctionne \u00e0 120 V, 60 Hz, 1 tr\/min, consomme \u2264 5 W de puissance, d\u00e9livre un couple \u2265 0,45 kgf\u00b7cm et maintient une augmentation de temp\u00e9rature \u2264 60 K.\",\"breadcrumb\":{\"@id\":\"https:\/\/www.leili-motor.net\/fr\/moteur-synchrone-aimant-permanent-45sm25.html#breadcrumb\"},\"inLanguage\":\"fr-FR\",\"potentialAction\":[{\"@type\":\"ReadAction\",\"target\":[\"https:\/\/www.leili-motor.net\/fr\/moteur-synchrone-aimant-permanent-45sm25.html\"]}]},{\"@type\":\"ImageObject\",\"inLanguage\":\"fr-FR\",\"@id\":\"https:\/\/www.leili-motor.net\/fr\/moteur-synchrone-aimant-permanent-45sm25.html#primaryimage\",\"url\":\"https:\/\/www.leili-motor.net\/wp-content\/uploads\/2025\/03\/45SM25-Permanent-Magnet-Synchronous-Motor.webp\",\"contentUrl\":\"https:\/\/www.leili-motor.net\/wp-content\/uploads\/2025\/03\/45SM25-Permanent-Magnet-Synchronous-Motor.webp\",\"width\":454,\"height\":310,\"caption\":\"Moteur synchrone \u00e0 aimant permanent 45SM25\"},{\"@type\":\"BreadcrumbList\",\"@id\":\"https:\/\/www.leili-motor.net\/fr\/moteur-synchrone-aimant-permanent-45sm25.html#breadcrumb\",\"itemListElement\":[{\"@type\":\"ListItem\",\"position\":1,\"name\":\"Home\",\"item\":\"https:\/\/www.leili-motor.net\/fr\/\"},{\"@type\":\"ListItem\",\"position\":2,\"name\":\"Produits\",\"item\":\"https:\/\/www.leili-motor.net\/fr\/produits\/\"},{\"@type\":\"ListItem\",\"position\":3,\"name\":\"Moteur Synchrone Aimant Permanent 45SM25\"}]},{\"@type\":\"WebSite\",\"@id\":\"https:\/\/www.leili-motor.net\/fr\/#website\",\"url\":\"https:\/\/www.leili-motor.net\/fr\/\",\"name\":\"Leili Motor\",\"description\":\"\",\"publisher\":{\"@id\":\"https:\/\/www.leili-motor.net\/fr\/#organization\"},\"potentialAction\":[{\"@type\":\"SearchAction\",\"target\":{\"@type\":\"EntryPoint\",\"urlTemplate\":\"https:\/\/www.leili-motor.net\/fr\/?s={search_term_string}\"},\"query-input\":{\"@type\":\"PropertyValueSpecification\",\"valueRequired\":true,\"valueName\":\"search_term_string\"}}],\"inLanguage\":\"fr-FR\"},{\"@type\":\"Organization\",\"@id\":\"https:\/\/www.leili-motor.net\/fr\/#organization\",\"name\":\"Leili Motor\",\"url\":\"https:\/\/www.leili-motor.net\/fr\/\",\"logo\":{\"@type\":\"ImageObject\",\"inLanguage\":\"fr-FR\",\"@id\":\"https:\/\/www.leili-motor.net\/fr\/#\/schema\/logo\/image\/\",\"url\":\"https:\/\/www.leili-motor.net\/wp-content\/uploads\/2025\/03\/Leili-Motor.png\",\"contentUrl\":\"https:\/\/www.leili-motor.net\/wp-content\/uploads\/2025\/03\/Leili-Motor.png\",\"width\":600,\"height\":156,\"caption\":\"Leili Motor\"},\"image\":{\"@id\":\"https:\/\/www.leili-motor.net\/fr\/#\/schema\/logo\/image\/\"}}]}<\/script>\n<!-- \/ Yoast SEO plugin. -->","yoast_head_json":{"title":"Moteur Synchrone Aimant Permanent 45SM25 &#8211; Leili Motor","description":"Le moteur PMSM 45SM25 fonctionne \u00e0 120 V, 60 Hz, 1 tr\/min, consomme \u2264 5 W de puissance, d\u00e9livre un couple \u2265 0,45 kgf\u00b7cm et maintient une augmentation de temp\u00e9rature \u2264 60 K.","robots":{"index":"index","follow":"follow","max-snippet":"max-snippet:-1","max-image-preview":"max-image-preview:large","max-video-preview":"max-video-preview:-1"},"canonical":"https:\/\/www.leili-motor.net\/fr\/moteur-synchrone-aimant-permanent-45sm25.html","schema":{"@context":"https:\/\/schema.org","@graph":[{"@type":"WebPage","@id":"https:\/\/www.leili-motor.net\/fr\/moteur-synchrone-aimant-permanent-45sm25.html","url":"https:\/\/www.leili-motor.net\/fr\/moteur-synchrone-aimant-permanent-45sm25.html","name":"Moteur Synchrone Aimant Permanent 45SM25 &#8211; Leili Motor","isPartOf":{"@id":"https:\/\/www.leili-motor.net\/fr\/#website"},"primaryImageOfPage":{"@id":"https:\/\/www.leili-motor.net\/fr\/moteur-synchrone-aimant-permanent-45sm25.html#primaryimage"},"image":{"@id":"https:\/\/www.leili-motor.net\/fr\/moteur-synchrone-aimant-permanent-45sm25.html#primaryimage"},"thumbnailUrl":"https:\/\/www.leili-motor.net\/wp-content\/uploads\/2025\/03\/45SM25-Permanent-Magnet-Synchronous-Motor.webp","datePublished":"2025-03-12T09:01:01+00:00","description":"Le moteur PMSM 45SM25 fonctionne \u00e0 120 V, 60 Hz, 1 tr\/min, consomme \u2264 5 W de puissance, d\u00e9livre un couple \u2265 0,45 kgf\u00b7cm et maintient une augmentation de temp\u00e9rature \u2264 60 K.","breadcrumb":{"@id":"https:\/\/www.leili-motor.net\/fr\/moteur-synchrone-aimant-permanent-45sm25.html#breadcrumb"},"inLanguage":"fr-FR","potentialAction":[{"@type":"ReadAction","target":["https:\/\/www.leili-motor.net\/fr\/moteur-synchrone-aimant-permanent-45sm25.html"]}]},{"@type":"ImageObject","inLanguage":"fr-FR","@id":"https:\/\/www.leili-motor.net\/fr\/moteur-synchrone-aimant-permanent-45sm25.html#primaryimage","url":"https:\/\/www.leili-motor.net\/wp-content\/uploads\/2025\/03\/45SM25-Permanent-Magnet-Synchronous-Motor.webp","contentUrl":"https:\/\/www.leili-motor.net\/wp-content\/uploads\/2025\/03\/45SM25-Permanent-Magnet-Synchronous-Motor.webp","width":454,"height":310,"caption":"Moteur synchrone \u00e0 aimant permanent 45SM25"},{"@type":"BreadcrumbList","@id":"https:\/\/www.leili-motor.net\/fr\/moteur-synchrone-aimant-permanent-45sm25.html#breadcrumb","itemListElement":[{"@type":"ListItem","position":1,"name":"Home","item":"https:\/\/www.leili-motor.net\/fr\/"},{"@type":"ListItem","position":2,"name":"Produits","item":"https:\/\/www.leili-motor.net\/fr\/produits\/"},{"@type":"ListItem","position":3,"name":"Moteur Synchrone Aimant Permanent 45SM25"}]},{"@type":"WebSite","@id":"https:\/\/www.leili-motor.net\/fr\/#website","url":"https:\/\/www.leili-motor.net\/fr\/","name":"Leili Motor","description":"","publisher":{"@id":"https:\/\/www.leili-motor.net\/fr\/#organization"},"potentialAction":[{"@type":"SearchAction","target":{"@type":"EntryPoint","urlTemplate":"https:\/\/www.leili-motor.net\/fr\/?s={search_term_string}"},"query-input":{"@type":"PropertyValueSpecification","valueRequired":true,"valueName":"search_term_string"}}],"inLanguage":"fr-FR"},{"@type":"Organization","@id":"https:\/\/www.leili-motor.net\/fr\/#organization","name":"Leili Motor","url":"https:\/\/www.leili-motor.net\/fr\/","logo":{"@type":"ImageObject","inLanguage":"fr-FR","@id":"https:\/\/www.leili-motor.net\/fr\/#\/schema\/logo\/image\/","url":"https:\/\/www.leili-motor.net\/wp-content\/uploads\/2025\/03\/Leili-Motor.png","contentUrl":"https:\/\/www.leili-motor.net\/wp-content\/uploads\/2025\/03\/Leili-Motor.png","width":600,"height":156,"caption":"Leili Motor"},"image":{"@id":"https:\/\/www.leili-motor.net\/fr\/#\/schema\/logo\/image\/"}}]}},"_links":{"self":[{"href":"https:\/\/www.leili-motor.net\/fr\/wp-json\/wp\/v2\/product\/12057","targetHints":{"allow":["GET"]}}],"collection":[{"href":"https:\/\/www.leili-motor.net\/fr\/wp-json\/wp\/v2\/product"}],"about":[{"href":"https:\/\/www.leili-motor.net\/fr\/wp-json\/wp\/v2\/types\/product"}],"replies":[{"embeddable":true,"href":"https:\/\/www.leili-motor.net\/fr\/wp-json\/wp\/v2\/comments?post=12057"}],"wp:featuredmedia":[{"embeddable":true,"href":"https:\/\/www.leili-motor.net\/fr\/wp-json\/wp\/v2\/media\/12058"}],"wp:attachment":[{"href":"https:\/\/www.leili-motor.net\/fr\/wp-json\/wp\/v2\/media?parent=12057"}],"wp:term":[{"taxonomy":"product_brand","embeddable":true,"href":"https:\/\/www.leili-motor.net\/fr\/wp-json\/wp\/v2\/product_brand?post=12057"},{"taxonomy":"product_cat","embeddable":true,"href":"https:\/\/www.leili-motor.net\/fr\/wp-json\/wp\/v2\/product_cat?post=12057"},{"taxonomy":"product_tag","embeddable":true,"href":"https:\/\/www.leili-motor.net\/fr\/wp-json\/wp\/v2\/product_tag?post=12057"}],"curies":[{"name":"wp","href":"https:\/\/api.w.org\/{rel}","templated":true}]}}