{"id":12060,"date":"2025-03-11T17:11:44","date_gmt":"2025-03-11T09:11:44","guid":{"rendered":"https:\/\/www.leili-motor.net\/pompe-electromagnetique-ep32-1\/"},"modified":"2025-03-11T17:11:44","modified_gmt":"2025-03-11T09:11:44","slug":"pompe-electromagnetique-ep32-1","status":"publish","type":"product","link":"https:\/\/www.leili-motor.net\/fr\/pompe-electromagnetique-ep32-1.html","title":{"rendered":"Pompe \u00e9lectromagn\u00e9tique EP32-1"},"content":{"rendered":"<h2>Param\u00e8tres du produit<\/h2>\n<table>\n<tbody>\n<tr>\n<td>Mod\u00e8le<\/td>\n<td>Tension nominale<br \/>\n(V)<\/td>\n<td>Fr\u00e9quence nominale<br \/>\n(Hz)<\/td>\n<td>Puissance d&rsquo;entr\u00e9e<br \/>\nNV<\/td>\n<td>D\u00e9bit<br \/>\n(mL)<\/td>\n<\/tr>\n<tr>\n<td>EP32-1<\/td>\n<td>230(CA)<\/td>\n<td>50<\/td>\n<td>\u2264 70<\/td>\n<td>700-900<\/td>\n<\/tr>\n<\/tbody>\n<\/table>\n<h2>Dimension m\u00e9canique : mm<\/h2>\n<p><img fetchpriority=\"high\" decoding=\"async\" class=\"size-full wp-image-1962 aligncenter\" src=\"https:\/\/www.leili-motor.net\/wp-content\/uploads\/2025\/03\/Mechanical-Dimension-for-EP32-1-Electromagnetic-Pump.webp\" alt=\"Dimensions m\u00e9caniques de la pompe \u00e9lectromagn\u00e9tique EP32-1\" width=\"1082\" height=\"632\" srcset=\"https:\/\/www.leili-motor.net\/wp-content\/uploads\/2025\/03\/Mechanical-Dimension-for-EP32-1-Electromagnetic-Pump.webp 1082w, https:\/\/www.leili-motor.net\/wp-content\/uploads\/2025\/03\/Mechanical-Dimension-for-EP32-1-Electromagnetic-Pump-300x175.webp 300w, https:\/\/www.leili-motor.net\/wp-content\/uploads\/2025\/03\/Mechanical-Dimension-for-EP32-1-Electromagnetic-Pump-1024x598.webp 1024w, https:\/\/www.leili-motor.net\/wp-content\/uploads\/2025\/03\/Mechanical-Dimension-for-EP32-1-Electromagnetic-Pump-768x449.webp 768w, https:\/\/www.leili-motor.net\/wp-content\/uploads\/2025\/03\/Mechanical-Dimension-for-EP32-1-Electromagnetic-Pump-600x350.webp 600w\" sizes=\"(max-width: 1082px) 100vw, 1082px\" \/><\/p>\n","protected":false},"excerpt":{"rendered":"<h3>Pr\u00e9sentation du produit<\/h3>\n<ul>\n<li>D\u00e9bit \u00e9lev\u00e9 : fournit 700 \u00e0 900 ml par cycle pour un transfert de liquide efficace.<\/li>\n<li>Efficacit\u00e9 \u00e9nerg\u00e9tique : fonctionne \u00e0 une puissance d&rsquo;entr\u00e9e \u2264 70 W, garantissant une faible consommation d&rsquo;\u00e9nergie.<\/li>\n<li>Performances stables : fonctionne sur AC230V, 50Hz, offrant un fonctionnement fiable et coh\u00e9rent.<\/li>\n<\/ul>\n<h3>Application du produit<\/h3>\n<ul>\n<li>Machine \u00e0 caf\u00e9<\/li>\n<\/ul>\n","protected":false},"featured_media":12061,"comment_status":"open","ping_status":"closed","template":"","meta":{"site-sidebar-layout":"default","site-content-layout":"","ast-site-content-layout":"default","site-content-style":"default","site-sidebar-style":"default","ast-global-header-display":"","ast-banner-title-visibility":"","ast-main-header-display":"","ast-hfb-above-header-display":"","ast-hfb-below-header-display":"","ast-hfb-mobile-header-display":"","site-post-title":"","ast-breadcrumbs-content":"","ast-featured-img":"","footer-sml-layout":"","theme-transparent-header-meta":"default","adv-header-id-meta":"","stick-header-meta":"","header-above-stick-meta":"","header-main-stick-meta":"","header-below-stick-meta":"","astra-migrate-meta-layouts":"default","ast-page-background-enabled":"default","ast-page-background-meta":{"desktop":{"background-color":"var(--ast-global-color-5)","background-image":"","background-repeat":"repeat","background-position":"center center","background-size":"auto","background-attachment":"scroll","background-type":"","background-media":"","overlay-type":"","overlay-color":"","overlay-opacity":"","overlay-gradient":""},"tablet":{"background-color":"","background-image":"","background-repeat":"repeat","background-position":"center center","background-size":"auto","background-attachment":"scroll","background-type":"","background-media":"","overlay-type":"","overlay-color":"","overlay-opacity":"","overlay-gradient":""},"mobile":{"background-color":"","background-image":"","background-repeat":"repeat","background-position":"center center","background-size":"auto","background-attachment":"scroll","background-type":"","background-media":"","overlay-type":"","overlay-color":"","overlay-opacity":"","overlay-gradient":""}},"ast-content-background-meta":{"desktop":{"background-color":"var(--ast-global-color-4)","background-image":"","background-repeat":"repeat","background-position":"center center","background-size":"auto","background-attachment":"scroll","background-type":"","background-media":"","overlay-type":"","overlay-color":"","overlay-opacity":"","overlay-gradient":""},"tablet":{"background-color":"var(--ast-global-color-4)","background-image":"","background-repeat":"repeat","background-position":"center center","background-size":"auto","background-attachment":"scroll","background-type":"","background-media":"","overlay-type":"","overlay-color":"","overlay-opacity":"","overlay-gradient":""},"mobile":{"background-color":"var(--ast-global-color-4)","background-image":"","background-repeat":"repeat","background-position":"center center","background-size":"auto","background-attachment":"scroll","background-type":"","background-media":"","overlay-type":"","overlay-color":"","overlay-opacity":"","overlay-gradient":""}}},"product_brand":[],"product_cat":[1317,1329],"product_tag":[1324],"class_list":{"0":"post-12060","1":"product","2":"type-product","3":"status-publish","4":"has-post-thumbnail","6":"product_cat-pompe-a-soupape","7":"product_cat-pompe-electromagnetique","8":"product_tag-appareils-electromenagers-autres-pompe","9":"pa_application-appareil-electromenager","10":"desktop-align-left","11":"tablet-align-left","12":"mobile-align-left","14":"first","15":"instock","16":"shipping-taxable","17":"product-type-simple"},"yoast_head":"<!-- This site is optimized with the Yoast SEO plugin v27.2 - https:\/\/yoast.com\/product\/yoast-seo-wordpress\/ -->\n<title>Pompe \u00e9lectromagn\u00e9tique, Pompe \u00e9lectromagn\u00e9tique appareils \u00e9lectrom\u00e9nagers &#8211; Leili Motor<\/title>\n<meta name=\"description\" content=\"Notre pompe \u00e9lectromagn\u00e9tique EP32-1 d\u00e9livre 700 \u00e0 900 ml par cycle, fonctionne \u00e0 \u2264 70 W, AC230 V 50 Hz, garantissant des performances de machine \u00e0 caf\u00e9 efficaces et stables.\" \/>\n<meta name=\"robots\" content=\"index, follow, max-snippet:-1, max-image-preview:large, max-video-preview:-1\" \/>\n<link rel=\"canonical\" href=\"https:\/\/www.leili-motor.net\/fr\/pompe-electromagnetique-ep32-1.html\" \/>\n<script type=\"application\/ld+json\" class=\"yoast-schema-graph\">{\"@context\":\"https:\/\/schema.org\",\"@graph\":[{\"@type\":\"WebPage\",\"@id\":\"https:\/\/www.leili-motor.net\/fr\/pompe-electromagnetique-ep32-1.html\",\"url\":\"https:\/\/www.leili-motor.net\/fr\/pompe-electromagnetique-ep32-1.html\",\"name\":\"Pompe \u00e9lectromagn\u00e9tique, Pompe \u00e9lectromagn\u00e9tique appareils \u00e9lectrom\u00e9nagers &#8211; Leili Motor\",\"isPartOf\":{\"@id\":\"https:\/\/www.leili-motor.net\/fr\/#website\"},\"primaryImageOfPage\":{\"@id\":\"https:\/\/www.leili-motor.net\/fr\/pompe-electromagnetique-ep32-1.html#primaryimage\"},\"image\":{\"@id\":\"https:\/\/www.leili-motor.net\/fr\/pompe-electromagnetique-ep32-1.html#primaryimage\"},\"thumbnailUrl\":\"https:\/\/www.leili-motor.net\/wp-content\/uploads\/2025\/03\/EP32-1-Electromagnetic-Pump.webp\",\"datePublished\":\"2025-03-11T09:11:44+00:00\",\"description\":\"Notre pompe \u00e9lectromagn\u00e9tique EP32-1 d\u00e9livre 700 \u00e0 900 ml par cycle, fonctionne \u00e0 \u2264 70 W, AC230 V 50 Hz, garantissant des performances de machine \u00e0 caf\u00e9 efficaces et stables.\",\"breadcrumb\":{\"@id\":\"https:\/\/www.leili-motor.net\/fr\/pompe-electromagnetique-ep32-1.html#breadcrumb\"},\"inLanguage\":\"fr-FR\",\"potentialAction\":[{\"@type\":\"ReadAction\",\"target\":[\"https:\/\/www.leili-motor.net\/fr\/pompe-electromagnetique-ep32-1.html\"]}]},{\"@type\":\"ImageObject\",\"inLanguage\":\"fr-FR\",\"@id\":\"https:\/\/www.leili-motor.net\/fr\/pompe-electromagnetique-ep32-1.html#primaryimage\",\"url\":\"https:\/\/www.leili-motor.net\/wp-content\/uploads\/2025\/03\/EP32-1-Electromagnetic-Pump.webp\",\"contentUrl\":\"https:\/\/www.leili-motor.net\/wp-content\/uploads\/2025\/03\/EP32-1-Electromagnetic-Pump.webp\",\"width\":454,\"height\":310,\"caption\":\"Pompe \u00e9lectromagn\u00e9tique EP32-1\"},{\"@type\":\"BreadcrumbList\",\"@id\":\"https:\/\/www.leili-motor.net\/fr\/pompe-electromagnetique-ep32-1.html#breadcrumb\",\"itemListElement\":[{\"@type\":\"ListItem\",\"position\":1,\"name\":\"Home\",\"item\":\"https:\/\/www.leili-motor.net\/fr\/\"},{\"@type\":\"ListItem\",\"position\":2,\"name\":\"Produits\",\"item\":\"https:\/\/www.leili-motor.net\/fr\/produits\/\"},{\"@type\":\"ListItem\",\"position\":3,\"name\":\"Pompe \u00e9lectromagn\u00e9tique EP32-1\"}]},{\"@type\":\"WebSite\",\"@id\":\"https:\/\/www.leili-motor.net\/fr\/#website\",\"url\":\"https:\/\/www.leili-motor.net\/fr\/\",\"name\":\"Leili Motor\",\"description\":\"\",\"publisher\":{\"@id\":\"https:\/\/www.leili-motor.net\/fr\/#organization\"},\"potentialAction\":[{\"@type\":\"SearchAction\",\"target\":{\"@type\":\"EntryPoint\",\"urlTemplate\":\"https:\/\/www.leili-motor.net\/fr\/?s={search_term_string}\"},\"query-input\":{\"@type\":\"PropertyValueSpecification\",\"valueRequired\":true,\"valueName\":\"search_term_string\"}}],\"inLanguage\":\"fr-FR\"},{\"@type\":\"Organization\",\"@id\":\"https:\/\/www.leili-motor.net\/fr\/#organization\",\"name\":\"Leili Motor\",\"url\":\"https:\/\/www.leili-motor.net\/fr\/\",\"logo\":{\"@type\":\"ImageObject\",\"inLanguage\":\"fr-FR\",\"@id\":\"https:\/\/www.leili-motor.net\/fr\/#\/schema\/logo\/image\/\",\"url\":\"https:\/\/www.leili-motor.net\/wp-content\/uploads\/2025\/03\/Leili-Motor.png\",\"contentUrl\":\"https:\/\/www.leili-motor.net\/wp-content\/uploads\/2025\/03\/Leili-Motor.png\",\"width\":600,\"height\":156,\"caption\":\"Leili Motor\"},\"image\":{\"@id\":\"https:\/\/www.leili-motor.net\/fr\/#\/schema\/logo\/image\/\"}}]}<\/script>\n<!-- \/ Yoast SEO plugin. -->","yoast_head_json":{"title":"Pompe \u00e9lectromagn\u00e9tique, Pompe \u00e9lectromagn\u00e9tique appareils \u00e9lectrom\u00e9nagers &#8211; Leili Motor","description":"Notre pompe \u00e9lectromagn\u00e9tique EP32-1 d\u00e9livre 700 \u00e0 900 ml par cycle, fonctionne \u00e0 \u2264 70 W, AC230 V 50 Hz, garantissant des performances de machine \u00e0 caf\u00e9 efficaces et stables.","robots":{"index":"index","follow":"follow","max-snippet":"max-snippet:-1","max-image-preview":"max-image-preview:large","max-video-preview":"max-video-preview:-1"},"canonical":"https:\/\/www.leili-motor.net\/fr\/pompe-electromagnetique-ep32-1.html","schema":{"@context":"https:\/\/schema.org","@graph":[{"@type":"WebPage","@id":"https:\/\/www.leili-motor.net\/fr\/pompe-electromagnetique-ep32-1.html","url":"https:\/\/www.leili-motor.net\/fr\/pompe-electromagnetique-ep32-1.html","name":"Pompe \u00e9lectromagn\u00e9tique, Pompe \u00e9lectromagn\u00e9tique appareils \u00e9lectrom\u00e9nagers &#8211; Leili Motor","isPartOf":{"@id":"https:\/\/www.leili-motor.net\/fr\/#website"},"primaryImageOfPage":{"@id":"https:\/\/www.leili-motor.net\/fr\/pompe-electromagnetique-ep32-1.html#primaryimage"},"image":{"@id":"https:\/\/www.leili-motor.net\/fr\/pompe-electromagnetique-ep32-1.html#primaryimage"},"thumbnailUrl":"https:\/\/www.leili-motor.net\/wp-content\/uploads\/2025\/03\/EP32-1-Electromagnetic-Pump.webp","datePublished":"2025-03-11T09:11:44+00:00","description":"Notre pompe \u00e9lectromagn\u00e9tique EP32-1 d\u00e9livre 700 \u00e0 900 ml par cycle, fonctionne \u00e0 \u2264 70 W, AC230 V 50 Hz, garantissant des performances de machine \u00e0 caf\u00e9 efficaces et stables.","breadcrumb":{"@id":"https:\/\/www.leili-motor.net\/fr\/pompe-electromagnetique-ep32-1.html#breadcrumb"},"inLanguage":"fr-FR","potentialAction":[{"@type":"ReadAction","target":["https:\/\/www.leili-motor.net\/fr\/pompe-electromagnetique-ep32-1.html"]}]},{"@type":"ImageObject","inLanguage":"fr-FR","@id":"https:\/\/www.leili-motor.net\/fr\/pompe-electromagnetique-ep32-1.html#primaryimage","url":"https:\/\/www.leili-motor.net\/wp-content\/uploads\/2025\/03\/EP32-1-Electromagnetic-Pump.webp","contentUrl":"https:\/\/www.leili-motor.net\/wp-content\/uploads\/2025\/03\/EP32-1-Electromagnetic-Pump.webp","width":454,"height":310,"caption":"Pompe \u00e9lectromagn\u00e9tique EP32-1"},{"@type":"BreadcrumbList","@id":"https:\/\/www.leili-motor.net\/fr\/pompe-electromagnetique-ep32-1.html#breadcrumb","itemListElement":[{"@type":"ListItem","position":1,"name":"Home","item":"https:\/\/www.leili-motor.net\/fr\/"},{"@type":"ListItem","position":2,"name":"Produits","item":"https:\/\/www.leili-motor.net\/fr\/produits\/"},{"@type":"ListItem","position":3,"name":"Pompe \u00e9lectromagn\u00e9tique EP32-1"}]},{"@type":"WebSite","@id":"https:\/\/www.leili-motor.net\/fr\/#website","url":"https:\/\/www.leili-motor.net\/fr\/","name":"Leili Motor","description":"","publisher":{"@id":"https:\/\/www.leili-motor.net\/fr\/#organization"},"potentialAction":[{"@type":"SearchAction","target":{"@type":"EntryPoint","urlTemplate":"https:\/\/www.leili-motor.net\/fr\/?s={search_term_string}"},"query-input":{"@type":"PropertyValueSpecification","valueRequired":true,"valueName":"search_term_string"}}],"inLanguage":"fr-FR"},{"@type":"Organization","@id":"https:\/\/www.leili-motor.net\/fr\/#organization","name":"Leili Motor","url":"https:\/\/www.leili-motor.net\/fr\/","logo":{"@type":"ImageObject","inLanguage":"fr-FR","@id":"https:\/\/www.leili-motor.net\/fr\/#\/schema\/logo\/image\/","url":"https:\/\/www.leili-motor.net\/wp-content\/uploads\/2025\/03\/Leili-Motor.png","contentUrl":"https:\/\/www.leili-motor.net\/wp-content\/uploads\/2025\/03\/Leili-Motor.png","width":600,"height":156,"caption":"Leili Motor"},"image":{"@id":"https:\/\/www.leili-motor.net\/fr\/#\/schema\/logo\/image\/"}}]}},"_links":{"self":[{"href":"https:\/\/www.leili-motor.net\/fr\/wp-json\/wp\/v2\/product\/12060","targetHints":{"allow":["GET"]}}],"collection":[{"href":"https:\/\/www.leili-motor.net\/fr\/wp-json\/wp\/v2\/product"}],"about":[{"href":"https:\/\/www.leili-motor.net\/fr\/wp-json\/wp\/v2\/types\/product"}],"replies":[{"embeddable":true,"href":"https:\/\/www.leili-motor.net\/fr\/wp-json\/wp\/v2\/comments?post=12060"}],"wp:featuredmedia":[{"embeddable":true,"href":"https:\/\/www.leili-motor.net\/fr\/wp-json\/wp\/v2\/media\/12061"}],"wp:attachment":[{"href":"https:\/\/www.leili-motor.net\/fr\/wp-json\/wp\/v2\/media?parent=12060"}],"wp:term":[{"taxonomy":"product_brand","embeddable":true,"href":"https:\/\/www.leili-motor.net\/fr\/wp-json\/wp\/v2\/product_brand?post=12060"},{"taxonomy":"product_cat","embeddable":true,"href":"https:\/\/www.leili-motor.net\/fr\/wp-json\/wp\/v2\/product_cat?post=12060"},{"taxonomy":"product_tag","embeddable":true,"href":"https:\/\/www.leili-motor.net\/fr\/wp-json\/wp\/v2\/product_tag?post=12060"}],"curies":[{"name":"wp","href":"https:\/\/api.w.org\/{rel}","templated":true}]}}