{"id":12072,"date":"2025-03-12T10:07:35","date_gmt":"2025-03-12T02:07:35","guid":{"rendered":"https:\/\/www.leili-motor.net\/pompe-a-huile-electrique-sans-balais-cc-500-w\/"},"modified":"2025-03-12T10:07:35","modified_gmt":"2025-03-12T02:07:35","slug":"pompe-a-huile-electrique-sans-balais-cc-500-w","status":"publish","type":"product","link":"https:\/\/www.leili-motor.net\/fr\/pompe-a-huile-electrique-sans-balais-cc-500-w.html","title":{"rendered":"Pompe \u00e0 huile \u00e9lectrique sans balais CC 500 W"},"content":{"rendered":"<h2>Param\u00e8tres du produit<\/h2>\n<table>\n<tbody>\n<tr>\n<td>Plage de tension<\/td>\n<td>Tension nominale de fonctionnement<\/td>\n<td>Plage de rotation<\/td>\n<td>Vitesse nominale<\/td>\n<td>Phases du moteur<\/td>\n<td>Nombre de p\u00f4les<\/td>\n<td>M\u00e9thode de contr\u00f4le<\/td>\n<td>Mode de fonctionnement<\/td>\n<td>Classe de protection<\/td>\n<\/tr>\n<tr>\n<td>9 ~ 16(V)<\/td>\n<td>12(V)<\/td>\n<td>5000(RPM)<\/td>\n<td>4500(RPM)<\/td>\n<td>3 (phases)<\/td>\n<td>6 p\u00f4les 9 encoches<\/td>\n<td>Contr\u00f4le sans capteur<\/td>\n<td>Fonctionnement continu<\/td>\n<td>IP6K9K \/ IP68<\/td>\n<\/tr>\n<\/tbody>\n<\/table>\n<h2>Dimension m\u00e9canique : mm<\/h2>\n<p><img fetchpriority=\"high\" decoding=\"async\" class=\"size-full wp-image-2067 aligncenter\" src=\"https:\/\/www.leili-motor.net\/wp-content\/uploads\/2025\/03\/Mechanical-Dimension-for-DC-Brushless-Pump-500W-Electronic-Oil-Pump.webp\" alt=\"Dimensions m\u00e9caniques de la pompe \u00e0 huile \u00e9lectronique sans balais CC 500 W\" width=\"759\" height=\"600\" srcset=\"https:\/\/www.leili-motor.net\/wp-content\/uploads\/2025\/03\/Mechanical-Dimension-for-DC-Brushless-Pump-500W-Electronic-Oil-Pump.webp 759w, https:\/\/www.leili-motor.net\/wp-content\/uploads\/2025\/03\/Mechanical-Dimension-for-DC-Brushless-Pump-500W-Electronic-Oil-Pump-300x237.webp 300w, https:\/\/www.leili-motor.net\/wp-content\/uploads\/2025\/03\/Mechanical-Dimension-for-DC-Brushless-Pump-500W-Electronic-Oil-Pump-600x474.webp 600w\" sizes=\"(max-width: 759px) 100vw, 759px\" \/><\/p>\n","protected":false},"excerpt":{"rendered":"<h3>Pr\u00e9sentation du produit<\/h3>\n<ul>\n<li>Performances \u00e0 haute efficacit\u00e9 : fonctionnement 12 V, plage de 5 000 tr\/min, moteur triphas\u00e9 avec contr\u00f4le sans capteur.<\/li>\n<li>Durable et fiable : fonctionnement continu, conception \u00e0 6 p\u00f4les et 9 emplacements, protection IP6K9K\/IP68 pour les environnements difficiles.<\/li>\n<li>Contr\u00f4le avanc\u00e9 : la m\u00e9thode de contr\u00f4le sans capteur garantit des performances de pompage d&rsquo;huile fluides et efficaces.<\/li>\n<\/ul>\n<h3>Application du produit<\/h3>\n<ul>\n<li>Automobile : syst\u00e8me de transmission \u00e0 entra\u00eenement \u00e9lectrique<\/li>\n<\/ul>\n","protected":false},"featured_media":11716,"comment_status":"open","ping_status":"closed","template":"","meta":{"site-sidebar-layout":"default","site-content-layout":"","ast-site-content-layout":"default","site-content-style":"default","site-sidebar-style":"default","ast-global-header-display":"","ast-banner-title-visibility":"","ast-main-header-display":"","ast-hfb-above-header-display":"","ast-hfb-below-header-display":"","ast-hfb-mobile-header-display":"","site-post-title":"","ast-breadcrumbs-content":"","ast-featured-img":"","footer-sml-layout":"","theme-transparent-header-meta":"default","adv-header-id-meta":"","stick-header-meta":"","header-above-stick-meta":"","header-main-stick-meta":"","header-below-stick-meta":"","astra-migrate-meta-layouts":"default","ast-page-background-enabled":"default","ast-page-background-meta":{"desktop":{"background-color":"var(--ast-global-color-5)","background-image":"","background-repeat":"repeat","background-position":"center center","background-size":"auto","background-attachment":"scroll","background-type":"","background-media":"","overlay-type":"","overlay-color":"","overlay-opacity":"","overlay-gradient":""},"tablet":{"background-color":"","background-image":"","background-repeat":"repeat","background-position":"center center","background-size":"auto","background-attachment":"scroll","background-type":"","background-media":"","overlay-type":"","overlay-color":"","overlay-opacity":"","overlay-gradient":""},"mobile":{"background-color":"","background-image":"","background-repeat":"repeat","background-position":"center center","background-size":"auto","background-attachment":"scroll","background-type":"","background-media":"","overlay-type":"","overlay-color":"","overlay-opacity":"","overlay-gradient":""}},"ast-content-background-meta":{"desktop":{"background-color":"var(--ast-global-color-4)","background-image":"","background-repeat":"repeat","background-position":"center center","background-size":"auto","background-attachment":"scroll","background-type":"","background-media":"","overlay-type":"","overlay-color":"","overlay-opacity":"","overlay-gradient":""},"tablet":{"background-color":"var(--ast-global-color-4)","background-image":"","background-repeat":"repeat","background-position":"center center","background-size":"auto","background-attachment":"scroll","background-type":"","background-media":"","overlay-type":"","overlay-color":"","overlay-opacity":"","overlay-gradient":""},"mobile":{"background-color":"var(--ast-global-color-4)","background-image":"","background-repeat":"repeat","background-position":"center center","background-size":"auto","background-attachment":"scroll","background-type":"","background-media":"","overlay-type":"","overlay-color":"","overlay-opacity":"","overlay-gradient":""}}},"product_brand":[],"product_cat":[1317,1332],"product_tag":[1136],"class_list":{"0":"post-12072","1":"product","2":"type-product","3":"status-publish","4":"has-post-thumbnail","6":"product_cat-pompe-a-soupape","7":"product_cat-pompe-a-huile-electrique","8":"product_tag-thermique-du-groupe-motopropulseur-gestion-thermique-electronique-du-moteur-electrique","9":"pa_application-pieces-detachees-automobiles","10":"desktop-align-left","11":"tablet-align-left","12":"mobile-align-left","14":"first","15":"instock","16":"shipping-taxable","17":"product-type-simple"},"yoast_head":"<!-- This site is optimized with the Yoast SEO plugin v27.2 - https:\/\/yoast.com\/product\/yoast-seo-wordpress\/ -->\n<title>Pompe a huile electrique, Pompe \u00e0 huile \u00e9lectrique pour automobile &#8211; Leili Motor<\/title>\n<meta name=\"description\" content=\"La pompe sans balais CC 500 W assure une circulation d&#039;huile \u00e0 haute efficacit\u00e9 avec un contr\u00f4le sans capteur, une conception durable et une protection IP6K9K\/IP68 pour les transmissions \u00e0 entra\u00eenement \u00e9lectrique.\" \/>\n<meta name=\"robots\" content=\"index, follow, max-snippet:-1, max-image-preview:large, max-video-preview:-1\" \/>\n<link rel=\"canonical\" href=\"https:\/\/www.leili-motor.net\/fr\/pompe-a-huile-electrique-sans-balais-cc-500-w.html\" \/>\n<script type=\"application\/ld+json\" class=\"yoast-schema-graph\">{\"@context\":\"https:\/\/schema.org\",\"@graph\":[{\"@type\":\"WebPage\",\"@id\":\"https:\/\/www.leili-motor.net\/fr\/pompe-a-huile-electrique-sans-balais-cc-500-w.html\",\"url\":\"https:\/\/www.leili-motor.net\/fr\/pompe-a-huile-electrique-sans-balais-cc-500-w.html\",\"name\":\"Pompe a huile electrique, Pompe \u00e0 huile \u00e9lectrique pour automobile &#8211; Leili Motor\",\"isPartOf\":{\"@id\":\"https:\/\/www.leili-motor.net\/fr\/#website\"},\"primaryImageOfPage\":{\"@id\":\"https:\/\/www.leili-motor.net\/fr\/pompe-a-huile-electrique-sans-balais-cc-500-w.html#primaryimage\"},\"image\":{\"@id\":\"https:\/\/www.leili-motor.net\/fr\/pompe-a-huile-electrique-sans-balais-cc-500-w.html#primaryimage\"},\"thumbnailUrl\":\"https:\/\/www.leili-motor.net\/wp-content\/uploads\/2025\/03\/DC-Brushless-Pump-500W-Electric-Oil-Pump.jpg\",\"datePublished\":\"2025-03-12T02:07:35+00:00\",\"description\":\"La pompe sans balais CC 500 W assure une circulation d'huile \u00e0 haute efficacit\u00e9 avec un contr\u00f4le sans capteur, une conception durable et une protection IP6K9K\/IP68 pour les transmissions \u00e0 entra\u00eenement \u00e9lectrique.\",\"breadcrumb\":{\"@id\":\"https:\/\/www.leili-motor.net\/fr\/pompe-a-huile-electrique-sans-balais-cc-500-w.html#breadcrumb\"},\"inLanguage\":\"fr-FR\",\"potentialAction\":[{\"@type\":\"ReadAction\",\"target\":[\"https:\/\/www.leili-motor.net\/fr\/pompe-a-huile-electrique-sans-balais-cc-500-w.html\"]}]},{\"@type\":\"ImageObject\",\"inLanguage\":\"fr-FR\",\"@id\":\"https:\/\/www.leili-motor.net\/fr\/pompe-a-huile-electrique-sans-balais-cc-500-w.html#primaryimage\",\"url\":\"https:\/\/www.leili-motor.net\/wp-content\/uploads\/2025\/03\/DC-Brushless-Pump-500W-Electric-Oil-Pump.jpg\",\"contentUrl\":\"https:\/\/www.leili-motor.net\/wp-content\/uploads\/2025\/03\/DC-Brushless-Pump-500W-Electric-Oil-Pump.jpg\",\"width\":454,\"height\":310,\"caption\":\"Pompe \u00e0 huile \u00e9lectrique sans balais CC 500 W\"},{\"@type\":\"BreadcrumbList\",\"@id\":\"https:\/\/www.leili-motor.net\/fr\/pompe-a-huile-electrique-sans-balais-cc-500-w.html#breadcrumb\",\"itemListElement\":[{\"@type\":\"ListItem\",\"position\":1,\"name\":\"Home\",\"item\":\"https:\/\/www.leili-motor.net\/fr\/\"},{\"@type\":\"ListItem\",\"position\":2,\"name\":\"Produits\",\"item\":\"https:\/\/www.leili-motor.net\/fr\/produits\/\"},{\"@type\":\"ListItem\",\"position\":3,\"name\":\"Pompe \u00e0 huile \u00e9lectrique sans balais CC 500 W\"}]},{\"@type\":\"WebSite\",\"@id\":\"https:\/\/www.leili-motor.net\/fr\/#website\",\"url\":\"https:\/\/www.leili-motor.net\/fr\/\",\"name\":\"Leili Motor\",\"description\":\"\",\"publisher\":{\"@id\":\"https:\/\/www.leili-motor.net\/fr\/#organization\"},\"potentialAction\":[{\"@type\":\"SearchAction\",\"target\":{\"@type\":\"EntryPoint\",\"urlTemplate\":\"https:\/\/www.leili-motor.net\/fr\/?s={search_term_string}\"},\"query-input\":{\"@type\":\"PropertyValueSpecification\",\"valueRequired\":true,\"valueName\":\"search_term_string\"}}],\"inLanguage\":\"fr-FR\"},{\"@type\":\"Organization\",\"@id\":\"https:\/\/www.leili-motor.net\/fr\/#organization\",\"name\":\"Leili Motor\",\"url\":\"https:\/\/www.leili-motor.net\/fr\/\",\"logo\":{\"@type\":\"ImageObject\",\"inLanguage\":\"fr-FR\",\"@id\":\"https:\/\/www.leili-motor.net\/fr\/#\/schema\/logo\/image\/\",\"url\":\"https:\/\/www.leili-motor.net\/wp-content\/uploads\/2025\/03\/Leili-Motor.png\",\"contentUrl\":\"https:\/\/www.leili-motor.net\/wp-content\/uploads\/2025\/03\/Leili-Motor.png\",\"width\":600,\"height\":156,\"caption\":\"Leili Motor\"},\"image\":{\"@id\":\"https:\/\/www.leili-motor.net\/fr\/#\/schema\/logo\/image\/\"}}]}<\/script>\n<!-- \/ Yoast SEO plugin. -->","yoast_head_json":{"title":"Pompe a huile electrique, Pompe \u00e0 huile \u00e9lectrique pour automobile &#8211; Leili Motor","description":"La pompe sans balais CC 500 W assure une circulation d'huile \u00e0 haute efficacit\u00e9 avec un contr\u00f4le sans capteur, une conception durable et une protection IP6K9K\/IP68 pour les transmissions \u00e0 entra\u00eenement \u00e9lectrique.","robots":{"index":"index","follow":"follow","max-snippet":"max-snippet:-1","max-image-preview":"max-image-preview:large","max-video-preview":"max-video-preview:-1"},"canonical":"https:\/\/www.leili-motor.net\/fr\/pompe-a-huile-electrique-sans-balais-cc-500-w.html","schema":{"@context":"https:\/\/schema.org","@graph":[{"@type":"WebPage","@id":"https:\/\/www.leili-motor.net\/fr\/pompe-a-huile-electrique-sans-balais-cc-500-w.html","url":"https:\/\/www.leili-motor.net\/fr\/pompe-a-huile-electrique-sans-balais-cc-500-w.html","name":"Pompe a huile electrique, Pompe \u00e0 huile \u00e9lectrique pour automobile &#8211; Leili Motor","isPartOf":{"@id":"https:\/\/www.leili-motor.net\/fr\/#website"},"primaryImageOfPage":{"@id":"https:\/\/www.leili-motor.net\/fr\/pompe-a-huile-electrique-sans-balais-cc-500-w.html#primaryimage"},"image":{"@id":"https:\/\/www.leili-motor.net\/fr\/pompe-a-huile-electrique-sans-balais-cc-500-w.html#primaryimage"},"thumbnailUrl":"https:\/\/www.leili-motor.net\/wp-content\/uploads\/2025\/03\/DC-Brushless-Pump-500W-Electric-Oil-Pump.jpg","datePublished":"2025-03-12T02:07:35+00:00","description":"La pompe sans balais CC 500 W assure une circulation d'huile \u00e0 haute efficacit\u00e9 avec un contr\u00f4le sans capteur, une conception durable et une protection IP6K9K\/IP68 pour les transmissions \u00e0 entra\u00eenement \u00e9lectrique.","breadcrumb":{"@id":"https:\/\/www.leili-motor.net\/fr\/pompe-a-huile-electrique-sans-balais-cc-500-w.html#breadcrumb"},"inLanguage":"fr-FR","potentialAction":[{"@type":"ReadAction","target":["https:\/\/www.leili-motor.net\/fr\/pompe-a-huile-electrique-sans-balais-cc-500-w.html"]}]},{"@type":"ImageObject","inLanguage":"fr-FR","@id":"https:\/\/www.leili-motor.net\/fr\/pompe-a-huile-electrique-sans-balais-cc-500-w.html#primaryimage","url":"https:\/\/www.leili-motor.net\/wp-content\/uploads\/2025\/03\/DC-Brushless-Pump-500W-Electric-Oil-Pump.jpg","contentUrl":"https:\/\/www.leili-motor.net\/wp-content\/uploads\/2025\/03\/DC-Brushless-Pump-500W-Electric-Oil-Pump.jpg","width":454,"height":310,"caption":"Pompe \u00e0 huile \u00e9lectrique sans balais CC 500 W"},{"@type":"BreadcrumbList","@id":"https:\/\/www.leili-motor.net\/fr\/pompe-a-huile-electrique-sans-balais-cc-500-w.html#breadcrumb","itemListElement":[{"@type":"ListItem","position":1,"name":"Home","item":"https:\/\/www.leili-motor.net\/fr\/"},{"@type":"ListItem","position":2,"name":"Produits","item":"https:\/\/www.leili-motor.net\/fr\/produits\/"},{"@type":"ListItem","position":3,"name":"Pompe \u00e0 huile \u00e9lectrique sans balais CC 500 W"}]},{"@type":"WebSite","@id":"https:\/\/www.leili-motor.net\/fr\/#website","url":"https:\/\/www.leili-motor.net\/fr\/","name":"Leili Motor","description":"","publisher":{"@id":"https:\/\/www.leili-motor.net\/fr\/#organization"},"potentialAction":[{"@type":"SearchAction","target":{"@type":"EntryPoint","urlTemplate":"https:\/\/www.leili-motor.net\/fr\/?s={search_term_string}"},"query-input":{"@type":"PropertyValueSpecification","valueRequired":true,"valueName":"search_term_string"}}],"inLanguage":"fr-FR"},{"@type":"Organization","@id":"https:\/\/www.leili-motor.net\/fr\/#organization","name":"Leili Motor","url":"https:\/\/www.leili-motor.net\/fr\/","logo":{"@type":"ImageObject","inLanguage":"fr-FR","@id":"https:\/\/www.leili-motor.net\/fr\/#\/schema\/logo\/image\/","url":"https:\/\/www.leili-motor.net\/wp-content\/uploads\/2025\/03\/Leili-Motor.png","contentUrl":"https:\/\/www.leili-motor.net\/wp-content\/uploads\/2025\/03\/Leili-Motor.png","width":600,"height":156,"caption":"Leili Motor"},"image":{"@id":"https:\/\/www.leili-motor.net\/fr\/#\/schema\/logo\/image\/"}}]}},"_links":{"self":[{"href":"https:\/\/www.leili-motor.net\/fr\/wp-json\/wp\/v2\/product\/12072","targetHints":{"allow":["GET"]}}],"collection":[{"href":"https:\/\/www.leili-motor.net\/fr\/wp-json\/wp\/v2\/product"}],"about":[{"href":"https:\/\/www.leili-motor.net\/fr\/wp-json\/wp\/v2\/types\/product"}],"replies":[{"embeddable":true,"href":"https:\/\/www.leili-motor.net\/fr\/wp-json\/wp\/v2\/comments?post=12072"}],"wp:featuredmedia":[{"embeddable":true,"href":"https:\/\/www.leili-motor.net\/fr\/wp-json\/wp\/v2\/media\/11716"}],"wp:attachment":[{"href":"https:\/\/www.leili-motor.net\/fr\/wp-json\/wp\/v2\/media?parent=12072"}],"wp:term":[{"taxonomy":"product_brand","embeddable":true,"href":"https:\/\/www.leili-motor.net\/fr\/wp-json\/wp\/v2\/product_brand?post=12072"},{"taxonomy":"product_cat","embeddable":true,"href":"https:\/\/www.leili-motor.net\/fr\/wp-json\/wp\/v2\/product_cat?post=12072"},{"taxonomy":"product_tag","embeddable":true,"href":"https:\/\/www.leili-motor.net\/fr\/wp-json\/wp\/v2\/product_tag?post=12072"}],"curies":[{"name":"wp","href":"https:\/\/api.w.org\/{rel}","templated":true}]}}