{"id":12086,"date":"2025-03-07T11:57:04","date_gmt":"2025-03-07T03:57:04","guid":{"rendered":"https:\/\/www.leili-motor.net\/pompe-a-soupape-df2-26\/"},"modified":"2025-03-07T11:57:04","modified_gmt":"2025-03-07T03:57:04","slug":"pompe-a-soupape-df2-26","status":"publish","type":"product","link":"https:\/\/www.leili-motor.net\/fr\/pompe-a-soupape-df2-26.html","title":{"rendered":"Pompe \u00e0 soupape DF2-26"},"content":{"rendered":"<h2>Param\u00e8tres du produit<\/h2>\n<table>\n<tbody>\n<tr>\n<td>Tension nominale(V CA)<\/td>\n<td>Tension de d\u00e9marrage<br \/>\n (CC.V)<\/td>\n<td>Fr\u00e9quence nominale<br \/>\n (Hz)<\/td>\n<td>Courant nominal<br \/>\n(mA)<\/td>\n<td>Puissance nominale<br \/>\n (W)<\/td>\n<td>R\u00e9sistance d&rsquo;isolation CC500V<br \/>\n (M\u03a9)<\/td>\n<td>Rigidit\u00e9 di\u00e9lectrique<br \/>\n CA600V2(mA)1s<\/td>\n<td>Course<\/p>\n<p> de fonctionnement<br \/>\n (mm)<\/td>\n<\/tr>\n<tr>\n<td>CA220<\/td>\n<td>Moteur de drainage : \u2264187<br \/>\nPompes de drainage : \u2264187<br \/>\nActionneur de drainage : \u2264187<br \/>\nPompe de drainage sup\u00e9rieure : \u2264187<\/td>\n<td>50<\/td>\n<td>Moteur de drainage : \u2264 30<br \/>\nPompes de drainage : \u2264350<br \/>\nActionneur de drainage : \u2264 30<br \/>\nPompe de drainage sup\u00e9rieure : \u2264350<\/td>\n<td>Moteur de drainage : \u22646<br \/>\nPompes de drainage : \u2264 35<br \/>\nActionneur de drainage : \u22646<br \/>\nPompe de drainage sup\u00e9rieure : \u226435<\/td>\n<td>\u2265100<\/td>\n<td>CA1500lmin, 0,5mA<\/td>\n<td>19~22<\/td>\n<\/tr>\n<\/tbody>\n<\/table>\n<h2>Dimension m\u00e9canique : mm<\/h2>\n<p><img fetchpriority=\"high\" decoding=\"async\" class=\"size-full wp-image-1213 aligncenter\" src=\"https:\/\/www.leili-motor.net\/wp-content\/uploads\/2025\/03\/Mechanical-Dimension-for-DF2-26-Valve-Pump.webp\" alt=\"Dimensions m\u00e9caniques de la pompe \u00e0 soupape DF2-26\" width=\"1235\" height=\"757\" srcset=\"https:\/\/www.leili-motor.net\/wp-content\/uploads\/2025\/03\/Mechanical-Dimension-for-DF2-26-Valve-Pump.webp 1235w, https:\/\/www.leili-motor.net\/wp-content\/uploads\/2025\/03\/Mechanical-Dimension-for-DF2-26-Valve-Pump-300x184.webp 300w, https:\/\/www.leili-motor.net\/wp-content\/uploads\/2025\/03\/Mechanical-Dimension-for-DF2-26-Valve-Pump-1024x628.webp 1024w, https:\/\/www.leili-motor.net\/wp-content\/uploads\/2025\/03\/Mechanical-Dimension-for-DF2-26-Valve-Pump-768x471.webp 768w, https:\/\/www.leili-motor.net\/wp-content\/uploads\/2025\/03\/Mechanical-Dimension-for-DF2-26-Valve-Pump-600x368.webp 600w\" sizes=\"(max-width: 1235px) 100vw, 1235px\" \/><\/p>\n","protected":false},"excerpt":{"rendered":"<h3>Pr\u00e9sentation du produit<\/h3>\n<ul>\n<li>Performances : Fonctionne \u00e0 220 V CA, 50 Hz, avec une puissance nominale jusqu&rsquo;\u00e0 35 W, garantissant un fonctionnement de drainage efficace.<\/li>\n<li>Capacit\u00e9 de charge : prend en charge le moteur de drainage, la pompe, l&rsquo;actionneur et la pompe de drainage sup\u00e9rieure avec une tension de d\u00e9marrage \u2264 187 V.<\/li>\n<li>Fiabilit\u00e9 : R\u00e9sistance d&rsquo;isolement \u2265 100 M\u03a9, rigidit\u00e9 di\u00e9lectrique AC 1500 V et course de fonctionnement de 19 \u00e0 22 mm pour plus de durabilit\u00e9.<\/li>\n<\/ul>\n<h3>Application du produit<\/h3>\n<ul>\n<li>Lave-vaisselle<\/li>\n<\/ul>\n","protected":false},"featured_media":12087,"comment_status":"open","ping_status":"closed","template":"","meta":{"site-sidebar-layout":"default","site-content-layout":"","ast-site-content-layout":"default","site-content-style":"default","site-sidebar-style":"default","ast-global-header-display":"","ast-banner-title-visibility":"","ast-main-header-display":"","ast-hfb-above-header-display":"","ast-hfb-below-header-display":"","ast-hfb-mobile-header-display":"","site-post-title":"","ast-breadcrumbs-content":"","ast-featured-img":"","footer-sml-layout":"","theme-transparent-header-meta":"default","adv-header-id-meta":"","stick-header-meta":"","header-above-stick-meta":"","header-main-stick-meta":"","header-below-stick-meta":"","astra-migrate-meta-layouts":"default","ast-page-background-enabled":"default","ast-page-background-meta":{"desktop":{"background-color":"var(--ast-global-color-5)","background-image":"","background-repeat":"repeat","background-position":"center center","background-size":"auto","background-attachment":"scroll","background-type":"","background-media":"","overlay-type":"","overlay-color":"","overlay-opacity":"","overlay-gradient":""},"tablet":{"background-color":"","background-image":"","background-repeat":"repeat","background-position":"center center","background-size":"auto","background-attachment":"scroll","background-type":"","background-media":"","overlay-type":"","overlay-color":"","overlay-opacity":"","overlay-gradient":""},"mobile":{"background-color":"","background-image":"","background-repeat":"repeat","background-position":"center center","background-size":"auto","background-attachment":"scroll","background-type":"","background-media":"","overlay-type":"","overlay-color":"","overlay-opacity":"","overlay-gradient":""}},"ast-content-background-meta":{"desktop":{"background-color":"var(--ast-global-color-4)","background-image":"","background-repeat":"repeat","background-position":"center center","background-size":"auto","background-attachment":"scroll","background-type":"","background-media":"","overlay-type":"","overlay-color":"","overlay-opacity":"","overlay-gradient":""},"tablet":{"background-color":"var(--ast-global-color-4)","background-image":"","background-repeat":"repeat","background-position":"center center","background-size":"auto","background-attachment":"scroll","background-type":"","background-media":"","overlay-type":"","overlay-color":"","overlay-opacity":"","overlay-gradient":""},"mobile":{"background-color":"var(--ast-global-color-4)","background-image":"","background-repeat":"repeat","background-position":"center center","background-size":"auto","background-attachment":"scroll","background-type":"","background-media":"","overlay-type":"","overlay-color":"","overlay-opacity":"","overlay-gradient":""}}},"product_brand":[],"product_cat":[1317,1333],"product_tag":[1334],"class_list":{"0":"post-12086","1":"product","2":"type-product","3":"status-publish","4":"has-post-thumbnail","6":"product_cat-pompe-a-soupape","7":"product_cat-vanne-de-vidange","8":"product_tag-lave-vaisselle-systeme-de-drainage","9":"pa_application-appareil-electromenager","10":"desktop-align-left","11":"tablet-align-left","12":"mobile-align-left","14":"first","15":"instock","16":"shipping-taxable","17":"product-type-simple"},"yoast_head":"<!-- This site is optimized with the Yoast SEO plugin v27.2 - https:\/\/yoast.com\/product\/yoast-seo-wordpress\/ -->\n<title>Pompe \u00e0 soupape DF2-26 &#8211; Leili Motor<\/title>\n<meta name=\"description\" content=\"La pompe \u00e0 soupape DF2-26 fonctionne \u00e0 220 V CA, garantissant un drainage efficace avec une grande fiabilit\u00e9, ce qui la rend id\u00e9ale pour les applications de lave-vaisselle.\" \/>\n<meta name=\"robots\" content=\"index, follow, max-snippet:-1, max-image-preview:large, max-video-preview:-1\" \/>\n<link rel=\"canonical\" href=\"https:\/\/www.leili-motor.net\/fr\/pompe-a-soupape-df2-26.html\" \/>\n<script type=\"application\/ld+json\" class=\"yoast-schema-graph\">{\"@context\":\"https:\/\/schema.org\",\"@graph\":[{\"@type\":\"WebPage\",\"@id\":\"https:\/\/www.leili-motor.net\/fr\/pompe-a-soupape-df2-26.html\",\"url\":\"https:\/\/www.leili-motor.net\/fr\/pompe-a-soupape-df2-26.html\",\"name\":\"Pompe \u00e0 soupape DF2-26 &#8211; Leili Motor\",\"isPartOf\":{\"@id\":\"https:\/\/www.leili-motor.net\/fr\/#website\"},\"primaryImageOfPage\":{\"@id\":\"https:\/\/www.leili-motor.net\/fr\/pompe-a-soupape-df2-26.html#primaryimage\"},\"image\":{\"@id\":\"https:\/\/www.leili-motor.net\/fr\/pompe-a-soupape-df2-26.html#primaryimage\"},\"thumbnailUrl\":\"https:\/\/www.leili-motor.net\/wp-content\/uploads\/2025\/03\/DF2-26-Valve-Pump.webp\",\"datePublished\":\"2025-03-07T03:57:04+00:00\",\"description\":\"La pompe \u00e0 soupape DF2-26 fonctionne \u00e0 220 V CA, garantissant un drainage efficace avec une grande fiabilit\u00e9, ce qui la rend id\u00e9ale pour les applications de lave-vaisselle.\",\"breadcrumb\":{\"@id\":\"https:\/\/www.leili-motor.net\/fr\/pompe-a-soupape-df2-26.html#breadcrumb\"},\"inLanguage\":\"fr-FR\",\"potentialAction\":[{\"@type\":\"ReadAction\",\"target\":[\"https:\/\/www.leili-motor.net\/fr\/pompe-a-soupape-df2-26.html\"]}]},{\"@type\":\"ImageObject\",\"inLanguage\":\"fr-FR\",\"@id\":\"https:\/\/www.leili-motor.net\/fr\/pompe-a-soupape-df2-26.html#primaryimage\",\"url\":\"https:\/\/www.leili-motor.net\/wp-content\/uploads\/2025\/03\/DF2-26-Valve-Pump.webp\",\"contentUrl\":\"https:\/\/www.leili-motor.net\/wp-content\/uploads\/2025\/03\/DF2-26-Valve-Pump.webp\",\"width\":454,\"height\":310,\"caption\":\"Pompe \u00e0 soupape DF2-26\"},{\"@type\":\"BreadcrumbList\",\"@id\":\"https:\/\/www.leili-motor.net\/fr\/pompe-a-soupape-df2-26.html#breadcrumb\",\"itemListElement\":[{\"@type\":\"ListItem\",\"position\":1,\"name\":\"Home\",\"item\":\"https:\/\/www.leili-motor.net\/fr\/\"},{\"@type\":\"ListItem\",\"position\":2,\"name\":\"Produits\",\"item\":\"https:\/\/www.leili-motor.net\/fr\/produits\/\"},{\"@type\":\"ListItem\",\"position\":3,\"name\":\"Pompe \u00e0 soupape DF2-26\"}]},{\"@type\":\"WebSite\",\"@id\":\"https:\/\/www.leili-motor.net\/fr\/#website\",\"url\":\"https:\/\/www.leili-motor.net\/fr\/\",\"name\":\"Leili Motor\",\"description\":\"\",\"publisher\":{\"@id\":\"https:\/\/www.leili-motor.net\/fr\/#organization\"},\"potentialAction\":[{\"@type\":\"SearchAction\",\"target\":{\"@type\":\"EntryPoint\",\"urlTemplate\":\"https:\/\/www.leili-motor.net\/fr\/?s={search_term_string}\"},\"query-input\":{\"@type\":\"PropertyValueSpecification\",\"valueRequired\":true,\"valueName\":\"search_term_string\"}}],\"inLanguage\":\"fr-FR\"},{\"@type\":\"Organization\",\"@id\":\"https:\/\/www.leili-motor.net\/fr\/#organization\",\"name\":\"Leili Motor\",\"url\":\"https:\/\/www.leili-motor.net\/fr\/\",\"logo\":{\"@type\":\"ImageObject\",\"inLanguage\":\"fr-FR\",\"@id\":\"https:\/\/www.leili-motor.net\/fr\/#\/schema\/logo\/image\/\",\"url\":\"https:\/\/www.leili-motor.net\/wp-content\/uploads\/2025\/03\/Leili-Motor.png\",\"contentUrl\":\"https:\/\/www.leili-motor.net\/wp-content\/uploads\/2025\/03\/Leili-Motor.png\",\"width\":600,\"height\":156,\"caption\":\"Leili Motor\"},\"image\":{\"@id\":\"https:\/\/www.leili-motor.net\/fr\/#\/schema\/logo\/image\/\"}}]}<\/script>\n<!-- \/ Yoast SEO plugin. -->","yoast_head_json":{"title":"Pompe \u00e0 soupape DF2-26 &#8211; Leili Motor","description":"La pompe \u00e0 soupape DF2-26 fonctionne \u00e0 220 V CA, garantissant un drainage efficace avec une grande fiabilit\u00e9, ce qui la rend id\u00e9ale pour les applications de lave-vaisselle.","robots":{"index":"index","follow":"follow","max-snippet":"max-snippet:-1","max-image-preview":"max-image-preview:large","max-video-preview":"max-video-preview:-1"},"canonical":"https:\/\/www.leili-motor.net\/fr\/pompe-a-soupape-df2-26.html","schema":{"@context":"https:\/\/schema.org","@graph":[{"@type":"WebPage","@id":"https:\/\/www.leili-motor.net\/fr\/pompe-a-soupape-df2-26.html","url":"https:\/\/www.leili-motor.net\/fr\/pompe-a-soupape-df2-26.html","name":"Pompe \u00e0 soupape DF2-26 &#8211; Leili Motor","isPartOf":{"@id":"https:\/\/www.leili-motor.net\/fr\/#website"},"primaryImageOfPage":{"@id":"https:\/\/www.leili-motor.net\/fr\/pompe-a-soupape-df2-26.html#primaryimage"},"image":{"@id":"https:\/\/www.leili-motor.net\/fr\/pompe-a-soupape-df2-26.html#primaryimage"},"thumbnailUrl":"https:\/\/www.leili-motor.net\/wp-content\/uploads\/2025\/03\/DF2-26-Valve-Pump.webp","datePublished":"2025-03-07T03:57:04+00:00","description":"La pompe \u00e0 soupape DF2-26 fonctionne \u00e0 220 V CA, garantissant un drainage efficace avec une grande fiabilit\u00e9, ce qui la rend id\u00e9ale pour les applications de lave-vaisselle.","breadcrumb":{"@id":"https:\/\/www.leili-motor.net\/fr\/pompe-a-soupape-df2-26.html#breadcrumb"},"inLanguage":"fr-FR","potentialAction":[{"@type":"ReadAction","target":["https:\/\/www.leili-motor.net\/fr\/pompe-a-soupape-df2-26.html"]}]},{"@type":"ImageObject","inLanguage":"fr-FR","@id":"https:\/\/www.leili-motor.net\/fr\/pompe-a-soupape-df2-26.html#primaryimage","url":"https:\/\/www.leili-motor.net\/wp-content\/uploads\/2025\/03\/DF2-26-Valve-Pump.webp","contentUrl":"https:\/\/www.leili-motor.net\/wp-content\/uploads\/2025\/03\/DF2-26-Valve-Pump.webp","width":454,"height":310,"caption":"Pompe \u00e0 soupape DF2-26"},{"@type":"BreadcrumbList","@id":"https:\/\/www.leili-motor.net\/fr\/pompe-a-soupape-df2-26.html#breadcrumb","itemListElement":[{"@type":"ListItem","position":1,"name":"Home","item":"https:\/\/www.leili-motor.net\/fr\/"},{"@type":"ListItem","position":2,"name":"Produits","item":"https:\/\/www.leili-motor.net\/fr\/produits\/"},{"@type":"ListItem","position":3,"name":"Pompe \u00e0 soupape DF2-26"}]},{"@type":"WebSite","@id":"https:\/\/www.leili-motor.net\/fr\/#website","url":"https:\/\/www.leili-motor.net\/fr\/","name":"Leili Motor","description":"","publisher":{"@id":"https:\/\/www.leili-motor.net\/fr\/#organization"},"potentialAction":[{"@type":"SearchAction","target":{"@type":"EntryPoint","urlTemplate":"https:\/\/www.leili-motor.net\/fr\/?s={search_term_string}"},"query-input":{"@type":"PropertyValueSpecification","valueRequired":true,"valueName":"search_term_string"}}],"inLanguage":"fr-FR"},{"@type":"Organization","@id":"https:\/\/www.leili-motor.net\/fr\/#organization","name":"Leili Motor","url":"https:\/\/www.leili-motor.net\/fr\/","logo":{"@type":"ImageObject","inLanguage":"fr-FR","@id":"https:\/\/www.leili-motor.net\/fr\/#\/schema\/logo\/image\/","url":"https:\/\/www.leili-motor.net\/wp-content\/uploads\/2025\/03\/Leili-Motor.png","contentUrl":"https:\/\/www.leili-motor.net\/wp-content\/uploads\/2025\/03\/Leili-Motor.png","width":600,"height":156,"caption":"Leili Motor"},"image":{"@id":"https:\/\/www.leili-motor.net\/fr\/#\/schema\/logo\/image\/"}}]}},"_links":{"self":[{"href":"https:\/\/www.leili-motor.net\/fr\/wp-json\/wp\/v2\/product\/12086","targetHints":{"allow":["GET"]}}],"collection":[{"href":"https:\/\/www.leili-motor.net\/fr\/wp-json\/wp\/v2\/product"}],"about":[{"href":"https:\/\/www.leili-motor.net\/fr\/wp-json\/wp\/v2\/types\/product"}],"replies":[{"embeddable":true,"href":"https:\/\/www.leili-motor.net\/fr\/wp-json\/wp\/v2\/comments?post=12086"}],"wp:featuredmedia":[{"embeddable":true,"href":"https:\/\/www.leili-motor.net\/fr\/wp-json\/wp\/v2\/media\/12087"}],"wp:attachment":[{"href":"https:\/\/www.leili-motor.net\/fr\/wp-json\/wp\/v2\/media?parent=12086"}],"wp:term":[{"taxonomy":"product_brand","embeddable":true,"href":"https:\/\/www.leili-motor.net\/fr\/wp-json\/wp\/v2\/product_brand?post=12086"},{"taxonomy":"product_cat","embeddable":true,"href":"https:\/\/www.leili-motor.net\/fr\/wp-json\/wp\/v2\/product_cat?post=12086"},{"taxonomy":"product_tag","embeddable":true,"href":"https:\/\/www.leili-motor.net\/fr\/wp-json\/wp\/v2\/product_tag?post=12086"}],"curies":[{"name":"wp","href":"https:\/\/api.w.org\/{rel}","templated":true}]}}