{"id":12092,"date":"2025-03-12T14:30:08","date_gmt":"2025-03-12T06:30:08","guid":{"rendered":"https:\/\/www.leili-motor.net\/blp43-3xx-pompe-a-eau-electrique-grand-debit\/"},"modified":"2025-03-12T14:30:08","modified_gmt":"2025-03-12T06:30:08","slug":"blp43-3xx-pompe-a-eau-electrique-grand-debit","status":"publish","type":"product","link":"https:\/\/www.leili-motor.net\/fr\/blp43-3xx-pompe-a-eau-electrique-grand-debit.html","title":{"rendered":"BLP43-3XX Pompe \u00c0 Eau \u00c9lectrique (Grand D\u00e9bit)"},"content":{"rendered":"<h2>Param\u00e8tres du produit<\/h2>\n<table>\n<tbody>\n<tr>\n<td>Mod\u00e8le<\/td>\n<td>Moyen<br \/>\nde travail<\/td>\n<td>Temp\u00e9rature<br \/>\n ambiante<\/td>\n<td>Temp\u00e9rature<br \/>\n moyenne<\/td>\n<td>Tension nominale<\/td>\n<td>Poids<\/td>\n<td>Dur\u00e9e de vie<\/td>\n<td>Niveau<br \/>\n de protection<\/td>\n<td>Fonction<br \/>\nde protection<\/td>\n<\/tr>\n<tr>\n<td>BLP93-3XX<\/td>\n<td>Antigel<\/td>\n<td>-40\u2103\uff5e +85\u2103<\/td>\n<td>40\u2103\uff5e +85\u2103<br \/>\n (Temp\u00e9rature limite +105\u2103)<\/td>\n<td>DC24V\uff1b Plage de tension\uff1a<br \/>\nDC18V \uff5e DC32V<\/td>\n<td>2,0 kg<br \/>\n (sans base)<\/td>\n<td>\u2265 20000h<\/td>\n<td>IP68<\/td>\n<td>Surtension\/sous-tension, rotation bloqu\u00e9e,<\/p>\n<p>connexion invers\u00e9e, surintensit\u00e9, ralenti<\/td>\n<\/tr>\n<\/tbody>\n<\/table>\n<h2>Param\u00e8tres de performance<\/h2>\n<table>\n<tbody>\n<tr>\n<td>Mod\u00e8le<\/td>\n<td>Puissance nominale<\/td>\n<td>Param\u00e8tre nominal<\/td>\n<td>Taille d&rsquo;entr\u00e9e et de sortie<\/td>\n<\/tr>\n<tr>\n<td rowspan=\"3\">BLP43-3XX<\/td>\n<td>250W<\/td>\n<td>Q=6000L\/h , H=8m<\/td>\n<td rowspan=\"3\">\u00d838mm<\/td>\n<\/tr>\n<tr>\n<td>200 W<\/td>\n<td>Q=6000L\/h , H=6m<\/td>\n<\/tr>\n<tr>\n<td>130W<\/td>\n<td>Q=5000L\/h , H=5m<\/td>\n<\/tr>\n<\/tbody>\n<\/table>\n<h2>Dimension m\u00e9canique : mm<br \/>\n<img fetchpriority=\"high\" decoding=\"async\" class=\"size-full wp-image-2342 aligncenter\" src=\"https:\/\/www.leili-motor.net\/wp-content\/uploads\/2025\/03\/Mechanical-Dimension-for-BLP43-3XX-Electronic-Water-Pump-large-Flow.webp\" alt=\"Dimensions m\u00e9caniques de la pompe \u00e0 eau \u00e9lectronique BLP43-3XX (grand d\u00e9bit)\" width=\"759\" height=\"560\" srcset=\"https:\/\/www.leili-motor.net\/wp-content\/uploads\/2025\/03\/Mechanical-Dimension-for-BLP43-3XX-Electronic-Water-Pump-large-Flow.webp 759w, https:\/\/www.leili-motor.net\/wp-content\/uploads\/2025\/03\/Mechanical-Dimension-for-BLP43-3XX-Electronic-Water-Pump-large-Flow-300x221.webp 300w, https:\/\/www.leili-motor.net\/wp-content\/uploads\/2025\/03\/Mechanical-Dimension-for-BLP43-3XX-Electronic-Water-Pump-large-Flow-600x443.webp 600w\" sizes=\"(max-width: 759px) 100vw, 759px\" \/><\/h2>\n","protected":false},"excerpt":{"rendered":"<h3>Pr\u00e9sentation du produit<\/h3>\n<ul>\n<li>Grande capacit\u00e9 de d\u00e9bit : fournit jusqu&rsquo;\u00e0 6 000 L\/h de d\u00e9bit avec une hauteur manom\u00e9trique maximale de 8 m pour des performances efficaces.<\/li>\n<li>Fiable et durable : fonctionne de -40\u2103 \u00e0 +85\u2103 avec une dur\u00e9e de vie \u2265 20000 heures sous protection IP68.<\/li>\n<li>Fonctionnalit\u00e9s de s\u00e9curit\u00e9 compl\u00e8tes : \u00e9quip\u00e9 d&rsquo;une protection contre les surtensions\/sous-tensions, les inversions de connexion, les surintensit\u00e9s, la rotation bloqu\u00e9e et le ralenti.<\/li>\n<\/ul>\n","protected":false},"featured_media":12093,"comment_status":"open","ping_status":"closed","template":"","meta":{"site-sidebar-layout":"default","site-content-layout":"","ast-site-content-layout":"default","site-content-style":"default","site-sidebar-style":"default","ast-global-header-display":"","ast-banner-title-visibility":"","ast-main-header-display":"","ast-hfb-above-header-display":"","ast-hfb-below-header-display":"","ast-hfb-mobile-header-display":"","site-post-title":"","ast-breadcrumbs-content":"","ast-featured-img":"","footer-sml-layout":"","theme-transparent-header-meta":"default","adv-header-id-meta":"","stick-header-meta":"","header-above-stick-meta":"","header-main-stick-meta":"","header-below-stick-meta":"","astra-migrate-meta-layouts":"default","ast-page-background-enabled":"default","ast-page-background-meta":{"desktop":{"background-color":"var(--ast-global-color-5)","background-image":"","background-repeat":"repeat","background-position":"center center","background-size":"auto","background-attachment":"scroll","background-type":"","background-media":"","overlay-type":"","overlay-color":"","overlay-opacity":"","overlay-gradient":""},"tablet":{"background-color":"","background-image":"","background-repeat":"repeat","background-position":"center center","background-size":"auto","background-attachment":"scroll","background-type":"","background-media":"","overlay-type":"","overlay-color":"","overlay-opacity":"","overlay-gradient":""},"mobile":{"background-color":"","background-image":"","background-repeat":"repeat","background-position":"center center","background-size":"auto","background-attachment":"scroll","background-type":"","background-media":"","overlay-type":"","overlay-color":"","overlay-opacity":"","overlay-gradient":""}},"ast-content-background-meta":{"desktop":{"background-color":"var(--ast-global-color-4)","background-image":"","background-repeat":"repeat","background-position":"center center","background-size":"auto","background-attachment":"scroll","background-type":"","background-media":"","overlay-type":"","overlay-color":"","overlay-opacity":"","overlay-gradient":""},"tablet":{"background-color":"var(--ast-global-color-4)","background-image":"","background-repeat":"repeat","background-position":"center center","background-size":"auto","background-attachment":"scroll","background-type":"","background-media":"","overlay-type":"","overlay-color":"","overlay-opacity":"","overlay-gradient":""},"mobile":{"background-color":"var(--ast-global-color-4)","background-image":"","background-repeat":"repeat","background-position":"center center","background-size":"auto","background-attachment":"scroll","background-type":"","background-media":"","overlay-type":"","overlay-color":"","overlay-opacity":"","overlay-gradient":""}}},"product_brand":[],"product_cat":[1317,1330],"product_tag":[1146,1147],"class_list":{"0":"post-12092","1":"product","2":"type-product","3":"status-publish","4":"has-post-thumbnail","6":"product_cat-pompe-a-soupape","7":"product_cat-pompe-a-eau-electrique","8":"product_tag-thermique-du-groupe-motopropulseur-refroidissement-auxiliaire-du-moteur","9":"product_tag-thermique-du-groupe-motopropulseur-gestion-thermique-de-la-batterie","10":"desktop-align-left","11":"tablet-align-left","12":"mobile-align-left","14":"first","15":"instock","16":"shipping-taxable","17":"product-type-simple"},"yoast_head":"<!-- This site is optimized with the Yoast SEO plugin v27.2 - https:\/\/yoast.com\/product\/yoast-seo-wordpress\/ -->\n<title>BLP43-3XX Pompe \u00c0 Eau \u00c9lectrique (Grand D\u00e9bit) &#8211; Leili Motor<\/title>\n<meta name=\"description\" content=\"La pompe \u00e0 eau \u00e9lectronique BLP43-3XX offre un d\u00e9bit de 6 000 L\/h, une hauteur de refoulement de 8 m, une protection IP68 et des fonctions de s\u00e9curit\u00e9 avanc\u00e9es pour des performances fiables et durables.\" \/>\n<meta name=\"robots\" content=\"index, follow, max-snippet:-1, max-image-preview:large, max-video-preview:-1\" \/>\n<link rel=\"canonical\" href=\"https:\/\/www.leili-motor.net\/fr\/blp43-3xx-pompe-a-eau-electrique-grand-debit.html\" \/>\n<meta name=\"twitter:label1\" content=\"Dur\u00e9e de lecture estim\u00e9e\" \/>\n\t<meta name=\"twitter:data1\" content=\"1 minute\" \/>\n<script type=\"application\/ld+json\" class=\"yoast-schema-graph\">{\"@context\":\"https:\/\/schema.org\",\"@graph\":[{\"@type\":\"WebPage\",\"@id\":\"https:\/\/www.leili-motor.net\/fr\/blp43-3xx-pompe-a-eau-electrique-grand-debit.html\",\"url\":\"https:\/\/www.leili-motor.net\/fr\/blp43-3xx-pompe-a-eau-electrique-grand-debit.html\",\"name\":\"BLP43-3XX Pompe \u00c0 Eau \u00c9lectrique (Grand D\u00e9bit) &#8211; Leili Motor\",\"isPartOf\":{\"@id\":\"https:\/\/www.leili-motor.net\/fr\/#website\"},\"primaryImageOfPage\":{\"@id\":\"https:\/\/www.leili-motor.net\/fr\/blp43-3xx-pompe-a-eau-electrique-grand-debit.html#primaryimage\"},\"image\":{\"@id\":\"https:\/\/www.leili-motor.net\/fr\/blp43-3xx-pompe-a-eau-electrique-grand-debit.html#primaryimage\"},\"thumbnailUrl\":\"https:\/\/www.leili-motor.net\/wp-content\/uploads\/2025\/03\/BLP43-3XX-Electronic-Water-Pump-large-Flow.jpg\",\"datePublished\":\"2025-03-12T06:30:08+00:00\",\"description\":\"La pompe \u00e0 eau \u00e9lectronique BLP43-3XX offre un d\u00e9bit de 6 000 L\/h, une hauteur de refoulement de 8 m, une protection IP68 et des fonctions de s\u00e9curit\u00e9 avanc\u00e9es pour des performances fiables et durables.\",\"breadcrumb\":{\"@id\":\"https:\/\/www.leili-motor.net\/fr\/blp43-3xx-pompe-a-eau-electrique-grand-debit.html#breadcrumb\"},\"inLanguage\":\"fr-FR\",\"potentialAction\":[{\"@type\":\"ReadAction\",\"target\":[\"https:\/\/www.leili-motor.net\/fr\/blp43-3xx-pompe-a-eau-electrique-grand-debit.html\"]}]},{\"@type\":\"ImageObject\",\"inLanguage\":\"fr-FR\",\"@id\":\"https:\/\/www.leili-motor.net\/fr\/blp43-3xx-pompe-a-eau-electrique-grand-debit.html#primaryimage\",\"url\":\"https:\/\/www.leili-motor.net\/wp-content\/uploads\/2025\/03\/BLP43-3XX-Electronic-Water-Pump-large-Flow.jpg\",\"contentUrl\":\"https:\/\/www.leili-motor.net\/wp-content\/uploads\/2025\/03\/BLP43-3XX-Electronic-Water-Pump-large-Flow.jpg\",\"width\":800,\"height\":546,\"caption\":\"Pompe \u00e0 eau \u00e9lectronique BLP43-3XX (grand d\u00e9bit)\"},{\"@type\":\"BreadcrumbList\",\"@id\":\"https:\/\/www.leili-motor.net\/fr\/blp43-3xx-pompe-a-eau-electrique-grand-debit.html#breadcrumb\",\"itemListElement\":[{\"@type\":\"ListItem\",\"position\":1,\"name\":\"Home\",\"item\":\"https:\/\/www.leili-motor.net\/fr\/\"},{\"@type\":\"ListItem\",\"position\":2,\"name\":\"Produits\",\"item\":\"https:\/\/www.leili-motor.net\/fr\/produits\/\"},{\"@type\":\"ListItem\",\"position\":3,\"name\":\"BLP43-3XX Pompe \u00c0 Eau \u00c9lectrique (Grand D\u00e9bit)\"}]},{\"@type\":\"WebSite\",\"@id\":\"https:\/\/www.leili-motor.net\/fr\/#website\",\"url\":\"https:\/\/www.leili-motor.net\/fr\/\",\"name\":\"Leili Motor\",\"description\":\"\",\"publisher\":{\"@id\":\"https:\/\/www.leili-motor.net\/fr\/#organization\"},\"potentialAction\":[{\"@type\":\"SearchAction\",\"target\":{\"@type\":\"EntryPoint\",\"urlTemplate\":\"https:\/\/www.leili-motor.net\/fr\/?s={search_term_string}\"},\"query-input\":{\"@type\":\"PropertyValueSpecification\",\"valueRequired\":true,\"valueName\":\"search_term_string\"}}],\"inLanguage\":\"fr-FR\"},{\"@type\":\"Organization\",\"@id\":\"https:\/\/www.leili-motor.net\/fr\/#organization\",\"name\":\"Leili Motor\",\"url\":\"https:\/\/www.leili-motor.net\/fr\/\",\"logo\":{\"@type\":\"ImageObject\",\"inLanguage\":\"fr-FR\",\"@id\":\"https:\/\/www.leili-motor.net\/fr\/#\/schema\/logo\/image\/\",\"url\":\"https:\/\/www.leili-motor.net\/wp-content\/uploads\/2025\/03\/Leili-Motor.png\",\"contentUrl\":\"https:\/\/www.leili-motor.net\/wp-content\/uploads\/2025\/03\/Leili-Motor.png\",\"width\":600,\"height\":156,\"caption\":\"Leili Motor\"},\"image\":{\"@id\":\"https:\/\/www.leili-motor.net\/fr\/#\/schema\/logo\/image\/\"}}]}<\/script>\n<!-- \/ Yoast SEO plugin. -->","yoast_head_json":{"title":"BLP43-3XX Pompe \u00c0 Eau \u00c9lectrique (Grand D\u00e9bit) &#8211; Leili Motor","description":"La pompe \u00e0 eau \u00e9lectronique BLP43-3XX offre un d\u00e9bit de 6 000 L\/h, une hauteur de refoulement de 8 m, une protection IP68 et des fonctions de s\u00e9curit\u00e9 avanc\u00e9es pour des performances fiables et durables.","robots":{"index":"index","follow":"follow","max-snippet":"max-snippet:-1","max-image-preview":"max-image-preview:large","max-video-preview":"max-video-preview:-1"},"canonical":"https:\/\/www.leili-motor.net\/fr\/blp43-3xx-pompe-a-eau-electrique-grand-debit.html","twitter_misc":{"Dur\u00e9e de lecture estim\u00e9e":"1 minute"},"schema":{"@context":"https:\/\/schema.org","@graph":[{"@type":"WebPage","@id":"https:\/\/www.leili-motor.net\/fr\/blp43-3xx-pompe-a-eau-electrique-grand-debit.html","url":"https:\/\/www.leili-motor.net\/fr\/blp43-3xx-pompe-a-eau-electrique-grand-debit.html","name":"BLP43-3XX Pompe \u00c0 Eau \u00c9lectrique (Grand D\u00e9bit) &#8211; Leili Motor","isPartOf":{"@id":"https:\/\/www.leili-motor.net\/fr\/#website"},"primaryImageOfPage":{"@id":"https:\/\/www.leili-motor.net\/fr\/blp43-3xx-pompe-a-eau-electrique-grand-debit.html#primaryimage"},"image":{"@id":"https:\/\/www.leili-motor.net\/fr\/blp43-3xx-pompe-a-eau-electrique-grand-debit.html#primaryimage"},"thumbnailUrl":"https:\/\/www.leili-motor.net\/wp-content\/uploads\/2025\/03\/BLP43-3XX-Electronic-Water-Pump-large-Flow.jpg","datePublished":"2025-03-12T06:30:08+00:00","description":"La pompe \u00e0 eau \u00e9lectronique BLP43-3XX offre un d\u00e9bit de 6 000 L\/h, une hauteur de refoulement de 8 m, une protection IP68 et des fonctions de s\u00e9curit\u00e9 avanc\u00e9es pour des performances fiables et durables.","breadcrumb":{"@id":"https:\/\/www.leili-motor.net\/fr\/blp43-3xx-pompe-a-eau-electrique-grand-debit.html#breadcrumb"},"inLanguage":"fr-FR","potentialAction":[{"@type":"ReadAction","target":["https:\/\/www.leili-motor.net\/fr\/blp43-3xx-pompe-a-eau-electrique-grand-debit.html"]}]},{"@type":"ImageObject","inLanguage":"fr-FR","@id":"https:\/\/www.leili-motor.net\/fr\/blp43-3xx-pompe-a-eau-electrique-grand-debit.html#primaryimage","url":"https:\/\/www.leili-motor.net\/wp-content\/uploads\/2025\/03\/BLP43-3XX-Electronic-Water-Pump-large-Flow.jpg","contentUrl":"https:\/\/www.leili-motor.net\/wp-content\/uploads\/2025\/03\/BLP43-3XX-Electronic-Water-Pump-large-Flow.jpg","width":800,"height":546,"caption":"Pompe \u00e0 eau \u00e9lectronique BLP43-3XX (grand d\u00e9bit)"},{"@type":"BreadcrumbList","@id":"https:\/\/www.leili-motor.net\/fr\/blp43-3xx-pompe-a-eau-electrique-grand-debit.html#breadcrumb","itemListElement":[{"@type":"ListItem","position":1,"name":"Home","item":"https:\/\/www.leili-motor.net\/fr\/"},{"@type":"ListItem","position":2,"name":"Produits","item":"https:\/\/www.leili-motor.net\/fr\/produits\/"},{"@type":"ListItem","position":3,"name":"BLP43-3XX Pompe \u00c0 Eau \u00c9lectrique (Grand D\u00e9bit)"}]},{"@type":"WebSite","@id":"https:\/\/www.leili-motor.net\/fr\/#website","url":"https:\/\/www.leili-motor.net\/fr\/","name":"Leili Motor","description":"","publisher":{"@id":"https:\/\/www.leili-motor.net\/fr\/#organization"},"potentialAction":[{"@type":"SearchAction","target":{"@type":"EntryPoint","urlTemplate":"https:\/\/www.leili-motor.net\/fr\/?s={search_term_string}"},"query-input":{"@type":"PropertyValueSpecification","valueRequired":true,"valueName":"search_term_string"}}],"inLanguage":"fr-FR"},{"@type":"Organization","@id":"https:\/\/www.leili-motor.net\/fr\/#organization","name":"Leili Motor","url":"https:\/\/www.leili-motor.net\/fr\/","logo":{"@type":"ImageObject","inLanguage":"fr-FR","@id":"https:\/\/www.leili-motor.net\/fr\/#\/schema\/logo\/image\/","url":"https:\/\/www.leili-motor.net\/wp-content\/uploads\/2025\/03\/Leili-Motor.png","contentUrl":"https:\/\/www.leili-motor.net\/wp-content\/uploads\/2025\/03\/Leili-Motor.png","width":600,"height":156,"caption":"Leili Motor"},"image":{"@id":"https:\/\/www.leili-motor.net\/fr\/#\/schema\/logo\/image\/"}}]}},"_links":{"self":[{"href":"https:\/\/www.leili-motor.net\/fr\/wp-json\/wp\/v2\/product\/12092","targetHints":{"allow":["GET"]}}],"collection":[{"href":"https:\/\/www.leili-motor.net\/fr\/wp-json\/wp\/v2\/product"}],"about":[{"href":"https:\/\/www.leili-motor.net\/fr\/wp-json\/wp\/v2\/types\/product"}],"replies":[{"embeddable":true,"href":"https:\/\/www.leili-motor.net\/fr\/wp-json\/wp\/v2\/comments?post=12092"}],"wp:featuredmedia":[{"embeddable":true,"href":"https:\/\/www.leili-motor.net\/fr\/wp-json\/wp\/v2\/media\/12093"}],"wp:attachment":[{"href":"https:\/\/www.leili-motor.net\/fr\/wp-json\/wp\/v2\/media?parent=12092"}],"wp:term":[{"taxonomy":"product_brand","embeddable":true,"href":"https:\/\/www.leili-motor.net\/fr\/wp-json\/wp\/v2\/product_brand?post=12092"},{"taxonomy":"product_cat","embeddable":true,"href":"https:\/\/www.leili-motor.net\/fr\/wp-json\/wp\/v2\/product_cat?post=12092"},{"taxonomy":"product_tag","embeddable":true,"href":"https:\/\/www.leili-motor.net\/fr\/wp-json\/wp\/v2\/product_tag?post=12092"}],"curies":[{"name":"wp","href":"https:\/\/api.w.org\/{rel}","templated":true}]}}