{"id":12106,"date":"2025-03-12T16:04:48","date_gmt":"2025-03-12T08:04:48","guid":{"rendered":"https:\/\/www.leili-motor.net\/moteur-synchrone-aimant-permanent-49sm28\/"},"modified":"2025-03-12T16:04:48","modified_gmt":"2025-03-12T08:04:48","slug":"moteur-synchrone-aimant-permanent-49sm28","status":"publish","type":"product","link":"https:\/\/www.leili-motor.net\/fr\/moteur-synchrone-aimant-permanent-49sm28.html","title":{"rendered":"Moteur Synchrone Aimant Permanent 49SM28"},"content":{"rendered":"<h2>Param\u00e8tres du produit<\/h2>\n<table>\n<tbody>\n<tr>\n<td>Mod\u00e8le de moteur<\/td>\n<td>Tension<\/td>\n<td>R\u00e9sistance de bobine\/phase<\/td>\n<td>Capacitance<\/td>\n<td>Fr\u00e9quence<\/td>\n<td>Vitesse de rotation<\/td>\n<td>Tension de d\u00e9marrage<\/td>\n<td>Puissance \u00e0 vide<\/td>\n<td>Courant \u00e0 vide<\/td>\n<td>R\u00e9sistance \u00e9lectrique<\/td>\n<td>Bruit<\/td>\n<td>Temp\u00e9rature ambiante de fonctionnement<\/td>\n<\/tr>\n<tr>\n<td><\/td>\n<td>\uff08VAC\uff09<\/td>\n<td>(\u03a9)<\/td>\n<td>(\u03bcF)<\/td>\n<td>(Hz)<\/td>\n<td>(r\/min)<\/td>\n<td>(V)<\/td>\n<td>(W)<\/td>\n<td>(mA)<\/td>\n<td><\/td>\n<td>(A)<\/td>\n<td>(\u2103)<\/td>\n<\/tr>\n<tr>\n<td rowspan=\"2\">49SM28<\/td>\n<td rowspan=\"2\">24<\/td>\n<td rowspan=\"2\">110<\/td>\n<td rowspan=\"2\">10<\/td>\n<td rowspan=\"2\">50\/60<\/td>\n<td rowspan=\"2\">500\/600<\/td>\n<td rowspan=\"2\">\u226415<\/td>\n<td rowspan=\"2\">\u22644.6<\/td>\n<td>&lt;190<\/td>\n<td>AC 500[V]<\/td>\n<td>\u2264 55<\/td>\n<td rowspan=\"2\">-10 \uff5e 50<\/td>\n<\/tr>\n<tr>\n<td>(50pps)<\/td>\n<td>1(min)<\/td>\n<td>(Son indistinct)<\/td>\n<\/tr>\n<\/tbody>\n<\/table>\n<h2>Dimensions m\u00e9caniques : mm<\/h2>\n<p><img fetchpriority=\"high\" decoding=\"async\" class=\"size-full wp-image-2485 aligncenter\" src=\"https:\/\/www.leili-motor.net\/wp-content\/uploads\/2025\/03\/49SM28-Permanent-Magnet-Synchronous-Motor-Dimensions.webp\" alt=\"Dimensions du moteur synchrone \u00e0 aimant permanent 49SM28\" width=\"759\" height=\"580\" srcset=\"https:\/\/www.leili-motor.net\/wp-content\/uploads\/2025\/03\/49SM28-Permanent-Magnet-Synchronous-Motor-Dimensions.webp 759w, https:\/\/www.leili-motor.net\/wp-content\/uploads\/2025\/03\/49SM28-Permanent-Magnet-Synchronous-Motor-Dimensions-300x229.webp 300w, https:\/\/www.leili-motor.net\/wp-content\/uploads\/2025\/03\/49SM28-Permanent-Magnet-Synchronous-Motor-Dimensions-600x458.webp 600w\" sizes=\"(max-width: 759px) 100vw, 759px\" \/><\/p>\n","protected":false},"excerpt":{"rendered":"<h3>Pr\u00e9sentation du produit<\/h3>\n<ul>\n<li>Mod\u00e8le : 49SM28<\/li>\n<li>Des performances fiables fonctionnent \u00e0 24 V, 50\/60 Hz, 500-600 tr\/min, avec une puissance \u2264 4,6 W et un courant &lt;190 mA.<\/li>\n<li>La conception durable r\u00e9siste \u00e0 un niveau de bruit de 500 V CA, \u2264 55 A et fonctionne dans des environnements de -10 \u00e0 50 \u2103.<\/li>\n<\/ul>\n<h3>Application du produit<\/h3>\n<ul>\n<li>Industrie : contr\u00f4le de vannes, minuterie<\/li>\n<\/ul>\n","protected":false},"featured_media":12107,"comment_status":"open","ping_status":"closed","template":"","meta":{"site-sidebar-layout":"default","site-content-layout":"","ast-site-content-layout":"default","site-content-style":"default","site-sidebar-style":"default","ast-global-header-display":"","ast-banner-title-visibility":"","ast-main-header-display":"","ast-hfb-above-header-display":"","ast-hfb-below-header-display":"","ast-hfb-mobile-header-display":"","site-post-title":"","ast-breadcrumbs-content":"","ast-featured-img":"","footer-sml-layout":"","theme-transparent-header-meta":"default","adv-header-id-meta":"","stick-header-meta":"","header-above-stick-meta":"","header-main-stick-meta":"","header-below-stick-meta":"","astra-migrate-meta-layouts":"default","ast-page-background-enabled":"default","ast-page-background-meta":{"desktop":{"background-color":"var(--ast-global-color-5)","background-image":"","background-repeat":"repeat","background-position":"center center","background-size":"auto","background-attachment":"scroll","background-type":"","background-media":"","overlay-type":"","overlay-color":"","overlay-opacity":"","overlay-gradient":""},"tablet":{"background-color":"","background-image":"","background-repeat":"repeat","background-position":"center center","background-size":"auto","background-attachment":"scroll","background-type":"","background-media":"","overlay-type":"","overlay-color":"","overlay-opacity":"","overlay-gradient":""},"mobile":{"background-color":"","background-image":"","background-repeat":"repeat","background-position":"center center","background-size":"auto","background-attachment":"scroll","background-type":"","background-media":"","overlay-type":"","overlay-color":"","overlay-opacity":"","overlay-gradient":""}},"ast-content-background-meta":{"desktop":{"background-color":"var(--ast-global-color-4)","background-image":"","background-repeat":"repeat","background-position":"center center","background-size":"auto","background-attachment":"scroll","background-type":"","background-media":"","overlay-type":"","overlay-color":"","overlay-opacity":"","overlay-gradient":""},"tablet":{"background-color":"var(--ast-global-color-4)","background-image":"","background-repeat":"repeat","background-position":"center center","background-size":"auto","background-attachment":"scroll","background-type":"","background-media":"","overlay-type":"","overlay-color":"","overlay-opacity":"","overlay-gradient":""},"mobile":{"background-color":"var(--ast-global-color-4)","background-image":"","background-repeat":"repeat","background-position":"center center","background-size":"auto","background-attachment":"scroll","background-type":"","background-media":"","overlay-type":"","overlay-color":"","overlay-opacity":"","overlay-gradient":""}}},"product_brand":[],"product_cat":[1271,1306],"product_tag":[1307],"class_list":{"0":"post-12106","1":"product","2":"type-product","3":"status-publish","4":"has-post-thumbnail","6":"product_cat-moteur-a-haut-rendement","7":"product_cat-moteur-synchrone-aimant-permanent","8":"product_tag-controle-de-soupape-moteur-synchrone","9":"desktop-align-left","10":"tablet-align-left","11":"mobile-align-left","13":"first","14":"instock","15":"shipping-taxable","16":"product-type-simple"},"yoast_head":"<!-- This site is optimized with the Yoast SEO plugin v27.2 - https:\/\/yoast.com\/product\/yoast-seo-wordpress\/ -->\n<title>Moteur Synchrone Aimant Permanent 49SM28 &#8211; Leili Motor<\/title>\n<meta name=\"description\" content=\"Le moteur PMSM 49SM28 fonctionne \u00e0 24 V, 50\/60 Hz, 500-600 tr\/min, puissance \u2264 4,6 W, courant \u2264 190 mA et r\u00e9siste \u00e0 une r\u00e9sistance \u00e9lectrique CA 500 V dans des environnements de -10 \u00e0 50 \u2103.\" \/>\n<meta name=\"robots\" content=\"index, follow, max-snippet:-1, max-image-preview:large, max-video-preview:-1\" \/>\n<link rel=\"canonical\" href=\"https:\/\/www.leili-motor.net\/fr\/moteur-synchrone-aimant-permanent-49sm28.html\" \/>\n<script type=\"application\/ld+json\" class=\"yoast-schema-graph\">{\"@context\":\"https:\/\/schema.org\",\"@graph\":[{\"@type\":\"WebPage\",\"@id\":\"https:\/\/www.leili-motor.net\/fr\/moteur-synchrone-aimant-permanent-49sm28.html\",\"url\":\"https:\/\/www.leili-motor.net\/fr\/moteur-synchrone-aimant-permanent-49sm28.html\",\"name\":\"Moteur Synchrone Aimant Permanent 49SM28 &#8211; Leili Motor\",\"isPartOf\":{\"@id\":\"https:\/\/www.leili-motor.net\/fr\/#website\"},\"primaryImageOfPage\":{\"@id\":\"https:\/\/www.leili-motor.net\/fr\/moteur-synchrone-aimant-permanent-49sm28.html#primaryimage\"},\"image\":{\"@id\":\"https:\/\/www.leili-motor.net\/fr\/moteur-synchrone-aimant-permanent-49sm28.html#primaryimage\"},\"thumbnailUrl\":\"https:\/\/www.leili-motor.net\/wp-content\/uploads\/2025\/03\/49SM28-Permanent-Magnet-Synchronous-Motor.webp\",\"datePublished\":\"2025-03-12T08:04:48+00:00\",\"description\":\"Le moteur PMSM 49SM28 fonctionne \u00e0 24 V, 50\/60 Hz, 500-600 tr\/min, puissance \u2264 4,6 W, courant \u2264 190 mA et r\u00e9siste \u00e0 une r\u00e9sistance \u00e9lectrique CA 500 V dans des environnements de -10 \u00e0 50 \u2103.\",\"breadcrumb\":{\"@id\":\"https:\/\/www.leili-motor.net\/fr\/moteur-synchrone-aimant-permanent-49sm28.html#breadcrumb\"},\"inLanguage\":\"fr-FR\",\"potentialAction\":[{\"@type\":\"ReadAction\",\"target\":[\"https:\/\/www.leili-motor.net\/fr\/moteur-synchrone-aimant-permanent-49sm28.html\"]}]},{\"@type\":\"ImageObject\",\"inLanguage\":\"fr-FR\",\"@id\":\"https:\/\/www.leili-motor.net\/fr\/moteur-synchrone-aimant-permanent-49sm28.html#primaryimage\",\"url\":\"https:\/\/www.leili-motor.net\/wp-content\/uploads\/2025\/03\/49SM28-Permanent-Magnet-Synchronous-Motor.webp\",\"contentUrl\":\"https:\/\/www.leili-motor.net\/wp-content\/uploads\/2025\/03\/49SM28-Permanent-Magnet-Synchronous-Motor.webp\",\"width\":454,\"height\":310,\"caption\":\"Moteur synchrone \u00e0 aimant permanent 49SM28\"},{\"@type\":\"BreadcrumbList\",\"@id\":\"https:\/\/www.leili-motor.net\/fr\/moteur-synchrone-aimant-permanent-49sm28.html#breadcrumb\",\"itemListElement\":[{\"@type\":\"ListItem\",\"position\":1,\"name\":\"Home\",\"item\":\"https:\/\/www.leili-motor.net\/fr\/\"},{\"@type\":\"ListItem\",\"position\":2,\"name\":\"Produits\",\"item\":\"https:\/\/www.leili-motor.net\/fr\/produits\/\"},{\"@type\":\"ListItem\",\"position\":3,\"name\":\"Moteur Synchrone Aimant Permanent 49SM28\"}]},{\"@type\":\"WebSite\",\"@id\":\"https:\/\/www.leili-motor.net\/fr\/#website\",\"url\":\"https:\/\/www.leili-motor.net\/fr\/\",\"name\":\"Leili Motor\",\"description\":\"\",\"publisher\":{\"@id\":\"https:\/\/www.leili-motor.net\/fr\/#organization\"},\"potentialAction\":[{\"@type\":\"SearchAction\",\"target\":{\"@type\":\"EntryPoint\",\"urlTemplate\":\"https:\/\/www.leili-motor.net\/fr\/?s={search_term_string}\"},\"query-input\":{\"@type\":\"PropertyValueSpecification\",\"valueRequired\":true,\"valueName\":\"search_term_string\"}}],\"inLanguage\":\"fr-FR\"},{\"@type\":\"Organization\",\"@id\":\"https:\/\/www.leili-motor.net\/fr\/#organization\",\"name\":\"Leili Motor\",\"url\":\"https:\/\/www.leili-motor.net\/fr\/\",\"logo\":{\"@type\":\"ImageObject\",\"inLanguage\":\"fr-FR\",\"@id\":\"https:\/\/www.leili-motor.net\/fr\/#\/schema\/logo\/image\/\",\"url\":\"https:\/\/www.leili-motor.net\/wp-content\/uploads\/2025\/03\/Leili-Motor.png\",\"contentUrl\":\"https:\/\/www.leili-motor.net\/wp-content\/uploads\/2025\/03\/Leili-Motor.png\",\"width\":600,\"height\":156,\"caption\":\"Leili Motor\"},\"image\":{\"@id\":\"https:\/\/www.leili-motor.net\/fr\/#\/schema\/logo\/image\/\"}}]}<\/script>\n<!-- \/ Yoast SEO plugin. -->","yoast_head_json":{"title":"Moteur Synchrone Aimant Permanent 49SM28 &#8211; Leili Motor","description":"Le moteur PMSM 49SM28 fonctionne \u00e0 24 V, 50\/60 Hz, 500-600 tr\/min, puissance \u2264 4,6 W, courant \u2264 190 mA et r\u00e9siste \u00e0 une r\u00e9sistance \u00e9lectrique CA 500 V dans des environnements de -10 \u00e0 50 \u2103.","robots":{"index":"index","follow":"follow","max-snippet":"max-snippet:-1","max-image-preview":"max-image-preview:large","max-video-preview":"max-video-preview:-1"},"canonical":"https:\/\/www.leili-motor.net\/fr\/moteur-synchrone-aimant-permanent-49sm28.html","schema":{"@context":"https:\/\/schema.org","@graph":[{"@type":"WebPage","@id":"https:\/\/www.leili-motor.net\/fr\/moteur-synchrone-aimant-permanent-49sm28.html","url":"https:\/\/www.leili-motor.net\/fr\/moteur-synchrone-aimant-permanent-49sm28.html","name":"Moteur Synchrone Aimant Permanent 49SM28 &#8211; Leili Motor","isPartOf":{"@id":"https:\/\/www.leili-motor.net\/fr\/#website"},"primaryImageOfPage":{"@id":"https:\/\/www.leili-motor.net\/fr\/moteur-synchrone-aimant-permanent-49sm28.html#primaryimage"},"image":{"@id":"https:\/\/www.leili-motor.net\/fr\/moteur-synchrone-aimant-permanent-49sm28.html#primaryimage"},"thumbnailUrl":"https:\/\/www.leili-motor.net\/wp-content\/uploads\/2025\/03\/49SM28-Permanent-Magnet-Synchronous-Motor.webp","datePublished":"2025-03-12T08:04:48+00:00","description":"Le moteur PMSM 49SM28 fonctionne \u00e0 24 V, 50\/60 Hz, 500-600 tr\/min, puissance \u2264 4,6 W, courant \u2264 190 mA et r\u00e9siste \u00e0 une r\u00e9sistance \u00e9lectrique CA 500 V dans des environnements de -10 \u00e0 50 \u2103.","breadcrumb":{"@id":"https:\/\/www.leili-motor.net\/fr\/moteur-synchrone-aimant-permanent-49sm28.html#breadcrumb"},"inLanguage":"fr-FR","potentialAction":[{"@type":"ReadAction","target":["https:\/\/www.leili-motor.net\/fr\/moteur-synchrone-aimant-permanent-49sm28.html"]}]},{"@type":"ImageObject","inLanguage":"fr-FR","@id":"https:\/\/www.leili-motor.net\/fr\/moteur-synchrone-aimant-permanent-49sm28.html#primaryimage","url":"https:\/\/www.leili-motor.net\/wp-content\/uploads\/2025\/03\/49SM28-Permanent-Magnet-Synchronous-Motor.webp","contentUrl":"https:\/\/www.leili-motor.net\/wp-content\/uploads\/2025\/03\/49SM28-Permanent-Magnet-Synchronous-Motor.webp","width":454,"height":310,"caption":"Moteur synchrone \u00e0 aimant permanent 49SM28"},{"@type":"BreadcrumbList","@id":"https:\/\/www.leili-motor.net\/fr\/moteur-synchrone-aimant-permanent-49sm28.html#breadcrumb","itemListElement":[{"@type":"ListItem","position":1,"name":"Home","item":"https:\/\/www.leili-motor.net\/fr\/"},{"@type":"ListItem","position":2,"name":"Produits","item":"https:\/\/www.leili-motor.net\/fr\/produits\/"},{"@type":"ListItem","position":3,"name":"Moteur Synchrone Aimant Permanent 49SM28"}]},{"@type":"WebSite","@id":"https:\/\/www.leili-motor.net\/fr\/#website","url":"https:\/\/www.leili-motor.net\/fr\/","name":"Leili Motor","description":"","publisher":{"@id":"https:\/\/www.leili-motor.net\/fr\/#organization"},"potentialAction":[{"@type":"SearchAction","target":{"@type":"EntryPoint","urlTemplate":"https:\/\/www.leili-motor.net\/fr\/?s={search_term_string}"},"query-input":{"@type":"PropertyValueSpecification","valueRequired":true,"valueName":"search_term_string"}}],"inLanguage":"fr-FR"},{"@type":"Organization","@id":"https:\/\/www.leili-motor.net\/fr\/#organization","name":"Leili Motor","url":"https:\/\/www.leili-motor.net\/fr\/","logo":{"@type":"ImageObject","inLanguage":"fr-FR","@id":"https:\/\/www.leili-motor.net\/fr\/#\/schema\/logo\/image\/","url":"https:\/\/www.leili-motor.net\/wp-content\/uploads\/2025\/03\/Leili-Motor.png","contentUrl":"https:\/\/www.leili-motor.net\/wp-content\/uploads\/2025\/03\/Leili-Motor.png","width":600,"height":156,"caption":"Leili Motor"},"image":{"@id":"https:\/\/www.leili-motor.net\/fr\/#\/schema\/logo\/image\/"}}]}},"_links":{"self":[{"href":"https:\/\/www.leili-motor.net\/fr\/wp-json\/wp\/v2\/product\/12106","targetHints":{"allow":["GET"]}}],"collection":[{"href":"https:\/\/www.leili-motor.net\/fr\/wp-json\/wp\/v2\/product"}],"about":[{"href":"https:\/\/www.leili-motor.net\/fr\/wp-json\/wp\/v2\/types\/product"}],"replies":[{"embeddable":true,"href":"https:\/\/www.leili-motor.net\/fr\/wp-json\/wp\/v2\/comments?post=12106"}],"wp:featuredmedia":[{"embeddable":true,"href":"https:\/\/www.leili-motor.net\/fr\/wp-json\/wp\/v2\/media\/12107"}],"wp:attachment":[{"href":"https:\/\/www.leili-motor.net\/fr\/wp-json\/wp\/v2\/media?parent=12106"}],"wp:term":[{"taxonomy":"product_brand","embeddable":true,"href":"https:\/\/www.leili-motor.net\/fr\/wp-json\/wp\/v2\/product_brand?post=12106"},{"taxonomy":"product_cat","embeddable":true,"href":"https:\/\/www.leili-motor.net\/fr\/wp-json\/wp\/v2\/product_cat?post=12106"},{"taxonomy":"product_tag","embeddable":true,"href":"https:\/\/www.leili-motor.net\/fr\/wp-json\/wp\/v2\/product_tag?post=12106"}],"curies":[{"name":"wp","href":"https:\/\/api.w.org\/{rel}","templated":true}]}}