{"id":12115,"date":"2025-03-11T15:09:43","date_gmt":"2025-03-11T07:09:43","guid":{"rendered":"https:\/\/www.leili-motor.net\/moteur-de-pompe-de-vidange-sans-balais\/"},"modified":"2025-03-11T15:09:43","modified_gmt":"2025-03-11T07:09:43","slug":"moteur-de-pompe-de-vidange-sans-balais","status":"publish","type":"product","link":"https:\/\/www.leili-motor.net\/fr\/moteur-de-pompe-de-vidange-sans-balais.html","title":{"rendered":"Moteur de pompe de vidange sans balais"},"content":{"rendered":"<h2>Param\u00e8tres du produit<\/h2>\n<table>\n<tbody>\n<tr>\n<td>Mod\u00e8le<\/td>\n<td>Fil<\/td>\n<td>Stator (mm)<\/td>\n<td>Tension<br \/>\nnominale<br \/>\n(V)<\/td>\n<td>Puissance<br \/>\nnominale<br \/>\n(W)<\/td>\n<td>Puissance<br \/>\n(W)<\/td>\n<td>Courant<br \/>\n(A)<\/td>\n<td>\u00c9l\u00e9vation<br \/>\n (m)<\/td>\n<td>D\u00e9bit<br \/>\n(LPM)<\/td>\n<td>Niveau sonoredB(A)<\/td>\n<td>Vitesse de rotation<\/p>\n<p> (tr\/min)<\/td>\n<td>Classe<br \/>\n d&rsquo;isolation<\/td>\n<\/tr>\n<tr>\n<td>BLP24-x<\/td>\n<td>Cu<\/td>\n<td>14<\/td>\n<td>DC110-140<\/td>\n<td>50<\/td>\n<td>\u2264 35<\/td>\n<td>\u2264 0.35<\/td>\n<td>0.9<\/td>\n<td>\u2265 12<\/td>\n<td>\u2264 45<\/td>\n<td>2700<\/td>\n<td>F<\/td>\n<\/tr>\n<tr>\n<td>BLP24-y<\/td>\n<td>Cu<\/td>\n<td>20<\/td>\n<td>DC310<\/td>\n<td>50<\/td>\n<td>\u2264 35<\/td>\n<td>\u2264 0.35<\/td>\n<td>0.9<\/td>\n<td>\u2265 15<\/td>\n<td>\u2264 45<\/td>\n<td>3000<\/td>\n<td>F<\/td>\n<\/tr>\n<\/tbody>\n<\/table>\n<h2>Dimension m\u00e9canique : mm<\/h2>\n<p><img fetchpriority=\"high\" decoding=\"async\" class=\"size-full wp-image-1915 aligncenter\" src=\"https:\/\/www.leili-motor.net\/wp-content\/uploads\/2025\/03\/Mechanical-Dimension-for-Brushless-Drainage-Pump-Motor.webp\" alt=\"Dimensions m\u00e9caniques du moteur de pompe de drainage sans balais\" width=\"759\" height=\"437\" srcset=\"https:\/\/www.leili-motor.net\/wp-content\/uploads\/2025\/03\/Mechanical-Dimension-for-Brushless-Drainage-Pump-Motor.webp 759w, https:\/\/www.leili-motor.net\/wp-content\/uploads\/2025\/03\/Mechanical-Dimension-for-Brushless-Drainage-Pump-Motor-300x173.webp 300w, https:\/\/www.leili-motor.net\/wp-content\/uploads\/2025\/03\/Mechanical-Dimension-for-Brushless-Drainage-Pump-Motor-600x345.webp 600w\" sizes=\"(max-width: 759px) 100vw, 759px\" \/><\/p>\n","protected":false},"excerpt":{"rendered":"<h3>Pr\u00e9sentation du produit<\/h3>\n<ul>\n<li>Sp\u00e9cifications du moteur : fil de cuivre, stator 14-20 mm, tension DC110-310 V, isolation de classe F, conception sans balais durable.<\/li>\n<li>Caract\u00e9ristiques de performance : D\u00e9bit \u2265 12-15 LPM, \u00e9l\u00e9vation de 0,9 M, puissance \u2264 35 W, 2 700-3 000 tr\/min, assurant un drainage efficace de l&rsquo;eau.<\/li>\n<li>Propri\u00e9t\u00e9s \u00e9lectriques : courant \u2264 0,35 A, faible bruit \u2264 45 dB (A), fonctionnement stable, performances \u00e9co\u00e9nerg\u00e9tiques.<\/li>\n<\/ul>\n<h3>Application du produit<\/h3>\n<ul>\n<li>Appareils \u00e9lectrom\u00e9nagers : lave-vaisselle, lave-linge<\/li>\n<\/ul>\n","protected":false},"featured_media":12116,"comment_status":"open","ping_status":"closed","template":"","meta":{"site-sidebar-layout":"default","site-content-layout":"","ast-site-content-layout":"default","site-content-style":"default","site-sidebar-style":"default","ast-global-header-display":"","ast-banner-title-visibility":"","ast-main-header-display":"","ast-hfb-above-header-display":"","ast-hfb-below-header-display":"","ast-hfb-mobile-header-display":"","site-post-title":"","ast-breadcrumbs-content":"","ast-featured-img":"","footer-sml-layout":"","theme-transparent-header-meta":"default","adv-header-id-meta":"","stick-header-meta":"","header-above-stick-meta":"","header-main-stick-meta":"","header-below-stick-meta":"","astra-migrate-meta-layouts":"default","ast-page-background-enabled":"default","ast-page-background-meta":{"desktop":{"background-color":"var(--ast-global-color-5)","background-image":"","background-repeat":"repeat","background-position":"center center","background-size":"auto","background-attachment":"scroll","background-type":"","background-media":"","overlay-type":"","overlay-color":"","overlay-opacity":"","overlay-gradient":""},"tablet":{"background-color":"","background-image":"","background-repeat":"repeat","background-position":"center center","background-size":"auto","background-attachment":"scroll","background-type":"","background-media":"","overlay-type":"","overlay-color":"","overlay-opacity":"","overlay-gradient":""},"mobile":{"background-color":"","background-image":"","background-repeat":"repeat","background-position":"center center","background-size":"auto","background-attachment":"scroll","background-type":"","background-media":"","overlay-type":"","overlay-color":"","overlay-opacity":"","overlay-gradient":""}},"ast-content-background-meta":{"desktop":{"background-color":"var(--ast-global-color-4)","background-image":"","background-repeat":"repeat","background-position":"center center","background-size":"auto","background-attachment":"scroll","background-type":"","background-media":"","overlay-type":"","overlay-color":"","overlay-opacity":"","overlay-gradient":""},"tablet":{"background-color":"var(--ast-global-color-4)","background-image":"","background-repeat":"repeat","background-position":"center center","background-size":"auto","background-attachment":"scroll","background-type":"","background-media":"","overlay-type":"","overlay-color":"","overlay-opacity":"","overlay-gradient":""},"mobile":{"background-color":"var(--ast-global-color-4)","background-image":"","background-repeat":"repeat","background-position":"center center","background-size":"auto","background-attachment":"scroll","background-type":"","background-media":"","overlay-type":"","overlay-color":"","overlay-opacity":"","overlay-gradient":""}}},"product_brand":[],"product_cat":[1317,1335],"product_tag":[1334,1109],"class_list":{"0":"post-12115","1":"product","2":"type-product","3":"status-publish","4":"has-post-thumbnail","6":"product_cat-pompe-a-soupape","7":"product_cat-pompe-de-vidange","8":"product_tag-lave-vaisselle-systeme-de-drainage","9":"product_tag-machine-a-laver-systeme-de-drainage","10":"pa_application-appareil-electromenager","11":"desktop-align-left","12":"tablet-align-left","13":"mobile-align-left","15":"first","16":"instock","17":"shipping-taxable","18":"product-type-simple"},"yoast_head":"<!-- This site is optimized with the Yoast SEO plugin v27.2 - https:\/\/yoast.com\/product\/yoast-seo-wordpress\/ -->\n<title>Moteur de pompe de vidange sans balais, Pompe de vidange machine \u00e0 laver &#8211; Leili Motor<\/title>\n<meta name=\"description\" content=\"Notre moteur de pompe de drainage sans balais assure un fonctionnement efficace et silencieux avec des performances stables, id\u00e9al pour les lave-vaisselle et les machines \u00e0 laver, offrant un drainage de l&#039;eau fiable et \u00e9conome en \u00e9nergie.\" \/>\n<meta name=\"robots\" content=\"index, follow, max-snippet:-1, max-image-preview:large, max-video-preview:-1\" \/>\n<link rel=\"canonical\" href=\"https:\/\/www.leili-motor.net\/fr\/moteur-de-pompe-de-vidange-sans-balais.html\" \/>\n<script type=\"application\/ld+json\" class=\"yoast-schema-graph\">{\"@context\":\"https:\/\/schema.org\",\"@graph\":[{\"@type\":\"WebPage\",\"@id\":\"https:\/\/www.leili-motor.net\/fr\/moteur-de-pompe-de-vidange-sans-balais.html\",\"url\":\"https:\/\/www.leili-motor.net\/fr\/moteur-de-pompe-de-vidange-sans-balais.html\",\"name\":\"Moteur de pompe de vidange sans balais, Pompe de vidange machine \u00e0 laver &#8211; Leili Motor\",\"isPartOf\":{\"@id\":\"https:\/\/www.leili-motor.net\/fr\/#website\"},\"primaryImageOfPage\":{\"@id\":\"https:\/\/www.leili-motor.net\/fr\/moteur-de-pompe-de-vidange-sans-balais.html#primaryimage\"},\"image\":{\"@id\":\"https:\/\/www.leili-motor.net\/fr\/moteur-de-pompe-de-vidange-sans-balais.html#primaryimage\"},\"thumbnailUrl\":\"https:\/\/www.leili-motor.net\/wp-content\/uploads\/2025\/03\/Brushless-Drainage-Pump-Motor.webp\",\"datePublished\":\"2025-03-11T07:09:43+00:00\",\"description\":\"Notre moteur de pompe de drainage sans balais assure un fonctionnement efficace et silencieux avec des performances stables, id\u00e9al pour les lave-vaisselle et les machines \u00e0 laver, offrant un drainage de l'eau fiable et \u00e9conome en \u00e9nergie.\",\"breadcrumb\":{\"@id\":\"https:\/\/www.leili-motor.net\/fr\/moteur-de-pompe-de-vidange-sans-balais.html#breadcrumb\"},\"inLanguage\":\"fr-FR\",\"potentialAction\":[{\"@type\":\"ReadAction\",\"target\":[\"https:\/\/www.leili-motor.net\/fr\/moteur-de-pompe-de-vidange-sans-balais.html\"]}]},{\"@type\":\"ImageObject\",\"inLanguage\":\"fr-FR\",\"@id\":\"https:\/\/www.leili-motor.net\/fr\/moteur-de-pompe-de-vidange-sans-balais.html#primaryimage\",\"url\":\"https:\/\/www.leili-motor.net\/wp-content\/uploads\/2025\/03\/Brushless-Drainage-Pump-Motor.webp\",\"contentUrl\":\"https:\/\/www.leili-motor.net\/wp-content\/uploads\/2025\/03\/Brushless-Drainage-Pump-Motor.webp\",\"width\":454,\"height\":310,\"caption\":\"Moteur de pompe de drainage sans balais\"},{\"@type\":\"BreadcrumbList\",\"@id\":\"https:\/\/www.leili-motor.net\/fr\/moteur-de-pompe-de-vidange-sans-balais.html#breadcrumb\",\"itemListElement\":[{\"@type\":\"ListItem\",\"position\":1,\"name\":\"Home\",\"item\":\"https:\/\/www.leili-motor.net\/fr\/\"},{\"@type\":\"ListItem\",\"position\":2,\"name\":\"Produits\",\"item\":\"https:\/\/www.leili-motor.net\/fr\/produits\/\"},{\"@type\":\"ListItem\",\"position\":3,\"name\":\"Moteur de pompe de vidange sans balais\"}]},{\"@type\":\"WebSite\",\"@id\":\"https:\/\/www.leili-motor.net\/fr\/#website\",\"url\":\"https:\/\/www.leili-motor.net\/fr\/\",\"name\":\"Leili Motor\",\"description\":\"\",\"publisher\":{\"@id\":\"https:\/\/www.leili-motor.net\/fr\/#organization\"},\"potentialAction\":[{\"@type\":\"SearchAction\",\"target\":{\"@type\":\"EntryPoint\",\"urlTemplate\":\"https:\/\/www.leili-motor.net\/fr\/?s={search_term_string}\"},\"query-input\":{\"@type\":\"PropertyValueSpecification\",\"valueRequired\":true,\"valueName\":\"search_term_string\"}}],\"inLanguage\":\"fr-FR\"},{\"@type\":\"Organization\",\"@id\":\"https:\/\/www.leili-motor.net\/fr\/#organization\",\"name\":\"Leili Motor\",\"url\":\"https:\/\/www.leili-motor.net\/fr\/\",\"logo\":{\"@type\":\"ImageObject\",\"inLanguage\":\"fr-FR\",\"@id\":\"https:\/\/www.leili-motor.net\/fr\/#\/schema\/logo\/image\/\",\"url\":\"https:\/\/www.leili-motor.net\/wp-content\/uploads\/2025\/03\/Leili-Motor.png\",\"contentUrl\":\"https:\/\/www.leili-motor.net\/wp-content\/uploads\/2025\/03\/Leili-Motor.png\",\"width\":600,\"height\":156,\"caption\":\"Leili Motor\"},\"image\":{\"@id\":\"https:\/\/www.leili-motor.net\/fr\/#\/schema\/logo\/image\/\"}}]}<\/script>\n<!-- \/ Yoast SEO plugin. -->","yoast_head_json":{"title":"Moteur de pompe de vidange sans balais, Pompe de vidange machine \u00e0 laver &#8211; Leili Motor","description":"Notre moteur de pompe de drainage sans balais assure un fonctionnement efficace et silencieux avec des performances stables, id\u00e9al pour les lave-vaisselle et les machines \u00e0 laver, offrant un drainage de l'eau fiable et \u00e9conome en \u00e9nergie.","robots":{"index":"index","follow":"follow","max-snippet":"max-snippet:-1","max-image-preview":"max-image-preview:large","max-video-preview":"max-video-preview:-1"},"canonical":"https:\/\/www.leili-motor.net\/fr\/moteur-de-pompe-de-vidange-sans-balais.html","schema":{"@context":"https:\/\/schema.org","@graph":[{"@type":"WebPage","@id":"https:\/\/www.leili-motor.net\/fr\/moteur-de-pompe-de-vidange-sans-balais.html","url":"https:\/\/www.leili-motor.net\/fr\/moteur-de-pompe-de-vidange-sans-balais.html","name":"Moteur de pompe de vidange sans balais, Pompe de vidange machine \u00e0 laver &#8211; Leili Motor","isPartOf":{"@id":"https:\/\/www.leili-motor.net\/fr\/#website"},"primaryImageOfPage":{"@id":"https:\/\/www.leili-motor.net\/fr\/moteur-de-pompe-de-vidange-sans-balais.html#primaryimage"},"image":{"@id":"https:\/\/www.leili-motor.net\/fr\/moteur-de-pompe-de-vidange-sans-balais.html#primaryimage"},"thumbnailUrl":"https:\/\/www.leili-motor.net\/wp-content\/uploads\/2025\/03\/Brushless-Drainage-Pump-Motor.webp","datePublished":"2025-03-11T07:09:43+00:00","description":"Notre moteur de pompe de drainage sans balais assure un fonctionnement efficace et silencieux avec des performances stables, id\u00e9al pour les lave-vaisselle et les machines \u00e0 laver, offrant un drainage de l'eau fiable et \u00e9conome en \u00e9nergie.","breadcrumb":{"@id":"https:\/\/www.leili-motor.net\/fr\/moteur-de-pompe-de-vidange-sans-balais.html#breadcrumb"},"inLanguage":"fr-FR","potentialAction":[{"@type":"ReadAction","target":["https:\/\/www.leili-motor.net\/fr\/moteur-de-pompe-de-vidange-sans-balais.html"]}]},{"@type":"ImageObject","inLanguage":"fr-FR","@id":"https:\/\/www.leili-motor.net\/fr\/moteur-de-pompe-de-vidange-sans-balais.html#primaryimage","url":"https:\/\/www.leili-motor.net\/wp-content\/uploads\/2025\/03\/Brushless-Drainage-Pump-Motor.webp","contentUrl":"https:\/\/www.leili-motor.net\/wp-content\/uploads\/2025\/03\/Brushless-Drainage-Pump-Motor.webp","width":454,"height":310,"caption":"Moteur de pompe de drainage sans balais"},{"@type":"BreadcrumbList","@id":"https:\/\/www.leili-motor.net\/fr\/moteur-de-pompe-de-vidange-sans-balais.html#breadcrumb","itemListElement":[{"@type":"ListItem","position":1,"name":"Home","item":"https:\/\/www.leili-motor.net\/fr\/"},{"@type":"ListItem","position":2,"name":"Produits","item":"https:\/\/www.leili-motor.net\/fr\/produits\/"},{"@type":"ListItem","position":3,"name":"Moteur de pompe de vidange sans balais"}]},{"@type":"WebSite","@id":"https:\/\/www.leili-motor.net\/fr\/#website","url":"https:\/\/www.leili-motor.net\/fr\/","name":"Leili Motor","description":"","publisher":{"@id":"https:\/\/www.leili-motor.net\/fr\/#organization"},"potentialAction":[{"@type":"SearchAction","target":{"@type":"EntryPoint","urlTemplate":"https:\/\/www.leili-motor.net\/fr\/?s={search_term_string}"},"query-input":{"@type":"PropertyValueSpecification","valueRequired":true,"valueName":"search_term_string"}}],"inLanguage":"fr-FR"},{"@type":"Organization","@id":"https:\/\/www.leili-motor.net\/fr\/#organization","name":"Leili Motor","url":"https:\/\/www.leili-motor.net\/fr\/","logo":{"@type":"ImageObject","inLanguage":"fr-FR","@id":"https:\/\/www.leili-motor.net\/fr\/#\/schema\/logo\/image\/","url":"https:\/\/www.leili-motor.net\/wp-content\/uploads\/2025\/03\/Leili-Motor.png","contentUrl":"https:\/\/www.leili-motor.net\/wp-content\/uploads\/2025\/03\/Leili-Motor.png","width":600,"height":156,"caption":"Leili Motor"},"image":{"@id":"https:\/\/www.leili-motor.net\/fr\/#\/schema\/logo\/image\/"}}]}},"_links":{"self":[{"href":"https:\/\/www.leili-motor.net\/fr\/wp-json\/wp\/v2\/product\/12115","targetHints":{"allow":["GET"]}}],"collection":[{"href":"https:\/\/www.leili-motor.net\/fr\/wp-json\/wp\/v2\/product"}],"about":[{"href":"https:\/\/www.leili-motor.net\/fr\/wp-json\/wp\/v2\/types\/product"}],"replies":[{"embeddable":true,"href":"https:\/\/www.leili-motor.net\/fr\/wp-json\/wp\/v2\/comments?post=12115"}],"wp:featuredmedia":[{"embeddable":true,"href":"https:\/\/www.leili-motor.net\/fr\/wp-json\/wp\/v2\/media\/12116"}],"wp:attachment":[{"href":"https:\/\/www.leili-motor.net\/fr\/wp-json\/wp\/v2\/media?parent=12115"}],"wp:term":[{"taxonomy":"product_brand","embeddable":true,"href":"https:\/\/www.leili-motor.net\/fr\/wp-json\/wp\/v2\/product_brand?post=12115"},{"taxonomy":"product_cat","embeddable":true,"href":"https:\/\/www.leili-motor.net\/fr\/wp-json\/wp\/v2\/product_cat?post=12115"},{"taxonomy":"product_tag","embeddable":true,"href":"https:\/\/www.leili-motor.net\/fr\/wp-json\/wp\/v2\/product_tag?post=12115"}],"curies":[{"name":"wp","href":"https:\/\/api.w.org\/{rel}","templated":true}]}}