{"id":12133,"date":"2025-03-11T14:55:08","date_gmt":"2025-03-11T06:55:08","guid":{"rendered":"https:\/\/www.leili-motor.net\/pompe-de-vidange-synchrone-ca-bpx401-402\/"},"modified":"2025-03-11T14:55:08","modified_gmt":"2025-03-11T06:55:08","slug":"pompe-de-vidange-synchrone-ca-bpx401-402","status":"publish","type":"product","link":"https:\/\/www.leili-motor.net\/fr\/pompe-de-vidange-synchrone-ca-bpx401-402.html","title":{"rendered":"Pompe de vidange synchrone CA BPX401\/402"},"content":{"rendered":"<h2>Param\u00e8tres du produit<\/h2>\n<table>\n<tbody>\n<tr>\n<td>Mod\u00e8le<\/td>\n<td>Fil<\/td>\n<td>Stator (mm)<\/td>\n<td>Tension<br \/>\nnominale<br \/>\n(VCA)<\/td>\n<td>Fr\u00e9quence<br \/>\nnominale<br \/>\n(Hz)<\/td>\n<td>Puissance<br \/>\n(W)<\/td>\n<td>Courant<br \/>\n(A)<\/td>\n<td>D\u00e9but<br \/>\nTension<br \/>\n(V)<\/td>\n<td>Ascenseur<br \/>\n(m)<\/td>\n<td>D\u00e9bit<br \/>\n(L\/min)<\/td>\n<td>RPM<br \/>\n(tr\/min)<\/td>\n<td>Classe<br \/>\n d&rsquo;isolation<\/td>\n<\/tr>\n<tr>\n<td>BPX401-x<\/td>\n<td>Cu<\/td>\n<td rowspan=\"6\">40<\/td>\n<td>110-120<\/td>\n<td>60<\/td>\n<td>80<\/td>\n<td>1.4<\/td>\n<td>102<\/td>\n<td>1<\/td>\n<td>38<\/td>\n<td>3600<\/td>\n<td rowspan=\"6\">F<\/td>\n<\/tr>\n<tr>\n<td>BPX401-xL<\/td>\n<td>Al<\/td>\n<td>110-120<\/td>\n<td>60<\/td>\n<td>80<\/td>\n<td>1.4<\/td>\n<td>102<\/td>\n<td>1<\/td>\n<td>38<\/td>\n<td>3600<\/td>\n<\/tr>\n<tr>\n<td>BPX402-x<\/td>\n<td>Cu<\/td>\n<td>220-240<\/td>\n<td>50<\/td>\n<td>40<\/td>\n<td>1<\/td>\n<td>187<\/td>\n<td>1<\/td>\n<td>38<\/td>\n<td>3000<\/td>\n<\/tr>\n<tr>\n<td>BPX402-xL<\/td>\n<td>Al<\/td>\n<td>220-240<\/td>\n<td>50<\/td>\n<td>40<\/td>\n<td>1<\/td>\n<td>187<\/td>\n<td>1<\/td>\n<td>38<\/td>\n<td>3000<\/td>\n<\/tr>\n<tr>\n<td>BPX402-x<\/td>\n<td>Cu<\/td>\n<td>220<\/td>\n<td>60<\/td>\n<td>80<\/td>\n<td>1.4<\/td>\n<td>187<\/td>\n<td>1<\/td>\n<td>38<\/td>\n<td>3600<\/td>\n<\/tr>\n<tr>\n<td>BPX402-xL<\/td>\n<td>Al<\/td>\n<td>-220<\/td>\n<td>60<\/td>\n<td>80<\/td>\n<td>1.4<\/td>\n<td>187<\/td>\n<td>1<\/td>\n<td>38<\/td>\n<td>3600<\/td>\n<\/tr>\n<\/tbody>\n<\/table>\n<h2>Dimension m\u00e9canique : mm<\/h2>\n<p><img fetchpriority=\"high\" decoding=\"async\" class=\"size-full wp-image-1908 aligncenter\" src=\"https:\/\/www.leili-motor.net\/wp-content\/uploads\/2025\/03\/Mechanical-Dimension-for-BPX-AC-Synchronous-Drainage-Pump.webp\" alt=\"Dimensions m\u00e9caniques de la pompe de drainage synchrone BPX AC\" width=\"759\" height=\"437\" srcset=\"https:\/\/www.leili-motor.net\/wp-content\/uploads\/2025\/03\/Mechanical-Dimension-for-BPX-AC-Synchronous-Drainage-Pump.webp 759w, https:\/\/www.leili-motor.net\/wp-content\/uploads\/2025\/03\/Mechanical-Dimension-for-BPX-AC-Synchronous-Drainage-Pump-300x173.webp 300w, https:\/\/www.leili-motor.net\/wp-content\/uploads\/2025\/03\/Mechanical-Dimension-for-BPX-AC-Synchronous-Drainage-Pump-600x345.webp 600w\" sizes=\"(max-width: 759px) 100vw, 759px\" \/><\/p>\n","protected":false},"excerpt":{"rendered":"<h3>Pr\u00e9sentation du produit<\/h3>\n<ul>\n<li>Sp\u00e9cifications du moteur : Fil de cuivre ou d&rsquo;aluminium, stator de 40 mm, tension 110-240 V, fr\u00e9quence 50\/60 Hz, isolation de classe F.<\/li>\n<li>Caract\u00e9ristiques de performance : D\u00e9bit de 38 L\/min, hauteur de levage de 1 m, puissance de 40 \u00e0 80 W, vitesse de 3 000 \u00e0 3 600 tr\/min, drainage efficace.<\/li>\n<li>Propri\u00e9t\u00e9s \u00e9lectriques : courant de 1 \u00e0 1,4 A, tension de d\u00e9marrage de 102 \u00e0 187 V, garantissant un fonctionnement stable et fiable.<\/li>\n<\/ul>\n<h3>Application du produit<\/h3>\n<ul>\n<li>Appareils \u00e9lectrom\u00e9nagers : lave-vaisselle, lave-linge, humidificateur, bain de pieds<\/li>\n<\/ul>\n","protected":false},"featured_media":12134,"comment_status":"open","ping_status":"closed","template":"","meta":{"site-sidebar-layout":"default","site-content-layout":"","ast-site-content-layout":"default","site-content-style":"default","site-sidebar-style":"default","ast-global-header-display":"","ast-banner-title-visibility":"","ast-main-header-display":"","ast-hfb-above-header-display":"","ast-hfb-below-header-display":"","ast-hfb-mobile-header-display":"","site-post-title":"","ast-breadcrumbs-content":"","ast-featured-img":"","footer-sml-layout":"","theme-transparent-header-meta":"default","adv-header-id-meta":"","stick-header-meta":"","header-above-stick-meta":"","header-main-stick-meta":"","header-below-stick-meta":"","astra-migrate-meta-layouts":"default","ast-page-background-enabled":"default","ast-page-background-meta":{"desktop":{"background-color":"var(--ast-global-color-5)","background-image":"","background-repeat":"repeat","background-position":"center center","background-size":"auto","background-attachment":"scroll","background-type":"","background-media":"","overlay-type":"","overlay-color":"","overlay-opacity":"","overlay-gradient":""},"tablet":{"background-color":"","background-image":"","background-repeat":"repeat","background-position":"center center","background-size":"auto","background-attachment":"scroll","background-type":"","background-media":"","overlay-type":"","overlay-color":"","overlay-opacity":"","overlay-gradient":""},"mobile":{"background-color":"","background-image":"","background-repeat":"repeat","background-position":"center center","background-size":"auto","background-attachment":"scroll","background-type":"","background-media":"","overlay-type":"","overlay-color":"","overlay-opacity":"","overlay-gradient":""}},"ast-content-background-meta":{"desktop":{"background-color":"var(--ast-global-color-4)","background-image":"","background-repeat":"repeat","background-position":"center center","background-size":"auto","background-attachment":"scroll","background-type":"","background-media":"","overlay-type":"","overlay-color":"","overlay-opacity":"","overlay-gradient":""},"tablet":{"background-color":"var(--ast-global-color-4)","background-image":"","background-repeat":"repeat","background-position":"center center","background-size":"auto","background-attachment":"scroll","background-type":"","background-media":"","overlay-type":"","overlay-color":"","overlay-opacity":"","overlay-gradient":""},"mobile":{"background-color":"var(--ast-global-color-4)","background-image":"","background-repeat":"repeat","background-position":"center center","background-size":"auto","background-attachment":"scroll","background-type":"","background-media":"","overlay-type":"","overlay-color":"","overlay-opacity":"","overlay-gradient":""}}},"product_brand":[],"product_cat":[1317,1335],"product_tag":[1334,1109],"class_list":{"0":"post-12133","1":"product","2":"type-product","3":"status-publish","4":"has-post-thumbnail","6":"product_cat-pompe-a-soupape","7":"product_cat-pompe-de-vidange","8":"product_tag-lave-vaisselle-systeme-de-drainage","9":"product_tag-machine-a-laver-systeme-de-drainage","10":"pa_application-appareil-electromenager","11":"desktop-align-left","12":"tablet-align-left","13":"mobile-align-left","15":"first","16":"instock","17":"shipping-taxable","18":"product-type-simple"},"yoast_head":"<!-- This site is optimized with the Yoast SEO plugin v27.2 - https:\/\/yoast.com\/product\/yoast-seo-wordpress\/ -->\n<title>Pompe de vidange synchrone CA BPX401\/402, Pompe de vidange machine \u00e0 laver &#8211; Leili Motor<\/title>\n<meta name=\"robots\" content=\"index, follow, max-snippet:-1, max-image-preview:large, max-video-preview:-1\" \/>\n<link rel=\"canonical\" href=\"https:\/\/www.leili-motor.net\/fr\/pompe-de-vidange-synchrone-ca-bpx401-402.html\" \/>\n<script type=\"application\/ld+json\" class=\"yoast-schema-graph\">{\"@context\":\"https:\/\/schema.org\",\"@graph\":[{\"@type\":\"WebPage\",\"@id\":\"https:\/\/www.leili-motor.net\/fr\/pompe-de-vidange-synchrone-ca-bpx401-402.html\",\"url\":\"https:\/\/www.leili-motor.net\/fr\/pompe-de-vidange-synchrone-ca-bpx401-402.html\",\"name\":\"Pompe de vidange synchrone CA BPX401\/402, Pompe de vidange machine \u00e0 laver &#8211; Leili Motor\",\"isPartOf\":{\"@id\":\"https:\/\/www.leili-motor.net\/fr\/#website\"},\"primaryImageOfPage\":{\"@id\":\"https:\/\/www.leili-motor.net\/fr\/pompe-de-vidange-synchrone-ca-bpx401-402.html#primaryimage\"},\"image\":{\"@id\":\"https:\/\/www.leili-motor.net\/fr\/pompe-de-vidange-synchrone-ca-bpx401-402.html#primaryimage\"},\"thumbnailUrl\":\"https:\/\/www.leili-motor.net\/wp-content\/uploads\/2025\/03\/BPX401-AC-Synchronous-Drainage-Pump.webp\",\"datePublished\":\"2025-03-11T06:55:08+00:00\",\"breadcrumb\":{\"@id\":\"https:\/\/www.leili-motor.net\/fr\/pompe-de-vidange-synchrone-ca-bpx401-402.html#breadcrumb\"},\"inLanguage\":\"fr-FR\",\"potentialAction\":[{\"@type\":\"ReadAction\",\"target\":[\"https:\/\/www.leili-motor.net\/fr\/pompe-de-vidange-synchrone-ca-bpx401-402.html\"]}]},{\"@type\":\"ImageObject\",\"inLanguage\":\"fr-FR\",\"@id\":\"https:\/\/www.leili-motor.net\/fr\/pompe-de-vidange-synchrone-ca-bpx401-402.html#primaryimage\",\"url\":\"https:\/\/www.leili-motor.net\/wp-content\/uploads\/2025\/03\/BPX401-AC-Synchronous-Drainage-Pump.webp\",\"contentUrl\":\"https:\/\/www.leili-motor.net\/wp-content\/uploads\/2025\/03\/BPX401-AC-Synchronous-Drainage-Pump.webp\",\"width\":454,\"height\":310,\"caption\":\"Pompe de drainage synchrone AC BPX401\"},{\"@type\":\"BreadcrumbList\",\"@id\":\"https:\/\/www.leili-motor.net\/fr\/pompe-de-vidange-synchrone-ca-bpx401-402.html#breadcrumb\",\"itemListElement\":[{\"@type\":\"ListItem\",\"position\":1,\"name\":\"Home\",\"item\":\"https:\/\/www.leili-motor.net\/fr\/\"},{\"@type\":\"ListItem\",\"position\":2,\"name\":\"Produits\",\"item\":\"https:\/\/www.leili-motor.net\/fr\/produits\/\"},{\"@type\":\"ListItem\",\"position\":3,\"name\":\"Pompe de vidange synchrone CA BPX401\/402\"}]},{\"@type\":\"WebSite\",\"@id\":\"https:\/\/www.leili-motor.net\/fr\/#website\",\"url\":\"https:\/\/www.leili-motor.net\/fr\/\",\"name\":\"Leili Motor\",\"description\":\"\",\"publisher\":{\"@id\":\"https:\/\/www.leili-motor.net\/fr\/#organization\"},\"potentialAction\":[{\"@type\":\"SearchAction\",\"target\":{\"@type\":\"EntryPoint\",\"urlTemplate\":\"https:\/\/www.leili-motor.net\/fr\/?s={search_term_string}\"},\"query-input\":{\"@type\":\"PropertyValueSpecification\",\"valueRequired\":true,\"valueName\":\"search_term_string\"}}],\"inLanguage\":\"fr-FR\"},{\"@type\":\"Organization\",\"@id\":\"https:\/\/www.leili-motor.net\/fr\/#organization\",\"name\":\"Leili Motor\",\"url\":\"https:\/\/www.leili-motor.net\/fr\/\",\"logo\":{\"@type\":\"ImageObject\",\"inLanguage\":\"fr-FR\",\"@id\":\"https:\/\/www.leili-motor.net\/fr\/#\/schema\/logo\/image\/\",\"url\":\"https:\/\/www.leili-motor.net\/wp-content\/uploads\/2025\/03\/Leili-Motor.png\",\"contentUrl\":\"https:\/\/www.leili-motor.net\/wp-content\/uploads\/2025\/03\/Leili-Motor.png\",\"width\":600,\"height\":156,\"caption\":\"Leili Motor\"},\"image\":{\"@id\":\"https:\/\/www.leili-motor.net\/fr\/#\/schema\/logo\/image\/\"}}]}<\/script>\n<!-- \/ Yoast SEO plugin. -->","yoast_head_json":{"title":"Pompe de vidange synchrone CA BPX401\/402, Pompe de vidange machine \u00e0 laver &#8211; Leili Motor","robots":{"index":"index","follow":"follow","max-snippet":"max-snippet:-1","max-image-preview":"max-image-preview:large","max-video-preview":"max-video-preview:-1"},"canonical":"https:\/\/www.leili-motor.net\/fr\/pompe-de-vidange-synchrone-ca-bpx401-402.html","schema":{"@context":"https:\/\/schema.org","@graph":[{"@type":"WebPage","@id":"https:\/\/www.leili-motor.net\/fr\/pompe-de-vidange-synchrone-ca-bpx401-402.html","url":"https:\/\/www.leili-motor.net\/fr\/pompe-de-vidange-synchrone-ca-bpx401-402.html","name":"Pompe de vidange synchrone CA BPX401\/402, Pompe de vidange machine \u00e0 laver &#8211; Leili Motor","isPartOf":{"@id":"https:\/\/www.leili-motor.net\/fr\/#website"},"primaryImageOfPage":{"@id":"https:\/\/www.leili-motor.net\/fr\/pompe-de-vidange-synchrone-ca-bpx401-402.html#primaryimage"},"image":{"@id":"https:\/\/www.leili-motor.net\/fr\/pompe-de-vidange-synchrone-ca-bpx401-402.html#primaryimage"},"thumbnailUrl":"https:\/\/www.leili-motor.net\/wp-content\/uploads\/2025\/03\/BPX401-AC-Synchronous-Drainage-Pump.webp","datePublished":"2025-03-11T06:55:08+00:00","breadcrumb":{"@id":"https:\/\/www.leili-motor.net\/fr\/pompe-de-vidange-synchrone-ca-bpx401-402.html#breadcrumb"},"inLanguage":"fr-FR","potentialAction":[{"@type":"ReadAction","target":["https:\/\/www.leili-motor.net\/fr\/pompe-de-vidange-synchrone-ca-bpx401-402.html"]}]},{"@type":"ImageObject","inLanguage":"fr-FR","@id":"https:\/\/www.leili-motor.net\/fr\/pompe-de-vidange-synchrone-ca-bpx401-402.html#primaryimage","url":"https:\/\/www.leili-motor.net\/wp-content\/uploads\/2025\/03\/BPX401-AC-Synchronous-Drainage-Pump.webp","contentUrl":"https:\/\/www.leili-motor.net\/wp-content\/uploads\/2025\/03\/BPX401-AC-Synchronous-Drainage-Pump.webp","width":454,"height":310,"caption":"Pompe de drainage synchrone AC BPX401"},{"@type":"BreadcrumbList","@id":"https:\/\/www.leili-motor.net\/fr\/pompe-de-vidange-synchrone-ca-bpx401-402.html#breadcrumb","itemListElement":[{"@type":"ListItem","position":1,"name":"Home","item":"https:\/\/www.leili-motor.net\/fr\/"},{"@type":"ListItem","position":2,"name":"Produits","item":"https:\/\/www.leili-motor.net\/fr\/produits\/"},{"@type":"ListItem","position":3,"name":"Pompe de vidange synchrone CA BPX401\/402"}]},{"@type":"WebSite","@id":"https:\/\/www.leili-motor.net\/fr\/#website","url":"https:\/\/www.leili-motor.net\/fr\/","name":"Leili Motor","description":"","publisher":{"@id":"https:\/\/www.leili-motor.net\/fr\/#organization"},"potentialAction":[{"@type":"SearchAction","target":{"@type":"EntryPoint","urlTemplate":"https:\/\/www.leili-motor.net\/fr\/?s={search_term_string}"},"query-input":{"@type":"PropertyValueSpecification","valueRequired":true,"valueName":"search_term_string"}}],"inLanguage":"fr-FR"},{"@type":"Organization","@id":"https:\/\/www.leili-motor.net\/fr\/#organization","name":"Leili Motor","url":"https:\/\/www.leili-motor.net\/fr\/","logo":{"@type":"ImageObject","inLanguage":"fr-FR","@id":"https:\/\/www.leili-motor.net\/fr\/#\/schema\/logo\/image\/","url":"https:\/\/www.leili-motor.net\/wp-content\/uploads\/2025\/03\/Leili-Motor.png","contentUrl":"https:\/\/www.leili-motor.net\/wp-content\/uploads\/2025\/03\/Leili-Motor.png","width":600,"height":156,"caption":"Leili Motor"},"image":{"@id":"https:\/\/www.leili-motor.net\/fr\/#\/schema\/logo\/image\/"}}]}},"_links":{"self":[{"href":"https:\/\/www.leili-motor.net\/fr\/wp-json\/wp\/v2\/product\/12133","targetHints":{"allow":["GET"]}}],"collection":[{"href":"https:\/\/www.leili-motor.net\/fr\/wp-json\/wp\/v2\/product"}],"about":[{"href":"https:\/\/www.leili-motor.net\/fr\/wp-json\/wp\/v2\/types\/product"}],"replies":[{"embeddable":true,"href":"https:\/\/www.leili-motor.net\/fr\/wp-json\/wp\/v2\/comments?post=12133"}],"wp:featuredmedia":[{"embeddable":true,"href":"https:\/\/www.leili-motor.net\/fr\/wp-json\/wp\/v2\/media\/12134"}],"wp:attachment":[{"href":"https:\/\/www.leili-motor.net\/fr\/wp-json\/wp\/v2\/media?parent=12133"}],"wp:term":[{"taxonomy":"product_brand","embeddable":true,"href":"https:\/\/www.leili-motor.net\/fr\/wp-json\/wp\/v2\/product_brand?post=12133"},{"taxonomy":"product_cat","embeddable":true,"href":"https:\/\/www.leili-motor.net\/fr\/wp-json\/wp\/v2\/product_cat?post=12133"},{"taxonomy":"product_tag","embeddable":true,"href":"https:\/\/www.leili-motor.net\/fr\/wp-json\/wp\/v2\/product_tag?post=12133"}],"curies":[{"name":"wp","href":"https:\/\/api.w.org\/{rel}","templated":true}]}}