{"id":12156,"date":"2025-03-11T12:00:13","date_gmt":"2025-03-11T04:00:13","guid":{"rendered":"https:\/\/www.leili-motor.net\/pompe-de-vidange-synchrone-ac-bpx201\/"},"modified":"2025-03-11T12:00:13","modified_gmt":"2025-03-11T04:00:13","slug":"pompe-de-vidange-synchrone-ac-bpx201","status":"publish","type":"product","link":"https:\/\/www.leili-motor.net\/fr\/pompe-de-vidange-synchrone-ac-bpx201.html","title":{"rendered":"Pompe de vidange synchrone AC BPX201"},"content":{"rendered":"<h2>Param\u00e8tres du produit<\/h2>\n<table>\n<tbody>\n<tr>\n<td>Type de moteur<\/td>\n<td>Bobine<\/td>\n<td>Stator (mm)<\/td>\n<td>Tension nominale (V)<\/td>\n<td>Fr\u00e9quence nominale (Hz)<\/td>\n<td>Puissance<br \/>\n(W)<\/td>\n<td>Courant \u00e9lectrique (mA)<\/td>\n<td>Tension de d\u00e9marrage (V)<\/td>\n<td>T\u00eate (M)<\/td>\n<td>D\u00e9bit (L\/min)<\/td>\n<td>Vitesse de rotation (tr\/min)<\/td>\n<td>Classe d&rsquo;isolation<\/td>\n<\/tr>\n<tr>\n<td>BPX201-x<\/td>\n<td>Cu<\/td>\n<td>20<\/td>\n<td>110-120<\/td>\n<td>60<\/td>\n<td>40<\/td>\n<td>0.35<\/td>\n<td>102<\/td>\n<td>1<\/td>\n<td>17<\/td>\n<td>3600<\/td>\n<td>F<\/td>\n<\/tr>\n<tr>\n<td>BPX201-xL<\/td>\n<td>Al<\/td>\n<td>20<\/td>\n<td>110-120<\/td>\n<td>60<\/td>\n<td>40<\/td>\n<td>0.35<\/td>\n<td>102<\/td>\n<td>1<\/td>\n<td>17<\/td>\n<td>3600<\/td>\n<td>F<\/td>\n<\/tr>\n<tr>\n<td>BPX202-x<\/td>\n<td>Cu<\/td>\n<td>20<\/td>\n<td>220-240<\/td>\n<td>50<\/td>\n<td>40<\/td>\n<td>0.35<\/td>\n<td>187<\/td>\n<td>1<\/td>\n<td>17<\/td>\n<td>3000<\/td>\n<td>F<\/td>\n<\/tr>\n<tr>\n<td>BPX202-xL<\/td>\n<td>Al<\/td>\n<td>20<\/td>\n<td>220-240<\/td>\n<td>50<\/td>\n<td>40<\/td>\n<td>0.35<\/td>\n<td>187<\/td>\n<td>1<\/td>\n<td>17<\/td>\n<td>3000<\/td>\n<td>F<\/td>\n<\/tr>\n<tr>\n<td>BPX202-x<\/td>\n<td>Cu<\/td>\n<td>20<\/td>\n<td>220<\/td>\n<td>60<\/td>\n<td>40<\/td>\n<td>0.35<\/td>\n<td>187<\/td>\n<td>1<\/td>\n<td>17<\/td>\n<td>3600<\/td>\n<td>F<\/td>\n<\/tr>\n<tr>\n<td>BPX202-xL<\/td>\n<td>Al<\/td>\n<td>20<\/td>\n<td>220<\/td>\n<td>60<\/td>\n<td>40<\/td>\n<td>0.35<\/td>\n<td>187<\/td>\n<td>1<\/td>\n<td>17<\/td>\n<td>3600<\/td>\n<td>F<\/td>\n<\/tr>\n<\/tbody>\n<\/table>\n<h2>Dimension m\u00e9canique : mm<\/h2>\n<p><img fetchpriority=\"high\" decoding=\"async\" class=\"size-full wp-image-1870 aligncenter\" src=\"https:\/\/www.leili-motor.net\/wp-content\/uploads\/2025\/03\/Mechanical-Dimension-for-BPX201-AC-Synchronous-Drainage-Pump.webp\" alt=\"Dimensions m\u00e9caniques de la pompe de drainage synchrone AC BPX201\" width=\"759\" height=\"616\" srcset=\"https:\/\/www.leili-motor.net\/wp-content\/uploads\/2025\/03\/Mechanical-Dimension-for-BPX201-AC-Synchronous-Drainage-Pump.webp 759w, https:\/\/www.leili-motor.net\/wp-content\/uploads\/2025\/03\/Mechanical-Dimension-for-BPX201-AC-Synchronous-Drainage-Pump-300x243.webp 300w, https:\/\/www.leili-motor.net\/wp-content\/uploads\/2025\/03\/Mechanical-Dimension-for-BPX201-AC-Synchronous-Drainage-Pump-600x487.webp 600w\" sizes=\"(max-width: 759px) 100vw, 759px\" \/><\/p>\n","protected":false},"excerpt":{"rendered":"<h3>Pr\u00e9sentation du produit<\/h3>\n<ul>\n<li><strong>Performances et efficacit\u00e9<\/strong> : Moteur synchrone CA fiable de 40 W avec un d\u00e9bit de 17 L\/min et une hauteur manom\u00e9trique de 1 m\u00e8tre.<\/li>\n<li><strong>Options de tension et de fr\u00e9quence<\/strong> : Disponibles dans les configurations 110-120 V 60 Hz et 220-240 V 50\/60 Hz pour plus d&rsquo;adaptabilit\u00e9.<\/li>\n<li><strong>Bobine et qualit\u00e9 de fabrication<\/strong> : choix de bobine en cuivre ou en aluminium, stator de 20 mm, isolation de classe F pour plus de durabilit\u00e9.<\/li>\n<\/ul>\n<h3>Application du produit<\/h3>\n<ul>\n<li>Appareils \u00e9lectrom\u00e9nagers : lave-vaisselle, lave-linge, humidificateur, bain de pieds<\/li>\n<\/ul>\n","protected":false},"featured_media":12157,"comment_status":"open","ping_status":"closed","template":"","meta":{"site-sidebar-layout":"default","site-content-layout":"","ast-site-content-layout":"default","site-content-style":"default","site-sidebar-style":"default","ast-global-header-display":"","ast-banner-title-visibility":"","ast-main-header-display":"","ast-hfb-above-header-display":"","ast-hfb-below-header-display":"","ast-hfb-mobile-header-display":"","site-post-title":"","ast-breadcrumbs-content":"","ast-featured-img":"","footer-sml-layout":"","theme-transparent-header-meta":"default","adv-header-id-meta":"","stick-header-meta":"","header-above-stick-meta":"","header-main-stick-meta":"","header-below-stick-meta":"","astra-migrate-meta-layouts":"default","ast-page-background-enabled":"default","ast-page-background-meta":{"desktop":{"background-color":"var(--ast-global-color-5)","background-image":"","background-repeat":"repeat","background-position":"center center","background-size":"auto","background-attachment":"scroll","background-type":"","background-media":"","overlay-type":"","overlay-color":"","overlay-opacity":"","overlay-gradient":""},"tablet":{"background-color":"","background-image":"","background-repeat":"repeat","background-position":"center center","background-size":"auto","background-attachment":"scroll","background-type":"","background-media":"","overlay-type":"","overlay-color":"","overlay-opacity":"","overlay-gradient":""},"mobile":{"background-color":"","background-image":"","background-repeat":"repeat","background-position":"center center","background-size":"auto","background-attachment":"scroll","background-type":"","background-media":"","overlay-type":"","overlay-color":"","overlay-opacity":"","overlay-gradient":""}},"ast-content-background-meta":{"desktop":{"background-color":"var(--ast-global-color-4)","background-image":"","background-repeat":"repeat","background-position":"center center","background-size":"auto","background-attachment":"scroll","background-type":"","background-media":"","overlay-type":"","overlay-color":"","overlay-opacity":"","overlay-gradient":""},"tablet":{"background-color":"var(--ast-global-color-4)","background-image":"","background-repeat":"repeat","background-position":"center center","background-size":"auto","background-attachment":"scroll","background-type":"","background-media":"","overlay-type":"","overlay-color":"","overlay-opacity":"","overlay-gradient":""},"mobile":{"background-color":"var(--ast-global-color-4)","background-image":"","background-repeat":"repeat","background-position":"center center","background-size":"auto","background-attachment":"scroll","background-type":"","background-media":"","overlay-type":"","overlay-color":"","overlay-opacity":"","overlay-gradient":""}}},"product_brand":[],"product_cat":[1317,1335],"product_tag":[1334,1109],"class_list":{"0":"post-12156","1":"product","2":"type-product","3":"status-publish","4":"has-post-thumbnail","6":"product_cat-pompe-a-soupape","7":"product_cat-pompe-de-vidange","8":"product_tag-lave-vaisselle-systeme-de-drainage","9":"product_tag-machine-a-laver-systeme-de-drainage","10":"pa_application-appareil-electromenager","11":"desktop-align-left","12":"tablet-align-left","13":"mobile-align-left","15":"first","16":"instock","17":"shipping-taxable","18":"product-type-simple"},"yoast_head":"<!-- This site is optimized with the Yoast SEO plugin v27.2 - https:\/\/yoast.com\/product\/yoast-seo-wordpress\/ -->\n<title>Pompe de vidange synchrone AC BPX201, Pompe de vidange machine \u00e0 laver &#8211; Leili Motor<\/title>\n<meta name=\"description\" content=\"La pompe de drainage synchrone BPX201 AC est dot\u00e9e d&#039;un moteur de 40 W, d&#039;un d\u00e9bit de 17 L\/min et d&#039;une hauteur de refoulement de 1 m\u00e8tre, id\u00e9ale pour les lave-vaisselle, les machines \u00e0 laver et les humidificateurs.\" \/>\n<meta name=\"robots\" content=\"index, follow, max-snippet:-1, max-image-preview:large, max-video-preview:-1\" \/>\n<link rel=\"canonical\" href=\"https:\/\/www.leili-motor.net\/fr\/pompe-de-vidange-synchrone-ac-bpx201.html\" \/>\n<script type=\"application\/ld+json\" class=\"yoast-schema-graph\">{\"@context\":\"https:\/\/schema.org\",\"@graph\":[{\"@type\":\"WebPage\",\"@id\":\"https:\/\/www.leili-motor.net\/fr\/pompe-de-vidange-synchrone-ac-bpx201.html\",\"url\":\"https:\/\/www.leili-motor.net\/fr\/pompe-de-vidange-synchrone-ac-bpx201.html\",\"name\":\"Pompe de vidange synchrone AC BPX201, Pompe de vidange machine \u00e0 laver &#8211; Leili Motor\",\"isPartOf\":{\"@id\":\"https:\/\/www.leili-motor.net\/fr\/#website\"},\"primaryImageOfPage\":{\"@id\":\"https:\/\/www.leili-motor.net\/fr\/pompe-de-vidange-synchrone-ac-bpx201.html#primaryimage\"},\"image\":{\"@id\":\"https:\/\/www.leili-motor.net\/fr\/pompe-de-vidange-synchrone-ac-bpx201.html#primaryimage\"},\"thumbnailUrl\":\"https:\/\/www.leili-motor.net\/wp-content\/uploads\/2025\/03\/BPX201-AC-Synchronous-Drainage-Pump.webp\",\"datePublished\":\"2025-03-11T04:00:13+00:00\",\"description\":\"La pompe de drainage synchrone BPX201 AC est dot\u00e9e d'un moteur de 40 W, d'un d\u00e9bit de 17 L\/min et d'une hauteur de refoulement de 1 m\u00e8tre, id\u00e9ale pour les lave-vaisselle, les machines \u00e0 laver et les humidificateurs.\",\"breadcrumb\":{\"@id\":\"https:\/\/www.leili-motor.net\/fr\/pompe-de-vidange-synchrone-ac-bpx201.html#breadcrumb\"},\"inLanguage\":\"fr-FR\",\"potentialAction\":[{\"@type\":\"ReadAction\",\"target\":[\"https:\/\/www.leili-motor.net\/fr\/pompe-de-vidange-synchrone-ac-bpx201.html\"]}]},{\"@type\":\"ImageObject\",\"inLanguage\":\"fr-FR\",\"@id\":\"https:\/\/www.leili-motor.net\/fr\/pompe-de-vidange-synchrone-ac-bpx201.html#primaryimage\",\"url\":\"https:\/\/www.leili-motor.net\/wp-content\/uploads\/2025\/03\/BPX201-AC-Synchronous-Drainage-Pump.webp\",\"contentUrl\":\"https:\/\/www.leili-motor.net\/wp-content\/uploads\/2025\/03\/BPX201-AC-Synchronous-Drainage-Pump.webp\",\"width\":454,\"height\":310,\"caption\":\"Pompe de drainage synchrone AC BPX201\"},{\"@type\":\"BreadcrumbList\",\"@id\":\"https:\/\/www.leili-motor.net\/fr\/pompe-de-vidange-synchrone-ac-bpx201.html#breadcrumb\",\"itemListElement\":[{\"@type\":\"ListItem\",\"position\":1,\"name\":\"Home\",\"item\":\"https:\/\/www.leili-motor.net\/fr\/\"},{\"@type\":\"ListItem\",\"position\":2,\"name\":\"Produits\",\"item\":\"https:\/\/www.leili-motor.net\/fr\/produits\/\"},{\"@type\":\"ListItem\",\"position\":3,\"name\":\"Pompe de vidange synchrone AC BPX201\"}]},{\"@type\":\"WebSite\",\"@id\":\"https:\/\/www.leili-motor.net\/fr\/#website\",\"url\":\"https:\/\/www.leili-motor.net\/fr\/\",\"name\":\"Leili Motor\",\"description\":\"\",\"publisher\":{\"@id\":\"https:\/\/www.leili-motor.net\/fr\/#organization\"},\"potentialAction\":[{\"@type\":\"SearchAction\",\"target\":{\"@type\":\"EntryPoint\",\"urlTemplate\":\"https:\/\/www.leili-motor.net\/fr\/?s={search_term_string}\"},\"query-input\":{\"@type\":\"PropertyValueSpecification\",\"valueRequired\":true,\"valueName\":\"search_term_string\"}}],\"inLanguage\":\"fr-FR\"},{\"@type\":\"Organization\",\"@id\":\"https:\/\/www.leili-motor.net\/fr\/#organization\",\"name\":\"Leili Motor\",\"url\":\"https:\/\/www.leili-motor.net\/fr\/\",\"logo\":{\"@type\":\"ImageObject\",\"inLanguage\":\"fr-FR\",\"@id\":\"https:\/\/www.leili-motor.net\/fr\/#\/schema\/logo\/image\/\",\"url\":\"https:\/\/www.leili-motor.net\/wp-content\/uploads\/2025\/03\/Leili-Motor.png\",\"contentUrl\":\"https:\/\/www.leili-motor.net\/wp-content\/uploads\/2025\/03\/Leili-Motor.png\",\"width\":600,\"height\":156,\"caption\":\"Leili Motor\"},\"image\":{\"@id\":\"https:\/\/www.leili-motor.net\/fr\/#\/schema\/logo\/image\/\"}}]}<\/script>\n<!-- \/ Yoast SEO plugin. -->","yoast_head_json":{"title":"Pompe de vidange synchrone AC BPX201, Pompe de vidange machine \u00e0 laver &#8211; Leili Motor","description":"La pompe de drainage synchrone BPX201 AC est dot\u00e9e d'un moteur de 40 W, d'un d\u00e9bit de 17 L\/min et d'une hauteur de refoulement de 1 m\u00e8tre, id\u00e9ale pour les lave-vaisselle, les machines \u00e0 laver et les humidificateurs.","robots":{"index":"index","follow":"follow","max-snippet":"max-snippet:-1","max-image-preview":"max-image-preview:large","max-video-preview":"max-video-preview:-1"},"canonical":"https:\/\/www.leili-motor.net\/fr\/pompe-de-vidange-synchrone-ac-bpx201.html","schema":{"@context":"https:\/\/schema.org","@graph":[{"@type":"WebPage","@id":"https:\/\/www.leili-motor.net\/fr\/pompe-de-vidange-synchrone-ac-bpx201.html","url":"https:\/\/www.leili-motor.net\/fr\/pompe-de-vidange-synchrone-ac-bpx201.html","name":"Pompe de vidange synchrone AC BPX201, Pompe de vidange machine \u00e0 laver &#8211; Leili Motor","isPartOf":{"@id":"https:\/\/www.leili-motor.net\/fr\/#website"},"primaryImageOfPage":{"@id":"https:\/\/www.leili-motor.net\/fr\/pompe-de-vidange-synchrone-ac-bpx201.html#primaryimage"},"image":{"@id":"https:\/\/www.leili-motor.net\/fr\/pompe-de-vidange-synchrone-ac-bpx201.html#primaryimage"},"thumbnailUrl":"https:\/\/www.leili-motor.net\/wp-content\/uploads\/2025\/03\/BPX201-AC-Synchronous-Drainage-Pump.webp","datePublished":"2025-03-11T04:00:13+00:00","description":"La pompe de drainage synchrone BPX201 AC est dot\u00e9e d'un moteur de 40 W, d'un d\u00e9bit de 17 L\/min et d'une hauteur de refoulement de 1 m\u00e8tre, id\u00e9ale pour les lave-vaisselle, les machines \u00e0 laver et les humidificateurs.","breadcrumb":{"@id":"https:\/\/www.leili-motor.net\/fr\/pompe-de-vidange-synchrone-ac-bpx201.html#breadcrumb"},"inLanguage":"fr-FR","potentialAction":[{"@type":"ReadAction","target":["https:\/\/www.leili-motor.net\/fr\/pompe-de-vidange-synchrone-ac-bpx201.html"]}]},{"@type":"ImageObject","inLanguage":"fr-FR","@id":"https:\/\/www.leili-motor.net\/fr\/pompe-de-vidange-synchrone-ac-bpx201.html#primaryimage","url":"https:\/\/www.leili-motor.net\/wp-content\/uploads\/2025\/03\/BPX201-AC-Synchronous-Drainage-Pump.webp","contentUrl":"https:\/\/www.leili-motor.net\/wp-content\/uploads\/2025\/03\/BPX201-AC-Synchronous-Drainage-Pump.webp","width":454,"height":310,"caption":"Pompe de drainage synchrone AC BPX201"},{"@type":"BreadcrumbList","@id":"https:\/\/www.leili-motor.net\/fr\/pompe-de-vidange-synchrone-ac-bpx201.html#breadcrumb","itemListElement":[{"@type":"ListItem","position":1,"name":"Home","item":"https:\/\/www.leili-motor.net\/fr\/"},{"@type":"ListItem","position":2,"name":"Produits","item":"https:\/\/www.leili-motor.net\/fr\/produits\/"},{"@type":"ListItem","position":3,"name":"Pompe de vidange synchrone AC BPX201"}]},{"@type":"WebSite","@id":"https:\/\/www.leili-motor.net\/fr\/#website","url":"https:\/\/www.leili-motor.net\/fr\/","name":"Leili Motor","description":"","publisher":{"@id":"https:\/\/www.leili-motor.net\/fr\/#organization"},"potentialAction":[{"@type":"SearchAction","target":{"@type":"EntryPoint","urlTemplate":"https:\/\/www.leili-motor.net\/fr\/?s={search_term_string}"},"query-input":{"@type":"PropertyValueSpecification","valueRequired":true,"valueName":"search_term_string"}}],"inLanguage":"fr-FR"},{"@type":"Organization","@id":"https:\/\/www.leili-motor.net\/fr\/#organization","name":"Leili Motor","url":"https:\/\/www.leili-motor.net\/fr\/","logo":{"@type":"ImageObject","inLanguage":"fr-FR","@id":"https:\/\/www.leili-motor.net\/fr\/#\/schema\/logo\/image\/","url":"https:\/\/www.leili-motor.net\/wp-content\/uploads\/2025\/03\/Leili-Motor.png","contentUrl":"https:\/\/www.leili-motor.net\/wp-content\/uploads\/2025\/03\/Leili-Motor.png","width":600,"height":156,"caption":"Leili Motor"},"image":{"@id":"https:\/\/www.leili-motor.net\/fr\/#\/schema\/logo\/image\/"}}]}},"_links":{"self":[{"href":"https:\/\/www.leili-motor.net\/fr\/wp-json\/wp\/v2\/product\/12156","targetHints":{"allow":["GET"]}}],"collection":[{"href":"https:\/\/www.leili-motor.net\/fr\/wp-json\/wp\/v2\/product"}],"about":[{"href":"https:\/\/www.leili-motor.net\/fr\/wp-json\/wp\/v2\/types\/product"}],"replies":[{"embeddable":true,"href":"https:\/\/www.leili-motor.net\/fr\/wp-json\/wp\/v2\/comments?post=12156"}],"wp:featuredmedia":[{"embeddable":true,"href":"https:\/\/www.leili-motor.net\/fr\/wp-json\/wp\/v2\/media\/12157"}],"wp:attachment":[{"href":"https:\/\/www.leili-motor.net\/fr\/wp-json\/wp\/v2\/media?parent=12156"}],"wp:term":[{"taxonomy":"product_brand","embeddable":true,"href":"https:\/\/www.leili-motor.net\/fr\/wp-json\/wp\/v2\/product_brand?post=12156"},{"taxonomy":"product_cat","embeddable":true,"href":"https:\/\/www.leili-motor.net\/fr\/wp-json\/wp\/v2\/product_cat?post=12156"},{"taxonomy":"product_tag","embeddable":true,"href":"https:\/\/www.leili-motor.net\/fr\/wp-json\/wp\/v2\/product_tag?post=12156"}],"curies":[{"name":"wp","href":"https:\/\/api.w.org\/{rel}","templated":true}]}}