{"id":12159,"date":"2025-03-12T11:52:16","date_gmt":"2025-03-12T03:52:16","guid":{"rendered":"https:\/\/www.leili-motor.net\/blp33-3xx18w-pompe-a-eau-electrique\/"},"modified":"2025-03-12T11:52:16","modified_gmt":"2025-03-12T03:52:16","slug":"blp33-3xx18w-pompe-a-eau-electrique","status":"publish","type":"product","link":"https:\/\/www.leili-motor.net\/fr\/blp33-3xx18w-pompe-a-eau-electrique.html","title":{"rendered":"BLP33-3XX(18W) Pompe \u00c0 Eau \u00c9lectrique"},"content":{"rendered":"<h2>Param\u00e8tres du produit<\/h2>\n<table>\n<tbody>\n<tr>\n<td>Mod\u00e8le<\/td>\n<td>Moyen<br \/>\nde travail<\/td>\n<td>Temp\u00e9rature<br \/>\n ambiante<\/td>\n<td>Temp\u00e9rature<br \/>\n moyenne<\/td>\n<td>Tension nominale<\/td>\n<td>Poids<\/td>\n<td>Dur\u00e9e de vie<\/td>\n<td>Niveau<br \/>\n de protection<\/td>\n<td>Fonction<br \/>\nde protection<\/td>\n<\/tr>\n<tr>\n<td>BLP33-3XX<\/td>\n<td>Antigel<\/td>\n<td>-40\u2103\uff5e +150\u2103<\/td>\n<td>-40\u2103\uff5e +125\u2103<\/td>\n<td>12,5 V CC\uff1b<br \/>\nPlage de tension :<br \/>\nCC8V \uff5e CC16V<\/td>\n<td>330g<\/td>\n<td>\u226520000h<\/td>\n<td>IP67<\/td>\n<td>Protection contre la surchauffe<\/td>\n<\/tr>\n<\/tbody>\n<\/table>\n<h2>Dimension m\u00e9canique : mm<\/h2>\n<p><img fetchpriority=\"high\" decoding=\"async\" class=\"size-full wp-image-2191 aligncenter\" src=\"https:\/\/www.leili-motor.net\/wp-content\/uploads\/2025\/03\/Mechanical-Dimension-for-BLP33-3XX18W-Electronic-Water-Pump.webp\" alt=\"Dimensions m\u00e9caniques de la pompe \u00e0 eau \u00e9lectronique BLP33-3XX (18 W)\" width=\"759\" height=\"659\" srcset=\"https:\/\/www.leili-motor.net\/wp-content\/uploads\/2025\/03\/Mechanical-Dimension-for-BLP33-3XX18W-Electronic-Water-Pump.webp 759w, https:\/\/www.leili-motor.net\/wp-content\/uploads\/2025\/03\/Mechanical-Dimension-for-BLP33-3XX18W-Electronic-Water-Pump-300x260.webp 300w, https:\/\/www.leili-motor.net\/wp-content\/uploads\/2025\/03\/Mechanical-Dimension-for-BLP33-3XX18W-Electronic-Water-Pump-600x521.webp 600w\" sizes=\"(max-width: 759px) 100vw, 759px\" \/><\/p>\n","protected":false},"excerpt":{"rendered":"<h3>Pr\u00e9sentation du produit<\/h3>\n<ul>\n<li>Fiable et efficace : pompe 12,5 V CC avec protection IP67, garantissant \u2265 20 000 heures de fonctionnement stable.<\/li>\n<li>R\u00e9sistance aux temp\u00e9ratures extr\u00eames : fonctionne de -40\u2103 \u00e0 +125\u2103, id\u00e9al pour la circulation d&rsquo;antigel dans des environnements difficiles.<\/li>\n<li>Fonctionnalit\u00e9s de s\u00e9curit\u00e9 am\u00e9lior\u00e9es : protection contre la surchauffe, conception l\u00e9g\u00e8re de 330 g, garantissant un refroidissement automobile optimal et des performances du syst\u00e8me CVC.<\/li>\n<\/ul>\n<h3>Application du produit<\/h3>\n<ul>\n<li>Automobile : syst\u00e8me de refroidissement, syst\u00e8me CVC<\/li>\n<\/ul>\n","protected":false},"featured_media":12160,"comment_status":"open","ping_status":"closed","template":"","meta":{"site-sidebar-layout":"default","site-content-layout":"","ast-site-content-layout":"default","site-content-style":"default","site-sidebar-style":"default","ast-global-header-display":"","ast-banner-title-visibility":"","ast-main-header-display":"","ast-hfb-above-header-display":"","ast-hfb-below-header-display":"","ast-hfb-mobile-header-display":"","site-post-title":"","ast-breadcrumbs-content":"","ast-featured-img":"","footer-sml-layout":"","theme-transparent-header-meta":"default","adv-header-id-meta":"","stick-header-meta":"","header-above-stick-meta":"","header-main-stick-meta":"","header-below-stick-meta":"","astra-migrate-meta-layouts":"default","ast-page-background-enabled":"default","ast-page-background-meta":{"desktop":{"background-color":"var(--ast-global-color-5)","background-image":"","background-repeat":"repeat","background-position":"center center","background-size":"auto","background-attachment":"scroll","background-type":"","background-media":"","overlay-type":"","overlay-color":"","overlay-opacity":"","overlay-gradient":""},"tablet":{"background-color":"","background-image":"","background-repeat":"repeat","background-position":"center center","background-size":"auto","background-attachment":"scroll","background-type":"","background-media":"","overlay-type":"","overlay-color":"","overlay-opacity":"","overlay-gradient":""},"mobile":{"background-color":"","background-image":"","background-repeat":"repeat","background-position":"center center","background-size":"auto","background-attachment":"scroll","background-type":"","background-media":"","overlay-type":"","overlay-color":"","overlay-opacity":"","overlay-gradient":""}},"ast-content-background-meta":{"desktop":{"background-color":"var(--ast-global-color-4)","background-image":"","background-repeat":"repeat","background-position":"center center","background-size":"auto","background-attachment":"scroll","background-type":"","background-media":"","overlay-type":"","overlay-color":"","overlay-opacity":"","overlay-gradient":""},"tablet":{"background-color":"var(--ast-global-color-4)","background-image":"","background-repeat":"repeat","background-position":"center center","background-size":"auto","background-attachment":"scroll","background-type":"","background-media":"","overlay-type":"","overlay-color":"","overlay-opacity":"","overlay-gradient":""},"mobile":{"background-color":"var(--ast-global-color-4)","background-image":"","background-repeat":"repeat","background-position":"center center","background-size":"auto","background-attachment":"scroll","background-type":"","background-media":"","overlay-type":"","overlay-color":"","overlay-opacity":"","overlay-gradient":""}}},"product_brand":[],"product_cat":[1317,1330],"product_tag":[1147],"class_list":{"0":"post-12159","1":"product","2":"type-product","3":"status-publish","4":"has-post-thumbnail","6":"product_cat-pompe-a-soupape","7":"product_cat-pompe-a-eau-electrique","8":"product_tag-thermique-du-groupe-motopropulseur-gestion-thermique-de-la-batterie","9":"pa_application-pieces-detachees-automobiles","10":"desktop-align-left","11":"tablet-align-left","12":"mobile-align-left","14":"first","15":"instock","16":"shipping-taxable","17":"product-type-simple"},"yoast_head":"<!-- This site is optimized with the Yoast SEO plugin v27.2 - https:\/\/yoast.com\/product\/yoast-seo-wordpress\/ -->\n<title>BLP33-3XX(18W) Pompe \u00c0 Eau \u00c9lectrique &#8211; Leili Motor<\/title>\n<meta name=\"description\" content=\"La pompe \u00e0 eau \u00e9lectronique BLP33-3XX 18 W dispose de 12,5 V CC, d&#039;une protection IP67, d&#039;un fonctionnement de -40 \u2103 \u00e0 +125 \u2103, d&#039;une protection contre la surchauffe, garantissant un refroidissement automobile fiable et des performances CVC.\" \/>\n<meta name=\"robots\" content=\"index, follow, max-snippet:-1, max-image-preview:large, max-video-preview:-1\" \/>\n<link rel=\"canonical\" href=\"https:\/\/www.leili-motor.net\/fr\/blp33-3xx18w-pompe-a-eau-electrique.html\" \/>\n<script type=\"application\/ld+json\" class=\"yoast-schema-graph\">{\"@context\":\"https:\/\/schema.org\",\"@graph\":[{\"@type\":\"WebPage\",\"@id\":\"https:\/\/www.leili-motor.net\/fr\/blp33-3xx18w-pompe-a-eau-electrique.html\",\"url\":\"https:\/\/www.leili-motor.net\/fr\/blp33-3xx18w-pompe-a-eau-electrique.html\",\"name\":\"BLP33-3XX(18W) Pompe \u00c0 Eau \u00c9lectrique &#8211; Leili Motor\",\"isPartOf\":{\"@id\":\"https:\/\/www.leili-motor.net\/fr\/#website\"},\"primaryImageOfPage\":{\"@id\":\"https:\/\/www.leili-motor.net\/fr\/blp33-3xx18w-pompe-a-eau-electrique.html#primaryimage\"},\"image\":{\"@id\":\"https:\/\/www.leili-motor.net\/fr\/blp33-3xx18w-pompe-a-eau-electrique.html#primaryimage\"},\"thumbnailUrl\":\"https:\/\/www.leili-motor.net\/wp-content\/uploads\/2025\/03\/BLP33-3XX18W-Electronic-Water-Pump.webp\",\"datePublished\":\"2025-03-12T03:52:16+00:00\",\"description\":\"La pompe \u00e0 eau \u00e9lectronique BLP33-3XX 18 W dispose de 12,5 V CC, d'une protection IP67, d'un fonctionnement de -40 \u2103 \u00e0 +125 \u2103, d'une protection contre la surchauffe, garantissant un refroidissement automobile fiable et des performances CVC.\",\"breadcrumb\":{\"@id\":\"https:\/\/www.leili-motor.net\/fr\/blp33-3xx18w-pompe-a-eau-electrique.html#breadcrumb\"},\"inLanguage\":\"fr-FR\",\"potentialAction\":[{\"@type\":\"ReadAction\",\"target\":[\"https:\/\/www.leili-motor.net\/fr\/blp33-3xx18w-pompe-a-eau-electrique.html\"]}]},{\"@type\":\"ImageObject\",\"inLanguage\":\"fr-FR\",\"@id\":\"https:\/\/www.leili-motor.net\/fr\/blp33-3xx18w-pompe-a-eau-electrique.html#primaryimage\",\"url\":\"https:\/\/www.leili-motor.net\/wp-content\/uploads\/2025\/03\/BLP33-3XX18W-Electronic-Water-Pump.webp\",\"contentUrl\":\"https:\/\/www.leili-motor.net\/wp-content\/uploads\/2025\/03\/BLP33-3XX18W-Electronic-Water-Pump.webp\",\"width\":454,\"height\":310,\"caption\":\"Pompe \u00e0 eau \u00e9lectronique BLP33-3XX (18 W)\"},{\"@type\":\"BreadcrumbList\",\"@id\":\"https:\/\/www.leili-motor.net\/fr\/blp33-3xx18w-pompe-a-eau-electrique.html#breadcrumb\",\"itemListElement\":[{\"@type\":\"ListItem\",\"position\":1,\"name\":\"Home\",\"item\":\"https:\/\/www.leili-motor.net\/fr\/\"},{\"@type\":\"ListItem\",\"position\":2,\"name\":\"Produits\",\"item\":\"https:\/\/www.leili-motor.net\/fr\/produits\/\"},{\"@type\":\"ListItem\",\"position\":3,\"name\":\"BLP33-3XX(18W) Pompe \u00c0 Eau \u00c9lectrique\"}]},{\"@type\":\"WebSite\",\"@id\":\"https:\/\/www.leili-motor.net\/fr\/#website\",\"url\":\"https:\/\/www.leili-motor.net\/fr\/\",\"name\":\"Leili Motor\",\"description\":\"\",\"publisher\":{\"@id\":\"https:\/\/www.leili-motor.net\/fr\/#organization\"},\"potentialAction\":[{\"@type\":\"SearchAction\",\"target\":{\"@type\":\"EntryPoint\",\"urlTemplate\":\"https:\/\/www.leili-motor.net\/fr\/?s={search_term_string}\"},\"query-input\":{\"@type\":\"PropertyValueSpecification\",\"valueRequired\":true,\"valueName\":\"search_term_string\"}}],\"inLanguage\":\"fr-FR\"},{\"@type\":\"Organization\",\"@id\":\"https:\/\/www.leili-motor.net\/fr\/#organization\",\"name\":\"Leili Motor\",\"url\":\"https:\/\/www.leili-motor.net\/fr\/\",\"logo\":{\"@type\":\"ImageObject\",\"inLanguage\":\"fr-FR\",\"@id\":\"https:\/\/www.leili-motor.net\/fr\/#\/schema\/logo\/image\/\",\"url\":\"https:\/\/www.leili-motor.net\/wp-content\/uploads\/2025\/03\/Leili-Motor.png\",\"contentUrl\":\"https:\/\/www.leili-motor.net\/wp-content\/uploads\/2025\/03\/Leili-Motor.png\",\"width\":600,\"height\":156,\"caption\":\"Leili Motor\"},\"image\":{\"@id\":\"https:\/\/www.leili-motor.net\/fr\/#\/schema\/logo\/image\/\"}}]}<\/script>\n<!-- \/ Yoast SEO plugin. -->","yoast_head_json":{"title":"BLP33-3XX(18W) Pompe \u00c0 Eau \u00c9lectrique &#8211; Leili Motor","description":"La pompe \u00e0 eau \u00e9lectronique BLP33-3XX 18 W dispose de 12,5 V CC, d'une protection IP67, d'un fonctionnement de -40 \u2103 \u00e0 +125 \u2103, d'une protection contre la surchauffe, garantissant un refroidissement automobile fiable et des performances CVC.","robots":{"index":"index","follow":"follow","max-snippet":"max-snippet:-1","max-image-preview":"max-image-preview:large","max-video-preview":"max-video-preview:-1"},"canonical":"https:\/\/www.leili-motor.net\/fr\/blp33-3xx18w-pompe-a-eau-electrique.html","schema":{"@context":"https:\/\/schema.org","@graph":[{"@type":"WebPage","@id":"https:\/\/www.leili-motor.net\/fr\/blp33-3xx18w-pompe-a-eau-electrique.html","url":"https:\/\/www.leili-motor.net\/fr\/blp33-3xx18w-pompe-a-eau-electrique.html","name":"BLP33-3XX(18W) Pompe \u00c0 Eau \u00c9lectrique &#8211; Leili Motor","isPartOf":{"@id":"https:\/\/www.leili-motor.net\/fr\/#website"},"primaryImageOfPage":{"@id":"https:\/\/www.leili-motor.net\/fr\/blp33-3xx18w-pompe-a-eau-electrique.html#primaryimage"},"image":{"@id":"https:\/\/www.leili-motor.net\/fr\/blp33-3xx18w-pompe-a-eau-electrique.html#primaryimage"},"thumbnailUrl":"https:\/\/www.leili-motor.net\/wp-content\/uploads\/2025\/03\/BLP33-3XX18W-Electronic-Water-Pump.webp","datePublished":"2025-03-12T03:52:16+00:00","description":"La pompe \u00e0 eau \u00e9lectronique BLP33-3XX 18 W dispose de 12,5 V CC, d'une protection IP67, d'un fonctionnement de -40 \u2103 \u00e0 +125 \u2103, d'une protection contre la surchauffe, garantissant un refroidissement automobile fiable et des performances CVC.","breadcrumb":{"@id":"https:\/\/www.leili-motor.net\/fr\/blp33-3xx18w-pompe-a-eau-electrique.html#breadcrumb"},"inLanguage":"fr-FR","potentialAction":[{"@type":"ReadAction","target":["https:\/\/www.leili-motor.net\/fr\/blp33-3xx18w-pompe-a-eau-electrique.html"]}]},{"@type":"ImageObject","inLanguage":"fr-FR","@id":"https:\/\/www.leili-motor.net\/fr\/blp33-3xx18w-pompe-a-eau-electrique.html#primaryimage","url":"https:\/\/www.leili-motor.net\/wp-content\/uploads\/2025\/03\/BLP33-3XX18W-Electronic-Water-Pump.webp","contentUrl":"https:\/\/www.leili-motor.net\/wp-content\/uploads\/2025\/03\/BLP33-3XX18W-Electronic-Water-Pump.webp","width":454,"height":310,"caption":"Pompe \u00e0 eau \u00e9lectronique BLP33-3XX (18 W)"},{"@type":"BreadcrumbList","@id":"https:\/\/www.leili-motor.net\/fr\/blp33-3xx18w-pompe-a-eau-electrique.html#breadcrumb","itemListElement":[{"@type":"ListItem","position":1,"name":"Home","item":"https:\/\/www.leili-motor.net\/fr\/"},{"@type":"ListItem","position":2,"name":"Produits","item":"https:\/\/www.leili-motor.net\/fr\/produits\/"},{"@type":"ListItem","position":3,"name":"BLP33-3XX(18W) Pompe \u00c0 Eau \u00c9lectrique"}]},{"@type":"WebSite","@id":"https:\/\/www.leili-motor.net\/fr\/#website","url":"https:\/\/www.leili-motor.net\/fr\/","name":"Leili Motor","description":"","publisher":{"@id":"https:\/\/www.leili-motor.net\/fr\/#organization"},"potentialAction":[{"@type":"SearchAction","target":{"@type":"EntryPoint","urlTemplate":"https:\/\/www.leili-motor.net\/fr\/?s={search_term_string}"},"query-input":{"@type":"PropertyValueSpecification","valueRequired":true,"valueName":"search_term_string"}}],"inLanguage":"fr-FR"},{"@type":"Organization","@id":"https:\/\/www.leili-motor.net\/fr\/#organization","name":"Leili Motor","url":"https:\/\/www.leili-motor.net\/fr\/","logo":{"@type":"ImageObject","inLanguage":"fr-FR","@id":"https:\/\/www.leili-motor.net\/fr\/#\/schema\/logo\/image\/","url":"https:\/\/www.leili-motor.net\/wp-content\/uploads\/2025\/03\/Leili-Motor.png","contentUrl":"https:\/\/www.leili-motor.net\/wp-content\/uploads\/2025\/03\/Leili-Motor.png","width":600,"height":156,"caption":"Leili Motor"},"image":{"@id":"https:\/\/www.leili-motor.net\/fr\/#\/schema\/logo\/image\/"}}]}},"_links":{"self":[{"href":"https:\/\/www.leili-motor.net\/fr\/wp-json\/wp\/v2\/product\/12159","targetHints":{"allow":["GET"]}}],"collection":[{"href":"https:\/\/www.leili-motor.net\/fr\/wp-json\/wp\/v2\/product"}],"about":[{"href":"https:\/\/www.leili-motor.net\/fr\/wp-json\/wp\/v2\/types\/product"}],"replies":[{"embeddable":true,"href":"https:\/\/www.leili-motor.net\/fr\/wp-json\/wp\/v2\/comments?post=12159"}],"wp:featuredmedia":[{"embeddable":true,"href":"https:\/\/www.leili-motor.net\/fr\/wp-json\/wp\/v2\/media\/12160"}],"wp:attachment":[{"href":"https:\/\/www.leili-motor.net\/fr\/wp-json\/wp\/v2\/media?parent=12159"}],"wp:term":[{"taxonomy":"product_brand","embeddable":true,"href":"https:\/\/www.leili-motor.net\/fr\/wp-json\/wp\/v2\/product_brand?post=12159"},{"taxonomy":"product_cat","embeddable":true,"href":"https:\/\/www.leili-motor.net\/fr\/wp-json\/wp\/v2\/product_cat?post=12159"},{"taxonomy":"product_tag","embeddable":true,"href":"https:\/\/www.leili-motor.net\/fr\/wp-json\/wp\/v2\/product_tag?post=12159"}],"curies":[{"name":"wp","href":"https:\/\/api.w.org\/{rel}","templated":true}]}}