{"id":12165,"date":"2025-03-12T11:37:17","date_gmt":"2025-03-12T03:37:17","guid":{"rendered":"https:\/\/www.leili-motor.net\/pompe-a-eau-electrique-automobile-moteur-sans-balais\/"},"modified":"2025-03-12T11:37:17","modified_gmt":"2025-03-12T03:37:17","slug":"pompe-a-eau-electrique-automobile-moteur-sans-balais","status":"publish","type":"product","link":"https:\/\/www.leili-motor.net\/fr\/pompe-a-eau-electrique-automobile-moteur-sans-balais.html","title":{"rendered":"Pompe \u00c0 Eau \u00c9lectrique Automobile Moteur Sans Balais"},"content":{"rendered":"<h2>Param\u00e8tres du produit<\/h2>\n<table>\n<tbody>\n<tr>\n<td>Type de moteur<\/td>\n<td>Tension nominale (VCC)<\/td>\n<td>Puissance<br \/>\n(W)<\/td>\n<td>Courant \u00e9lectrique (A)<\/td>\n<td>Plage de tension de service (V)<\/td>\n<td>Vitesse de rotation (max.)<br \/>\n (RPM)<\/td>\n<td>D\u00e9nivel\u00e9 (m)<\/td>\n<td>D\u00e9bit (LPM)<\/td>\n<td>Classe de protection<\/td>\n<td>Taille L<br \/>\n(mm)<\/td>\n<td>Taille W<br \/>\n (mm)<\/td>\n<td>Bobine<\/td>\n<td>Aimant (mA)<\/td>\n<\/tr>\n<tr>\n<td>BLP43-x<\/td>\n<td>24<\/td>\n<td>200<\/td>\n<td>8.5<\/td>\n<td>18-32<\/td>\n<td>5700<\/td>\n<td>\u2265 10 m<\/td>\n<td>max: 100<\/td>\n<td>IP67<\/td>\n<td>114<\/td>\n<td>\u00d889<\/td>\n<td>Cu<\/td>\n<td>N\u00e9odyme fer bore<\/td>\n<\/tr>\n<tr>\n<td>BLP43-y<\/td>\n<td>24<\/td>\n<td>100<\/td>\n<td>4.2<\/td>\n<td>18-32<\/td>\n<td>5700<\/td>\n<td>\u2265 10 m<\/td>\n<td>max: 60<\/td>\n<td>IP67<\/td>\n<td>104<\/td>\n<td>\u00d889<\/td>\n<td>Cu<\/td>\n<td>N\u00e9odyme fer bore<\/td>\n<\/tr>\n<tr>\n<td>BLP43-z<\/td>\n<td>24<\/td>\n<td>60<\/td>\n<td>2.5<\/td>\n<td>18-32<\/td>\n<td>5000<\/td>\n<td>\u2265 8m<\/td>\n<td>max: 30<\/td>\n<td>IP67<\/td>\n<td>102<\/td>\n<td>\u00d871<\/td>\n<td>Cu<\/td>\n<td>N\u00e9odyme fer bore<\/td>\n<\/tr>\n<\/tbody>\n<\/table>\n<h2>Dimension m\u00e9canique : mm<\/h2>\n<p><img fetchpriority=\"high\" decoding=\"async\" class=\"size-full wp-image-2149 aligncenter\" src=\"https:\/\/www.leili-motor.net\/wp-content\/uploads\/2025\/03\/Mechanical-Dimension-for-Automobile-Electronic-Water-Pump-Brushless-Motor.webp\" alt=\"Dimensions m\u00e9caniques pour moteur sans balais de pompe \u00e0 eau \u00e9lectronique automobile\" width=\"759\" height=\"485\" srcset=\"https:\/\/www.leili-motor.net\/wp-content\/uploads\/2025\/03\/Mechanical-Dimension-for-Automobile-Electronic-Water-Pump-Brushless-Motor.webp 759w, https:\/\/www.leili-motor.net\/wp-content\/uploads\/2025\/03\/Mechanical-Dimension-for-Automobile-Electronic-Water-Pump-Brushless-Motor-300x192.webp 300w, https:\/\/www.leili-motor.net\/wp-content\/uploads\/2025\/03\/Mechanical-Dimension-for-Automobile-Electronic-Water-Pump-Brushless-Motor-600x383.webp 600w\" sizes=\"(max-width: 759px) 100vw, 759px\" \/><\/p>\n","protected":false},"excerpt":{"rendered":"<h3>Pr\u00e9sentation du produit<\/h3>\n<ul>\n<li>Moteur sans balais haute performance : puissance nominale 24 V CC, jusqu&rsquo;\u00e0 200 W, max 5 700 tr\/min, garantissant un fonctionnement efficace et stable.<\/li>\n<li>Pompage d&rsquo;eau fiable : fournit une hauteur de levage \u2265 10 m, un d\u00e9bit maximal de 100 LPM, id\u00e9al pour les syst\u00e8mes de refroidissement automobiles.<\/li>\n<li>Conception durable et \u00e9tanche : protection IP67, bobine en cuivre, aimant en n\u00e9odyme, taille compacte pour une installation facile.<\/li>\n<\/ul>\n<h3>Application du produit<\/h3>\n<ul>\n<li>Voiture<\/li>\n<\/ul>\n","protected":false},"featured_media":12166,"comment_status":"open","ping_status":"closed","template":"","meta":{"site-sidebar-layout":"default","site-content-layout":"","ast-site-content-layout":"default","site-content-style":"default","site-sidebar-style":"default","ast-global-header-display":"","ast-banner-title-visibility":"","ast-main-header-display":"","ast-hfb-above-header-display":"","ast-hfb-below-header-display":"","ast-hfb-mobile-header-display":"","site-post-title":"","ast-breadcrumbs-content":"","ast-featured-img":"","footer-sml-layout":"","theme-transparent-header-meta":"default","adv-header-id-meta":"","stick-header-meta":"","header-above-stick-meta":"","header-main-stick-meta":"","header-below-stick-meta":"","astra-migrate-meta-layouts":"default","ast-page-background-enabled":"default","ast-page-background-meta":{"desktop":{"background-color":"var(--ast-global-color-5)","background-image":"","background-repeat":"repeat","background-position":"center center","background-size":"auto","background-attachment":"scroll","background-type":"","background-media":"","overlay-type":"","overlay-color":"","overlay-opacity":"","overlay-gradient":""},"tablet":{"background-color":"","background-image":"","background-repeat":"repeat","background-position":"center center","background-size":"auto","background-attachment":"scroll","background-type":"","background-media":"","overlay-type":"","overlay-color":"","overlay-opacity":"","overlay-gradient":""},"mobile":{"background-color":"","background-image":"","background-repeat":"repeat","background-position":"center center","background-size":"auto","background-attachment":"scroll","background-type":"","background-media":"","overlay-type":"","overlay-color":"","overlay-opacity":"","overlay-gradient":""}},"ast-content-background-meta":{"desktop":{"background-color":"var(--ast-global-color-4)","background-image":"","background-repeat":"repeat","background-position":"center center","background-size":"auto","background-attachment":"scroll","background-type":"","background-media":"","overlay-type":"","overlay-color":"","overlay-opacity":"","overlay-gradient":""},"tablet":{"background-color":"var(--ast-global-color-4)","background-image":"","background-repeat":"repeat","background-position":"center center","background-size":"auto","background-attachment":"scroll","background-type":"","background-media":"","overlay-type":"","overlay-color":"","overlay-opacity":"","overlay-gradient":""},"mobile":{"background-color":"var(--ast-global-color-4)","background-image":"","background-repeat":"repeat","background-position":"center center","background-size":"auto","background-attachment":"scroll","background-type":"","background-media":"","overlay-type":"","overlay-color":"","overlay-opacity":"","overlay-gradient":""}}},"product_brand":[],"product_cat":[1317,1330],"product_tag":[],"class_list":{"0":"post-12165","1":"product","2":"type-product","3":"status-publish","4":"has-post-thumbnail","6":"product_cat-pompe-a-soupape","7":"product_cat-pompe-a-eau-electrique","8":"desktop-align-left","9":"tablet-align-left","10":"mobile-align-left","12":"first","13":"instock","14":"shipping-taxable","15":"product-type-simple"},"yoast_head":"<!-- This site is optimized with the Yoast SEO plugin v27.2 - https:\/\/yoast.com\/product\/yoast-seo-wordpress\/ -->\n<title>Pompe \u00c0 Eau \u00c9lectrique Automobile Moteur Sans Balais &#8211; Leili Motor<\/title>\n<meta name=\"description\" content=\"Moteur sans balais 24 V CC hautes performances avec une puissance allant jusqu&#039;\u00e0 200 W, 5 700 tr\/min, protection IP67, assurant un refroidissement automobile et une circulation d&#039;eau efficaces et stables.\" \/>\n<meta name=\"robots\" content=\"index, follow, max-snippet:-1, max-image-preview:large, max-video-preview:-1\" \/>\n<link rel=\"canonical\" href=\"https:\/\/www.leili-motor.net\/fr\/pompe-a-eau-electrique-automobile-moteur-sans-balais.html\" \/>\n<script type=\"application\/ld+json\" class=\"yoast-schema-graph\">{\"@context\":\"https:\/\/schema.org\",\"@graph\":[{\"@type\":\"WebPage\",\"@id\":\"https:\/\/www.leili-motor.net\/fr\/pompe-a-eau-electrique-automobile-moteur-sans-balais.html\",\"url\":\"https:\/\/www.leili-motor.net\/fr\/pompe-a-eau-electrique-automobile-moteur-sans-balais.html\",\"name\":\"Pompe \u00c0 Eau \u00c9lectrique Automobile Moteur Sans Balais &#8211; Leili Motor\",\"isPartOf\":{\"@id\":\"https:\/\/www.leili-motor.net\/fr\/#website\"},\"primaryImageOfPage\":{\"@id\":\"https:\/\/www.leili-motor.net\/fr\/pompe-a-eau-electrique-automobile-moteur-sans-balais.html#primaryimage\"},\"image\":{\"@id\":\"https:\/\/www.leili-motor.net\/fr\/pompe-a-eau-electrique-automobile-moteur-sans-balais.html#primaryimage\"},\"thumbnailUrl\":\"https:\/\/www.leili-motor.net\/wp-content\/uploads\/2025\/03\/Automobile-Electronic-Water-Pump-Brushless-Motor.webp\",\"datePublished\":\"2025-03-12T03:37:17+00:00\",\"description\":\"Moteur sans balais 24 V CC hautes performances avec une puissance allant jusqu'\u00e0 200 W, 5 700 tr\/min, protection IP67, assurant un refroidissement automobile et une circulation d'eau efficaces et stables.\",\"breadcrumb\":{\"@id\":\"https:\/\/www.leili-motor.net\/fr\/pompe-a-eau-electrique-automobile-moteur-sans-balais.html#breadcrumb\"},\"inLanguage\":\"fr-FR\",\"potentialAction\":[{\"@type\":\"ReadAction\",\"target\":[\"https:\/\/www.leili-motor.net\/fr\/pompe-a-eau-electrique-automobile-moteur-sans-balais.html\"]}]},{\"@type\":\"ImageObject\",\"inLanguage\":\"fr-FR\",\"@id\":\"https:\/\/www.leili-motor.net\/fr\/pompe-a-eau-electrique-automobile-moteur-sans-balais.html#primaryimage\",\"url\":\"https:\/\/www.leili-motor.net\/wp-content\/uploads\/2025\/03\/Automobile-Electronic-Water-Pump-Brushless-Motor.webp\",\"contentUrl\":\"https:\/\/www.leili-motor.net\/wp-content\/uploads\/2025\/03\/Automobile-Electronic-Water-Pump-Brushless-Motor.webp\",\"width\":454,\"height\":310,\"caption\":\"Pompe \u00e0 eau \u00e9lectronique pour automobile, moteur sans balais\"},{\"@type\":\"BreadcrumbList\",\"@id\":\"https:\/\/www.leili-motor.net\/fr\/pompe-a-eau-electrique-automobile-moteur-sans-balais.html#breadcrumb\",\"itemListElement\":[{\"@type\":\"ListItem\",\"position\":1,\"name\":\"Home\",\"item\":\"https:\/\/www.leili-motor.net\/fr\/\"},{\"@type\":\"ListItem\",\"position\":2,\"name\":\"Produits\",\"item\":\"https:\/\/www.leili-motor.net\/fr\/produits\/\"},{\"@type\":\"ListItem\",\"position\":3,\"name\":\"Pompe \u00c0 Eau \u00c9lectrique Automobile Moteur Sans Balais\"}]},{\"@type\":\"WebSite\",\"@id\":\"https:\/\/www.leili-motor.net\/fr\/#website\",\"url\":\"https:\/\/www.leili-motor.net\/fr\/\",\"name\":\"Leili Motor\",\"description\":\"\",\"publisher\":{\"@id\":\"https:\/\/www.leili-motor.net\/fr\/#organization\"},\"potentialAction\":[{\"@type\":\"SearchAction\",\"target\":{\"@type\":\"EntryPoint\",\"urlTemplate\":\"https:\/\/www.leili-motor.net\/fr\/?s={search_term_string}\"},\"query-input\":{\"@type\":\"PropertyValueSpecification\",\"valueRequired\":true,\"valueName\":\"search_term_string\"}}],\"inLanguage\":\"fr-FR\"},{\"@type\":\"Organization\",\"@id\":\"https:\/\/www.leili-motor.net\/fr\/#organization\",\"name\":\"Leili Motor\",\"url\":\"https:\/\/www.leili-motor.net\/fr\/\",\"logo\":{\"@type\":\"ImageObject\",\"inLanguage\":\"fr-FR\",\"@id\":\"https:\/\/www.leili-motor.net\/fr\/#\/schema\/logo\/image\/\",\"url\":\"https:\/\/www.leili-motor.net\/wp-content\/uploads\/2025\/03\/Leili-Motor.png\",\"contentUrl\":\"https:\/\/www.leili-motor.net\/wp-content\/uploads\/2025\/03\/Leili-Motor.png\",\"width\":600,\"height\":156,\"caption\":\"Leili Motor\"},\"image\":{\"@id\":\"https:\/\/www.leili-motor.net\/fr\/#\/schema\/logo\/image\/\"}}]}<\/script>\n<!-- \/ Yoast SEO plugin. -->","yoast_head_json":{"title":"Pompe \u00c0 Eau \u00c9lectrique Automobile Moteur Sans Balais &#8211; Leili Motor","description":"Moteur sans balais 24 V CC hautes performances avec une puissance allant jusqu'\u00e0 200 W, 5 700 tr\/min, protection IP67, assurant un refroidissement automobile et une circulation d'eau efficaces et stables.","robots":{"index":"index","follow":"follow","max-snippet":"max-snippet:-1","max-image-preview":"max-image-preview:large","max-video-preview":"max-video-preview:-1"},"canonical":"https:\/\/www.leili-motor.net\/fr\/pompe-a-eau-electrique-automobile-moteur-sans-balais.html","schema":{"@context":"https:\/\/schema.org","@graph":[{"@type":"WebPage","@id":"https:\/\/www.leili-motor.net\/fr\/pompe-a-eau-electrique-automobile-moteur-sans-balais.html","url":"https:\/\/www.leili-motor.net\/fr\/pompe-a-eau-electrique-automobile-moteur-sans-balais.html","name":"Pompe \u00c0 Eau \u00c9lectrique Automobile Moteur Sans Balais &#8211; Leili Motor","isPartOf":{"@id":"https:\/\/www.leili-motor.net\/fr\/#website"},"primaryImageOfPage":{"@id":"https:\/\/www.leili-motor.net\/fr\/pompe-a-eau-electrique-automobile-moteur-sans-balais.html#primaryimage"},"image":{"@id":"https:\/\/www.leili-motor.net\/fr\/pompe-a-eau-electrique-automobile-moteur-sans-balais.html#primaryimage"},"thumbnailUrl":"https:\/\/www.leili-motor.net\/wp-content\/uploads\/2025\/03\/Automobile-Electronic-Water-Pump-Brushless-Motor.webp","datePublished":"2025-03-12T03:37:17+00:00","description":"Moteur sans balais 24 V CC hautes performances avec une puissance allant jusqu'\u00e0 200 W, 5 700 tr\/min, protection IP67, assurant un refroidissement automobile et une circulation d'eau efficaces et stables.","breadcrumb":{"@id":"https:\/\/www.leili-motor.net\/fr\/pompe-a-eau-electrique-automobile-moteur-sans-balais.html#breadcrumb"},"inLanguage":"fr-FR","potentialAction":[{"@type":"ReadAction","target":["https:\/\/www.leili-motor.net\/fr\/pompe-a-eau-electrique-automobile-moteur-sans-balais.html"]}]},{"@type":"ImageObject","inLanguage":"fr-FR","@id":"https:\/\/www.leili-motor.net\/fr\/pompe-a-eau-electrique-automobile-moteur-sans-balais.html#primaryimage","url":"https:\/\/www.leili-motor.net\/wp-content\/uploads\/2025\/03\/Automobile-Electronic-Water-Pump-Brushless-Motor.webp","contentUrl":"https:\/\/www.leili-motor.net\/wp-content\/uploads\/2025\/03\/Automobile-Electronic-Water-Pump-Brushless-Motor.webp","width":454,"height":310,"caption":"Pompe \u00e0 eau \u00e9lectronique pour automobile, moteur sans balais"},{"@type":"BreadcrumbList","@id":"https:\/\/www.leili-motor.net\/fr\/pompe-a-eau-electrique-automobile-moteur-sans-balais.html#breadcrumb","itemListElement":[{"@type":"ListItem","position":1,"name":"Home","item":"https:\/\/www.leili-motor.net\/fr\/"},{"@type":"ListItem","position":2,"name":"Produits","item":"https:\/\/www.leili-motor.net\/fr\/produits\/"},{"@type":"ListItem","position":3,"name":"Pompe \u00c0 Eau \u00c9lectrique Automobile Moteur Sans Balais"}]},{"@type":"WebSite","@id":"https:\/\/www.leili-motor.net\/fr\/#website","url":"https:\/\/www.leili-motor.net\/fr\/","name":"Leili Motor","description":"","publisher":{"@id":"https:\/\/www.leili-motor.net\/fr\/#organization"},"potentialAction":[{"@type":"SearchAction","target":{"@type":"EntryPoint","urlTemplate":"https:\/\/www.leili-motor.net\/fr\/?s={search_term_string}"},"query-input":{"@type":"PropertyValueSpecification","valueRequired":true,"valueName":"search_term_string"}}],"inLanguage":"fr-FR"},{"@type":"Organization","@id":"https:\/\/www.leili-motor.net\/fr\/#organization","name":"Leili Motor","url":"https:\/\/www.leili-motor.net\/fr\/","logo":{"@type":"ImageObject","inLanguage":"fr-FR","@id":"https:\/\/www.leili-motor.net\/fr\/#\/schema\/logo\/image\/","url":"https:\/\/www.leili-motor.net\/wp-content\/uploads\/2025\/03\/Leili-Motor.png","contentUrl":"https:\/\/www.leili-motor.net\/wp-content\/uploads\/2025\/03\/Leili-Motor.png","width":600,"height":156,"caption":"Leili Motor"},"image":{"@id":"https:\/\/www.leili-motor.net\/fr\/#\/schema\/logo\/image\/"}}]}},"_links":{"self":[{"href":"https:\/\/www.leili-motor.net\/fr\/wp-json\/wp\/v2\/product\/12165","targetHints":{"allow":["GET"]}}],"collection":[{"href":"https:\/\/www.leili-motor.net\/fr\/wp-json\/wp\/v2\/product"}],"about":[{"href":"https:\/\/www.leili-motor.net\/fr\/wp-json\/wp\/v2\/types\/product"}],"replies":[{"embeddable":true,"href":"https:\/\/www.leili-motor.net\/fr\/wp-json\/wp\/v2\/comments?post=12165"}],"wp:featuredmedia":[{"embeddable":true,"href":"https:\/\/www.leili-motor.net\/fr\/wp-json\/wp\/v2\/media\/12166"}],"wp:attachment":[{"href":"https:\/\/www.leili-motor.net\/fr\/wp-json\/wp\/v2\/media?parent=12165"}],"wp:term":[{"taxonomy":"product_brand","embeddable":true,"href":"https:\/\/www.leili-motor.net\/fr\/wp-json\/wp\/v2\/product_brand?post=12165"},{"taxonomy":"product_cat","embeddable":true,"href":"https:\/\/www.leili-motor.net\/fr\/wp-json\/wp\/v2\/product_cat?post=12165"},{"taxonomy":"product_tag","embeddable":true,"href":"https:\/\/www.leili-motor.net\/fr\/wp-json\/wp\/v2\/product_tag?post=12165"}],"curies":[{"name":"wp","href":"https:\/\/api.w.org\/{rel}","templated":true}]}}