{"id":12206,"date":"2025-03-11T13:27:15","date_gmt":"2025-03-11T05:27:15","guid":{"rendered":"https:\/\/www.leili-motor.net\/moteur-synchrone-aimant-permanent-3kw\/"},"modified":"2025-03-11T13:27:15","modified_gmt":"2025-03-11T05:27:15","slug":"moteur-synchrone-aimant-permanent-3kw","status":"publish","type":"product","link":"https:\/\/www.leili-motor.net\/fr\/moteur-synchrone-aimant-permanent-3kw.html","title":{"rendered":"Moteur Synchrone Aimant Permanent 3KW"},"content":{"rendered":"<h2>Param\u00e8tres du produit<\/h2>\n<table>\n<tbody>\n<tr>\n<td>Mod\u00e8le<\/td>\n<td>Puissance nominale<\/td>\n<td>Vitesse nominale<\/td>\n<td>Couple nominal<\/td>\n<td>Cadre<\/td>\n<td>Tension nominale<\/td>\n<td>Courant nominal<\/td>\n<td>Fr\u00e9quence<\/td>\n<td>Aucun<\/td>\n<td>Rendement<\/td>\n<td>Puissance<\/td>\n<td>Protection<\/td>\n<\/tr>\n<tr>\n<td><\/td>\n<td>(kW)<\/td>\n<td>(r\/min)<\/td>\n<td>(N\u00b7m)<\/td>\n<td><\/td>\n<td>(V)<\/td>\n<td>(A)<\/td>\n<td>(Hz)<\/td>\n<td><\/td>\n<td><\/td>\n<td>Facteurs<\/td>\n<td>Niveau<\/td>\n<\/tr>\n<tr>\n<td>ZB-100L2-1500<\/td>\n<td>3<\/td>\n<td>1500<\/td>\n<td>19.1<\/td>\n<td>100L<\/td>\n<td>380<\/td>\n<td>6.6<\/td>\n<td>125<\/td>\n<td>10<\/td>\n<td>90.3<\/td>\n<td>0.98<\/td>\n<td>55<\/td>\n<\/tr>\n<tr>\n<td>ZB-90L2-3000<\/td>\n<td>3<\/td>\n<td>3000<\/td>\n<td>9.55<\/td>\n<td>90L<\/td>\n<td>380<\/td>\n<td>6.8<\/td>\n<td>250<\/td>\n<td>10<\/td>\n<td>92.6<\/td>\n<td>0.98<\/td>\n<td>55<\/td>\n<\/tr>\n<tr>\n<td>ZB-100L1-3000<\/td>\n<td>3<\/td>\n<td>3000<\/td>\n<td>9.55<\/td>\n<td>100L<\/td>\n<td>380<\/td>\n<td>6.8<\/td>\n<td>250<\/td>\n<td>10<\/td>\n<td>92.6<\/td>\n<td>0.98<\/td>\n<td>55<\/td>\n<\/tr>\n<\/tbody>\n<\/table>\n<h2>Dimensions m\u00e9caniques : mm<\/h2>\n<p>Ch\u00e2ssis B3 avec pied, couvercle d&rsquo;extr\u00e9mit\u00e9 sans bride<\/p>\n<p><img loading=\"lazy\" decoding=\"async\" loading=\"lazy\" class=\"size-full wp-image-1878 aligncenter\" src=\"https:\/\/www.leili-motor.net\/wp-content\/uploads\/2025\/03\/B3-chassis-with-foot-end-cover-without-flange-8.webp\" alt=\"Ch\u00e2ssis B3 avec pied, couvercle d'extr\u00e9mit\u00e9 sans bride\" width=\"759\" height=\"447\" srcset=\"https:\/\/www.leili-motor.net\/wp-content\/uploads\/2025\/03\/B3-chassis-with-foot-end-cover-without-flange-8.webp 759w, https:\/\/www.leili-motor.net\/wp-content\/uploads\/2025\/03\/B3-chassis-with-foot-end-cover-without-flange-8-300x177.webp 300w, https:\/\/www.leili-motor.net\/wp-content\/uploads\/2025\/03\/B3-chassis-with-foot-end-cover-without-flange-8-600x353.webp 600w\" sizes=\"auto, (max-width: 759px) 100vw, 759px\" \/><\/p>\n<table>\n<tbody>\n<tr>\n<td>Cadre<\/td>\n<td colspan=\"9\">Taille d&rsquo;installation (mm)<\/td>\n<td colspan=\"5\">Taille du contour (mm)<\/td>\n<\/tr>\n<tr>\n<td><\/td>\n<td>A<\/td>\n<td>B<\/td>\n<td>C<\/td>\n<td>D<\/td>\n<td>E<\/td>\n<td>F<\/td>\n<td>G<\/td>\n<td>H<\/td>\n<td>K<\/td>\n<td>AB<\/td>\n<td>Courant Alternatif<\/td>\n<td>AD<\/td>\n<td>HD<\/td>\n<td>L<\/td>\n<\/tr>\n<tr>\n<td>90L<\/td>\n<td>140<\/td>\n<td>125<\/td>\n<td>56<\/td>\n<td>24<\/td>\n<td>50<\/td>\n<td>8<\/td>\n<td>20<\/td>\n<td>90<\/td>\n<td>10<\/td>\n<td>180<\/td>\n<td>162<\/td>\n<td>125<\/td>\n<td>215<\/td>\n<td>345<\/td>\n<\/tr>\n<tr>\n<td>90L<\/td>\n<td>140<\/td>\n<td>125<\/td>\n<td>56<\/td>\n<td>28<\/td>\n<td>60<\/td>\n<td>8<\/td>\n<td>24<\/td>\n<td>90<\/td>\n<td>10<\/td>\n<td>180<\/td>\n<td>162<\/td>\n<td>125<\/td>\n<td>215<\/td>\n<td>355<\/td>\n<\/tr>\n<tr>\n<td>100L<\/td>\n<td>160<\/td>\n<td>140<\/td>\n<td>63<\/td>\n<td>28<\/td>\n<td>60<\/td>\n<td>8<\/td>\n<td>24<\/td>\n<td>100<\/td>\n<td>12<\/td>\n<td>196<\/td>\n<td>193<\/td>\n<td>155<\/td>\n<td>255<\/td>\n<td>390<\/td>\n<\/tr>\n<tr>\n<td>100L<\/td>\n<td>160<\/td>\n<td>140<\/td>\n<td>63<\/td>\n<td>38<\/td>\n<td>80<\/td>\n<td>10<\/td>\n<td>33<\/td>\n<td>100<\/td>\n<td>12<\/td>\n<td>196<\/td>\n<td>193<\/td>\n<td>155<\/td>\n<td>255<\/td>\n<td>410<\/td>\n<\/tr>\n<\/tbody>\n<\/table>\n<p>Ch\u00e2ssis B5 sans pied, couvercle d&rsquo;extr\u00e9mit\u00e9 avec bride (avec trou traversant)<\/p>\n<p><img loading=\"lazy\" decoding=\"async\" loading=\"lazy\" class=\"size-full wp-image-1879 aligncenter\" src=\"https:\/\/www.leili-motor.net\/wp-content\/uploads\/2025\/03\/B5-chassis-without-foot-end-cover-with-flange-with-through-hole-10.webp\" alt=\"Ch\u00e2ssis B5 sans pied, couvercle d'extr\u00e9mit\u00e9 avec bride (avec trou traversant)\" width=\"759\" height=\"447\" srcset=\"https:\/\/www.leili-motor.net\/wp-content\/uploads\/2025\/03\/B5-chassis-without-foot-end-cover-with-flange-with-through-hole-10.webp 759w, https:\/\/www.leili-motor.net\/wp-content\/uploads\/2025\/03\/B5-chassis-without-foot-end-cover-with-flange-with-through-hole-10-300x177.webp 300w, https:\/\/www.leili-motor.net\/wp-content\/uploads\/2025\/03\/B5-chassis-without-foot-end-cover-with-flange-with-through-hole-10-600x353.webp 600w\" sizes=\"auto, (max-width: 759px) 100vw, 759px\" \/><\/p>\n<table>\n<tbody>\n<tr>\n<td>Cadre<\/td>\n<td colspan=\"9\">Taille d&rsquo;installation (mm)<\/td>\n<td colspan=\"3\">Taille du contour (mm)<\/td>\n<\/tr>\n<tr>\n<td><\/td>\n<td>D<\/td>\n<td>E<\/td>\n<td>F<\/td>\n<td>G<\/td>\n<td>M<\/td>\n<td>N<\/td>\n<td>P<\/td>\n<td>S<\/td>\n<td>T<\/td>\n<td>Courant Alternatif<\/td>\n<td>AD<\/td>\n<td>L<\/td>\n<\/tr>\n<tr>\n<td>90L<\/td>\n<td>24<\/td>\n<td>50<\/td>\n<td>8<\/td>\n<td>20<\/td>\n<td>165<\/td>\n<td>130<\/td>\n<td>200<\/td>\n<td>12<\/td>\n<td>3<\/td>\n<td>162<\/td>\n<td>125<\/td>\n<td>345<\/td>\n<\/tr>\n<tr>\n<td>90L<\/td>\n<td>28<\/td>\n<td>60<\/td>\n<td>8<\/td>\n<td>24<\/td>\n<td>165<\/td>\n<td>130<\/td>\n<td>200<\/td>\n<td>12<\/td>\n<td>3<\/td>\n<td>162<\/td>\n<td>125<\/td>\n<td>355<\/td>\n<\/tr>\n<tr>\n<td>100L<\/td>\n<td>28<\/td>\n<td>60<\/td>\n<td>8<\/td>\n<td>24<\/td>\n<td>215<\/td>\n<td>180<\/td>\n<td>250<\/td>\n<td>14.5<\/td>\n<td>4<\/td>\n<td>193<\/td>\n<td>155<\/td>\n<td>390<\/td>\n<\/tr>\n<tr>\n<td>100L<\/td>\n<td>38<\/td>\n<td>80<\/td>\n<td>10<\/td>\n<td>33<\/td>\n<td>215<\/td>\n<td>180<\/td>\n<td>250<\/td>\n<td>14.5<\/td>\n<td>4<\/td>\n<td>193<\/td>\n<td>155<\/td>\n<td>410<\/td>\n<\/tr>\n<\/tbody>\n<\/table>\n<p>Ch\u00e2ssis B35 avec pied, couvercle d&rsquo;extr\u00e9mit\u00e9 avec bride (avec trou traversant)<\/p>\n<p><img loading=\"lazy\" decoding=\"async\" loading=\"lazy\" class=\"size-full wp-image-1881 aligncenter\" src=\"https:\/\/www.leili-motor.net\/wp-content\/uploads\/2025\/03\/B35-chassis-with-foot-end-cover-with-flange-with-through-hole-10.webp\" alt=\"Ch\u00e2ssis B35 avec pied, couvercle d'extr\u00e9mit\u00e9 avec bride (avec trou traversant)\" width=\"759\" height=\"447\" srcset=\"https:\/\/www.leili-motor.net\/wp-content\/uploads\/2025\/03\/B35-chassis-with-foot-end-cover-with-flange-with-through-hole-10.webp 759w, https:\/\/www.leili-motor.net\/wp-content\/uploads\/2025\/03\/B35-chassis-with-foot-end-cover-with-flange-with-through-hole-10-300x177.webp 300w, https:\/\/www.leili-motor.net\/wp-content\/uploads\/2025\/03\/B35-chassis-with-foot-end-cover-with-flange-with-through-hole-10-600x353.webp 600w\" sizes=\"auto, (max-width: 759px) 100vw, 759px\" \/><\/p>\n<table>\n<tbody>\n<tr>\n<td>Cadre<\/td>\n<td colspan=\"14\">Taille d&rsquo;installation (mm)<\/td>\n<td colspan=\"5\">Taille du contour (mm)<\/td>\n<\/tr>\n<tr>\n<td><\/td>\n<td>A<\/td>\n<td>B<\/td>\n<td>C<\/td>\n<td>D<\/td>\n<td>E<\/td>\n<td>F<\/td>\n<td>G<\/td>\n<td>H<\/td>\n<td>K<\/td>\n<td>M<\/td>\n<td>N<\/td>\n<td>P<\/td>\n<td>S<\/td>\n<td>T<\/td>\n<td>AB<\/td>\n<td>Courant Alternatif<\/td>\n<td>AD<\/td>\n<td>HD<\/td>\n<td>L<\/td>\n<\/tr>\n<tr>\n<td>90L<\/td>\n<td>140<\/td>\n<td>125<\/td>\n<td>56<\/td>\n<td>24<\/td>\n<td>50<\/td>\n<td>8<\/td>\n<td>20<\/td>\n<td>90<\/td>\n<td>10<\/td>\n<td>165<\/td>\n<td>130<\/td>\n<td>200<\/td>\n<td>12<\/td>\n<td>3<\/td>\n<td>180<\/td>\n<td>162<\/td>\n<td>125<\/td>\n<td>215<\/td>\n<td>345<\/td>\n<\/tr>\n<tr>\n<td>90L<\/td>\n<td>140<\/td>\n<td>125<\/td>\n<td>56<\/td>\n<td>28<\/td>\n<td>60<\/td>\n<td>8<\/td>\n<td>24<\/td>\n<td>90<\/td>\n<td>10<\/td>\n<td>165<\/td>\n<td>130<\/td>\n<td>200<\/td>\n<td>12<\/td>\n<td>3<\/td>\n<td>180<\/td>\n<td>162<\/td>\n<td>125<\/td>\n<td>215<\/td>\n<td>355<\/td>\n<\/tr>\n<tr>\n<td>100L<\/td>\n<td>160<\/td>\n<td>140<\/td>\n<td>63<\/td>\n<td>28<\/td>\n<td>60<\/td>\n<td>8<\/td>\n<td>24<\/td>\n<td>100<\/td>\n<td>12<\/td>\n<td>215<\/td>\n<td>180<\/td>\n<td>250<\/td>\n<td>14.5<\/td>\n<td>4<\/td>\n<td>196<\/td>\n<td>193<\/td>\n<td>155<\/td>\n<td>255<\/td>\n<td>390<\/td>\n<\/tr>\n<tr>\n<td>100L<\/td>\n<td>160<\/td>\n<td>140<\/td>\n<td>63<\/td>\n<td>38<\/td>\n<td>80<\/td>\n<td>10<\/td>\n<td>33<\/td>\n<td>100<\/td>\n<td>12<\/td>\n<td>215<\/td>\n<td>180<\/td>\n<td>250<\/td>\n<td>14.5<\/td>\n<td>4<\/td>\n<td>196<\/td>\n<td>193<\/td>\n<td>155<\/td>\n<td>255<\/td>\n<td>410<\/td>\n<\/tr>\n<\/tbody>\n<\/table>\n<p>Ch\u00e2ssis B34 avec pied, couvercle d&rsquo;extr\u00e9mit\u00e9 avec bride (avec trou de vis)<\/p>\n<p><img loading=\"lazy\" decoding=\"async\" loading=\"lazy\" class=\"size-full wp-image-1882 aligncenter\" src=\"https:\/\/www.leili-motor.net\/wp-content\/uploads\/2025\/03\/B34-chassis-with-foot-end-cover-with-flange-with-screw-hole-5.webp\" alt=\"Ch\u00e2ssis B34 avec pied, couvercle d'extr\u00e9mit\u00e9 avec bride (avec trou de vis)\" width=\"759\" height=\"447\" srcset=\"https:\/\/www.leili-motor.net\/wp-content\/uploads\/2025\/03\/B34-chassis-with-foot-end-cover-with-flange-with-screw-hole-5.webp 759w, https:\/\/www.leili-motor.net\/wp-content\/uploads\/2025\/03\/B34-chassis-with-foot-end-cover-with-flange-with-screw-hole-5-300x177.webp 300w, https:\/\/www.leili-motor.net\/wp-content\/uploads\/2025\/03\/B34-chassis-with-foot-end-cover-with-flange-with-screw-hole-5-600x353.webp 600w\" sizes=\"auto, (max-width: 759px) 100vw, 759px\" \/><\/p>\n<table>\n<tbody>\n<tr>\n<td>Cadre<\/td>\n<td colspan=\"14\">Taille d&rsquo;installation (mm)<\/td>\n<td colspan=\"5\">Taille du contour (mm)<\/td>\n<\/tr>\n<tr>\n<td><\/td>\n<td>A<\/td>\n<td>B<\/td>\n<td>C<\/td>\n<td>D<\/td>\n<td>E<\/td>\n<td>F<\/td>\n<td>G<\/td>\n<td>H<\/td>\n<td>K<\/td>\n<td>M<\/td>\n<td>N<\/td>\n<td>P<\/td>\n<td>S<\/td>\n<td>T<\/td>\n<td>AB<\/td>\n<td>Courant Alternatif<\/td>\n<td>AD<\/td>\n<td>HD<\/td>\n<td>L<\/td>\n<\/tr>\n<tr>\n<td>90L<\/td>\n<td>140<\/td>\n<td>125<\/td>\n<td>56<\/td>\n<td>24<\/td>\n<td>50<\/td>\n<td>8<\/td>\n<td>20<\/td>\n<td>90<\/td>\n<td>10<\/td>\n<td>115<\/td>\n<td>95<\/td>\n<td>128<\/td>\n<td>M10<\/td>\n<td>3.5<\/td>\n<td>180<\/td>\n<td>162<\/td>\n<td>125<\/td>\n<td>215<\/td>\n<td>345<\/td>\n<\/tr>\n<tr>\n<td>90L<\/td>\n<td>140<\/td>\n<td>125<\/td>\n<td>56<\/td>\n<td>28<\/td>\n<td>60<\/td>\n<td>8<\/td>\n<td>24<\/td>\n<td>90<\/td>\n<td>10<\/td>\n<td>115<\/td>\n<td>95<\/td>\n<td>128<\/td>\n<td>M11<\/td>\n<td>3.5<\/td>\n<td>180<\/td>\n<td>162<\/td>\n<td>125<\/td>\n<td>215<\/td>\n<td>355<\/td>\n<\/tr>\n<tr>\n<td>100L<\/td>\n<td>160<\/td>\n<td>140<\/td>\n<td>63<\/td>\n<td>28<\/td>\n<td>60<\/td>\n<td>8<\/td>\n<td>24<\/td>\n<td>100<\/td>\n<td>12<\/td>\n<td>130<\/td>\n<td>110<\/td>\n<td>152<\/td>\n<td>M11<\/td>\n<td>4<\/td>\n<td>196<\/td>\n<td>193<\/td>\n<td>155<\/td>\n<td>255<\/td>\n<td>390<\/td>\n<\/tr>\n<tr>\n<td>100L<\/td>\n<td>160<\/td>\n<td>140<\/td>\n<td>63<\/td>\n<td>38<\/td>\n<td>80<\/td>\n<td>10<\/td>\n<td>33<\/td>\n<td>100<\/td>\n<td>12<\/td>\n<td>130<\/td>\n<td>110<\/td>\n<td>152<\/td>\n<td>M11<\/td>\n<td>4<\/td>\n<td>196<\/td>\n<td>193<\/td>\n<td>155<\/td>\n<td>255<\/td>\n<td>410<\/td>\n<\/tr>\n<\/tbody>\n<\/table>\n<p>Ch\u00e2ssis B14 sans pied, couvercle d&rsquo;extr\u00e9mit\u00e9 avec bride (avec trou de vis)<\/p>\n<p><img loading=\"lazy\" decoding=\"async\" loading=\"lazy\" class=\"size-full wp-image-1885 aligncenter\" src=\"https:\/\/www.leili-motor.net\/wp-content\/uploads\/2025\/03\/B14-chassis-without-foot-end-cover-with-flange-with-screw-hole-6.webp\" alt=\"Ch\u00e2ssis B14 sans pied, couvercle d'extr\u00e9mit\u00e9 avec bride (avec trou de vis)\" width=\"759\" height=\"447\" srcset=\"https:\/\/www.leili-motor.net\/wp-content\/uploads\/2025\/03\/B14-chassis-without-foot-end-cover-with-flange-with-screw-hole-6.webp 759w, https:\/\/www.leili-motor.net\/wp-content\/uploads\/2025\/03\/B14-chassis-without-foot-end-cover-with-flange-with-screw-hole-6-300x177.webp 300w, https:\/\/www.leili-motor.net\/wp-content\/uploads\/2025\/03\/B14-chassis-without-foot-end-cover-with-flange-with-screw-hole-6-600x353.webp 600w\" sizes=\"auto, (max-width: 759px) 100vw, 759px\" \/><\/p>\n<table>\n<tbody>\n<tr>\n<td>Cadre<\/td>\n<td colspan=\"9\">Taille d&rsquo;installation (mm)<\/td>\n<td colspan=\"3\">Taille du contour (mm)<\/td>\n<\/tr>\n<tr>\n<td><\/td>\n<td>D<\/td>\n<td>E<\/td>\n<td>F<\/td>\n<td>G<\/td>\n<td>M<\/td>\n<td>N<\/td>\n<td>P<\/td>\n<td>S<\/td>\n<td>T<\/td>\n<td>Courant Alternatif<\/td>\n<td>AD<\/td>\n<td>L<\/td>\n<\/tr>\n<tr>\n<td>90L<\/td>\n<td>24<\/td>\n<td>50<\/td>\n<td>8<\/td>\n<td>20<\/td>\n<td>115<\/td>\n<td>95<\/td>\n<td>128<\/td>\n<td>M8<\/td>\n<td>3.5<\/td>\n<td>162<\/td>\n<td>125<\/td>\n<td>345<\/td>\n<\/tr>\n<tr>\n<td>90L<\/td>\n<td>28<\/td>\n<td>60<\/td>\n<td>8<\/td>\n<td>24<\/td>\n<td>115<\/td>\n<td>95<\/td>\n<td>128<\/td>\n<td>M8<\/td>\n<td>3.5<\/td>\n<td>162<\/td>\n<td>125<\/td>\n<td>355<\/td>\n<\/tr>\n<tr>\n<td>100L<\/td>\n<td>28<\/td>\n<td>60<\/td>\n<td>8<\/td>\n<td>24<\/td>\n<td>130<\/td>\n<td>110<\/td>\n<td>152<\/td>\n<td>M8<\/td>\n<td>4<\/td>\n<td>193<\/td>\n<td>155<\/td>\n<td>390<\/td>\n<\/tr>\n<tr>\n<td>100L<\/td>\n<td>38<\/td>\n<td>80<\/td>\n<td>10<\/td>\n<td>33<\/td>\n<td>130<\/td>\n<td>110<\/td>\n<td>152<\/td>\n<td>M8<\/td>\n<td>4<\/td>\n<td>193<\/td>\n<td>155<\/td>\n<td>410<\/td>\n<\/tr>\n<\/tbody>\n<\/table>\n","protected":false},"excerpt":{"rendered":"<h3>Pr\u00e9sentation du produit<\/h3>\n<ul>\n<li>Moteurs \u00e0 haut rendement jusqu&rsquo;\u00e0 92,6 %, puissance nominale 3 kW et couple nominal 19,1 N\u00b7m.<\/li>\n<li>Niveau de protection fiable 55, tension nominale 380 V, courant nominal 6,8 A, fr\u00e9quence jusqu&rsquo;\u00e0 250 Hz.<\/li>\n<\/ul>\n<h3>Application du produit<\/h3>\n<ul>\n<li>\u00c9quipement industriel<\/li>\n<li>Pompe \u00e0 eau industrielle<\/li>\n<li>Ventilateur industriel<\/li>\n<\/ul>\n","protected":false},"featured_media":12207,"comment_status":"open","ping_status":"closed","template":"","meta":{"site-sidebar-layout":"default","site-content-layout":"","ast-site-content-layout":"default","site-content-style":"default","site-sidebar-style":"default","ast-global-header-display":"","ast-banner-title-visibility":"","ast-main-header-display":"","ast-hfb-above-header-display":"","ast-hfb-below-header-display":"","ast-hfb-mobile-header-display":"","site-post-title":"","ast-breadcrumbs-content":"","ast-featured-img":"","footer-sml-layout":"","theme-transparent-header-meta":"default","adv-header-id-meta":"","stick-header-meta":"","header-above-stick-meta":"","header-main-stick-meta":"","header-below-stick-meta":"","astra-migrate-meta-layouts":"default","ast-page-background-enabled":"default","ast-page-background-meta":{"desktop":{"background-color":"var(--ast-global-color-5)","background-image":"","background-repeat":"repeat","background-position":"center center","background-size":"auto","background-attachment":"scroll","background-type":"","background-media":"","overlay-type":"","overlay-color":"","overlay-opacity":"","overlay-gradient":""},"tablet":{"background-color":"","background-image":"","background-repeat":"repeat","background-position":"center center","background-size":"auto","background-attachment":"scroll","background-type":"","background-media":"","overlay-type":"","overlay-color":"","overlay-opacity":"","overlay-gradient":""},"mobile":{"background-color":"","background-image":"","background-repeat":"repeat","background-position":"center center","background-size":"auto","background-attachment":"scroll","background-type":"","background-media":"","overlay-type":"","overlay-color":"","overlay-opacity":"","overlay-gradient":""}},"ast-content-background-meta":{"desktop":{"background-color":"var(--ast-global-color-4)","background-image":"","background-repeat":"repeat","background-position":"center center","background-size":"auto","background-attachment":"scroll","background-type":"","background-media":"","overlay-type":"","overlay-color":"","overlay-opacity":"","overlay-gradient":""},"tablet":{"background-color":"var(--ast-global-color-4)","background-image":"","background-repeat":"repeat","background-position":"center center","background-size":"auto","background-attachment":"scroll","background-type":"","background-media":"","overlay-type":"","overlay-color":"","overlay-opacity":"","overlay-gradient":""},"mobile":{"background-color":"var(--ast-global-color-4)","background-image":"","background-repeat":"repeat","background-position":"center center","background-size":"auto","background-attachment":"scroll","background-type":"","background-media":"","overlay-type":"","overlay-color":"","overlay-opacity":"","overlay-gradient":""}}},"product_brand":[],"product_cat":[1271,1306],"product_tag":[],"class_list":{"0":"post-12206","1":"product","2":"type-product","3":"status-publish","4":"has-post-thumbnail","6":"product_cat-moteur-a-haut-rendement","7":"product_cat-moteur-synchrone-aimant-permanent","8":"desktop-align-left","9":"tablet-align-left","10":"mobile-align-left","12":"first","13":"instock","14":"shipping-taxable","15":"product-type-simple"},"yoast_head":"<!-- This site is optimized with the Yoast SEO plugin v27.2 - https:\/\/yoast.com\/product\/yoast-seo-wordpress\/ -->\n<title>Moteur Synchrone Aimant Permanent 3KW &#8211; Leili Motor<\/title>\n<meta name=\"description\" content=\"Moteur PMSM 3 kW \u00e0 haut rendement, rendement de 92,6 %, couple de 9,55 N\u00b7m, 380 V, 6,8 A, 250 Hz, niveau de protection 55.\" \/>\n<meta name=\"robots\" content=\"index, follow, max-snippet:-1, max-image-preview:large, max-video-preview:-1\" \/>\n<link rel=\"canonical\" href=\"https:\/\/www.leili-motor.net\/fr\/moteur-synchrone-aimant-permanent-3kw.html\" \/>\n<meta name=\"twitter:label1\" content=\"Dur\u00e9e de lecture estim\u00e9e\" \/>\n\t<meta name=\"twitter:data1\" content=\"1 minute\" \/>\n<script type=\"application\/ld+json\" class=\"yoast-schema-graph\">{\"@context\":\"https:\/\/schema.org\",\"@graph\":[{\"@type\":\"WebPage\",\"@id\":\"https:\/\/www.leili-motor.net\/fr\/moteur-synchrone-aimant-permanent-3kw.html\",\"url\":\"https:\/\/www.leili-motor.net\/fr\/moteur-synchrone-aimant-permanent-3kw.html\",\"name\":\"Moteur Synchrone Aimant Permanent 3KW &#8211; Leili Motor\",\"isPartOf\":{\"@id\":\"https:\/\/www.leili-motor.net\/fr\/#website\"},\"primaryImageOfPage\":{\"@id\":\"https:\/\/www.leili-motor.net\/fr\/moteur-synchrone-aimant-permanent-3kw.html#primaryimage\"},\"image\":{\"@id\":\"https:\/\/www.leili-motor.net\/fr\/moteur-synchrone-aimant-permanent-3kw.html#primaryimage\"},\"thumbnailUrl\":\"https:\/\/www.leili-motor.net\/wp-content\/uploads\/2025\/03\/3KW-Permanent-Magnet-Synchronous-Motor.webp\",\"datePublished\":\"2025-03-11T05:27:15+00:00\",\"description\":\"Moteur PMSM 3 kW \u00e0 haut rendement, rendement de 92,6 %, couple de 9,55 N\u00b7m, 380 V, 6,8 A, 250 Hz, niveau de protection 55.\",\"breadcrumb\":{\"@id\":\"https:\/\/www.leili-motor.net\/fr\/moteur-synchrone-aimant-permanent-3kw.html#breadcrumb\"},\"inLanguage\":\"fr-FR\",\"potentialAction\":[{\"@type\":\"ReadAction\",\"target\":[\"https:\/\/www.leili-motor.net\/fr\/moteur-synchrone-aimant-permanent-3kw.html\"]}]},{\"@type\":\"ImageObject\",\"inLanguage\":\"fr-FR\",\"@id\":\"https:\/\/www.leili-motor.net\/fr\/moteur-synchrone-aimant-permanent-3kw.html#primaryimage\",\"url\":\"https:\/\/www.leili-motor.net\/wp-content\/uploads\/2025\/03\/3KW-Permanent-Magnet-Synchronous-Motor.webp\",\"contentUrl\":\"https:\/\/www.leili-motor.net\/wp-content\/uploads\/2025\/03\/3KW-Permanent-Magnet-Synchronous-Motor.webp\",\"width\":454,\"height\":310,\"caption\":\"Moteur synchrone \u00e0 aimant permanent 3 kW\"},{\"@type\":\"BreadcrumbList\",\"@id\":\"https:\/\/www.leili-motor.net\/fr\/moteur-synchrone-aimant-permanent-3kw.html#breadcrumb\",\"itemListElement\":[{\"@type\":\"ListItem\",\"position\":1,\"name\":\"Home\",\"item\":\"https:\/\/www.leili-motor.net\/fr\/\"},{\"@type\":\"ListItem\",\"position\":2,\"name\":\"Produits\",\"item\":\"https:\/\/www.leili-motor.net\/fr\/produits\/\"},{\"@type\":\"ListItem\",\"position\":3,\"name\":\"Moteur Synchrone Aimant Permanent 3KW\"}]},{\"@type\":\"WebSite\",\"@id\":\"https:\/\/www.leili-motor.net\/fr\/#website\",\"url\":\"https:\/\/www.leili-motor.net\/fr\/\",\"name\":\"Leili Motor\",\"description\":\"\",\"publisher\":{\"@id\":\"https:\/\/www.leili-motor.net\/fr\/#organization\"},\"potentialAction\":[{\"@type\":\"SearchAction\",\"target\":{\"@type\":\"EntryPoint\",\"urlTemplate\":\"https:\/\/www.leili-motor.net\/fr\/?s={search_term_string}\"},\"query-input\":{\"@type\":\"PropertyValueSpecification\",\"valueRequired\":true,\"valueName\":\"search_term_string\"}}],\"inLanguage\":\"fr-FR\"},{\"@type\":\"Organization\",\"@id\":\"https:\/\/www.leili-motor.net\/fr\/#organization\",\"name\":\"Leili Motor\",\"url\":\"https:\/\/www.leili-motor.net\/fr\/\",\"logo\":{\"@type\":\"ImageObject\",\"inLanguage\":\"fr-FR\",\"@id\":\"https:\/\/www.leili-motor.net\/fr\/#\/schema\/logo\/image\/\",\"url\":\"https:\/\/www.leili-motor.net\/wp-content\/uploads\/2025\/03\/Leili-Motor.png\",\"contentUrl\":\"https:\/\/www.leili-motor.net\/wp-content\/uploads\/2025\/03\/Leili-Motor.png\",\"width\":600,\"height\":156,\"caption\":\"Leili Motor\"},\"image\":{\"@id\":\"https:\/\/www.leili-motor.net\/fr\/#\/schema\/logo\/image\/\"}}]}<\/script>\n<!-- \/ Yoast SEO plugin. -->","yoast_head_json":{"title":"Moteur Synchrone Aimant Permanent 3KW &#8211; Leili Motor","description":"Moteur PMSM 3 kW \u00e0 haut rendement, rendement de 92,6 %, couple de 9,55 N\u00b7m, 380 V, 6,8 A, 250 Hz, niveau de protection 55.","robots":{"index":"index","follow":"follow","max-snippet":"max-snippet:-1","max-image-preview":"max-image-preview:large","max-video-preview":"max-video-preview:-1"},"canonical":"https:\/\/www.leili-motor.net\/fr\/moteur-synchrone-aimant-permanent-3kw.html","twitter_misc":{"Dur\u00e9e de lecture estim\u00e9e":"1 minute"},"schema":{"@context":"https:\/\/schema.org","@graph":[{"@type":"WebPage","@id":"https:\/\/www.leili-motor.net\/fr\/moteur-synchrone-aimant-permanent-3kw.html","url":"https:\/\/www.leili-motor.net\/fr\/moteur-synchrone-aimant-permanent-3kw.html","name":"Moteur Synchrone Aimant Permanent 3KW &#8211; Leili Motor","isPartOf":{"@id":"https:\/\/www.leili-motor.net\/fr\/#website"},"primaryImageOfPage":{"@id":"https:\/\/www.leili-motor.net\/fr\/moteur-synchrone-aimant-permanent-3kw.html#primaryimage"},"image":{"@id":"https:\/\/www.leili-motor.net\/fr\/moteur-synchrone-aimant-permanent-3kw.html#primaryimage"},"thumbnailUrl":"https:\/\/www.leili-motor.net\/wp-content\/uploads\/2025\/03\/3KW-Permanent-Magnet-Synchronous-Motor.webp","datePublished":"2025-03-11T05:27:15+00:00","description":"Moteur PMSM 3 kW \u00e0 haut rendement, rendement de 92,6 %, couple de 9,55 N\u00b7m, 380 V, 6,8 A, 250 Hz, niveau de protection 55.","breadcrumb":{"@id":"https:\/\/www.leili-motor.net\/fr\/moteur-synchrone-aimant-permanent-3kw.html#breadcrumb"},"inLanguage":"fr-FR","potentialAction":[{"@type":"ReadAction","target":["https:\/\/www.leili-motor.net\/fr\/moteur-synchrone-aimant-permanent-3kw.html"]}]},{"@type":"ImageObject","inLanguage":"fr-FR","@id":"https:\/\/www.leili-motor.net\/fr\/moteur-synchrone-aimant-permanent-3kw.html#primaryimage","url":"https:\/\/www.leili-motor.net\/wp-content\/uploads\/2025\/03\/3KW-Permanent-Magnet-Synchronous-Motor.webp","contentUrl":"https:\/\/www.leili-motor.net\/wp-content\/uploads\/2025\/03\/3KW-Permanent-Magnet-Synchronous-Motor.webp","width":454,"height":310,"caption":"Moteur synchrone \u00e0 aimant permanent 3 kW"},{"@type":"BreadcrumbList","@id":"https:\/\/www.leili-motor.net\/fr\/moteur-synchrone-aimant-permanent-3kw.html#breadcrumb","itemListElement":[{"@type":"ListItem","position":1,"name":"Home","item":"https:\/\/www.leili-motor.net\/fr\/"},{"@type":"ListItem","position":2,"name":"Produits","item":"https:\/\/www.leili-motor.net\/fr\/produits\/"},{"@type":"ListItem","position":3,"name":"Moteur Synchrone Aimant Permanent 3KW"}]},{"@type":"WebSite","@id":"https:\/\/www.leili-motor.net\/fr\/#website","url":"https:\/\/www.leili-motor.net\/fr\/","name":"Leili Motor","description":"","publisher":{"@id":"https:\/\/www.leili-motor.net\/fr\/#organization"},"potentialAction":[{"@type":"SearchAction","target":{"@type":"EntryPoint","urlTemplate":"https:\/\/www.leili-motor.net\/fr\/?s={search_term_string}"},"query-input":{"@type":"PropertyValueSpecification","valueRequired":true,"valueName":"search_term_string"}}],"inLanguage":"fr-FR"},{"@type":"Organization","@id":"https:\/\/www.leili-motor.net\/fr\/#organization","name":"Leili Motor","url":"https:\/\/www.leili-motor.net\/fr\/","logo":{"@type":"ImageObject","inLanguage":"fr-FR","@id":"https:\/\/www.leili-motor.net\/fr\/#\/schema\/logo\/image\/","url":"https:\/\/www.leili-motor.net\/wp-content\/uploads\/2025\/03\/Leili-Motor.png","contentUrl":"https:\/\/www.leili-motor.net\/wp-content\/uploads\/2025\/03\/Leili-Motor.png","width":600,"height":156,"caption":"Leili Motor"},"image":{"@id":"https:\/\/www.leili-motor.net\/fr\/#\/schema\/logo\/image\/"}}]}},"_links":{"self":[{"href":"https:\/\/www.leili-motor.net\/fr\/wp-json\/wp\/v2\/product\/12206","targetHints":{"allow":["GET"]}}],"collection":[{"href":"https:\/\/www.leili-motor.net\/fr\/wp-json\/wp\/v2\/product"}],"about":[{"href":"https:\/\/www.leili-motor.net\/fr\/wp-json\/wp\/v2\/types\/product"}],"replies":[{"embeddable":true,"href":"https:\/\/www.leili-motor.net\/fr\/wp-json\/wp\/v2\/comments?post=12206"}],"wp:featuredmedia":[{"embeddable":true,"href":"https:\/\/www.leili-motor.net\/fr\/wp-json\/wp\/v2\/media\/12207"}],"wp:attachment":[{"href":"https:\/\/www.leili-motor.net\/fr\/wp-json\/wp\/v2\/media?parent=12206"}],"wp:term":[{"taxonomy":"product_brand","embeddable":true,"href":"https:\/\/www.leili-motor.net\/fr\/wp-json\/wp\/v2\/product_brand?post=12206"},{"taxonomy":"product_cat","embeddable":true,"href":"https:\/\/www.leili-motor.net\/fr\/wp-json\/wp\/v2\/product_cat?post=12206"},{"taxonomy":"product_tag","embeddable":true,"href":"https:\/\/www.leili-motor.net\/fr\/wp-json\/wp\/v2\/product_tag?post=12206"}],"curies":[{"name":"wp","href":"https:\/\/api.w.org\/{rel}","templated":true}]}}