{"id":12255,"date":"2025-03-11T16:24:07","date_gmt":"2025-03-11T08:24:07","guid":{"rendered":"https:\/\/www.leili-motor.net\/pompe-de-circulation-sans-balais-pour-lave-vaisselle\/"},"modified":"2025-03-11T16:24:07","modified_gmt":"2025-03-11T08:24:07","slug":"pompe-de-circulation-sans-balais-pour-lave-vaisselle","status":"publish","type":"product","link":"https:\/\/www.leili-motor.net\/fr\/pompe-de-circulation-sans-balais-pour-lave-vaisselle.html","title":{"rendered":"Pompe de Circulation Sans Balais Pour Lave-Vaisselle"},"content":{"rendered":"<h2>Param\u00e8tres du produit<\/h2>\n<table>\n<tbody>\n<tr>\n<td>Mod\u00e8le<\/td>\n<td>Fil<\/td>\n<td>Stator (mm)<\/td>\n<td>Tension<br \/>\nnominale<br \/>\n(V)<\/td>\n<td>Puissance<br \/>\n(W)<\/td>\n<td>Courant<br \/>\n(A)<\/td>\n<td>\u00c9l\u00e9vation<br \/>\n (m)<\/td>\n<td>D\u00e9bit<br \/>\n(LPM)<\/td>\n<td>Vitesse de rotation<\/p>\n<p> (tr\/min)<\/td>\n<td>Classe<br \/>\n d&rsquo;isolation<\/td>\n<\/tr>\n<tr>\n<td>BLP44-x<\/td>\n<td>Cu<\/td>\n<td>20<\/td>\n<td>DC310<\/td>\n<td>60<\/td>\n<td>0.5<\/td>\n<td>1<\/td>\n<td>50<\/td>\n<td>3000<\/td>\n<td>F<\/td>\n<\/tr>\n<tr>\n<td>BLP44-y<\/td>\n<td>Cu<\/td>\n<td>30<\/td>\n<td>DC310<\/td>\n<td>120<\/td>\n<td>1<\/td>\n<td>1<\/td>\n<td>70<\/td>\n<td>3000<\/td>\n<td>F<\/td>\n<\/tr>\n<\/tbody>\n<\/table>\n<h2>Dimension m\u00e9canique : mm<\/h2>\n<p><img fetchpriority=\"high\" decoding=\"async\" class=\"size-full wp-image-1942 aligncenter\" src=\"https:\/\/www.leili-motor.net\/wp-content\/uploads\/2025\/03\/Brushless-Circulating-Pump-for-Dishwashers-Mechanical-Dimension.webp\" alt=\"Pompe de circulation sans balais pour lave-vaisselle Dimensions m\u00e9caniques\" width=\"759\" height=\"437\" srcset=\"https:\/\/www.leili-motor.net\/wp-content\/uploads\/2025\/03\/Brushless-Circulating-Pump-for-Dishwashers-Mechanical-Dimension.webp 759w, https:\/\/www.leili-motor.net\/wp-content\/uploads\/2025\/03\/Brushless-Circulating-Pump-for-Dishwashers-Mechanical-Dimension-300x173.webp 300w, https:\/\/www.leili-motor.net\/wp-content\/uploads\/2025\/03\/Brushless-Circulating-Pump-for-Dishwashers-Mechanical-Dimension-600x345.webp 600w\" sizes=\"(max-width: 759px) 100vw, 759px\" \/><\/p>\n","protected":false},"excerpt":{"rendered":"<h3>Pr\u00e9sentation du produit<\/h3>\n<ul>\n<li>Performances efficaces : offre une \u00e9l\u00e9vation de 1 m\u00e8tre, un d\u00e9bit de 50 \u00e0 70 LPM et 3 000 tr\/min pour une circulation optimale.<\/li>\n<li>Conception de stator durable : comprend un stator en cuivre de 20 mm ou 30 mm avec fonctionnement DC310V pour des performances fiables.<\/li>\n<li>Fonctionnement \u00e0 \u00e9conomie d&rsquo;\u00e9nergie : fonctionne \u00e0 une puissance de 60 W \u00e0 120 W, un courant de 0,5 A \u00e0 1 A et une isolation de classe F pour plus d&rsquo;efficacit\u00e9.<\/li>\n<\/ul>\n<h3>Application du produit<\/h3>\n<ul>\n<li>Appareil : Lave-vaisselle<\/li>\n<\/ul>\n","protected":false},"featured_media":12256,"comment_status":"open","ping_status":"closed","template":"","meta":{"site-sidebar-layout":"default","site-content-layout":"","ast-site-content-layout":"default","site-content-style":"default","site-sidebar-style":"default","ast-global-header-display":"","ast-banner-title-visibility":"","ast-main-header-display":"","ast-hfb-above-header-display":"","ast-hfb-below-header-display":"","ast-hfb-mobile-header-display":"","site-post-title":"","ast-breadcrumbs-content":"","ast-featured-img":"","footer-sml-layout":"","theme-transparent-header-meta":"default","adv-header-id-meta":"","stick-header-meta":"","header-above-stick-meta":"","header-main-stick-meta":"","header-below-stick-meta":"","astra-migrate-meta-layouts":"default","ast-page-background-enabled":"default","ast-page-background-meta":{"desktop":{"background-color":"var(--ast-global-color-5)","background-image":"","background-repeat":"repeat","background-position":"center center","background-size":"auto","background-attachment":"scroll","background-type":"","background-media":"","overlay-type":"","overlay-color":"","overlay-opacity":"","overlay-gradient":""},"tablet":{"background-color":"","background-image":"","background-repeat":"repeat","background-position":"center center","background-size":"auto","background-attachment":"scroll","background-type":"","background-media":"","overlay-type":"","overlay-color":"","overlay-opacity":"","overlay-gradient":""},"mobile":{"background-color":"","background-image":"","background-repeat":"repeat","background-position":"center center","background-size":"auto","background-attachment":"scroll","background-type":"","background-media":"","overlay-type":"","overlay-color":"","overlay-opacity":"","overlay-gradient":""}},"ast-content-background-meta":{"desktop":{"background-color":"var(--ast-global-color-4)","background-image":"","background-repeat":"repeat","background-position":"center center","background-size":"auto","background-attachment":"scroll","background-type":"","background-media":"","overlay-type":"","overlay-color":"","overlay-opacity":"","overlay-gradient":""},"tablet":{"background-color":"var(--ast-global-color-4)","background-image":"","background-repeat":"repeat","background-position":"center center","background-size":"auto","background-attachment":"scroll","background-type":"","background-media":"","overlay-type":"","overlay-color":"","overlay-opacity":"","overlay-gradient":""},"mobile":{"background-color":"var(--ast-global-color-4)","background-image":"","background-repeat":"repeat","background-position":"center center","background-size":"auto","background-attachment":"scroll","background-type":"","background-media":"","overlay-type":"","overlay-color":"","overlay-opacity":"","overlay-gradient":""}}},"product_brand":[],"product_cat":[1317,1339],"product_tag":[1113],"class_list":{"0":"post-12255","1":"product","2":"type-product","3":"status-publish","4":"has-post-thumbnail","6":"product_cat-pompe-a-soupape","7":"product_cat-pompe-de-circulation","8":"product_tag-lave-vaisselle-systeme-de-lavage","9":"pa_application-appareil-electromenager","10":"desktop-align-left","11":"tablet-align-left","12":"mobile-align-left","14":"first","15":"instock","16":"shipping-taxable","17":"product-type-simple"},"yoast_head":"<!-- This site is optimized with the Yoast SEO plugin v27.2 - https:\/\/yoast.com\/product\/yoast-seo-wordpress\/ -->\n<title>Pompe de Circulation Sans Balais Pour Lave-Vaisselle &#8211; Leili Motor<\/title>\n<meta name=\"description\" content=\"Notre pompe de circulation sans balais pour lave-vaisselle assure une circulation efficace, un stator en cuivre durable, un fonctionnement \u00e9conome en \u00e9nergie et des performances fiables pour une fonctionnalit\u00e9 optimale du lave-vaisselle.\" \/>\n<meta name=\"robots\" content=\"index, follow, max-snippet:-1, max-image-preview:large, max-video-preview:-1\" \/>\n<link rel=\"canonical\" href=\"https:\/\/www.leili-motor.net\/fr\/pompe-de-circulation-sans-balais-pour-lave-vaisselle.html\" \/>\n<script type=\"application\/ld+json\" class=\"yoast-schema-graph\">{\"@context\":\"https:\/\/schema.org\",\"@graph\":[{\"@type\":\"WebPage\",\"@id\":\"https:\/\/www.leili-motor.net\/fr\/pompe-de-circulation-sans-balais-pour-lave-vaisselle.html\",\"url\":\"https:\/\/www.leili-motor.net\/fr\/pompe-de-circulation-sans-balais-pour-lave-vaisselle.html\",\"name\":\"Pompe de Circulation Sans Balais Pour Lave-Vaisselle &#8211; Leili Motor\",\"isPartOf\":{\"@id\":\"https:\/\/www.leili-motor.net\/fr\/#website\"},\"primaryImageOfPage\":{\"@id\":\"https:\/\/www.leili-motor.net\/fr\/pompe-de-circulation-sans-balais-pour-lave-vaisselle.html#primaryimage\"},\"image\":{\"@id\":\"https:\/\/www.leili-motor.net\/fr\/pompe-de-circulation-sans-balais-pour-lave-vaisselle.html#primaryimage\"},\"thumbnailUrl\":\"https:\/\/www.leili-motor.net\/wp-content\/uploads\/2025\/03\/Brushless-Circulating-Pump-for-Dishwashers.webp\",\"datePublished\":\"2025-03-11T08:24:07+00:00\",\"description\":\"Notre pompe de circulation sans balais pour lave-vaisselle assure une circulation efficace, un stator en cuivre durable, un fonctionnement \u00e9conome en \u00e9nergie et des performances fiables pour une fonctionnalit\u00e9 optimale du lave-vaisselle.\",\"breadcrumb\":{\"@id\":\"https:\/\/www.leili-motor.net\/fr\/pompe-de-circulation-sans-balais-pour-lave-vaisselle.html#breadcrumb\"},\"inLanguage\":\"fr-FR\",\"potentialAction\":[{\"@type\":\"ReadAction\",\"target\":[\"https:\/\/www.leili-motor.net\/fr\/pompe-de-circulation-sans-balais-pour-lave-vaisselle.html\"]}]},{\"@type\":\"ImageObject\",\"inLanguage\":\"fr-FR\",\"@id\":\"https:\/\/www.leili-motor.net\/fr\/pompe-de-circulation-sans-balais-pour-lave-vaisselle.html#primaryimage\",\"url\":\"https:\/\/www.leili-motor.net\/wp-content\/uploads\/2025\/03\/Brushless-Circulating-Pump-for-Dishwashers.webp\",\"contentUrl\":\"https:\/\/www.leili-motor.net\/wp-content\/uploads\/2025\/03\/Brushless-Circulating-Pump-for-Dishwashers.webp\",\"width\":454,\"height\":310,\"caption\":\"Pompe de circulation sans balais pour lave-vaisselle\"},{\"@type\":\"BreadcrumbList\",\"@id\":\"https:\/\/www.leili-motor.net\/fr\/pompe-de-circulation-sans-balais-pour-lave-vaisselle.html#breadcrumb\",\"itemListElement\":[{\"@type\":\"ListItem\",\"position\":1,\"name\":\"Home\",\"item\":\"https:\/\/www.leili-motor.net\/fr\/\"},{\"@type\":\"ListItem\",\"position\":2,\"name\":\"Produits\",\"item\":\"https:\/\/www.leili-motor.net\/fr\/produits\/\"},{\"@type\":\"ListItem\",\"position\":3,\"name\":\"Pompe de Circulation Sans Balais Pour Lave-Vaisselle\"}]},{\"@type\":\"WebSite\",\"@id\":\"https:\/\/www.leili-motor.net\/fr\/#website\",\"url\":\"https:\/\/www.leili-motor.net\/fr\/\",\"name\":\"Leili Motor\",\"description\":\"\",\"publisher\":{\"@id\":\"https:\/\/www.leili-motor.net\/fr\/#organization\"},\"potentialAction\":[{\"@type\":\"SearchAction\",\"target\":{\"@type\":\"EntryPoint\",\"urlTemplate\":\"https:\/\/www.leili-motor.net\/fr\/?s={search_term_string}\"},\"query-input\":{\"@type\":\"PropertyValueSpecification\",\"valueRequired\":true,\"valueName\":\"search_term_string\"}}],\"inLanguage\":\"fr-FR\"},{\"@type\":\"Organization\",\"@id\":\"https:\/\/www.leili-motor.net\/fr\/#organization\",\"name\":\"Leili Motor\",\"url\":\"https:\/\/www.leili-motor.net\/fr\/\",\"logo\":{\"@type\":\"ImageObject\",\"inLanguage\":\"fr-FR\",\"@id\":\"https:\/\/www.leili-motor.net\/fr\/#\/schema\/logo\/image\/\",\"url\":\"https:\/\/www.leili-motor.net\/wp-content\/uploads\/2025\/03\/Leili-Motor.png\",\"contentUrl\":\"https:\/\/www.leili-motor.net\/wp-content\/uploads\/2025\/03\/Leili-Motor.png\",\"width\":600,\"height\":156,\"caption\":\"Leili Motor\"},\"image\":{\"@id\":\"https:\/\/www.leili-motor.net\/fr\/#\/schema\/logo\/image\/\"}}]}<\/script>\n<!-- \/ Yoast SEO plugin. -->","yoast_head_json":{"title":"Pompe de Circulation Sans Balais Pour Lave-Vaisselle &#8211; Leili Motor","description":"Notre pompe de circulation sans balais pour lave-vaisselle assure une circulation efficace, un stator en cuivre durable, un fonctionnement \u00e9conome en \u00e9nergie et des performances fiables pour une fonctionnalit\u00e9 optimale du lave-vaisselle.","robots":{"index":"index","follow":"follow","max-snippet":"max-snippet:-1","max-image-preview":"max-image-preview:large","max-video-preview":"max-video-preview:-1"},"canonical":"https:\/\/www.leili-motor.net\/fr\/pompe-de-circulation-sans-balais-pour-lave-vaisselle.html","schema":{"@context":"https:\/\/schema.org","@graph":[{"@type":"WebPage","@id":"https:\/\/www.leili-motor.net\/fr\/pompe-de-circulation-sans-balais-pour-lave-vaisselle.html","url":"https:\/\/www.leili-motor.net\/fr\/pompe-de-circulation-sans-balais-pour-lave-vaisselle.html","name":"Pompe de Circulation Sans Balais Pour Lave-Vaisselle &#8211; Leili Motor","isPartOf":{"@id":"https:\/\/www.leili-motor.net\/fr\/#website"},"primaryImageOfPage":{"@id":"https:\/\/www.leili-motor.net\/fr\/pompe-de-circulation-sans-balais-pour-lave-vaisselle.html#primaryimage"},"image":{"@id":"https:\/\/www.leili-motor.net\/fr\/pompe-de-circulation-sans-balais-pour-lave-vaisselle.html#primaryimage"},"thumbnailUrl":"https:\/\/www.leili-motor.net\/wp-content\/uploads\/2025\/03\/Brushless-Circulating-Pump-for-Dishwashers.webp","datePublished":"2025-03-11T08:24:07+00:00","description":"Notre pompe de circulation sans balais pour lave-vaisselle assure une circulation efficace, un stator en cuivre durable, un fonctionnement \u00e9conome en \u00e9nergie et des performances fiables pour une fonctionnalit\u00e9 optimale du lave-vaisselle.","breadcrumb":{"@id":"https:\/\/www.leili-motor.net\/fr\/pompe-de-circulation-sans-balais-pour-lave-vaisselle.html#breadcrumb"},"inLanguage":"fr-FR","potentialAction":[{"@type":"ReadAction","target":["https:\/\/www.leili-motor.net\/fr\/pompe-de-circulation-sans-balais-pour-lave-vaisselle.html"]}]},{"@type":"ImageObject","inLanguage":"fr-FR","@id":"https:\/\/www.leili-motor.net\/fr\/pompe-de-circulation-sans-balais-pour-lave-vaisselle.html#primaryimage","url":"https:\/\/www.leili-motor.net\/wp-content\/uploads\/2025\/03\/Brushless-Circulating-Pump-for-Dishwashers.webp","contentUrl":"https:\/\/www.leili-motor.net\/wp-content\/uploads\/2025\/03\/Brushless-Circulating-Pump-for-Dishwashers.webp","width":454,"height":310,"caption":"Pompe de circulation sans balais pour lave-vaisselle"},{"@type":"BreadcrumbList","@id":"https:\/\/www.leili-motor.net\/fr\/pompe-de-circulation-sans-balais-pour-lave-vaisselle.html#breadcrumb","itemListElement":[{"@type":"ListItem","position":1,"name":"Home","item":"https:\/\/www.leili-motor.net\/fr\/"},{"@type":"ListItem","position":2,"name":"Produits","item":"https:\/\/www.leili-motor.net\/fr\/produits\/"},{"@type":"ListItem","position":3,"name":"Pompe de Circulation Sans Balais Pour Lave-Vaisselle"}]},{"@type":"WebSite","@id":"https:\/\/www.leili-motor.net\/fr\/#website","url":"https:\/\/www.leili-motor.net\/fr\/","name":"Leili Motor","description":"","publisher":{"@id":"https:\/\/www.leili-motor.net\/fr\/#organization"},"potentialAction":[{"@type":"SearchAction","target":{"@type":"EntryPoint","urlTemplate":"https:\/\/www.leili-motor.net\/fr\/?s={search_term_string}"},"query-input":{"@type":"PropertyValueSpecification","valueRequired":true,"valueName":"search_term_string"}}],"inLanguage":"fr-FR"},{"@type":"Organization","@id":"https:\/\/www.leili-motor.net\/fr\/#organization","name":"Leili Motor","url":"https:\/\/www.leili-motor.net\/fr\/","logo":{"@type":"ImageObject","inLanguage":"fr-FR","@id":"https:\/\/www.leili-motor.net\/fr\/#\/schema\/logo\/image\/","url":"https:\/\/www.leili-motor.net\/wp-content\/uploads\/2025\/03\/Leili-Motor.png","contentUrl":"https:\/\/www.leili-motor.net\/wp-content\/uploads\/2025\/03\/Leili-Motor.png","width":600,"height":156,"caption":"Leili Motor"},"image":{"@id":"https:\/\/www.leili-motor.net\/fr\/#\/schema\/logo\/image\/"}}]}},"_links":{"self":[{"href":"https:\/\/www.leili-motor.net\/fr\/wp-json\/wp\/v2\/product\/12255","targetHints":{"allow":["GET"]}}],"collection":[{"href":"https:\/\/www.leili-motor.net\/fr\/wp-json\/wp\/v2\/product"}],"about":[{"href":"https:\/\/www.leili-motor.net\/fr\/wp-json\/wp\/v2\/types\/product"}],"replies":[{"embeddable":true,"href":"https:\/\/www.leili-motor.net\/fr\/wp-json\/wp\/v2\/comments?post=12255"}],"wp:featuredmedia":[{"embeddable":true,"href":"https:\/\/www.leili-motor.net\/fr\/wp-json\/wp\/v2\/media\/12256"}],"wp:attachment":[{"href":"https:\/\/www.leili-motor.net\/fr\/wp-json\/wp\/v2\/media?parent=12255"}],"wp:term":[{"taxonomy":"product_brand","embeddable":true,"href":"https:\/\/www.leili-motor.net\/fr\/wp-json\/wp\/v2\/product_brand?post=12255"},{"taxonomy":"product_cat","embeddable":true,"href":"https:\/\/www.leili-motor.net\/fr\/wp-json\/wp\/v2\/product_cat?post=12255"},{"taxonomy":"product_tag","embeddable":true,"href":"https:\/\/www.leili-motor.net\/fr\/wp-json\/wp\/v2\/product_tag?post=12255"}],"curies":[{"name":"wp","href":"https:\/\/api.w.org\/{rel}","templated":true}]}}