{"id":14089,"date":"2026-03-24T17:10:49","date_gmt":"2026-03-24T09:10:49","guid":{"rendered":"https:\/\/www.leili-motor.net\/moteur-dentrainement-de-la-serie-a-refroidissement-par-air\/"},"modified":"2026-04-14T11:55:02","modified_gmt":"2026-04-14T03:55:02","slug":"moteur-dentrainement-de-la-serie-a-refroidissement-par-air","status":"publish","type":"product","link":"https:\/\/www.leili-motor.net\/fr\/moteur-dentrainement-de-la-serie-a-refroidissement-par-air\/","title":{"rendered":"Moteur d&rsquo;entra\u00eenement de la s\u00e9rie \u00e0 refroidissement par air"},"content":{"rendered":"<h2>Param\u00e8tres de performance<\/h2>\n<table>\n<tbody>\n<tr>\n<td>Tension<\/td>\n<td>Puissance nominale<\/td>\n<td>Couple nominal<\/td>\n<td>Puissance maximale<\/td>\n<td>Couple max.<\/td>\n<td>Vitesse maximale<\/td>\n<td>Rapport de vitesse<\/td>\n<\/tr>\n<tr>\n<td>V<\/td>\n<td>Kw<\/td>\n<td>Nm<\/td>\n<td>Kw<\/td>\n<td>Nm<\/td>\n<td>RPM<\/td>\n<td>&#8211;<\/td>\n<\/tr>\n<tr>\n<td>60<\/td>\n<td>4.0<\/td>\n<td>13<\/td>\n<td>10.0<\/td>\n<td>50<\/td>\n<td>12000<\/td>\n<td>3.227<\/td>\n<\/tr>\n<tr>\n<td>72<\/td>\n<td>5.0<\/td>\n<td>13<\/td>\n<td>13.0<\/td>\n<td>50<\/td>\n<td>12000<\/td>\n<td>3.227<\/td>\n<\/tr>\n<tr>\n<td>96<\/td>\n<td>7.0<\/td>\n<td>13<\/td>\n<td>20.0<\/td>\n<td>50<\/td>\n<td>12000<\/td>\n<td>3.227<\/td>\n<\/tr>\n<tr>\n<td>115<\/td>\n<td>8.5<\/td>\n<td>13<\/td>\n<td>25.0<\/td>\n<td>50<\/td>\n<td>12000<\/td>\n<td>3.227<\/td>\n<\/tr>\n<tr>\n<td>133<\/td>\n<td>10.0<\/td>\n<td>13<\/td>\n<td>30.0<\/td>\n<td>50<\/td>\n<td>12000<\/td>\n<td>3.227<\/td>\n<\/tr>\n<tr>\n<td>144<\/td>\n<td>12.0<\/td>\n<td>13<\/td>\n<td>30.0<\/td>\n<td>50<\/td>\n<td>12000<\/td>\n<td>3.227<\/td>\n<\/tr>\n<\/tbody>\n<\/table>\n","protected":false},"excerpt":{"rendered":"<h3>Pr\u00e9sentation du produit<\/h3>\n<ul>\n<li data-section-id=\"43g1vc\" data-start=\"0\" data-end=\"65\">Les tensions disponibles sont les suivantes : 60 V, 72 V, 96 V, 115 V, 133 V et 144 V<\/li>\n<li data-section-id=\"1dktq6s\" data-start=\"66\" data-end=\"133\">Le couple nominal reste de 13 Nm, avec un rapport de vitesse fixe de 3,227<\/li>\n<li data-section-id=\"ps8y0b\" data-start=\"134\" data-end=\"212\" data-is-last-node=\"\">La vitesse maximale atteint 12 000 tr\/min, tandis que la puissance maximale varie entre 10,0 et 30,0 kW<\/li>\n<\/ul>\n","protected":false},"featured_media":13943,"comment_status":"closed","ping_status":"closed","template":"","meta":{"site-sidebar-layout":"default","site-content-layout":"","ast-site-content-layout":"default","site-content-style":"default","site-sidebar-style":"default","ast-global-header-display":"","ast-banner-title-visibility":"","ast-main-header-display":"","ast-hfb-above-header-display":"","ast-hfb-below-header-display":"","ast-hfb-mobile-header-display":"","site-post-title":"","ast-breadcrumbs-content":"","ast-featured-img":"","footer-sml-layout":"","theme-transparent-header-meta":"default","adv-header-id-meta":"","stick-header-meta":"","header-above-stick-meta":"","header-main-stick-meta":"","header-below-stick-meta":"","astra-migrate-meta-layouts":"set","ast-page-background-enabled":"default","ast-page-background-meta":{"desktop":{"background-color":"var(--ast-global-color-5)","background-image":"","background-repeat":"repeat","background-position":"center center","background-size":"auto","background-attachment":"scroll","background-type":"","background-media":"","overlay-type":"","overlay-color":"","overlay-opacity":"","overlay-gradient":""},"tablet":{"background-color":"","background-image":"","background-repeat":"repeat","background-position":"center center","background-size":"auto","background-attachment":"scroll","background-type":"","background-media":"","overlay-type":"","overlay-color":"","overlay-opacity":"","overlay-gradient":""},"mobile":{"background-color":"","background-image":"","background-repeat":"repeat","background-position":"center center","background-size":"auto","background-attachment":"scroll","background-type":"","background-media":"","overlay-type":"","overlay-color":"","overlay-opacity":"","overlay-gradient":""}},"ast-content-background-meta":{"desktop":{"background-color":"var(--ast-global-color-4)","background-image":"","background-repeat":"repeat","background-position":"center center","background-size":"auto","background-attachment":"scroll","background-type":"","background-media":"","overlay-type":"","overlay-color":"","overlay-opacity":"","overlay-gradient":""},"tablet":{"background-color":"var(--ast-global-color-4)","background-image":"","background-repeat":"repeat","background-position":"center center","background-size":"auto","background-attachment":"scroll","background-type":"","background-media":"","overlay-type":"","overlay-color":"","overlay-opacity":"","overlay-gradient":""},"mobile":{"background-color":"var(--ast-global-color-4)","background-image":"","background-repeat":"repeat","background-position":"center center","background-size":"auto","background-attachment":"scroll","background-type":"","background-media":"","overlay-type":"","overlay-color":"","overlay-opacity":"","overlay-gradient":""}}},"product_brand":[],"product_cat":[1353,1350],"product_tag":[],"class_list":{"0":"post-14089","1":"product","2":"type-product","3":"status-publish","4":"has-post-thumbnail","6":"product_cat-moteur-dentrainement-avec-reducteur","7":"product_cat-categorie-de-moteurs-dentrainement","8":"desktop-align-left","9":"tablet-align-left","10":"mobile-align-left","12":"first","13":"instock","14":"shipping-taxable","15":"product-type-simple"},"yoast_head":"<!-- This site is optimized with the Yoast SEO plugin v27.2 - https:\/\/yoast.com\/product\/yoast-seo-wordpress\/ -->\n<title>Moteur d&#039;entra\u00eenement de la s\u00e9rie \u00e0 refroidissement par air &#8211; Leili Motor<\/title>\n<meta name=\"description\" content=\"Le moteur d&#039;entra\u00eenement de la s\u00e9rie \u00e0 refroidissement par air est disponible en versions 60 V \u00e0 144 V, avec une puissance nominale de 4,0 \u00e0 12,0 kW, un couple maximal de 50 Nm, une vitesse maximale de 12 000 tr\/min et un rapport de vitesse de 3,227.\" \/>\n<meta name=\"robots\" content=\"index, follow, max-snippet:-1, max-image-preview:large, max-video-preview:-1\" \/>\n<link rel=\"canonical\" href=\"https:\/\/www.leili-motor.net\/fr\/moteur-dentrainement-de-la-serie-a-refroidissement-par-air\/\" \/>\n<meta name=\"twitter:label1\" content=\"Dur\u00e9e de lecture estim\u00e9e\" \/>\n\t<meta name=\"twitter:data1\" content=\"1 minute\" \/>\n<script type=\"application\/ld+json\" class=\"yoast-schema-graph\">{\"@context\":\"https:\/\/schema.org\",\"@graph\":[{\"@type\":\"WebPage\",\"@id\":\"https:\/\/www.leili-motor.net\/fr\/moteur-dentrainement-de-la-serie-a-refroidissement-par-air\/\",\"url\":\"https:\/\/www.leili-motor.net\/fr\/moteur-dentrainement-de-la-serie-a-refroidissement-par-air\/\",\"name\":\"Moteur d'entra\u00eenement de la s\u00e9rie \u00e0 refroidissement par air &#8211; Leili Motor\",\"isPartOf\":{\"@id\":\"https:\/\/www.leili-motor.net\/fr\/#website\"},\"primaryImageOfPage\":{\"@id\":\"https:\/\/www.leili-motor.net\/fr\/moteur-dentrainement-de-la-serie-a-refroidissement-par-air\/#primaryimage\"},\"image\":{\"@id\":\"https:\/\/www.leili-motor.net\/fr\/moteur-dentrainement-de-la-serie-a-refroidissement-par-air\/#primaryimage\"},\"thumbnailUrl\":\"https:\/\/www.leili-motor.net\/wp-content\/uploads\/2026\/03\/Air-Cooling-Series-Drive-Motor.webp\",\"datePublished\":\"2026-03-24T09:10:49+00:00\",\"dateModified\":\"2026-04-14T03:55:02+00:00\",\"description\":\"Le moteur d'entra\u00eenement de la s\u00e9rie \u00e0 refroidissement par air est disponible en versions 60 V \u00e0 144 V, avec une puissance nominale de 4,0 \u00e0 12,0 kW, un couple maximal de 50 Nm, une vitesse maximale de 12 000 tr\/min et un rapport de vitesse de 3,227.\",\"breadcrumb\":{\"@id\":\"https:\/\/www.leili-motor.net\/fr\/moteur-dentrainement-de-la-serie-a-refroidissement-par-air\/#breadcrumb\"},\"inLanguage\":\"fr-FR\",\"potentialAction\":[{\"@type\":\"ReadAction\",\"target\":[\"https:\/\/www.leili-motor.net\/fr\/moteur-dentrainement-de-la-serie-a-refroidissement-par-air\/\"]}]},{\"@type\":\"ImageObject\",\"inLanguage\":\"fr-FR\",\"@id\":\"https:\/\/www.leili-motor.net\/fr\/moteur-dentrainement-de-la-serie-a-refroidissement-par-air\/#primaryimage\",\"url\":\"https:\/\/www.leili-motor.net\/wp-content\/uploads\/2026\/03\/Air-Cooling-Series-Drive-Motor.webp\",\"contentUrl\":\"https:\/\/www.leili-motor.net\/wp-content\/uploads\/2026\/03\/Air-Cooling-Series-Drive-Motor.webp\",\"width\":454,\"height\":310,\"caption\":\"Air Cooling Series Drive Motor\"},{\"@type\":\"BreadcrumbList\",\"@id\":\"https:\/\/www.leili-motor.net\/fr\/moteur-dentrainement-de-la-serie-a-refroidissement-par-air\/#breadcrumb\",\"itemListElement\":[{\"@type\":\"ListItem\",\"position\":1,\"name\":\"Home\",\"item\":\"https:\/\/www.leili-motor.net\/fr\/\"},{\"@type\":\"ListItem\",\"position\":2,\"name\":\"Produits\",\"item\":\"https:\/\/www.leili-motor.net\/fr\/produits\/\"},{\"@type\":\"ListItem\",\"position\":3,\"name\":\"Moteur d&#8217;entra\u00eenement de la s\u00e9rie \u00e0 refroidissement par air\"}]},{\"@type\":\"WebSite\",\"@id\":\"https:\/\/www.leili-motor.net\/fr\/#website\",\"url\":\"https:\/\/www.leili-motor.net\/fr\/\",\"name\":\"Leili Motor\",\"description\":\"\",\"publisher\":{\"@id\":\"https:\/\/www.leili-motor.net\/fr\/#organization\"},\"potentialAction\":[{\"@type\":\"SearchAction\",\"target\":{\"@type\":\"EntryPoint\",\"urlTemplate\":\"https:\/\/www.leili-motor.net\/fr\/?s={search_term_string}\"},\"query-input\":{\"@type\":\"PropertyValueSpecification\",\"valueRequired\":true,\"valueName\":\"search_term_string\"}}],\"inLanguage\":\"fr-FR\"},{\"@type\":\"Organization\",\"@id\":\"https:\/\/www.leili-motor.net\/fr\/#organization\",\"name\":\"Leili Motor\",\"url\":\"https:\/\/www.leili-motor.net\/fr\/\",\"logo\":{\"@type\":\"ImageObject\",\"inLanguage\":\"fr-FR\",\"@id\":\"https:\/\/www.leili-motor.net\/fr\/#\/schema\/logo\/image\/\",\"url\":\"https:\/\/www.leili-motor.net\/wp-content\/uploads\/2025\/03\/Leili-Motor.png\",\"contentUrl\":\"https:\/\/www.leili-motor.net\/wp-content\/uploads\/2025\/03\/Leili-Motor.png\",\"width\":600,\"height\":156,\"caption\":\"Leili Motor\"},\"image\":{\"@id\":\"https:\/\/www.leili-motor.net\/fr\/#\/schema\/logo\/image\/\"}}]}<\/script>\n<!-- \/ Yoast SEO plugin. -->","yoast_head_json":{"title":"Moteur d'entra\u00eenement de la s\u00e9rie \u00e0 refroidissement par air &#8211; Leili Motor","description":"Le moteur d'entra\u00eenement de la s\u00e9rie \u00e0 refroidissement par air est disponible en versions 60 V \u00e0 144 V, avec une puissance nominale de 4,0 \u00e0 12,0 kW, un couple maximal de 50 Nm, une vitesse maximale de 12 000 tr\/min et un rapport de vitesse de 3,227.","robots":{"index":"index","follow":"follow","max-snippet":"max-snippet:-1","max-image-preview":"max-image-preview:large","max-video-preview":"max-video-preview:-1"},"canonical":"https:\/\/www.leili-motor.net\/fr\/moteur-dentrainement-de-la-serie-a-refroidissement-par-air\/","twitter_misc":{"Dur\u00e9e de lecture estim\u00e9e":"1 minute"},"schema":{"@context":"https:\/\/schema.org","@graph":[{"@type":"WebPage","@id":"https:\/\/www.leili-motor.net\/fr\/moteur-dentrainement-de-la-serie-a-refroidissement-par-air\/","url":"https:\/\/www.leili-motor.net\/fr\/moteur-dentrainement-de-la-serie-a-refroidissement-par-air\/","name":"Moteur d'entra\u00eenement de la s\u00e9rie \u00e0 refroidissement par air &#8211; Leili Motor","isPartOf":{"@id":"https:\/\/www.leili-motor.net\/fr\/#website"},"primaryImageOfPage":{"@id":"https:\/\/www.leili-motor.net\/fr\/moteur-dentrainement-de-la-serie-a-refroidissement-par-air\/#primaryimage"},"image":{"@id":"https:\/\/www.leili-motor.net\/fr\/moteur-dentrainement-de-la-serie-a-refroidissement-par-air\/#primaryimage"},"thumbnailUrl":"https:\/\/www.leili-motor.net\/wp-content\/uploads\/2026\/03\/Air-Cooling-Series-Drive-Motor.webp","datePublished":"2026-03-24T09:10:49+00:00","dateModified":"2026-04-14T03:55:02+00:00","description":"Le moteur d'entra\u00eenement de la s\u00e9rie \u00e0 refroidissement par air est disponible en versions 60 V \u00e0 144 V, avec une puissance nominale de 4,0 \u00e0 12,0 kW, un couple maximal de 50 Nm, une vitesse maximale de 12 000 tr\/min et un rapport de vitesse de 3,227.","breadcrumb":{"@id":"https:\/\/www.leili-motor.net\/fr\/moteur-dentrainement-de-la-serie-a-refroidissement-par-air\/#breadcrumb"},"inLanguage":"fr-FR","potentialAction":[{"@type":"ReadAction","target":["https:\/\/www.leili-motor.net\/fr\/moteur-dentrainement-de-la-serie-a-refroidissement-par-air\/"]}]},{"@type":"ImageObject","inLanguage":"fr-FR","@id":"https:\/\/www.leili-motor.net\/fr\/moteur-dentrainement-de-la-serie-a-refroidissement-par-air\/#primaryimage","url":"https:\/\/www.leili-motor.net\/wp-content\/uploads\/2026\/03\/Air-Cooling-Series-Drive-Motor.webp","contentUrl":"https:\/\/www.leili-motor.net\/wp-content\/uploads\/2026\/03\/Air-Cooling-Series-Drive-Motor.webp","width":454,"height":310,"caption":"Air Cooling Series Drive Motor"},{"@type":"BreadcrumbList","@id":"https:\/\/www.leili-motor.net\/fr\/moteur-dentrainement-de-la-serie-a-refroidissement-par-air\/#breadcrumb","itemListElement":[{"@type":"ListItem","position":1,"name":"Home","item":"https:\/\/www.leili-motor.net\/fr\/"},{"@type":"ListItem","position":2,"name":"Produits","item":"https:\/\/www.leili-motor.net\/fr\/produits\/"},{"@type":"ListItem","position":3,"name":"Moteur d&#8217;entra\u00eenement de la s\u00e9rie \u00e0 refroidissement par air"}]},{"@type":"WebSite","@id":"https:\/\/www.leili-motor.net\/fr\/#website","url":"https:\/\/www.leili-motor.net\/fr\/","name":"Leili Motor","description":"","publisher":{"@id":"https:\/\/www.leili-motor.net\/fr\/#organization"},"potentialAction":[{"@type":"SearchAction","target":{"@type":"EntryPoint","urlTemplate":"https:\/\/www.leili-motor.net\/fr\/?s={search_term_string}"},"query-input":{"@type":"PropertyValueSpecification","valueRequired":true,"valueName":"search_term_string"}}],"inLanguage":"fr-FR"},{"@type":"Organization","@id":"https:\/\/www.leili-motor.net\/fr\/#organization","name":"Leili Motor","url":"https:\/\/www.leili-motor.net\/fr\/","logo":{"@type":"ImageObject","inLanguage":"fr-FR","@id":"https:\/\/www.leili-motor.net\/fr\/#\/schema\/logo\/image\/","url":"https:\/\/www.leili-motor.net\/wp-content\/uploads\/2025\/03\/Leili-Motor.png","contentUrl":"https:\/\/www.leili-motor.net\/wp-content\/uploads\/2025\/03\/Leili-Motor.png","width":600,"height":156,"caption":"Leili Motor"},"image":{"@id":"https:\/\/www.leili-motor.net\/fr\/#\/schema\/logo\/image\/"}}]}},"_links":{"self":[{"href":"https:\/\/www.leili-motor.net\/fr\/wp-json\/wp\/v2\/product\/14089","targetHints":{"allow":["GET"]}}],"collection":[{"href":"https:\/\/www.leili-motor.net\/fr\/wp-json\/wp\/v2\/product"}],"about":[{"href":"https:\/\/www.leili-motor.net\/fr\/wp-json\/wp\/v2\/types\/product"}],"replies":[{"embeddable":true,"href":"https:\/\/www.leili-motor.net\/fr\/wp-json\/wp\/v2\/comments?post=14089"}],"wp:featuredmedia":[{"embeddable":true,"href":"https:\/\/www.leili-motor.net\/fr\/wp-json\/wp\/v2\/media\/13943"}],"wp:attachment":[{"href":"https:\/\/www.leili-motor.net\/fr\/wp-json\/wp\/v2\/media?parent=14089"}],"wp:term":[{"taxonomy":"product_brand","embeddable":true,"href":"https:\/\/www.leili-motor.net\/fr\/wp-json\/wp\/v2\/product_brand?post=14089"},{"taxonomy":"product_cat","embeddable":true,"href":"https:\/\/www.leili-motor.net\/fr\/wp-json\/wp\/v2\/product_cat?post=14089"},{"taxonomy":"product_tag","embeddable":true,"href":"https:\/\/www.leili-motor.net\/fr\/wp-json\/wp\/v2\/product_tag?post=14089"}],"curies":[{"name":"wp","href":"https:\/\/api.w.org\/{rel}","templated":true}]}}