{"id":14109,"date":"2026-03-24T16:17:21","date_gmt":"2026-03-24T08:17:21","guid":{"rendered":"https:\/\/www.leili-motor.net\/serie-m1-moteur-dentrainement\/"},"modified":"2026-04-14T13:53:25","modified_gmt":"2026-04-14T05:53:25","slug":"serie-m1-moteur-dentrainement","status":"publish","type":"product","link":"https:\/\/www.leili-motor.net\/fr\/serie-m1-moteur-dentrainement\/","title":{"rendered":"S\u00e9rie M1 Moteur d&rsquo;entra\u00eenement"},"content":{"rendered":"<h2>Param\u00e8tres de performance<\/h2>\n<table>\n<tbody>\n<tr>\n<td colspan=\"6\">S\u00e9rie M1, version basse consommation<\/td>\n<\/tr>\n<tr>\n<td>Tension<\/td>\n<td>Puissance nominale<\/td>\n<td>Couple nominal<\/td>\n<td>Puissance maximale<\/td>\n<td>Couple max.<\/td>\n<td>Vitesse maximale<\/td>\n<\/tr>\n<tr>\n<td>V<\/td>\n<td>Kw<\/td>\n<td>Nm<\/td>\n<td>Kw<\/td>\n<td>Nm<\/td>\n<td>RPM<\/td>\n<\/tr>\n<tr>\n<td>60<\/td>\n<td>4.0<\/td>\n<td>23<\/td>\n<td>8.0<\/td>\n<td>75<\/td>\n<td>8500<\/td>\n<\/tr>\n<tr>\n<td>72<\/td>\n<td>6.0<\/td>\n<td>23<\/td>\n<td>12.0<\/td>\n<td>75<\/td>\n<td>8500<\/td>\n<\/tr>\n<tr>\n<td>96<\/td>\n<td>7.5<\/td>\n<td>23<\/td>\n<td>15.0<\/td>\n<td>75<\/td>\n<td>8500<\/td>\n<\/tr>\n<tr>\n<td>115<\/td>\n<td>10.0<\/td>\n<td>23<\/td>\n<td>20.0<\/td>\n<td>75<\/td>\n<td>8500<\/td>\n<\/tr>\n<tr>\n<td>144<\/td>\n<td>12.0<\/td>\n<td>23<\/td>\n<td>24.0<\/td>\n<td>75<\/td>\n<td>8500<\/td>\n<\/tr>\n<\/tbody>\n<\/table>\n","protected":false},"excerpt":{"rendered":"<h3>Pr\u00e9sentation du produit<\/h3>\n<div class=\"flex flex-col text-sm pb-25\">\n<section class=\"text-token-text-primary w-full focus:outline-none [--shadow-height:45px] has-data-writing-block:pointer-events-none has-data-writing-block:-mt-(--shadow-height) has-data-writing-block:pt-(--shadow-height) [&amp;:has([data-writing-block])&gt;*]:pointer-events-auto scroll-mt-[calc(var(--header-height)+min(200px,max(70px,20svh)))]\" dir=\"auto\" data-turn-id=\"request-WEB:34e0e44e-ab8f-4436-bd98-f398e475e14a-14\" data-testid=\"conversation-turn-6\" data-scroll-anchor=\"true\" data-turn=\"assistant\">\n<div class=\"text-base my-auto mx-auto pb-10 [--thread-content-margin:var(--thread-content-margin-xs,calc(var(--spacing)*4))] @w-sm\/main:[--thread-content-margin:var(--thread-content-margin-sm,calc(var(--spacing)*6))] @w-lg\/main:[--thread-content-margin:var(--thread-content-margin-lg,calc(var(--spacing)*16))] px-(--thread-content-margin)\">\n<div class=\"[--thread-content-max-width:40rem] @w-lg\/main:[--thread-content-max-width:48rem] mx-auto max-w-(--thread-content-max-width) flex-1 group\/turn-messages focus-visible:outline-hidden relative flex w-full min-w-0 flex-col agent-turn\">\n<div class=\"flex max-w-full flex-col gap-4 grow\">\n<div class=\"min-h-8 text-message relative flex w-full flex-col items-end gap-2 text-start break-words whitespace-normal outline-none keyboard-focused:focus-ring [.text-message+&amp;]:mt-1\" dir=\"auto\" tabindex=\"0\" data-message-author-role=\"assistant\" data-message-id=\"2f0afdfb-0d3d-4de6-8da5-6f4c059d41fa\" data-message-model-slug=\"gpt-5-4-thinking\" data-turn-start-message=\"true\">\n<div class=\"flex w-full flex-col gap-1 empty:hidden\">\n<div class=\"markdown prose dark:prose-invert w-full wrap-break-word light markdown-new-styling\">\n<ul data-start=\"0\" data-end=\"232\" data-is-last-node=\"\" data-is-only-node=\"\">\n<li data-section-id=\"1a9aul2\" data-start=\"0\" data-end=\"85\">Moteur \u00e0 faible consommation de la s\u00e9rie M1 avec refroidissement par air et tensions disponibles de 60 V \u00e0 144 V<\/li>\n<li data-section-id=\"yfgfa5\" data-start=\"86\" data-end=\"161\">La puissance nominale varie de 4,0 kW \u00e0 12,0 kW, avec un couple constant de 23 Nm<\/li>\n<li data-section-id=\"txwdvb\" data-start=\"162\" data-end=\"232\" data-is-last-node=\"\">La puissance maximale atteint 24,0 kW, le couple 75 Nm et le r\u00e9gime 8 500 tr\/min<\/li>\n<\/ul>\n<\/div>\n<\/div>\n<\/div>\n<\/div>\n<\/div>\n<\/div>\n<\/section>\n<\/div>\n","protected":false},"featured_media":13912,"comment_status":"closed","ping_status":"closed","template":"","meta":{"site-sidebar-layout":"default","site-content-layout":"","ast-site-content-layout":"default","site-content-style":"default","site-sidebar-style":"default","ast-global-header-display":"","ast-banner-title-visibility":"","ast-main-header-display":"","ast-hfb-above-header-display":"","ast-hfb-below-header-display":"","ast-hfb-mobile-header-display":"","site-post-title":"","ast-breadcrumbs-content":"","ast-featured-img":"","footer-sml-layout":"","theme-transparent-header-meta":"default","adv-header-id-meta":"","stick-header-meta":"","header-above-stick-meta":"","header-main-stick-meta":"","header-below-stick-meta":"","astra-migrate-meta-layouts":"set","ast-page-background-enabled":"default","ast-page-background-meta":{"desktop":{"background-color":"var(--ast-global-color-5)","background-image":"","background-repeat":"repeat","background-position":"center center","background-size":"auto","background-attachment":"scroll","background-type":"","background-media":"","overlay-type":"","overlay-color":"","overlay-opacity":"","overlay-gradient":""},"tablet":{"background-color":"","background-image":"","background-repeat":"repeat","background-position":"center center","background-size":"auto","background-attachment":"scroll","background-type":"","background-media":"","overlay-type":"","overlay-color":"","overlay-opacity":"","overlay-gradient":""},"mobile":{"background-color":"","background-image":"","background-repeat":"repeat","background-position":"center center","background-size":"auto","background-attachment":"scroll","background-type":"","background-media":"","overlay-type":"","overlay-color":"","overlay-opacity":"","overlay-gradient":""}},"ast-content-background-meta":{"desktop":{"background-color":"var(--ast-global-color-4)","background-image":"","background-repeat":"repeat","background-position":"center center","background-size":"auto","background-attachment":"scroll","background-type":"","background-media":"","overlay-type":"","overlay-color":"","overlay-opacity":"","overlay-gradient":""},"tablet":{"background-color":"var(--ast-global-color-4)","background-image":"","background-repeat":"repeat","background-position":"center center","background-size":"auto","background-attachment":"scroll","background-type":"","background-media":"","overlay-type":"","overlay-color":"","overlay-opacity":"","overlay-gradient":""},"mobile":{"background-color":"var(--ast-global-color-4)","background-image":"","background-repeat":"repeat","background-position":"center center","background-size":"auto","background-attachment":"scroll","background-type":"","background-media":"","overlay-type":"","overlay-color":"","overlay-opacity":"","overlay-gradient":""}}},"product_brand":[],"product_cat":[1356,1350],"product_tag":[],"class_list":{"0":"post-14109","1":"product","2":"type-product","3":"status-publish","4":"has-post-thumbnail","6":"product_cat-moteur-dentrainement-sans-reducteur","7":"product_cat-categorie-de-moteurs-dentrainement","8":"desktop-align-left","9":"tablet-align-left","10":"mobile-align-left","12":"first","13":"instock","14":"shipping-taxable","15":"product-type-simple"},"yoast_head":"<!-- This site is optimized with the Yoast SEO plugin v27.2 - https:\/\/yoast.com\/product\/yoast-seo-wordpress\/ -->\n<title>Moteur d&#039;entra\u00eenement s\u00e9rie M1 &#8211; Leili Motor<\/title>\n<meta name=\"description\" content=\"Le moteur d&#039;entra\u00eenement de la s\u00e9rie M1 offre une faible puissance de sortie avec des options de tension de 60 \u00e0 144 V, un couple nominal de 23 Nm, un couple maximal de 75 Nm et des vitesses pouvant atteindre 8 500 tr\/min.\" \/>\n<meta name=\"robots\" content=\"index, follow, max-snippet:-1, max-image-preview:large, max-video-preview:-1\" \/>\n<link rel=\"canonical\" href=\"https:\/\/www.leili-motor.net\/fr\/serie-m1-moteur-dentrainement\/\" \/>\n<meta name=\"twitter:label1\" content=\"Dur\u00e9e de lecture estim\u00e9e\" \/>\n\t<meta name=\"twitter:data1\" content=\"1 minute\" \/>\n<script type=\"application\/ld+json\" class=\"yoast-schema-graph\">{\"@context\":\"https:\/\/schema.org\",\"@graph\":[{\"@type\":\"WebPage\",\"@id\":\"https:\/\/www.leili-motor.net\/fr\/serie-m1-moteur-dentrainement\/\",\"url\":\"https:\/\/www.leili-motor.net\/fr\/serie-m1-moteur-dentrainement\/\",\"name\":\"Moteur d'entra\u00eenement s\u00e9rie M1 &#8211; Leili Motor\",\"isPartOf\":{\"@id\":\"https:\/\/www.leili-motor.net\/fr\/#website\"},\"primaryImageOfPage\":{\"@id\":\"https:\/\/www.leili-motor.net\/fr\/serie-m1-moteur-dentrainement\/#primaryimage\"},\"image\":{\"@id\":\"https:\/\/www.leili-motor.net\/fr\/serie-m1-moteur-dentrainement\/#primaryimage\"},\"thumbnailUrl\":\"https:\/\/www.leili-motor.net\/wp-content\/uploads\/2026\/03\/M1-Series-Drive-Motor.webp\",\"datePublished\":\"2026-03-24T08:17:21+00:00\",\"dateModified\":\"2026-04-14T05:53:25+00:00\",\"description\":\"Le moteur d'entra\u00eenement de la s\u00e9rie M1 offre une faible puissance de sortie avec des options de tension de 60 \u00e0 144 V, un couple nominal de 23 Nm, un couple maximal de 75 Nm et des vitesses pouvant atteindre 8 500 tr\/min.\",\"breadcrumb\":{\"@id\":\"https:\/\/www.leili-motor.net\/fr\/serie-m1-moteur-dentrainement\/#breadcrumb\"},\"inLanguage\":\"fr-FR\",\"potentialAction\":[{\"@type\":\"ReadAction\",\"target\":[\"https:\/\/www.leili-motor.net\/fr\/serie-m1-moteur-dentrainement\/\"]}]},{\"@type\":\"ImageObject\",\"inLanguage\":\"fr-FR\",\"@id\":\"https:\/\/www.leili-motor.net\/fr\/serie-m1-moteur-dentrainement\/#primaryimage\",\"url\":\"https:\/\/www.leili-motor.net\/wp-content\/uploads\/2026\/03\/M1-Series-Drive-Motor.webp\",\"contentUrl\":\"https:\/\/www.leili-motor.net\/wp-content\/uploads\/2026\/03\/M1-Series-Drive-Motor.webp\",\"width\":454,\"height\":310,\"caption\":\"S\u00e9rie M1 Moteur d'entra\u00eenement\"},{\"@type\":\"BreadcrumbList\",\"@id\":\"https:\/\/www.leili-motor.net\/fr\/serie-m1-moteur-dentrainement\/#breadcrumb\",\"itemListElement\":[{\"@type\":\"ListItem\",\"position\":1,\"name\":\"Home\",\"item\":\"https:\/\/www.leili-motor.net\/fr\/\"},{\"@type\":\"ListItem\",\"position\":2,\"name\":\"Produits\",\"item\":\"https:\/\/www.leili-motor.net\/fr\/produits\/\"},{\"@type\":\"ListItem\",\"position\":3,\"name\":\"S\u00e9rie M1 Moteur d&#8217;entra\u00eenement\"}]},{\"@type\":\"WebSite\",\"@id\":\"https:\/\/www.leili-motor.net\/fr\/#website\",\"url\":\"https:\/\/www.leili-motor.net\/fr\/\",\"name\":\"Leili Motor\",\"description\":\"\",\"publisher\":{\"@id\":\"https:\/\/www.leili-motor.net\/fr\/#organization\"},\"potentialAction\":[{\"@type\":\"SearchAction\",\"target\":{\"@type\":\"EntryPoint\",\"urlTemplate\":\"https:\/\/www.leili-motor.net\/fr\/?s={search_term_string}\"},\"query-input\":{\"@type\":\"PropertyValueSpecification\",\"valueRequired\":true,\"valueName\":\"search_term_string\"}}],\"inLanguage\":\"fr-FR\"},{\"@type\":\"Organization\",\"@id\":\"https:\/\/www.leili-motor.net\/fr\/#organization\",\"name\":\"Leili Motor\",\"url\":\"https:\/\/www.leili-motor.net\/fr\/\",\"logo\":{\"@type\":\"ImageObject\",\"inLanguage\":\"fr-FR\",\"@id\":\"https:\/\/www.leili-motor.net\/fr\/#\/schema\/logo\/image\/\",\"url\":\"https:\/\/www.leili-motor.net\/wp-content\/uploads\/2025\/03\/Leili-Motor.png\",\"contentUrl\":\"https:\/\/www.leili-motor.net\/wp-content\/uploads\/2025\/03\/Leili-Motor.png\",\"width\":600,\"height\":156,\"caption\":\"Leili Motor\"},\"image\":{\"@id\":\"https:\/\/www.leili-motor.net\/fr\/#\/schema\/logo\/image\/\"}}]}<\/script>\n<!-- \/ Yoast SEO plugin. -->","yoast_head_json":{"title":"Moteur d'entra\u00eenement s\u00e9rie M1 &#8211; Leili Motor","description":"Le moteur d'entra\u00eenement de la s\u00e9rie M1 offre une faible puissance de sortie avec des options de tension de 60 \u00e0 144 V, un couple nominal de 23 Nm, un couple maximal de 75 Nm et des vitesses pouvant atteindre 8 500 tr\/min.","robots":{"index":"index","follow":"follow","max-snippet":"max-snippet:-1","max-image-preview":"max-image-preview:large","max-video-preview":"max-video-preview:-1"},"canonical":"https:\/\/www.leili-motor.net\/fr\/serie-m1-moteur-dentrainement\/","twitter_misc":{"Dur\u00e9e de lecture estim\u00e9e":"1 minute"},"schema":{"@context":"https:\/\/schema.org","@graph":[{"@type":"WebPage","@id":"https:\/\/www.leili-motor.net\/fr\/serie-m1-moteur-dentrainement\/","url":"https:\/\/www.leili-motor.net\/fr\/serie-m1-moteur-dentrainement\/","name":"Moteur d'entra\u00eenement s\u00e9rie M1 &#8211; Leili Motor","isPartOf":{"@id":"https:\/\/www.leili-motor.net\/fr\/#website"},"primaryImageOfPage":{"@id":"https:\/\/www.leili-motor.net\/fr\/serie-m1-moteur-dentrainement\/#primaryimage"},"image":{"@id":"https:\/\/www.leili-motor.net\/fr\/serie-m1-moteur-dentrainement\/#primaryimage"},"thumbnailUrl":"https:\/\/www.leili-motor.net\/wp-content\/uploads\/2026\/03\/M1-Series-Drive-Motor.webp","datePublished":"2026-03-24T08:17:21+00:00","dateModified":"2026-04-14T05:53:25+00:00","description":"Le moteur d'entra\u00eenement de la s\u00e9rie M1 offre une faible puissance de sortie avec des options de tension de 60 \u00e0 144 V, un couple nominal de 23 Nm, un couple maximal de 75 Nm et des vitesses pouvant atteindre 8 500 tr\/min.","breadcrumb":{"@id":"https:\/\/www.leili-motor.net\/fr\/serie-m1-moteur-dentrainement\/#breadcrumb"},"inLanguage":"fr-FR","potentialAction":[{"@type":"ReadAction","target":["https:\/\/www.leili-motor.net\/fr\/serie-m1-moteur-dentrainement\/"]}]},{"@type":"ImageObject","inLanguage":"fr-FR","@id":"https:\/\/www.leili-motor.net\/fr\/serie-m1-moteur-dentrainement\/#primaryimage","url":"https:\/\/www.leili-motor.net\/wp-content\/uploads\/2026\/03\/M1-Series-Drive-Motor.webp","contentUrl":"https:\/\/www.leili-motor.net\/wp-content\/uploads\/2026\/03\/M1-Series-Drive-Motor.webp","width":454,"height":310,"caption":"S\u00e9rie M1 Moteur d'entra\u00eenement"},{"@type":"BreadcrumbList","@id":"https:\/\/www.leili-motor.net\/fr\/serie-m1-moteur-dentrainement\/#breadcrumb","itemListElement":[{"@type":"ListItem","position":1,"name":"Home","item":"https:\/\/www.leili-motor.net\/fr\/"},{"@type":"ListItem","position":2,"name":"Produits","item":"https:\/\/www.leili-motor.net\/fr\/produits\/"},{"@type":"ListItem","position":3,"name":"S\u00e9rie M1 Moteur d&#8217;entra\u00eenement"}]},{"@type":"WebSite","@id":"https:\/\/www.leili-motor.net\/fr\/#website","url":"https:\/\/www.leili-motor.net\/fr\/","name":"Leili Motor","description":"","publisher":{"@id":"https:\/\/www.leili-motor.net\/fr\/#organization"},"potentialAction":[{"@type":"SearchAction","target":{"@type":"EntryPoint","urlTemplate":"https:\/\/www.leili-motor.net\/fr\/?s={search_term_string}"},"query-input":{"@type":"PropertyValueSpecification","valueRequired":true,"valueName":"search_term_string"}}],"inLanguage":"fr-FR"},{"@type":"Organization","@id":"https:\/\/www.leili-motor.net\/fr\/#organization","name":"Leili Motor","url":"https:\/\/www.leili-motor.net\/fr\/","logo":{"@type":"ImageObject","inLanguage":"fr-FR","@id":"https:\/\/www.leili-motor.net\/fr\/#\/schema\/logo\/image\/","url":"https:\/\/www.leili-motor.net\/wp-content\/uploads\/2025\/03\/Leili-Motor.png","contentUrl":"https:\/\/www.leili-motor.net\/wp-content\/uploads\/2025\/03\/Leili-Motor.png","width":600,"height":156,"caption":"Leili Motor"},"image":{"@id":"https:\/\/www.leili-motor.net\/fr\/#\/schema\/logo\/image\/"}}]}},"_links":{"self":[{"href":"https:\/\/www.leili-motor.net\/fr\/wp-json\/wp\/v2\/product\/14109","targetHints":{"allow":["GET"]}}],"collection":[{"href":"https:\/\/www.leili-motor.net\/fr\/wp-json\/wp\/v2\/product"}],"about":[{"href":"https:\/\/www.leili-motor.net\/fr\/wp-json\/wp\/v2\/types\/product"}],"replies":[{"embeddable":true,"href":"https:\/\/www.leili-motor.net\/fr\/wp-json\/wp\/v2\/comments?post=14109"}],"wp:featuredmedia":[{"embeddable":true,"href":"https:\/\/www.leili-motor.net\/fr\/wp-json\/wp\/v2\/media\/13912"}],"wp:attachment":[{"href":"https:\/\/www.leili-motor.net\/fr\/wp-json\/wp\/v2\/media?parent=14109"}],"wp:term":[{"taxonomy":"product_brand","embeddable":true,"href":"https:\/\/www.leili-motor.net\/fr\/wp-json\/wp\/v2\/product_brand?post=14109"},{"taxonomy":"product_cat","embeddable":true,"href":"https:\/\/www.leili-motor.net\/fr\/wp-json\/wp\/v2\/product_cat?post=14109"},{"taxonomy":"product_tag","embeddable":true,"href":"https:\/\/www.leili-motor.net\/fr\/wp-json\/wp\/v2\/product_tag?post=14109"}],"curies":[{"name":"wp","href":"https:\/\/api.w.org\/{rel}","templated":true}]}}