{"id":14119,"date":"2026-03-24T11:52:55","date_gmt":"2026-03-24T03:52:55","guid":{"rendered":"https:\/\/www.leili-motor.net\/a00-moteur-dentrainement-a-bride-moteur-21-dents\/"},"modified":"2026-04-14T14:35:57","modified_gmt":"2026-04-14T06:35:57","slug":"a00-moteur-dentrainement-a-bride-moteur-21-dents","status":"publish","type":"product","link":"https:\/\/www.leili-motor.net\/fr\/moteur-a-bride-a00-21-dents\/","title":{"rendered":"Moteur \u00e0 bride A00 (21 dents)"},"content":{"rendered":"<h2>Param\u00e8tres de performance<\/h2>\n<table>\n<tbody>\n<tr>\n<td colspan=\"4\">Canelure interne 7H GB\/T 3478.1<\/td>\n<\/tr>\n<tr>\n<td>Module<\/td>\n<td>m<\/td>\n<td>&#8211;<\/td>\n<td>1<\/td>\n<\/tr>\n<tr>\n<td>Nombre de dents<\/td>\n<td>Z<\/td>\n<td>&#8211;<\/td>\n<td>21<\/td>\n<\/tr>\n<tr>\n<td>Angle de pression<\/td>\n<td>An<\/td>\n<td>\u00b0<\/td>\n<td>30\u00b0<\/td>\n<\/tr>\n<tr>\n<td>Grand diam\u00e8tre<\/td>\n<td>Dee<\/td>\n<td>mm<\/td>\n<td>\u03c622.5(0\/+0.21)<\/td>\n<\/tr>\n<tr>\n<td>diam\u00e8tre mineur<\/td>\n<td>Die<\/td>\n<td>mm<\/td>\n<td>\u03c620.109(0\/+0.2)<\/td>\n<\/tr>\n<tr>\n<td>Diam\u00e8tre de la tige<\/td>\n<td>Dp<\/td>\n<td>mm<\/td>\n<td>\u03c61.9<\/td>\n<\/tr>\n<tr>\n<td>Distance de la barre transversale<\/td>\n<td>M<\/td>\n<td>mm<\/td>\n<td>\u03c617.918(0\/+0.111)<\/td>\n<\/tr>\n<\/tbody>\n<\/table>\n<h2>Dimensions m\u00e9caniques : mm<\/h2>\n<p><img fetchpriority=\"high\" decoding=\"async\" class=\"size-full wp-image-13895 aligncenter\" src=\"https:\/\/www.leili-motor.net\/wp-content\/uploads\/2026\/03\/A00-Flange-Drive-Motor-Dimensions.webp\" alt=\"A00 Dimensions du moteur \u00e0 bride\" width=\"759\" height=\"447\" srcset=\"https:\/\/www.leili-motor.net\/wp-content\/uploads\/2026\/03\/A00-Flange-Drive-Motor-Dimensions.webp 759w, https:\/\/www.leili-motor.net\/wp-content\/uploads\/2026\/03\/A00-Flange-Drive-Motor-Dimensions-300x177.webp 300w, https:\/\/www.leili-motor.net\/wp-content\/uploads\/2026\/03\/A00-Flange-Drive-Motor-Dimensions-600x353.webp 600w\" sizes=\"(max-width: 759px) 100vw, 759px\" \/><\/p>\n<p>&nbsp;<\/p>\n","protected":false},"excerpt":{"rendered":"<h3>Pr\u00e9sentation du produit<\/h3>\n<ul>\n<li data-section-id=\"1vjbojp\" data-start=\"85\" data-end=\"150\">Canelure interne 7H, module 1, 21 dents, angle de pression de 30\u00b0<\/li>\n<li data-section-id=\"m17hw\" data-start=\"151\" data-end=\"229\">Diam\u00e8tre principal : \u03c622,5, diam\u00e8tre secondaire : \u03c620,109, distance entre les traverses : \u03c617,918<\/li>\n<li data-section-id=\"qey4rn\" data-start=\"230\" data-end=\"294\" data-is-last-node=\"\">Diam\u00e8tre de la tige : \u03c61,9, norme GB\/T 3478.1, conception \u00e0 refroidissement par air<\/li>\n<\/ul>\n","protected":false},"featured_media":13892,"comment_status":"closed","ping_status":"closed","template":"","meta":{"site-sidebar-layout":"default","site-content-layout":"","ast-site-content-layout":"default","site-content-style":"default","site-sidebar-style":"default","ast-global-header-display":"","ast-banner-title-visibility":"","ast-main-header-display":"","ast-hfb-above-header-display":"","ast-hfb-below-header-display":"","ast-hfb-mobile-header-display":"","site-post-title":"","ast-breadcrumbs-content":"","ast-featured-img":"","footer-sml-layout":"","theme-transparent-header-meta":"default","adv-header-id-meta":"","stick-header-meta":"","header-above-stick-meta":"","header-main-stick-meta":"","header-below-stick-meta":"","astra-migrate-meta-layouts":"set","ast-page-background-enabled":"default","ast-page-background-meta":{"desktop":{"background-color":"var(--ast-global-color-5)","background-image":"","background-repeat":"repeat","background-position":"center center","background-size":"auto","background-attachment":"scroll","background-type":"","background-media":"","overlay-type":"","overlay-color":"","overlay-opacity":"","overlay-gradient":""},"tablet":{"background-color":"","background-image":"","background-repeat":"repeat","background-position":"center center","background-size":"auto","background-attachment":"scroll","background-type":"","background-media":"","overlay-type":"","overlay-color":"","overlay-opacity":"","overlay-gradient":""},"mobile":{"background-color":"","background-image":"","background-repeat":"repeat","background-position":"center center","background-size":"auto","background-attachment":"scroll","background-type":"","background-media":"","overlay-type":"","overlay-color":"","overlay-opacity":"","overlay-gradient":""}},"ast-content-background-meta":{"desktop":{"background-color":"var(--ast-global-color-4)","background-image":"","background-repeat":"repeat","background-position":"center center","background-size":"auto","background-attachment":"scroll","background-type":"","background-media":"","overlay-type":"","overlay-color":"","overlay-opacity":"","overlay-gradient":""},"tablet":{"background-color":"var(--ast-global-color-4)","background-image":"","background-repeat":"repeat","background-position":"center center","background-size":"auto","background-attachment":"scroll","background-type":"","background-media":"","overlay-type":"","overlay-color":"","overlay-opacity":"","overlay-gradient":""},"mobile":{"background-color":"var(--ast-global-color-4)","background-image":"","background-repeat":"repeat","background-position":"center center","background-size":"auto","background-attachment":"scroll","background-type":"","background-media":"","overlay-type":"","overlay-color":"","overlay-opacity":"","overlay-gradient":""}}},"product_brand":[],"product_cat":[1356,1350],"product_tag":[],"class_list":{"0":"post-14119","1":"product","2":"type-product","3":"status-publish","4":"has-post-thumbnail","6":"product_cat-moteur-dentrainement-sans-reducteur","7":"product_cat-categorie-de-moteurs-dentrainement","8":"desktop-align-left","9":"tablet-align-left","10":"mobile-align-left","12":"first","13":"instock","14":"shipping-taxable","15":"product-type-simple"},"yoast_head":"<!-- This site is optimized with the Yoast SEO plugin v27.2 - https:\/\/yoast.com\/product\/yoast-seo-wordpress\/ -->\n<title>Moteur \u00e0 entra\u00eenement par bride A00 (21 dents) &#8211; Leili Motor<\/title>\n<meta name=\"description\" content=\"Moteur \u00e0 bride A00 avec cannelure interne conforme \u00e0 la norme GB\/T3478.1, 21 dents, module 1, angle de pression de 30\u00b0, ajustement pr\u00e9cis et refroidissement par air.\" \/>\n<meta name=\"robots\" content=\"index, follow, max-snippet:-1, max-image-preview:large, max-video-preview:-1\" \/>\n<link rel=\"canonical\" href=\"https:\/\/www.leili-motor.net\/fr\/moteur-a-bride-a00-21-dents\/\" \/>\n<meta name=\"twitter:label1\" content=\"Dur\u00e9e de lecture estim\u00e9e\" \/>\n\t<meta name=\"twitter:data1\" content=\"1 minute\" \/>\n<script type=\"application\/ld+json\" class=\"yoast-schema-graph\">{\"@context\":\"https:\/\/schema.org\",\"@graph\":[{\"@type\":\"WebPage\",\"@id\":\"https:\/\/www.leili-motor.net\/fr\/moteur-a-bride-a00-21-dents\/\",\"url\":\"https:\/\/www.leili-motor.net\/fr\/moteur-a-bride-a00-21-dents\/\",\"name\":\"Moteur \u00e0 entra\u00eenement par bride A00 (21 dents) &#8211; Leili Motor\",\"isPartOf\":{\"@id\":\"https:\/\/www.leili-motor.net\/fr\/#website\"},\"primaryImageOfPage\":{\"@id\":\"https:\/\/www.leili-motor.net\/fr\/moteur-a-bride-a00-21-dents\/#primaryimage\"},\"image\":{\"@id\":\"https:\/\/www.leili-motor.net\/fr\/moteur-a-bride-a00-21-dents\/#primaryimage\"},\"thumbnailUrl\":\"https:\/\/www.leili-motor.net\/wp-content\/uploads\/2026\/03\/A00-Flange-Drive-Motor.webp\",\"datePublished\":\"2026-03-24T03:52:55+00:00\",\"dateModified\":\"2026-04-14T06:35:57+00:00\",\"description\":\"Moteur \u00e0 bride A00 avec cannelure interne conforme \u00e0 la norme GB\/T3478.1, 21 dents, module 1, angle de pression de 30\u00b0, ajustement pr\u00e9cis et refroidissement par air.\",\"breadcrumb\":{\"@id\":\"https:\/\/www.leili-motor.net\/fr\/moteur-a-bride-a00-21-dents\/#breadcrumb\"},\"inLanguage\":\"fr-FR\",\"potentialAction\":[{\"@type\":\"ReadAction\",\"target\":[\"https:\/\/www.leili-motor.net\/fr\/moteur-a-bride-a00-21-dents\/\"]}]},{\"@type\":\"ImageObject\",\"inLanguage\":\"fr-FR\",\"@id\":\"https:\/\/www.leili-motor.net\/fr\/moteur-a-bride-a00-21-dents\/#primaryimage\",\"url\":\"https:\/\/www.leili-motor.net\/wp-content\/uploads\/2026\/03\/A00-Flange-Drive-Motor.webp\",\"contentUrl\":\"https:\/\/www.leili-motor.net\/wp-content\/uploads\/2026\/03\/A00-Flange-Drive-Motor.webp\",\"width\":454,\"height\":310,\"caption\":\"Moteur \u00e0 entra\u00eenement par bride A00\"},{\"@type\":\"BreadcrumbList\",\"@id\":\"https:\/\/www.leili-motor.net\/fr\/moteur-a-bride-a00-21-dents\/#breadcrumb\",\"itemListElement\":[{\"@type\":\"ListItem\",\"position\":1,\"name\":\"Home\",\"item\":\"https:\/\/www.leili-motor.net\/fr\/\"},{\"@type\":\"ListItem\",\"position\":2,\"name\":\"Produits\",\"item\":\"https:\/\/www.leili-motor.net\/fr\/produits\/\"},{\"@type\":\"ListItem\",\"position\":3,\"name\":\"Moteur \u00e0 bride A00 (21 dents)\"}]},{\"@type\":\"WebSite\",\"@id\":\"https:\/\/www.leili-motor.net\/fr\/#website\",\"url\":\"https:\/\/www.leili-motor.net\/fr\/\",\"name\":\"Leili Motor\",\"description\":\"\",\"publisher\":{\"@id\":\"https:\/\/www.leili-motor.net\/fr\/#organization\"},\"potentialAction\":[{\"@type\":\"SearchAction\",\"target\":{\"@type\":\"EntryPoint\",\"urlTemplate\":\"https:\/\/www.leili-motor.net\/fr\/?s={search_term_string}\"},\"query-input\":{\"@type\":\"PropertyValueSpecification\",\"valueRequired\":true,\"valueName\":\"search_term_string\"}}],\"inLanguage\":\"fr-FR\"},{\"@type\":\"Organization\",\"@id\":\"https:\/\/www.leili-motor.net\/fr\/#organization\",\"name\":\"Leili Motor\",\"url\":\"https:\/\/www.leili-motor.net\/fr\/\",\"logo\":{\"@type\":\"ImageObject\",\"inLanguage\":\"fr-FR\",\"@id\":\"https:\/\/www.leili-motor.net\/fr\/#\/schema\/logo\/image\/\",\"url\":\"https:\/\/www.leili-motor.net\/wp-content\/uploads\/2025\/03\/Leili-Motor.png\",\"contentUrl\":\"https:\/\/www.leili-motor.net\/wp-content\/uploads\/2025\/03\/Leili-Motor.png\",\"width\":600,\"height\":156,\"caption\":\"Leili Motor\"},\"image\":{\"@id\":\"https:\/\/www.leili-motor.net\/fr\/#\/schema\/logo\/image\/\"}}]}<\/script>\n<!-- \/ Yoast SEO plugin. -->","yoast_head_json":{"title":"Moteur \u00e0 entra\u00eenement par bride A00 (21 dents) &#8211; Leili Motor","description":"Moteur \u00e0 bride A00 avec cannelure interne conforme \u00e0 la norme GB\/T3478.1, 21 dents, module 1, angle de pression de 30\u00b0, ajustement pr\u00e9cis et refroidissement par air.","robots":{"index":"index","follow":"follow","max-snippet":"max-snippet:-1","max-image-preview":"max-image-preview:large","max-video-preview":"max-video-preview:-1"},"canonical":"https:\/\/www.leili-motor.net\/fr\/moteur-a-bride-a00-21-dents\/","twitter_misc":{"Dur\u00e9e de lecture estim\u00e9e":"1 minute"},"schema":{"@context":"https:\/\/schema.org","@graph":[{"@type":"WebPage","@id":"https:\/\/www.leili-motor.net\/fr\/moteur-a-bride-a00-21-dents\/","url":"https:\/\/www.leili-motor.net\/fr\/moteur-a-bride-a00-21-dents\/","name":"Moteur \u00e0 entra\u00eenement par bride A00 (21 dents) &#8211; Leili Motor","isPartOf":{"@id":"https:\/\/www.leili-motor.net\/fr\/#website"},"primaryImageOfPage":{"@id":"https:\/\/www.leili-motor.net\/fr\/moteur-a-bride-a00-21-dents\/#primaryimage"},"image":{"@id":"https:\/\/www.leili-motor.net\/fr\/moteur-a-bride-a00-21-dents\/#primaryimage"},"thumbnailUrl":"https:\/\/www.leili-motor.net\/wp-content\/uploads\/2026\/03\/A00-Flange-Drive-Motor.webp","datePublished":"2026-03-24T03:52:55+00:00","dateModified":"2026-04-14T06:35:57+00:00","description":"Moteur \u00e0 bride A00 avec cannelure interne conforme \u00e0 la norme GB\/T3478.1, 21 dents, module 1, angle de pression de 30\u00b0, ajustement pr\u00e9cis et refroidissement par air.","breadcrumb":{"@id":"https:\/\/www.leili-motor.net\/fr\/moteur-a-bride-a00-21-dents\/#breadcrumb"},"inLanguage":"fr-FR","potentialAction":[{"@type":"ReadAction","target":["https:\/\/www.leili-motor.net\/fr\/moteur-a-bride-a00-21-dents\/"]}]},{"@type":"ImageObject","inLanguage":"fr-FR","@id":"https:\/\/www.leili-motor.net\/fr\/moteur-a-bride-a00-21-dents\/#primaryimage","url":"https:\/\/www.leili-motor.net\/wp-content\/uploads\/2026\/03\/A00-Flange-Drive-Motor.webp","contentUrl":"https:\/\/www.leili-motor.net\/wp-content\/uploads\/2026\/03\/A00-Flange-Drive-Motor.webp","width":454,"height":310,"caption":"Moteur \u00e0 entra\u00eenement par bride A00"},{"@type":"BreadcrumbList","@id":"https:\/\/www.leili-motor.net\/fr\/moteur-a-bride-a00-21-dents\/#breadcrumb","itemListElement":[{"@type":"ListItem","position":1,"name":"Home","item":"https:\/\/www.leili-motor.net\/fr\/"},{"@type":"ListItem","position":2,"name":"Produits","item":"https:\/\/www.leili-motor.net\/fr\/produits\/"},{"@type":"ListItem","position":3,"name":"Moteur \u00e0 bride A00 (21 dents)"}]},{"@type":"WebSite","@id":"https:\/\/www.leili-motor.net\/fr\/#website","url":"https:\/\/www.leili-motor.net\/fr\/","name":"Leili Motor","description":"","publisher":{"@id":"https:\/\/www.leili-motor.net\/fr\/#organization"},"potentialAction":[{"@type":"SearchAction","target":{"@type":"EntryPoint","urlTemplate":"https:\/\/www.leili-motor.net\/fr\/?s={search_term_string}"},"query-input":{"@type":"PropertyValueSpecification","valueRequired":true,"valueName":"search_term_string"}}],"inLanguage":"fr-FR"},{"@type":"Organization","@id":"https:\/\/www.leili-motor.net\/fr\/#organization","name":"Leili Motor","url":"https:\/\/www.leili-motor.net\/fr\/","logo":{"@type":"ImageObject","inLanguage":"fr-FR","@id":"https:\/\/www.leili-motor.net\/fr\/#\/schema\/logo\/image\/","url":"https:\/\/www.leili-motor.net\/wp-content\/uploads\/2025\/03\/Leili-Motor.png","contentUrl":"https:\/\/www.leili-motor.net\/wp-content\/uploads\/2025\/03\/Leili-Motor.png","width":600,"height":156,"caption":"Leili Motor"},"image":{"@id":"https:\/\/www.leili-motor.net\/fr\/#\/schema\/logo\/image\/"}}]}},"_links":{"self":[{"href":"https:\/\/www.leili-motor.net\/fr\/wp-json\/wp\/v2\/product\/14119","targetHints":{"allow":["GET"]}}],"collection":[{"href":"https:\/\/www.leili-motor.net\/fr\/wp-json\/wp\/v2\/product"}],"about":[{"href":"https:\/\/www.leili-motor.net\/fr\/wp-json\/wp\/v2\/types\/product"}],"replies":[{"embeddable":true,"href":"https:\/\/www.leili-motor.net\/fr\/wp-json\/wp\/v2\/comments?post=14119"}],"wp:featuredmedia":[{"embeddable":true,"href":"https:\/\/www.leili-motor.net\/fr\/wp-json\/wp\/v2\/media\/13892"}],"wp:attachment":[{"href":"https:\/\/www.leili-motor.net\/fr\/wp-json\/wp\/v2\/media?parent=14119"}],"wp:term":[{"taxonomy":"product_brand","embeddable":true,"href":"https:\/\/www.leili-motor.net\/fr\/wp-json\/wp\/v2\/product_brand?post=14119"},{"taxonomy":"product_cat","embeddable":true,"href":"https:\/\/www.leili-motor.net\/fr\/wp-json\/wp\/v2\/product_cat?post=14119"},{"taxonomy":"product_tag","embeddable":true,"href":"https:\/\/www.leili-motor.net\/fr\/wp-json\/wp\/v2\/product_tag?post=14119"}],"curies":[{"name":"wp","href":"https:\/\/api.w.org\/{rel}","templated":true}]}}