{"id":14128,"date":"2026-03-23T17:26:02","date_gmt":"2026-03-23T09:26:02","guid":{"rendered":"https:\/\/www.leili-motor.net\/square-flange-drive-motor-18-teeth\/"},"modified":"2026-04-14T14:57:13","modified_gmt":"2026-04-14T06:57:13","slug":"square-flange-drive-motor-18-teeth","status":"publish","type":"product","link":"https:\/\/www.leili-motor.net\/fr\/square-flange-drive-motor-18-teeth\/","title":{"rendered":"Square Flange Drive Motor (18 Teeth)"},"content":{"rendered":"<h2><b>Param\u00e8tres de performance<\/b><\/h2>\n<table>\n<tbody>\n<tr>\n<td colspan=\"4\"><span style=\"font-weight: 400;\">Cannelure interne JIS D2001-1959A<\/span><\/td>\n<\/tr>\n<tr>\n<td><span style=\"font-weight: 400;\">Module<\/span><\/td>\n<td><span style=\"font-weight: 400;\">m<\/span><\/td>\n<td><span style=\"font-weight: 400;\">&#8211;<\/span><\/td>\n<td><span style=\"font-weight: 400;\">1<\/span><\/td>\n<\/tr>\n<tr>\n<td><span style=\"font-weight: 400;\">Nombre de dents<\/span><\/td>\n<td><span style=\"font-weight: 400;\">AVEC<\/span><\/td>\n<td><span style=\"font-weight: 400;\">&#8211;<\/span><\/td>\n<td><span style=\"font-weight: 400;\">18<\/span><\/td>\n<\/tr>\n<tr>\n<td><span style=\"font-weight: 400;\">Angle de pression<\/span><\/td>\n<td><span style=\"font-weight: 400;\">Un<\/span><\/td>\n<td><span style=\"font-weight: 400;\">le<\/span><\/td>\n<td><span style=\"font-weight: 400;\">20\u00b0<\/span><\/td>\n<\/tr>\n<tr>\n<td><span style=\"font-weight: 400;\">diam\u00e8tre du cercle d&rsquo;addendum<\/span><\/td>\n<td><span style=\"font-weight: 400;\">ET<\/span><\/td>\n<td><span style=\"font-weight: 400;\">mm<\/span><\/td>\n<td><span style=\"font-weight: 400;\">\u03c617,8(0\/+0,12)<\/span><\/td>\n<\/tr>\n<tr>\n<td><span style=\"font-weight: 400;\">diam\u00e8tre du cercle de Dedendum<\/span><\/td>\n<td><span style=\"font-weight: 400;\">DF<\/span><\/td>\n<td><span style=\"font-weight: 400;\">mm<\/span><\/td>\n<td><span style=\"font-weight: 400;\">\u03c620(0\/+0,12)<\/span><\/td>\n<\/tr>\n<tr>\n<td><span style=\"font-weight: 400;\">Diam\u00e8tre de la tige<\/span><\/td>\n<td><span style=\"font-weight: 400;\">Dp<\/span><\/td>\n<td><span style=\"font-weight: 400;\">mm<\/span><\/td>\n<td><span style=\"font-weight: 400;\">\u03c62<\/span><\/td>\n<\/tr>\n<tr>\n<td><span style=\"font-weight: 400;\">Distance de la barre transversale<\/span><\/td>\n<td><span style=\"font-weight: 400;\">M<\/span><\/td>\n<td><span style=\"font-weight: 400;\">mm<\/span><\/td>\n<td><span style=\"font-weight: 400;\">\u03c616,067(0\/+0,114)<\/span><\/td>\n<\/tr>\n<\/tbody>\n<\/table>\n<h2><b>Dimensions m\u00e9caniques : mm<\/b><\/h2>\n<p><img fetchpriority=\"high\" decoding=\"async\" class=\"size-full wp-image-13865 aligncenter\" src=\"https:\/\/www.leili-motor.net\/wp-content\/uploads\/2026\/03\/Square-Flange-Drive-Motor18-Teeth-Dimensions.webp\" alt=\"Dimensions du moteur d'entra\u00eenement \u00e0 bride carr\u00e9e Flange (18 dents)\" width=\"759\" height=\"447\" srcset=\"https:\/\/www.leili-motor.net\/wp-content\/uploads\/2026\/03\/Square-Flange-Drive-Motor18-Teeth-Dimensions.webp 759w, https:\/\/www.leili-motor.net\/wp-content\/uploads\/2026\/03\/Square-Flange-Drive-Motor18-Teeth-Dimensions-300x177.webp 300w, https:\/\/www.leili-motor.net\/wp-content\/uploads\/2026\/03\/Square-Flange-Drive-Motor18-Teeth-Dimensions-600x353.webp 600w\" sizes=\"(max-width: 759px) 100vw, 759px\" \/><\/p>\n","protected":false},"excerpt":{"rendered":"<h3>Pr\u00e9sentation du produit<\/h3>\n<ul>\n<li data-section-id=\"vbozr2\" data-start=\"0\" data-end=\"62\">Moteur refroidi par air avec cannelure interne conforme \u00e0 la norme JIS D2001-1959A, module 1 et 18 dents<\/li>\n<li data-section-id=\"1rsacn3\" data-start=\"63\" data-end=\"142\">Un angle de pression de 20\u00b0 garantit une transmission stable du couple et un engagement parfait des cannelures<\/li>\n<li data-section-id=\"14zzs2q\" data-start=\"143\" data-end=\"220\" data-is-last-node=\"\">Les dimensions des appendices, des dedendum et des traverses garantissent un ajustement m\u00e9canique pr\u00e9cis<\/li>\n<\/ul>\n<p>&nbsp;<\/p>\n","protected":false},"featured_media":13870,"comment_status":"closed","ping_status":"closed","template":"","meta":{"site-sidebar-layout":"default","site-content-layout":"","ast-site-content-layout":"default","site-content-style":"default","site-sidebar-style":"default","ast-global-header-display":"","ast-banner-title-visibility":"","ast-main-header-display":"","ast-hfb-above-header-display":"","ast-hfb-below-header-display":"","ast-hfb-mobile-header-display":"","site-post-title":"","ast-breadcrumbs-content":"","ast-featured-img":"","footer-sml-layout":"","theme-transparent-header-meta":"default","adv-header-id-meta":"","stick-header-meta":"","header-above-stick-meta":"","header-main-stick-meta":"","header-below-stick-meta":"","astra-migrate-meta-layouts":"set","ast-page-background-enabled":"default","ast-page-background-meta":{"desktop":{"background-color":"var(--ast-global-color-5)","background-image":"","background-repeat":"repeat","background-position":"center center","background-size":"auto","background-attachment":"scroll","background-type":"","background-media":"","overlay-type":"","overlay-color":"","overlay-opacity":"","overlay-gradient":""},"tablet":{"background-color":"","background-image":"","background-repeat":"repeat","background-position":"center center","background-size":"auto","background-attachment":"scroll","background-type":"","background-media":"","overlay-type":"","overlay-color":"","overlay-opacity":"","overlay-gradient":""},"mobile":{"background-color":"","background-image":"","background-repeat":"repeat","background-position":"center center","background-size":"auto","background-attachment":"scroll","background-type":"","background-media":"","overlay-type":"","overlay-color":"","overlay-opacity":"","overlay-gradient":""}},"ast-content-background-meta":{"desktop":{"background-color":"var(--ast-global-color-4)","background-image":"","background-repeat":"repeat","background-position":"center center","background-size":"auto","background-attachment":"scroll","background-type":"","background-media":"","overlay-type":"","overlay-color":"","overlay-opacity":"","overlay-gradient":""},"tablet":{"background-color":"var(--ast-global-color-4)","background-image":"","background-repeat":"repeat","background-position":"center center","background-size":"auto","background-attachment":"scroll","background-type":"","background-media":"","overlay-type":"","overlay-color":"","overlay-opacity":"","overlay-gradient":""},"mobile":{"background-color":"var(--ast-global-color-4)","background-image":"","background-repeat":"repeat","background-position":"center center","background-size":"auto","background-attachment":"scroll","background-type":"","background-media":"","overlay-type":"","overlay-color":"","overlay-opacity":"","overlay-gradient":""}}},"product_brand":[],"product_cat":[1356,1350],"product_tag":[],"class_list":{"0":"post-14128","1":"product","2":"type-product","3":"status-publish","4":"has-post-thumbnail","6":"product_cat-moteur-dentrainement-sans-reducteur","7":"product_cat-categorie-de-moteurs-dentrainement","8":"desktop-align-left","9":"tablet-align-left","10":"mobile-align-left","12":"first","13":"instock","14":"shipping-taxable","15":"product-type-simple"},"yoast_head":"<!-- This site is optimized with the Yoast SEO plugin v27.2 - https:\/\/yoast.com\/product\/yoast-seo-wordpress\/ -->\n<title>Moteur \u00e0 entra\u00eenement par bride carr\u00e9e (18 dents) &#8211; Leili Motor<\/title>\n<meta name=\"description\" content=\"Moteur \u00e0 entra\u00eenement par bride carr\u00e9e avec cannelure interne JIS D2001-1959A \u00e0 18 dents, module 1, angle de pression de 20\u00b0, garantissant une transmission pr\u00e9cise et fiable.\" \/>\n<meta name=\"robots\" content=\"index, follow, max-snippet:-1, max-image-preview:large, max-video-preview:-1\" \/>\n<link rel=\"canonical\" href=\"https:\/\/www.leili-motor.net\/fr\/square-flange-drive-motor-18-teeth\/\" \/>\n<meta name=\"twitter:label1\" content=\"Dur\u00e9e de lecture estim\u00e9e\" \/>\n\t<meta name=\"twitter:data1\" content=\"1 minute\" \/>\n<script type=\"application\/ld+json\" class=\"yoast-schema-graph\">{\"@context\":\"https:\/\/schema.org\",\"@graph\":[{\"@type\":\"WebPage\",\"@id\":\"https:\/\/www.leili-motor.net\/fr\/square-flange-drive-motor-18-teeth\/\",\"url\":\"https:\/\/www.leili-motor.net\/fr\/square-flange-drive-motor-18-teeth\/\",\"name\":\"Moteur \u00e0 entra\u00eenement par bride carr\u00e9e (18 dents) &#8211; Leili Motor\",\"isPartOf\":{\"@id\":\"https:\/\/www.leili-motor.net\/fr\/#website\"},\"primaryImageOfPage\":{\"@id\":\"https:\/\/www.leili-motor.net\/fr\/square-flange-drive-motor-18-teeth\/#primaryimage\"},\"image\":{\"@id\":\"https:\/\/www.leili-motor.net\/fr\/square-flange-drive-motor-18-teeth\/#primaryimage\"},\"thumbnailUrl\":\"https:\/\/www.leili-motor.net\/wp-content\/uploads\/2026\/03\/Square-Flange-Drive-Motor18-Teeth-.webp\",\"datePublished\":\"2026-03-23T09:26:02+00:00\",\"dateModified\":\"2026-04-14T06:57:13+00:00\",\"description\":\"Moteur \u00e0 entra\u00eenement par bride carr\u00e9e avec cannelure interne JIS D2001-1959A \u00e0 18 dents, module 1, angle de pression de 20\u00b0, garantissant une transmission pr\u00e9cise et fiable.\",\"breadcrumb\":{\"@id\":\"https:\/\/www.leili-motor.net\/fr\/square-flange-drive-motor-18-teeth\/#breadcrumb\"},\"inLanguage\":\"fr-FR\",\"potentialAction\":[{\"@type\":\"ReadAction\",\"target\":[\"https:\/\/www.leili-motor.net\/fr\/square-flange-drive-motor-18-teeth\/\"]}]},{\"@type\":\"ImageObject\",\"inLanguage\":\"fr-FR\",\"@id\":\"https:\/\/www.leili-motor.net\/fr\/square-flange-drive-motor-18-teeth\/#primaryimage\",\"url\":\"https:\/\/www.leili-motor.net\/wp-content\/uploads\/2026\/03\/Square-Flange-Drive-Motor18-Teeth-.webp\",\"contentUrl\":\"https:\/\/www.leili-motor.net\/wp-content\/uploads\/2026\/03\/Square-Flange-Drive-Motor18-Teeth-.webp\",\"width\":454,\"height\":310,\"caption\":\"Moteur d'entra\u00eenement \u00e0 bride carr\u00e9e (18 dents)\"},{\"@type\":\"BreadcrumbList\",\"@id\":\"https:\/\/www.leili-motor.net\/fr\/square-flange-drive-motor-18-teeth\/#breadcrumb\",\"itemListElement\":[{\"@type\":\"ListItem\",\"position\":1,\"name\":\"Home\",\"item\":\"https:\/\/www.leili-motor.net\/fr\/\"},{\"@type\":\"ListItem\",\"position\":2,\"name\":\"Produits\",\"item\":\"https:\/\/www.leili-motor.net\/fr\/produits\/\"},{\"@type\":\"ListItem\",\"position\":3,\"name\":\"Square Flange Drive Motor (18 Teeth)\"}]},{\"@type\":\"WebSite\",\"@id\":\"https:\/\/www.leili-motor.net\/fr\/#website\",\"url\":\"https:\/\/www.leili-motor.net\/fr\/\",\"name\":\"Leili Motor\",\"description\":\"\",\"publisher\":{\"@id\":\"https:\/\/www.leili-motor.net\/fr\/#organization\"},\"potentialAction\":[{\"@type\":\"SearchAction\",\"target\":{\"@type\":\"EntryPoint\",\"urlTemplate\":\"https:\/\/www.leili-motor.net\/fr\/?s={search_term_string}\"},\"query-input\":{\"@type\":\"PropertyValueSpecification\",\"valueRequired\":true,\"valueName\":\"search_term_string\"}}],\"inLanguage\":\"fr-FR\"},{\"@type\":\"Organization\",\"@id\":\"https:\/\/www.leili-motor.net\/fr\/#organization\",\"name\":\"Leili Motor\",\"url\":\"https:\/\/www.leili-motor.net\/fr\/\",\"logo\":{\"@type\":\"ImageObject\",\"inLanguage\":\"fr-FR\",\"@id\":\"https:\/\/www.leili-motor.net\/fr\/#\/schema\/logo\/image\/\",\"url\":\"https:\/\/www.leili-motor.net\/wp-content\/uploads\/2025\/03\/Leili-Motor.png\",\"contentUrl\":\"https:\/\/www.leili-motor.net\/wp-content\/uploads\/2025\/03\/Leili-Motor.png\",\"width\":600,\"height\":156,\"caption\":\"Leili Motor\"},\"image\":{\"@id\":\"https:\/\/www.leili-motor.net\/fr\/#\/schema\/logo\/image\/\"}}]}<\/script>\n<!-- \/ Yoast SEO plugin. -->","yoast_head_json":{"title":"Moteur \u00e0 entra\u00eenement par bride carr\u00e9e (18 dents) &#8211; Leili Motor","description":"Moteur \u00e0 entra\u00eenement par bride carr\u00e9e avec cannelure interne JIS D2001-1959A \u00e0 18 dents, module 1, angle de pression de 20\u00b0, garantissant une transmission pr\u00e9cise et fiable.","robots":{"index":"index","follow":"follow","max-snippet":"max-snippet:-1","max-image-preview":"max-image-preview:large","max-video-preview":"max-video-preview:-1"},"canonical":"https:\/\/www.leili-motor.net\/fr\/square-flange-drive-motor-18-teeth\/","twitter_misc":{"Dur\u00e9e de lecture estim\u00e9e":"1 minute"},"schema":{"@context":"https:\/\/schema.org","@graph":[{"@type":"WebPage","@id":"https:\/\/www.leili-motor.net\/fr\/square-flange-drive-motor-18-teeth\/","url":"https:\/\/www.leili-motor.net\/fr\/square-flange-drive-motor-18-teeth\/","name":"Moteur \u00e0 entra\u00eenement par bride carr\u00e9e (18 dents) &#8211; Leili Motor","isPartOf":{"@id":"https:\/\/www.leili-motor.net\/fr\/#website"},"primaryImageOfPage":{"@id":"https:\/\/www.leili-motor.net\/fr\/square-flange-drive-motor-18-teeth\/#primaryimage"},"image":{"@id":"https:\/\/www.leili-motor.net\/fr\/square-flange-drive-motor-18-teeth\/#primaryimage"},"thumbnailUrl":"https:\/\/www.leili-motor.net\/wp-content\/uploads\/2026\/03\/Square-Flange-Drive-Motor18-Teeth-.webp","datePublished":"2026-03-23T09:26:02+00:00","dateModified":"2026-04-14T06:57:13+00:00","description":"Moteur \u00e0 entra\u00eenement par bride carr\u00e9e avec cannelure interne JIS D2001-1959A \u00e0 18 dents, module 1, angle de pression de 20\u00b0, garantissant une transmission pr\u00e9cise et fiable.","breadcrumb":{"@id":"https:\/\/www.leili-motor.net\/fr\/square-flange-drive-motor-18-teeth\/#breadcrumb"},"inLanguage":"fr-FR","potentialAction":[{"@type":"ReadAction","target":["https:\/\/www.leili-motor.net\/fr\/square-flange-drive-motor-18-teeth\/"]}]},{"@type":"ImageObject","inLanguage":"fr-FR","@id":"https:\/\/www.leili-motor.net\/fr\/square-flange-drive-motor-18-teeth\/#primaryimage","url":"https:\/\/www.leili-motor.net\/wp-content\/uploads\/2026\/03\/Square-Flange-Drive-Motor18-Teeth-.webp","contentUrl":"https:\/\/www.leili-motor.net\/wp-content\/uploads\/2026\/03\/Square-Flange-Drive-Motor18-Teeth-.webp","width":454,"height":310,"caption":"Moteur d'entra\u00eenement \u00e0 bride carr\u00e9e (18 dents)"},{"@type":"BreadcrumbList","@id":"https:\/\/www.leili-motor.net\/fr\/square-flange-drive-motor-18-teeth\/#breadcrumb","itemListElement":[{"@type":"ListItem","position":1,"name":"Home","item":"https:\/\/www.leili-motor.net\/fr\/"},{"@type":"ListItem","position":2,"name":"Produits","item":"https:\/\/www.leili-motor.net\/fr\/produits\/"},{"@type":"ListItem","position":3,"name":"Square Flange Drive Motor (18 Teeth)"}]},{"@type":"WebSite","@id":"https:\/\/www.leili-motor.net\/fr\/#website","url":"https:\/\/www.leili-motor.net\/fr\/","name":"Leili Motor","description":"","publisher":{"@id":"https:\/\/www.leili-motor.net\/fr\/#organization"},"potentialAction":[{"@type":"SearchAction","target":{"@type":"EntryPoint","urlTemplate":"https:\/\/www.leili-motor.net\/fr\/?s={search_term_string}"},"query-input":{"@type":"PropertyValueSpecification","valueRequired":true,"valueName":"search_term_string"}}],"inLanguage":"fr-FR"},{"@type":"Organization","@id":"https:\/\/www.leili-motor.net\/fr\/#organization","name":"Leili Motor","url":"https:\/\/www.leili-motor.net\/fr\/","logo":{"@type":"ImageObject","inLanguage":"fr-FR","@id":"https:\/\/www.leili-motor.net\/fr\/#\/schema\/logo\/image\/","url":"https:\/\/www.leili-motor.net\/wp-content\/uploads\/2025\/03\/Leili-Motor.png","contentUrl":"https:\/\/www.leili-motor.net\/wp-content\/uploads\/2025\/03\/Leili-Motor.png","width":600,"height":156,"caption":"Leili Motor"},"image":{"@id":"https:\/\/www.leili-motor.net\/fr\/#\/schema\/logo\/image\/"}}]}},"_links":{"self":[{"href":"https:\/\/www.leili-motor.net\/fr\/wp-json\/wp\/v2\/product\/14128","targetHints":{"allow":["GET"]}}],"collection":[{"href":"https:\/\/www.leili-motor.net\/fr\/wp-json\/wp\/v2\/product"}],"about":[{"href":"https:\/\/www.leili-motor.net\/fr\/wp-json\/wp\/v2\/types\/product"}],"replies":[{"embeddable":true,"href":"https:\/\/www.leili-motor.net\/fr\/wp-json\/wp\/v2\/comments?post=14128"}],"wp:featuredmedia":[{"embeddable":true,"href":"https:\/\/www.leili-motor.net\/fr\/wp-json\/wp\/v2\/media\/13870"}],"wp:attachment":[{"href":"https:\/\/www.leili-motor.net\/fr\/wp-json\/wp\/v2\/media?parent=14128"}],"wp:term":[{"taxonomy":"product_brand","embeddable":true,"href":"https:\/\/www.leili-motor.net\/fr\/wp-json\/wp\/v2\/product_brand?post=14128"},{"taxonomy":"product_cat","embeddable":true,"href":"https:\/\/www.leili-motor.net\/fr\/wp-json\/wp\/v2\/product_cat?post=14128"},{"taxonomy":"product_tag","embeddable":true,"href":"https:\/\/www.leili-motor.net\/fr\/wp-json\/wp\/v2\/product_tag?post=14128"}],"curies":[{"name":"wp","href":"https:\/\/api.w.org\/{rel}","templated":true}]}}